{"id":29295,"date":"2026-03-03T17:42:41","date_gmt":"2026-03-03T16:42:41","guid":{"rendered":"https:\/\/formaxx.de\/?page_id=29295"},"modified":"2026-03-03T17:45:10","modified_gmt":"2026-03-03T16:45:10","slug":"staatliche-foerderungen","status":"publish","type":"page","link":"https:\/\/formaxx.de\/nds-de\/immobilien-zur-altersvorsorge\/vorteile\/staatliche-foerderungen\/","title":{"rendered":"staatliche F\u00f6rderungen"},"content":{"rendered":"\t\t<div data-elementor-type=\"wp-page\" data-elementor-id=\"29295\" class=\"elementor elementor-29295\" data-elementor-post-type=\"page\">\n\t\t\t\t<div class=\"elementor-element elementor-element-14294968 e-flex e-con-boxed e-con e-parent\" data-id=\"14294968\" data-element_type=\"container\" data-e-type=\"container\">\n\t\t\t\t\t<div class=\"e-con-inner\">\n\t\t\t\t<div class=\"elementor-element elementor-element-6ee2e05b elementor-widget__width-inherit elementor-widget elementor-widget-text-editor\" data-id=\"6ee2e05b\" data-element_type=\"widget\" data-e-type=\"widget\" data-widget_type=\"text-editor.default\">\n\t\t\t\t<div class=\"elementor-widget-container\">\n\t\t\t\t\t\t\t\t\t<h2 class=\"p1\">Vorteile von Immobilien zur Altersvorsorge<\/h2>\n<h4 class=\"p1\">mit einem Partner, der ganzheitlich denkt<b><\/b><\/h4>\n<p class=\"p3\">Eine erfolgreiche Altersvorsorge besteht heute bestenfalls aus mehreren einzelnen Finanzprodukten. Sie erfordert eine ihr zugrundeliegende langfristige Strategie, die Verm&ouml;gensaufbau, laufende Eink&uuml;nfte, Risikomanagement und pers&ouml;nliche Lebensziele miteinander verbindet. Immobilien k&ouml;nnen dabei eine zentrale Rolle spielen.<\/p>\n<p class=\"p3\">Der besondere Vorteil von Immobilien als Altersvorsorge liegt in ihrer F&auml;higkeit, laufende Einnahmen aus Vermietung zu erm&ouml;glichen, die nicht an eine feste Auszahlungsdauer gebunden sind. Richtig strukturiert k&ouml;nnen sie so einen Beitrag zu &uuml;berlebenslangen Zusatzeink&uuml;nften leisten und helfen, die Rentenl&uuml;cke dauerhaft zu schlie&szlig;en.<\/p>\n<p class=\"p3\">Entscheidend ist dabei jedoch nicht nur <span class=\"s1\"><b>was<\/b><\/span> investiert wird, sondern vor allem <span class=\"s1\"><b>wie<\/b><\/span>. Gepr&uuml;fte Off-Market-Immobilien, eine fundierte Objekt- und Marktanalyse, eine bedarfsgerechte Finanzierung sowie die Einbettung in eine ganzheitliche Finanzstrategie sind zentrale Bausteine f&uuml;r nachhaltigen Erfolg.&nbsp;<\/p>\n<p class=\"p3\">Als erfahrener Berater begleite ich, Andr&eacute; Bangert, Anleger nicht nur bei der Auswahl geeigneter Immobilien, sondern integriere Immobilieninvestments in eine strukturierte Finanzberatung nach DIN-Norm 77230. Erg&auml;nzt wird dieser Ansatz durch kostenfreie Webinare, die Orientierung schaffen, Wissen vermitteln und Interessenten bef&auml;higen, fundierte Entscheidungen zu treffen &ndash; bevor Kapital investiert wird. Mein&nbsp;Ziel ist es, eine langfristige partnerschaftliche Beziehung aufzubauen und Ihre finanziellen Strategien &nbsp;kontinuierlich zu optimieren. Durch diese proaktive Betreuung wird sichergestellt, dass alle L&ouml;sungen stets Ihren aktuellen Bed&uuml;rfnissen und Lebensumst&auml;nden entsprechen.<\/p>\t\t\t\t\t\t\t\t<\/div>\n\t\t\t\t<\/div>\n\t\t\t\t<div class=\"elementor-element elementor-element-7fa48d1 elementor-flip-box--effect-fade flipbox elementor-widget__width-initial elementor-widget elementor-widget-flip-box\" data-id=\"7fa48d1\" data-element_type=\"widget\" data-e-type=\"widget\" data-widget_type=\"flip-box.default\">\n\t\t\t\t<div class=\"elementor-widget-container\">\n\t\t\t\t\t\t\t<div class=\"elementor-flip-box\" tabindex=\"0\">\n\t\t\t<div class=\"elementor-flip-box__layer elementor-flip-box__front\">\n\t\t\t\t<div class=\"elementor-flip-box__layer__overlay\">\n\t\t\t\t\t<div class=\"elementor-flip-box__layer__inner\">\n\t\t\t\t\t\t\t\t\t\t\t\t\t<div class=\"elementor-icon-wrapper elementor-view-default\">\n\t\t\t\t\t\t\t\t<div class=\"elementor-icon\">\n\t\t\t\t\t\t\t\t\t\t\t\t\t\t\t\t\t<\/div>\n\t\t\t\t\t\t\t<\/div>\n\t\t\t\t\t\t\n\t\t\t\t\t\t\t\t\t\t\t\t\t<h3 class=\"elementor-flip-box__layer__title\">\n\t\t\t\t\t\t\t\t&Uuml;berlebenslange Renten\t\t\t\t\t\t\t<\/h3>\n\t\t\t\t\t\t\n\t\t\t\t\t\t\t\t\t\t\t<\/div>\n\t\t\t\t<\/div>\n\t\t\t<\/div>\n\t\t\t<div class=\"elementor-flip-box__layer elementor-flip-box__back\">\n\t\t\t<div class=\"elementor-flip-box__layer__overlay\">\n\t\t\t\t<div class=\"elementor-flip-box__layer__inner\">\n\t\t\t\t\t\t\t\t\t\t\t<h3 class=\"elementor-flip-box__layer__title\">\n\t\t\t\t\t\t\t&Uuml;berlebenslange Renten\t\t\t\t\t\t<\/h3>\n\t\t\t\t\t\n\t\t\t\t\t\t\t\t\t\t\t<div class=\"elementor-flip-box__layer__description\">\n\t\t\t\t\t\t\tImmobilieninvestments als zentraler Baustein der Verm&ouml;genssicherung\t\t\t\t\t\t<\/div>\n\t\t\t\t\t\n\t\t\t\t\t\t\t\t\t\t\t<a class=\"elementor-flip-box__button elementor-button elementor-size-sm\" href=\"https:\/\/formaxx.de\/immobilien-zur-altersvorsorge\/vorteile\/ueberlebenslange-renten\/\" target=\"_blank\">\n\t\t\t\t\t\t\tmehr erfahren\t\t\t\t\t\t<\/a>\n\t\t\t\t\t\t\t\t<\/div>\n\t\t<\/div>\n\t\t<\/div>\n\t\t<\/div>\n\t\t\t\t\t\t<\/div>\n\t\t\t\t<\/div>\n\t\t\t\t<div class=\"elementor-element elementor-element-49f877e elementor-flip-box--effect-fade flipbox elementor-widget__width-initial elementor-widget elementor-widget-flip-box\" data-id=\"49f877e\" data-element_type=\"widget\" data-e-type=\"widget\" data-widget_type=\"flip-box.default\">\n\t\t\t\t<div class=\"elementor-widget-container\">\n\t\t\t\t\t\t\t<div class=\"elementor-flip-box\" tabindex=\"0\">\n\t\t\t<div class=\"elementor-flip-box__layer elementor-flip-box__front\">\n\t\t\t\t<div class=\"elementor-flip-box__layer__overlay\">\n\t\t\t\t\t<div class=\"elementor-flip-box__layer__inner\">\n\t\t\t\t\t\t\t\t\t\t\t\t\t<div class=\"elementor-icon-wrapper elementor-view-default\">\n\t\t\t\t\t\t\t\t<div class=\"elementor-icon\">\n\t\t\t\t\t\t\t\t\t\t\t\t\t\t\t\t\t<\/div>\n\t\t\t\t\t\t\t<\/div>\n\t\t\t\t\t\t\n\t\t\t\t\t\t\t\t\t\t\t\t\t<h3 class=\"elementor-flip-box__layer__title\">\n\t\t\t\t\t\t\t\tUmfassende Finanzberatung\t\t\t\t\t\t\t<\/h3>\n\t\t\t\t\t\t\n\t\t\t\t\t\t\t\t\t\t\t<\/div>\n\t\t\t\t<\/div>\n\t\t\t<\/div>\n\t\t\t<div class=\"elementor-flip-box__layer elementor-flip-box__back\">\n\t\t\t<div class=\"elementor-flip-box__layer__overlay\">\n\t\t\t\t<div class=\"elementor-flip-box__layer__inner\">\n\t\t\t\t\t\t\t\t\t\t\t<h3 class=\"elementor-flip-box__layer__title\">\n\t\t\t\t\t\t\tUmfassende Finanzberatung\t\t\t\t\t\t<\/h3>\n\t\t\t\t\t\n\t\t\t\t\t\t\t\t\t\t\t<div class=\"elementor-flip-box__layer__description\">\n\t\t\t\t\t\t\tFinanzberatung nach DIN-Norm. Die DIN-Norm 77230 bietet hierbei eine standardisierte Grundlage, um finanzielle Entscheidungen fundiert und nachvollziehbar zu treffen. \t\t\t\t\t\t<\/div>\n\t\t\t\t\t\n\t\t\t\t\t\t\t\t\t\t\t<a class=\"elementor-flip-box__button elementor-button elementor-size-sm\" href=\"https:\/\/formaxx.de\/immobilien-zur-altersvorsorge\/vorteile\/umfassende-finanzberatung\/\" target=\"_blank\">\n\t\t\t\t\t\t\tmehr erfahren\t\t\t\t\t\t<\/a>\n\t\t\t\t\t\t\t\t<\/div>\n\t\t<\/div>\n\t\t<\/div>\n\t\t<\/div>\n\t\t\t\t\t\t<\/div>\n\t\t\t\t<\/div>\n\t\t\t\t<div class=\"elementor-element elementor-element-ae92e99 elementor-flip-box--effect-fade flipbox elementor-widget__width-initial elementor-widget elementor-widget-flip-box\" data-id=\"ae92e99\" data-element_type=\"widget\" data-e-type=\"widget\" data-widget_type=\"flip-box.default\">\n\t\t\t\t<div class=\"elementor-widget-container\">\n\t\t\t\t\t\t\t<div class=\"elementor-flip-box\" tabindex=\"0\">\n\t\t\t<div class=\"elementor-flip-box__layer elementor-flip-box__front\">\n\t\t\t\t<div class=\"elementor-flip-box__layer__overlay\">\n\t\t\t\t\t<div class=\"elementor-flip-box__layer__inner\">\n\t\t\t\t\t\t\t\t\t\t\t\t\t<div class=\"elementor-icon-wrapper elementor-view-default\">\n\t\t\t\t\t\t\t\t<div class=\"elementor-icon\">\n\t\t\t\t\t\t\t\t\t\t\t\t\t\t\t\t\t<\/div>\n\t\t\t\t\t\t\t<\/div>\n\t\t\t\t\t\t\n\t\t\t\t\t\t\t\t\t\t\t\t\t<h3 class=\"elementor-flip-box__layer__title\">\n\t\t\t\t\t\t\t\tkostenlose Webinare\t\t\t\t\t\t\t<\/h3>\n\t\t\t\t\t\t\n\t\t\t\t\t\t\t\t\t\t\t<\/div>\n\t\t\t\t<\/div>\n\t\t\t<\/div>\n\t\t\t<div class=\"elementor-flip-box__layer elementor-flip-box__back\">\n\t\t\t<div class=\"elementor-flip-box__layer__overlay\">\n\t\t\t\t<div class=\"elementor-flip-box__layer__inner\">\n\t\t\t\t\t\t\t\t\t\t\t<h3 class=\"elementor-flip-box__layer__title\">\n\t\t\t\t\t\t\tkostenlose Webinare\t\t\t\t\t\t<\/h3>\n\t\t\t\t\t\n\t\t\t\t\t\t\t\t\t\t\t<div class=\"elementor-flip-box__layer__description\">\n\t\t\t\t\t\t\tExklusive Webinare: Expertenwissen f&uuml;r Ihre erfolgreiche Immobilieninvestition\t\t\t\t\t\t<\/div>\n\t\t\t\t\t\n\t\t\t\t\t\t\t\t\t\t\t<a class=\"elementor-flip-box__button elementor-button elementor-size-sm\" href=\"https:\/\/formaxx.de\/immobilien-zur-altersvorsorge\/vorteile\/kostenlose-webinare\/\" target=\"_blank\">\n\t\t\t\t\t\t\tmehr erfahren\t\t\t\t\t\t<\/a>\n\t\t\t\t\t\t\t\t<\/div>\n\t\t<\/div>\n\t\t<\/div>\n\t\t<\/div>\n\t\t\t\t\t\t<\/div>\n\t\t\t\t<\/div>\n\t\t\t\t\t<\/div>\n\t\t\t\t<\/div>\n\t\t\t\t<\/div>\n\t\t","protected":false},"excerpt":{"rendered":"<p>Vorteile von Immobilien zur Altersvorsorge mit einem Partner, der ganzheitlich denkt Eine erfolgreiche Altersvorsorge besteht heute bestenfalls aus mehreren einzelnen Finanzprodukten. Sie erfordert eine ihr zugrundeliegende langfristige Strategie, die Verm\u00f6gensaufbau, laufende Eink\u00fcnfte, Risikomanagement und pers\u00f6nliche Lebensziele miteinander verbindet. Immobilien k\u00f6nnen dabei eine zentrale Rolle spielen. Der besondere Vorteil von Immobilien als Altersvorsorge liegt in ihrer [&hellip;]<\/p>\n","protected":false},"author":1,"featured_media":23447,"parent":23094,"menu_order":0,"comment_status":"closed","ping_status":"closed","template":"","meta":{"_acf_changed":false,"footnotes":""},"folder":[279],"class_list":["post-29295","page","type-page","status-publish","has-post-thumbnail","hentry"],"acf":[],"yoast_head":"<!-- This site is optimized with the Yoast SEO plugin v27.5 - https:\/\/yoast.com\/product\/yoast-seo-wordpress\/ -->\n<title>staatliche F\u00f6rderungen - FORMAXX AG<\/title>\n<meta name=\"description\" content=\"FORMAXX bietet flexible Immobilienkonzepte zur Altersvorsorge mit \u00fcberlebenslangen Rentenzahlungen und Inflationsschutz.\" \/>\n<meta name=\"robots\" content=\"index, follow, max-snippet:-1, max-image-preview:large, max-video-preview:-1\" \/>\n<meta property=\"og:locale\" content=\"en_US\" \/>\n<meta property=\"og:type\" content=\"article\" \/>\n<meta property=\"og:title\" content=\"staatliche F\u00f6rderungen - FORMAXX AG\" \/>\n<meta property=\"og:description\" content=\"FORMAXX bietet flexible Immobilienkonzepte zur Altersvorsorge mit \u00fcberlebenslangen Rentenzahlungen und Inflationsschutz.\" \/>\n<meta property=\"og:url\" content=\"https:\/\/formaxx.de\/immobilien-zur-altersvorsorge\/vorteile\/staatliche-foerderungen\/\" \/>\n<meta property=\"og:site_name\" content=\"FORMAXX AG\" \/>\n<meta property=\"article:modified_time\" content=\"2026-03-03T16:45:10+00:00\" \/>\n<meta property=\"og:image\" content=\"https:\/\/formaxx.de\/wp-content\/uploads\/2025\/03\/immobilien-zur-altersvorsorge-vorteile.jpg\" \/>\n\t<meta property=\"og:image:width\" content=\"1620\" \/>\n\t<meta property=\"og:image:height\" content=\"1080\" \/>\n\t<meta property=\"og:image:type\" content=\"image\/jpeg\" \/>\n<meta name=\"twitter:card\" content=\"summary_large_image\" \/>\n<meta name=\"twitter:label1\" content=\"Gesch\u00e4tzte Lesezeit\" \/>\n\t<meta name=\"twitter:data1\" content=\"2\u00a0Minuten\" \/>\n<script type=\"application\/ld+json\" class=\"yoast-schema-graph\">{\"@context\":\"https:\\\/\\\/schema.org\",\"@graph\":[{\"@type\":\"WebPage\",\"@id\":\"https:\\\/\\\/formaxx.de\\\/immobilien-zur-altersvorsorge\\\/vorteile\\\/staatliche-foerderungen\\\/\",\"url\":\"https:\\\/\\\/formaxx.de\\\/immobilien-zur-altersvorsorge\\\/vorteile\\\/staatliche-foerderungen\\\/\",\"name\":\"staatliche F\u00f6rderungen - FORMAXX AG\",\"isPartOf\":{\"@id\":\"https:\\\/\\\/formaxx.de\\\/#website\"},\"primaryImageOfPage\":{\"@id\":\"https:\\\/\\\/formaxx.de\\\/immobilien-zur-altersvorsorge\\\/vorteile\\\/staatliche-foerderungen\\\/#primaryimage\"},\"image\":{\"@id\":\"https:\\\/\\\/formaxx.de\\\/immobilien-zur-altersvorsorge\\\/vorteile\\\/staatliche-foerderungen\\\/#primaryimage\"},\"thumbnailUrl\":\"https:\\\/\\\/formaxx.de\\\/wp-content\\\/uploads\\\/2025\\\/03\\\/immobilien-zur-altersvorsorge-vorteile.jpg\",\"datePublished\":\"2026-03-03T16:42:41+00:00\",\"dateModified\":\"2026-03-03T16:45:10+00:00\",\"description\":\"FORMAXX bietet flexible Immobilienkonzepte zur Altersvorsorge mit \u00fcberlebenslangen Rentenzahlungen und Inflationsschutz.\",\"breadcrumb\":{\"@id\":\"https:\\\/\\\/formaxx.de\\\/immobilien-zur-altersvorsorge\\\/vorteile\\\/staatliche-foerderungen\\\/#breadcrumb\"},\"inLanguage\":\"de\",\"potentialAction\":[{\"@type\":\"ReadAction\",\"target\":[\"https:\\\/\\\/formaxx.de\\\/immobilien-zur-altersvorsorge\\\/vorteile\\\/staatliche-foerderungen\\\/\"]}]},{\"@type\":\"ImageObject\",\"inLanguage\":\"de\",\"@id\":\"https:\\\/\\\/formaxx.de\\\/immobilien-zur-altersvorsorge\\\/vorteile\\\/staatliche-foerderungen\\\/#primaryimage\",\"url\":\"https:\\\/\\\/formaxx.de\\\/wp-content\\\/uploads\\\/2025\\\/03\\\/immobilien-zur-altersvorsorge-vorteile.jpg\",\"contentUrl\":\"https:\\\/\\\/formaxx.de\\\/wp-content\\\/uploads\\\/2025\\\/03\\\/immobilien-zur-altersvorsorge-vorteile.jpg\",\"width\":1620,\"height\":1080,\"caption\":\"Immobilien zur Altersvorsorge \u2013\u00a0Vorteile fremdvermieteter Immobilien\"},{\"@type\":\"BreadcrumbList\",\"@id\":\"https:\\\/\\\/formaxx.de\\\/immobilien-zur-altersvorsorge\\\/vorteile\\\/staatliche-foerderungen\\\/#breadcrumb\",\"itemListElement\":[{\"@type\":\"ListItem\",\"position\":1,\"name\":\"Startseite\",\"item\":\"https:\\\/\\\/formaxx.de\\\/nds-de\\\/formaxx-ag\\\/\"},{\"@type\":\"ListItem\",\"position\":2,\"name\":\"Immobilien zur Altersvorsorge\",\"item\":\"https:\\\/\\\/formaxx.de\\\/immobilien-zur-altersvorsorge\\\/\"},{\"@type\":\"ListItem\",\"position\":3,\"name\":\"Vorteile\",\"item\":\"https:\\\/\\\/formaxx.de\\\/immobilien-zur-altersvorsorge\\\/vorteile\\\/\"},{\"@type\":\"ListItem\",\"position\":4,\"name\":\"staatliche F\u00f6rderungen\"}]},{\"@type\":\"WebSite\",\"@id\":\"https:\\\/\\\/formaxx.de\\\/#website\",\"url\":\"https:\\\/\\\/formaxx.de\\\/\",\"name\":\"FORMAXX AG\",\"description\":\"Ma\u00dfstab in Sachen Finanzberatung\",\"publisher\":{\"@id\":\"https:\\\/\\\/formaxx.de\\\/#organization\"},\"potentialAction\":[{\"@type\":\"SearchAction\",\"target\":{\"@type\":\"EntryPoint\",\"urlTemplate\":\"https:\\\/\\\/formaxx.de\\\/?s={search_term_string}\"},\"query-input\":{\"@type\":\"PropertyValueSpecification\",\"valueRequired\":true,\"valueName\":\"search_term_string\"}}],\"inLanguage\":\"de\"},{\"@type\":\"Organization\",\"@id\":\"https:\\\/\\\/formaxx.de\\\/#organization\",\"name\":\"FORMAXX AG\",\"url\":\"https:\\\/\\\/formaxx.de\\\/\",\"logo\":{\"@type\":\"ImageObject\",\"inLanguage\":\"de\",\"@id\":\"https:\\\/\\\/formaxx.de\\\/#\\\/schema\\\/logo\\\/image\\\/\",\"url\":\"https:\\\/\\\/formaxx.de\\\/wp-content\\\/uploads\\\/2020\\\/11\\\/FORMAXX-Logo.png\",\"contentUrl\":\"https:\\\/\\\/formaxx.de\\\/wp-content\\\/uploads\\\/2020\\\/11\\\/FORMAXX-Logo.png\",\"width\":1920,\"height\":242,\"caption\":\"FORMAXX AG\"},\"image\":{\"@id\":\"https:\\\/\\\/formaxx.de\\\/#\\\/schema\\\/logo\\\/image\\\/\"}}]}<\/script>\n<!-- \/ Yoast SEO plugin. -->","yoast_head_json":{"title":"staatliche F\u00f6rderungen - FORMAXX AG","description":"FORMAXX bietet flexible Immobilienkonzepte zur Altersvorsorge mit \u00fcberlebenslangen Rentenzahlungen und Inflationsschutz.","robots":{"index":"index","follow":"follow","max-snippet":"max-snippet:-1","max-image-preview":"max-image-preview:large","max-video-preview":"max-video-preview:-1"},"og_locale":"en_US","og_type":"article","og_title":"staatliche F\u00f6rderungen - FORMAXX AG","og_description":"FORMAXX bietet flexible Immobilienkonzepte zur Altersvorsorge mit \u00fcberlebenslangen Rentenzahlungen und Inflationsschutz.","og_url":"https:\/\/formaxx.de\/immobilien-zur-altersvorsorge\/vorteile\/staatliche-foerderungen\/","og_site_name":"FORMAXX AG","article_modified_time":"2026-03-03T16:45:10+00:00","og_image":[{"width":1620,"height":1080,"url":"https:\/\/formaxx.de\/wp-content\/uploads\/2025\/03\/immobilien-zur-altersvorsorge-vorteile.jpg","type":"image\/jpeg"}],"twitter_card":"summary_large_image","twitter_misc":{"Gesch\u00e4tzte Lesezeit":"2\u00a0Minuten"},"schema":{"@context":"https:\/\/schema.org","@graph":[{"@type":"WebPage","@id":"https:\/\/formaxx.de\/immobilien-zur-altersvorsorge\/vorteile\/staatliche-foerderungen\/","url":"https:\/\/formaxx.de\/immobilien-zur-altersvorsorge\/vorteile\/staatliche-foerderungen\/","name":"staatliche F\u00f6rderungen - FORMAXX AG","isPartOf":{"@id":"https:\/\/formaxx.de\/#website"},"primaryImageOfPage":{"@id":"https:\/\/formaxx.de\/immobilien-zur-altersvorsorge\/vorteile\/staatliche-foerderungen\/#primaryimage"},"image":{"@id":"https:\/\/formaxx.de\/immobilien-zur-altersvorsorge\/vorteile\/staatliche-foerderungen\/#primaryimage"},"thumbnailUrl":"https:\/\/formaxx.de\/wp-content\/uploads\/2025\/03\/immobilien-zur-altersvorsorge-vorteile.jpg","datePublished":"2026-03-03T16:42:41+00:00","dateModified":"2026-03-03T16:45:10+00:00","description":"FORMAXX bietet flexible Immobilienkonzepte zur Altersvorsorge mit \u00fcberlebenslangen Rentenzahlungen und Inflationsschutz.","breadcrumb":{"@id":"https:\/\/formaxx.de\/immobilien-zur-altersvorsorge\/vorteile\/staatliche-foerderungen\/#breadcrumb"},"inLanguage":"de","potentialAction":[{"@type":"ReadAction","target":["https:\/\/formaxx.de\/immobilien-zur-altersvorsorge\/vorteile\/staatliche-foerderungen\/"]}]},{"@type":"ImageObject","inLanguage":"de","@id":"https:\/\/formaxx.de\/immobilien-zur-altersvorsorge\/vorteile\/staatliche-foerderungen\/#primaryimage","url":"https:\/\/formaxx.de\/wp-content\/uploads\/2025\/03\/immobilien-zur-altersvorsorge-vorteile.jpg","contentUrl":"https:\/\/formaxx.de\/wp-content\/uploads\/2025\/03\/immobilien-zur-altersvorsorge-vorteile.jpg","width":1620,"height":1080,"caption":"Immobilien zur Altersvorsorge \u2013\u00a0Vorteile fremdvermieteter Immobilien"},{"@type":"BreadcrumbList","@id":"https:\/\/formaxx.de\/immobilien-zur-altersvorsorge\/vorteile\/staatliche-foerderungen\/#breadcrumb","itemListElement":[{"@type":"ListItem","position":1,"name":"Startseite","item":"https:\/\/formaxx.de\/nds-de\/formaxx-ag\/"},{"@type":"ListItem","position":2,"name":"Immobilien zur Altersvorsorge","item":"https:\/\/formaxx.de\/immobilien-zur-altersvorsorge\/"},{"@type":"ListItem","position":3,"name":"Vorteile","item":"https:\/\/formaxx.de\/immobilien-zur-altersvorsorge\/vorteile\/"},{"@type":"ListItem","position":4,"name":"staatliche F\u00f6rderungen"}]},{"@type":"WebSite","@id":"https:\/\/formaxx.de\/#website","url":"https:\/\/formaxx.de\/","name":"FORMAXX AG","description":"Ma\u00dfstab in Sachen Finanzberatung","publisher":{"@id":"https:\/\/formaxx.de\/#organization"},"potentialAction":[{"@type":"SearchAction","target":{"@type":"EntryPoint","urlTemplate":"https:\/\/formaxx.de\/?s={search_term_string}"},"query-input":{"@type":"PropertyValueSpecification","valueRequired":true,"valueName":"search_term_string"}}],"inLanguage":"de"},{"@type":"Organization","@id":"https:\/\/formaxx.de\/#organization","name":"FORMAXX AG","url":"https:\/\/formaxx.de\/","logo":{"@type":"ImageObject","inLanguage":"de","@id":"https:\/\/formaxx.de\/#\/schema\/logo\/image\/","url":"https:\/\/formaxx.de\/wp-content\/uploads\/2020\/11\/FORMAXX-Logo.png","contentUrl":"https:\/\/formaxx.de\/wp-content\/uploads\/2020\/11\/FORMAXX-Logo.png","width":1920,"height":242,"caption":"FORMAXX AG"},"image":{"@id":"https:\/\/formaxx.de\/#\/schema\/logo\/image\/"}}]}},"_links":{"self":[{"href":"https:\/\/formaxx.de\/nds-de\/wp-json\/wp\/v2\/pages\/29295","targetHints":{"allow":["GET"]}}],"collection":[{"href":"https:\/\/formaxx.de\/nds-de\/wp-json\/wp\/v2\/pages"}],"about":[{"href":"https:\/\/formaxx.de\/nds-de\/wp-json\/wp\/v2\/types\/page"}],"author":[{"embeddable":true,"href":"https:\/\/formaxx.de\/nds-de\/wp-json\/wp\/v2\/users\/1"}],"replies":[{"embeddable":true,"href":"https:\/\/formaxx.de\/nds-de\/wp-json\/wp\/v2\/comments?post=29295"}],"version-history":[{"count":1,"href":"https:\/\/formaxx.de\/nds-de\/wp-json\/wp\/v2\/pages\/29295\/revisions"}],"predecessor-version":[{"id":29296,"href":"https:\/\/formaxx.de\/nds-de\/wp-json\/wp\/v2\/pages\/29295\/revisions\/29296"}],"up":[{"embeddable":true,"href":"https:\/\/formaxx.de\/nds-de\/wp-json\/wp\/v2\/pages\/23094"}],"wp:featuredmedia":[{"embeddable":true,"href":"https:\/\/formaxx.de\/nds-de\/wp-json\/wp\/v2\/media\/23447"}],"wp:attachment":[{"href":"https:\/\/formaxx.de\/nds-de\/wp-json\/wp\/v2\/media?parent=29295"}],"wp:term":[{"taxonomy":"folder","embeddable":true,"href":"https:\/\/formaxx.de\/nds-de\/wp-json\/wp\/v2\/folder?post=29295"}],"curies":[{"name":"wp","href":"https:\/\/api.w.org\/{rel}","templated":true}]}}