{"id":25600,"date":"2025-06-30T17:58:00","date_gmt":"2025-06-30T15:58:00","guid":{"rendered":"https:\/\/formaxx.de\/?page_id=25600"},"modified":"2025-07-01T11:04:03","modified_gmt":"2025-07-01T09:04:03","slug":"erklaerung-zur-barrierefreiheit","status":"publish","type":"page","link":"https:\/\/formaxx.de\/nds-de\/erklaerung-zur-barrierefreiheit\/","title":{"rendered":"Erkl\u00e4rung zur Barrierefreiheit"},"content":{"rendered":"\n<h2 class=\"wp-block-heading\"><strong>Barrierefreiheitserkl&auml;rung (Stand: Juni 2025)<\/strong><\/h2>\n\n\n\n<p>Die FORMAXX AG verpflichtet sich, die Barrierefreiheit dieser Webseite&nbsp;sicherzustellen und allen Nutzern einen gleichberechtigten Zugang zu Informationen und Funktionen zu erm&ouml;glichen. Dabei orientieren wir uns an den Anforderungen des Barrierefreiheitsst&auml;rkungsgesetzes (BFSG), der EU-Richtlinie (EU) 2019\/882, sowie den&nbsp;Web Content Accessibility Guidelines&nbsp;(WCAG) 2.2, mindestens auf Konformit&auml;tsstufe AA.<\/p>\n\n\n\n<h2 class=\"wp-block-heading\"><strong>Unsere Bem&uuml;hungen zur Unterst&uuml;tzung der Barrierefreiheit<\/strong><\/h2>\n\n\n\n<ul class=\"wp-block-list\">\n<li>Klare Ziele und Verantwortlichkeiten zur barrierearmen Gestaltung und Entwicklung dieser&nbsp;Webseite und unserer Dienstleistungen<\/li>\n\n\n\n<li>Regelm&auml;&szlig;ige Pr&uuml;fung und Weiterentwicklung dieser Webseite&nbsp;zur Optimierung der Zug&auml;nglichkeit.<\/li>\n\n\n\n<li>Qualit&auml;tssicherung durch Feedback und Meldefunktionen<\/li>\n<\/ul>\n\n\n\n<h2 class=\"wp-block-heading\"><strong>Stand der Umsetzung<\/strong><\/h2>\n\n\n\n<p>Unsere&nbsp;Webseite ist weitestgehend mit den Anforderungen geltender Gesetze, sowie den&nbsp;Web Content Accessibility Guidelines&nbsp;(WCAG) 2.2 vereinbar.<\/p>\n\n\n\n<h2 class=\"wp-block-heading\"><strong>Nicht barrierefreie Inhalte<\/strong><\/h2>\n\n\n\n<p>Die nachstehenden Inhalte und Funktionen entsprechen derzeit noch nicht den WCAG 2.2-Kriterien in der Konformit&auml;tsstufe AA. Wir arbeiten weiterhin an L&ouml;sungen and stellen zeitnah Aktualisierungen zur Verf&uuml;gung:<\/p>\n\n\n\n<ul class=\"wp-block-list\">\n<li>Keine barrierefreien PDFS&nbsp; &nbsp;<\/li>\n<\/ul>\n\n\n\n<h2 class=\"wp-block-heading\"><strong>Barriere melden<\/strong><\/h2>\n\n\n\n<p>Wir freuen uns &uuml;ber Hinweise, um die Barrierefreiheit unserer&nbsp;Webseite&nbsp;weiter zu verbessern. <strong>Hinweise richten Sie bitte direkt an: service@formaxx.ag.<\/strong><a href=\"mailto:info@definet.de\">mailto:info@definet.de<\/a><\/p>\n\n\n\n<p>Sie k&ouml;nnen uns auch per Post, Fax oder telefonisch kontaktieren:<\/p>\n\n\n\n<p><strong>FORMAXX AG<\/strong><\/p>\n\n\n\n<p><strong>Helfmann-Park 8<\/strong><\/p>\n\n\n\n<p><strong>D-65760 Eschborn<\/strong><\/p>\n\n\n\n<p><strong>Fon: +49 (0) 6196 5868470<\/strong><\/p>\n\n\n\n<p><strong>Fax: +49 (0) 6196 5868471<\/strong><\/p>\n\n\n\n<p>Bei der Kontaktaufnahme via&nbsp;E-Mail&nbsp;werden die angegebenen personenbezogenen Daten auf Basis Ihrer Einwilligung an uns zur Bearbeitung Ihrer Anfrage\/ Verwendung des Inhalts zur Qualit&auml;tssicherungszwecken verarbeitet (Rechtsgrundlage ist Art. 6 Abs. 1 S. 1 lit. a DSGVO). Weitere Informationen dazu befinden sich in unserer Datenschutzerkl&auml;rung.<\/p>\n\n\n\n<h2 class=\"wp-block-heading\"><strong>Schlichtungsverfahren<\/strong><\/h2>\n\n\n\n<p>Falls Sie keine zufriedenstellende R&uuml;ckmeldung von uns erhalten, k&ouml;nnen Sie sich an die zust&auml;ndige Schlichtungsstelle wenden:<\/p>\n\n\n\n<p><strong>Schlichtungsstelle nach dem Behindertengleichstellungsgesetz<br>bei dem Beauftragten der Bundesregierung f&uuml;r die Belange von Menschen mit Behinderungen<\/strong><\/p>\n\n\n\n<p>Mauerstra&szlig;e 53<br>10117&nbsp;Berlin<\/p>\n\n\n\n<p>Telefon: +49 &ndash; (0)30 18 527-2805<br>Fax: +49 &ndash;(0)30 18 527-2901<\/p>\n\n\n\n<p>E-Mail:&nbsp;<a href=\"mailto:info@schlichtungsstelle-bgg.de\" target=\"_blank\" rel=\"noreferrer noopener\">info(at)schlichtungsstelle-bgg.de<\/a><br>Internet:&nbsp;<a href=\"http:\/\/www.schlichtungsstelle-bgg.de\/\" target=\"_blank\" rel=\"noreferrer noopener\">www.schlichtungsstelle-bgg.de<\/a><\/p>\n\n\n\n<h2 class=\"wp-block-heading\"><strong>Erstellung dieser Erkl&auml;rung zur Barrierefreiheit<\/strong><\/h2>\n\n\n\n<p>Diese Erkl&auml;rung wurde am 30. Juni 2025 zuletzt aktualisiert.<\/p>\n\n\n\n<p>Die Einsch&auml;tzung basiert auf der im Juni 2025 zuletzt ausgef&uuml;hrten Selbstbewertung.<\/p>\n\n\n\n<p>Die j&auml;hrlich gesetzlich vorgeschriebene Aktualisierung der Erkl&auml;rung der Barrierefreiheit wird ausnahmslos umgesetzt.<\/p>\n\n\n\n<p>Art.&nbsp;7&nbsp;Abs.&nbsp;1 lit. c der Richtlinie (EU) 2016\/2101 sieht vor, dass bei erfolglosem Feedback ein Durchsetzungsverfahren in Anspruch genommen werden kann und dieses in der Erkl&auml;rung zur Barrierefreiheit zu benennen ist. Diese Regelung wurde dadurch umgesetzt, dass nach &sect; 12b&nbsp;Abs.&nbsp;2&nbsp;Nr. 3&nbsp;BGG&nbsp;auf das Schlichtungsverfahren bei der Schlichtungsstelle&nbsp;BGG&nbsp;als Durchsetzungsverfahren in der Erkl&auml;rung hinzuweisen ist.<br><br><\/p>\n","protected":false},"excerpt":{"rendered":"<p>Barrierefreiheitserkl\u00e4rung (Stand: Juni 2025) Die FORMAXX AG verpflichtet sich, die Barrierefreiheit dieser Webseite&nbsp;sicherzustellen und allen Nutzern einen gleichberechtigten Zugang zu Informationen und Funktionen zu erm\u00f6glichen. Dabei orientieren wir uns an den Anforderungen des Barrierefreiheitsst\u00e4rkungsgesetzes (BFSG), der EU-Richtlinie (EU) 2019\/882, sowie den&nbsp;Web Content Accessibility Guidelines&nbsp;(WCAG) 2.2, mindestens auf Konformit\u00e4tsstufe AA. Unsere Bem\u00fchungen zur Unterst\u00fctzung der Barrierefreiheit [&hellip;]<\/p>\n","protected":false},"author":53,"featured_media":0,"parent":0,"menu_order":0,"comment_status":"closed","ping_status":"closed","template":"","meta":{"_acf_changed":false,"footnotes":""},"folder":[201],"class_list":["post-25600","page","type-page","status-publish","hentry"],"acf":[],"yoast_head":"<!-- This site is optimized with the Yoast SEO plugin v27.5 - https:\/\/yoast.com\/product\/yoast-seo-wordpress\/ -->\n<title>Erkl\u00e4rung zur Barrierefreiheit - FORMAXX AG<\/title>\n<meta name=\"description\" content=\"Barrierefreie Erkl\u00e4rung: FORMAXX AG ber\u00e4t Expatriates in Deutschland zu Versicherung, Vorsorge, Absicherung und Investments\" \/>\n<meta name=\"robots\" content=\"index, follow, max-snippet:-1, max-image-preview:large, max-video-preview:-1\" \/>\n<meta property=\"og:locale\" content=\"en_US\" \/>\n<meta property=\"og:type\" content=\"article\" \/>\n<meta property=\"og:title\" content=\"Erkl\u00e4rung zur Barrierefreiheit - FORMAXX AG\" \/>\n<meta property=\"og:description\" content=\"Barrierefreie Erkl\u00e4rung: FORMAXX AG ber\u00e4t Expatriates in Deutschland zu Versicherung, Vorsorge, Absicherung und Investments\" \/>\n<meta property=\"og:url\" content=\"https:\/\/formaxx.de\/erklaerung-zur-barrierefreiheit\/\" \/>\n<meta property=\"og:site_name\" content=\"FORMAXX AG\" \/>\n<meta property=\"article:modified_time\" content=\"2025-07-01T09:04:03+00:00\" \/>\n<meta name=\"twitter:card\" content=\"summary_large_image\" \/>\n<meta name=\"twitter:label1\" content=\"Gesch\u00e4tzte Lesezeit\" \/>\n\t<meta name=\"twitter:data1\" content=\"3\u00a0Minuten\" \/>\n<script type=\"application\/ld+json\" class=\"yoast-schema-graph\">{\"@context\":\"https:\\\/\\\/schema.org\",\"@graph\":[{\"@type\":\"WebPage\",\"@id\":\"https:\\\/\\\/formaxx.de\\\/erklaerung-zur-barrierefreiheit\\\/\",\"url\":\"https:\\\/\\\/formaxx.de\\\/erklaerung-zur-barrierefreiheit\\\/\",\"name\":\"Erkl\u00e4rung zur Barrierefreiheit - FORMAXX AG\",\"isPartOf\":{\"@id\":\"https:\\\/\\\/formaxx.de\\\/#website\"},\"datePublished\":\"2025-06-30T15:58:00+00:00\",\"dateModified\":\"2025-07-01T09:04:03+00:00\",\"description\":\"Barrierefreie Erkl\u00e4rung: FORMAXX AG ber\u00e4t Expatriates in Deutschland zu Versicherung, Vorsorge, Absicherung und Investments\",\"breadcrumb\":{\"@id\":\"https:\\\/\\\/formaxx.de\\\/erklaerung-zur-barrierefreiheit\\\/#breadcrumb\"},\"inLanguage\":\"de\",\"potentialAction\":[{\"@type\":\"ReadAction\",\"target\":[\"https:\\\/\\\/formaxx.de\\\/erklaerung-zur-barrierefreiheit\\\/\"]}]},{\"@type\":\"BreadcrumbList\",\"@id\":\"https:\\\/\\\/formaxx.de\\\/erklaerung-zur-barrierefreiheit\\\/#breadcrumb\",\"itemListElement\":[{\"@type\":\"ListItem\",\"position\":1,\"name\":\"Startseite\",\"item\":\"https:\\\/\\\/formaxx.de\\\/nds-de\\\/formaxx-ag\\\/\"},{\"@type\":\"ListItem\",\"position\":2,\"name\":\"Erkl\u00e4rung zur Barrierefreiheit\"}]},{\"@type\":\"WebSite\",\"@id\":\"https:\\\/\\\/formaxx.de\\\/#website\",\"url\":\"https:\\\/\\\/formaxx.de\\\/\",\"name\":\"FORMAXX AG\",\"description\":\"Ma\u00dfstab in Sachen Finanzberatung\",\"publisher\":{\"@id\":\"https:\\\/\\\/formaxx.de\\\/#organization\"},\"potentialAction\":[{\"@type\":\"SearchAction\",\"target\":{\"@type\":\"EntryPoint\",\"urlTemplate\":\"https:\\\/\\\/formaxx.de\\\/?s={search_term_string}\"},\"query-input\":{\"@type\":\"PropertyValueSpecification\",\"valueRequired\":true,\"valueName\":\"search_term_string\"}}],\"inLanguage\":\"de\"},{\"@type\":\"Organization\",\"@id\":\"https:\\\/\\\/formaxx.de\\\/#organization\",\"name\":\"FORMAXX AG\",\"url\":\"https:\\\/\\\/formaxx.de\\\/\",\"logo\":{\"@type\":\"ImageObject\",\"inLanguage\":\"de\",\"@id\":\"https:\\\/\\\/formaxx.de\\\/#\\\/schema\\\/logo\\\/image\\\/\",\"url\":\"https:\\\/\\\/formaxx.de\\\/wp-content\\\/uploads\\\/2020\\\/11\\\/FORMAXX-Logo.png\",\"contentUrl\":\"https:\\\/\\\/formaxx.de\\\/wp-content\\\/uploads\\\/2020\\\/11\\\/FORMAXX-Logo.png\",\"width\":1920,\"height\":242,\"caption\":\"FORMAXX AG\"},\"image\":{\"@id\":\"https:\\\/\\\/formaxx.de\\\/#\\\/schema\\\/logo\\\/image\\\/\"}}]}<\/script>\n<!-- \/ Yoast SEO plugin. -->","yoast_head_json":{"title":"Erkl\u00e4rung zur Barrierefreiheit - FORMAXX AG","description":"Barrierefreie Erkl\u00e4rung: FORMAXX AG ber\u00e4t Expatriates in Deutschland zu Versicherung, Vorsorge, Absicherung und Investments","robots":{"index":"index","follow":"follow","max-snippet":"max-snippet:-1","max-image-preview":"max-image-preview:large","max-video-preview":"max-video-preview:-1"},"og_locale":"en_US","og_type":"article","og_title":"Erkl\u00e4rung zur Barrierefreiheit - FORMAXX AG","og_description":"Barrierefreie Erkl\u00e4rung: FORMAXX AG ber\u00e4t Expatriates in Deutschland zu Versicherung, Vorsorge, Absicherung und Investments","og_url":"https:\/\/formaxx.de\/erklaerung-zur-barrierefreiheit\/","og_site_name":"FORMAXX AG","article_modified_time":"2025-07-01T09:04:03+00:00","twitter_card":"summary_large_image","twitter_misc":{"Gesch\u00e4tzte Lesezeit":"3\u00a0Minuten"},"schema":{"@context":"https:\/\/schema.org","@graph":[{"@type":"WebPage","@id":"https:\/\/formaxx.de\/erklaerung-zur-barrierefreiheit\/","url":"https:\/\/formaxx.de\/erklaerung-zur-barrierefreiheit\/","name":"Erkl\u00e4rung zur Barrierefreiheit - FORMAXX AG","isPartOf":{"@id":"https:\/\/formaxx.de\/#website"},"datePublished":"2025-06-30T15:58:00+00:00","dateModified":"2025-07-01T09:04:03+00:00","description":"Barrierefreie Erkl\u00e4rung: FORMAXX AG ber\u00e4t Expatriates in Deutschland zu Versicherung, Vorsorge, Absicherung und Investments","breadcrumb":{"@id":"https:\/\/formaxx.de\/erklaerung-zur-barrierefreiheit\/#breadcrumb"},"inLanguage":"de","potentialAction":[{"@type":"ReadAction","target":["https:\/\/formaxx.de\/erklaerung-zur-barrierefreiheit\/"]}]},{"@type":"BreadcrumbList","@id":"https:\/\/formaxx.de\/erklaerung-zur-barrierefreiheit\/#breadcrumb","itemListElement":[{"@type":"ListItem","position":1,"name":"Startseite","item":"https:\/\/formaxx.de\/nds-de\/formaxx-ag\/"},{"@type":"ListItem","position":2,"name":"Erkl\u00e4rung zur Barrierefreiheit"}]},{"@type":"WebSite","@id":"https:\/\/formaxx.de\/#website","url":"https:\/\/formaxx.de\/","name":"FORMAXX AG","description":"Ma\u00dfstab in Sachen Finanzberatung","publisher":{"@id":"https:\/\/formaxx.de\/#organization"},"potentialAction":[{"@type":"SearchAction","target":{"@type":"EntryPoint","urlTemplate":"https:\/\/formaxx.de\/?s={search_term_string}"},"query-input":{"@type":"PropertyValueSpecification","valueRequired":true,"valueName":"search_term_string"}}],"inLanguage":"de"},{"@type":"Organization","@id":"https:\/\/formaxx.de\/#organization","name":"FORMAXX AG","url":"https:\/\/formaxx.de\/","logo":{"@type":"ImageObject","inLanguage":"de","@id":"https:\/\/formaxx.de\/#\/schema\/logo\/image\/","url":"https:\/\/formaxx.de\/wp-content\/uploads\/2020\/11\/FORMAXX-Logo.png","contentUrl":"https:\/\/formaxx.de\/wp-content\/uploads\/2020\/11\/FORMAXX-Logo.png","width":1920,"height":242,"caption":"FORMAXX AG"},"image":{"@id":"https:\/\/formaxx.de\/#\/schema\/logo\/image\/"}}]}},"_links":{"self":[{"href":"https:\/\/formaxx.de\/nds-de\/wp-json\/wp\/v2\/pages\/25600","targetHints":{"allow":["GET"]}}],"collection":[{"href":"https:\/\/formaxx.de\/nds-de\/wp-json\/wp\/v2\/pages"}],"about":[{"href":"https:\/\/formaxx.de\/nds-de\/wp-json\/wp\/v2\/types\/page"}],"author":[{"embeddable":true,"href":"https:\/\/formaxx.de\/nds-de\/wp-json\/wp\/v2\/users\/53"}],"replies":[{"embeddable":true,"href":"https:\/\/formaxx.de\/nds-de\/wp-json\/wp\/v2\/comments?post=25600"}],"version-history":[{"count":3,"href":"https:\/\/formaxx.de\/nds-de\/wp-json\/wp\/v2\/pages\/25600\/revisions"}],"predecessor-version":[{"id":25631,"href":"https:\/\/formaxx.de\/nds-de\/wp-json\/wp\/v2\/pages\/25600\/revisions\/25631"}],"wp:attachment":[{"href":"https:\/\/formaxx.de\/nds-de\/wp-json\/wp\/v2\/media?parent=25600"}],"wp:term":[{"taxonomy":"folder","embeddable":true,"href":"https:\/\/formaxx.de\/nds-de\/wp-json\/wp\/v2\/folder?post=25600"}],"curies":[{"name":"wp","href":"https:\/\/api.w.org\/{rel}","templated":true}]}}