{"id":25292,"date":"2025-03-18T19:00:32","date_gmt":"2025-03-18T18:00:32","guid":{"rendered":"https:\/\/formaxx.de\/immobilien-zur-altersvorsorge\/vorteile\/kostenlose-webinare\/"},"modified":"2025-03-18T19:00:32","modified_gmt":"2025-03-18T18:00:32","slug":"kostenlose-webinare","status":"publish","type":"page","link":"https:\/\/formaxx.de\/nds-de\/immobilien-zur-altersvorsorge\/vorteile\/kostenlose-webinare\/","title":{"rendered":"kostenlose Webinare"},"content":{"rendered":"\n<h2 class=\"wp-block-heading\">Exklusive Webinare: Fachwissen f&uuml;r Ihren Erfolg bei Immobilieninvestitionen<\/h2>\n\n\n\n<p>M&ouml;chten Sie mehr dar&uuml;ber erfahren, wie Sie mit Immobilieninvestitionen erfolgreich Verm&ouml;gen aufbauen k&ouml;nnen?&nbsp;<strong>Immobilien gezielt Verm&ouml;gen aufbauen<\/strong>&nbsp;und Ihre finanzielle Zukunft absichern? Unsere &nbsp;<strong>kostenlosen Webinare<\/strong>&nbsp;bieten Ihnen wertvolle Einblicke in die wichtigsten Anlagestrategien rund um&nbsp;<strong>studentisches Wohnen, altengerechte Immobilien und renditestarke Kapitalanlagen<\/strong>.<\/p>\n\n\n\n<p>Profitieren Sie von&nbsp;<strong>praxisnahem Fachwissen, aktuellen Marktanalysen und exklusiven Tipps von Experten<\/strong>. Erfahren Sie, &nbsp;<strong>wie Sie mit modernen Finanzierungsmodellen den Einstieg in Immobilieninvestments erleichtern<\/strong>, Ihre Rendite optimieren und steuerliche Vorteile nutzen k&ouml;nnen.<\/p>\n\n\n\n<p>Unsere interaktiven Webinare sind ideal f&uuml;r <strong>Einsteiger und erfahrene Investoren<\/strong>, die sich fundiert &uuml;ber <strong>Chancen, Risiken und individuelle Anlagestrategien<\/strong> informieren m&ouml;chten.<\/p>\n\n\n\n<h3 class=\"wp-block-heading\"><strong>Was Sie erwartet:<\/strong><\/h3>\n\n\n\n<ul class=\"wp-block-list\">\n<li>Markttrends und Zukunftspotenzial verschiedener Immobilienklassen<\/li>\n\n\n\n<li>Erfolgreiche Finanzierungs- und Steuerstrategien<\/li>\n\n\n\n<li>Risikominimierung und langfristige Investmentplanung<\/li>\n\n\n\n<li>Live-Fragen und individuelle Expertenantworten<\/li>\n<\/ul>\n\n\n\n<p>Melden Sie sich jetzt an und nutzen Sie die Gelegenheit, Ihr Wissen zu vertiefen und eine&nbsp;<strong>zukunftssichere Anlagestrategie<\/strong>&nbsp;zu entwickeln!<\/p>\n\n\n\n<p>Jetzt Platz sichern &ndash; kostenlos und unverbindlich!<\/p>\n","protected":false},"excerpt":{"rendered":"<p>Exklusive Webinare: Fachwissen f\u00fcr Ihren Erfolg bei Immobilieninvestitionen M\u00f6chten Sie mehr dar\u00fcber erfahren, wie Sie mit Immobilieninvestitionen erfolgreich Verm\u00f6gen aufbauen k\u00f6nnen?&nbsp;Immobilien gezielt Verm\u00f6gen aufbauen&nbsp;und Ihre finanzielle Zukunft absichern? Unsere &nbsp;kostenlosen Webinare&nbsp;bieten Ihnen wertvolle Einblicke in die wichtigsten Anlagestrategien rund um&nbsp;studentisches Wohnen, altengerechte Immobilien und renditestarke Kapitalanlagen. Profitieren Sie von&nbsp;praxisnahem Fachwissen, aktuellen Marktanalysen und exklusiven Tipps [&hellip;]<\/p>\n","protected":false},"author":1,"featured_media":25076,"parent":25281,"menu_order":0,"comment_status":"closed","ping_status":"closed","template":"","meta":{"_acf_changed":false,"footnotes":""},"folder":[279],"class_list":["post-25292","page","type-page","status-publish","has-post-thumbnail","hentry"],"acf":[],"yoast_head":"<!-- This site is optimized with the Yoast SEO plugin v27.4 - https:\/\/yoast.com\/product\/yoast-seo-wordpress\/ -->\n<title>kostenlose Webinare - FORMAXX AG<\/title>\n<meta name=\"description\" content=\"FORMAXX bietet kostenlose Webinare zur Immobilienaltersvorsorge an, die Sie \u00fcber Vorteile und Strategien informieren.\" \/>\n<meta name=\"robots\" content=\"index, follow, max-snippet:-1, max-image-preview:large, max-video-preview:-1\" \/>\n<meta property=\"og:locale\" content=\"en_US\" \/>\n<meta property=\"og:type\" content=\"article\" \/>\n<meta property=\"og:title\" content=\"kostenlose Webinare - FORMAXX AG\" \/>\n<meta property=\"og:description\" content=\"FORMAXX bietet kostenlose Webinare zur Immobilienaltersvorsorge an, die Sie \u00fcber Vorteile und Strategien informieren.\" \/>\n<meta property=\"og:url\" content=\"https:\/\/formaxx.de\/nds-de\/immobilien-zur-altersvorsorge\/vorteile\/kostenlose-webinare\/\" \/>\n<meta property=\"og:site_name\" content=\"FORMAXX AG\" \/>\n<meta property=\"og:image\" content=\"https:\/\/formaxx.de\/wp-content\/uploads\/2025\/03\/immobilien-zur-altersvorsorge-webinare.jpg\" \/>\n\t<meta property=\"og:image:width\" content=\"1620\" \/>\n\t<meta property=\"og:image:height\" content=\"1080\" \/>\n\t<meta property=\"og:image:type\" content=\"image\/jpeg\" \/>\n<meta name=\"twitter:card\" content=\"summary_large_image\" \/>\n<meta name=\"twitter:label1\" content=\"Gesch\u00e4tzte Lesezeit\" \/>\n\t<meta name=\"twitter:data1\" content=\"1\u00a0Minute\" \/>\n<script type=\"application\/ld+json\" class=\"yoast-schema-graph\">{\"@context\":\"https:\\\/\\\/schema.org\",\"@graph\":[{\"@type\":\"WebPage\",\"@id\":\"https:\\\/\\\/formaxx.de\\\/nds-de\\\/immobilien-zur-altersvorsorge\\\/vorteile\\\/kostenlose-webinare\\\/\",\"url\":\"https:\\\/\\\/formaxx.de\\\/nds-de\\\/immobilien-zur-altersvorsorge\\\/vorteile\\\/kostenlose-webinare\\\/\",\"name\":\"kostenlose Webinare - FORMAXX AG\",\"isPartOf\":{\"@id\":\"https:\\\/\\\/formaxx.de\\\/#website\"},\"primaryImageOfPage\":{\"@id\":\"https:\\\/\\\/formaxx.de\\\/nds-de\\\/immobilien-zur-altersvorsorge\\\/vorteile\\\/kostenlose-webinare\\\/#primaryimage\"},\"image\":{\"@id\":\"https:\\\/\\\/formaxx.de\\\/nds-de\\\/immobilien-zur-altersvorsorge\\\/vorteile\\\/kostenlose-webinare\\\/#primaryimage\"},\"thumbnailUrl\":\"https:\\\/\\\/formaxx.de\\\/wp-content\\\/uploads\\\/2025\\\/03\\\/immobilien-zur-altersvorsorge-webinare.jpg\",\"datePublished\":\"2025-03-18T18:00:32+00:00\",\"description\":\"FORMAXX bietet kostenlose Webinare zur Immobilienaltersvorsorge an, die Sie \u00fcber Vorteile und Strategien informieren.\",\"breadcrumb\":{\"@id\":\"https:\\\/\\\/formaxx.de\\\/nds-de\\\/immobilien-zur-altersvorsorge\\\/vorteile\\\/kostenlose-webinare\\\/#breadcrumb\"},\"inLanguage\":\"de\",\"potentialAction\":[{\"@type\":\"ReadAction\",\"target\":[\"https:\\\/\\\/formaxx.de\\\/nds-de\\\/immobilien-zur-altersvorsorge\\\/vorteile\\\/kostenlose-webinare\\\/\"]}]},{\"@type\":\"ImageObject\",\"inLanguage\":\"de\",\"@id\":\"https:\\\/\\\/formaxx.de\\\/nds-de\\\/immobilien-zur-altersvorsorge\\\/vorteile\\\/kostenlose-webinare\\\/#primaryimage\",\"url\":\"https:\\\/\\\/formaxx.de\\\/wp-content\\\/uploads\\\/2025\\\/03\\\/immobilien-zur-altersvorsorge-webinare.jpg\",\"contentUrl\":\"https:\\\/\\\/formaxx.de\\\/wp-content\\\/uploads\\\/2025\\\/03\\\/immobilien-zur-altersvorsorge-webinare.jpg\",\"width\":1620,\"height\":1080,\"caption\":\"Immobilien zur Altersvorsorge \u2013\u00a0junge Frau vor Laptop mit in die H\u00f6he gestreckten Daumen nach dem Webinar\"},{\"@type\":\"BreadcrumbList\",\"@id\":\"https:\\\/\\\/formaxx.de\\\/nds-de\\\/immobilien-zur-altersvorsorge\\\/vorteile\\\/kostenlose-webinare\\\/#breadcrumb\",\"itemListElement\":[{\"@type\":\"ListItem\",\"position\":1,\"name\":\"Startseite\",\"item\":\"https:\\\/\\\/formaxx.de\\\/nds-de\\\/formaxx-ag\\\/\"},{\"@type\":\"ListItem\",\"position\":2,\"name\":\"Immobilien zur Altersvorsorge\",\"item\":\"https:\\\/\\\/formaxx.de\\\/nds-de\\\/immobilien-zur-altersvorsorge\\\/\"},{\"@type\":\"ListItem\",\"position\":3,\"name\":\"Vorteile\",\"item\":\"https:\\\/\\\/formaxx.de\\\/nds-de\\\/immobilien-zur-altersvorsorge\\\/vorteile\\\/\"},{\"@type\":\"ListItem\",\"position\":4,\"name\":\"kostenlose Webinare\"}]},{\"@type\":\"WebSite\",\"@id\":\"https:\\\/\\\/formaxx.de\\\/#website\",\"url\":\"https:\\\/\\\/formaxx.de\\\/\",\"name\":\"FORMAXX AG\",\"description\":\"Ma\u00dfstab in Sachen Finanzberatung\",\"publisher\":{\"@id\":\"https:\\\/\\\/formaxx.de\\\/#organization\"},\"potentialAction\":[{\"@type\":\"SearchAction\",\"target\":{\"@type\":\"EntryPoint\",\"urlTemplate\":\"https:\\\/\\\/formaxx.de\\\/?s={search_term_string}\"},\"query-input\":{\"@type\":\"PropertyValueSpecification\",\"valueRequired\":true,\"valueName\":\"search_term_string\"}}],\"inLanguage\":\"de\"},{\"@type\":\"Organization\",\"@id\":\"https:\\\/\\\/formaxx.de\\\/#organization\",\"name\":\"FORMAXX AG\",\"url\":\"https:\\\/\\\/formaxx.de\\\/\",\"logo\":{\"@type\":\"ImageObject\",\"inLanguage\":\"de\",\"@id\":\"https:\\\/\\\/formaxx.de\\\/#\\\/schema\\\/logo\\\/image\\\/\",\"url\":\"https:\\\/\\\/formaxx.de\\\/wp-content\\\/uploads\\\/2020\\\/11\\\/FORMAXX-Logo.png\",\"contentUrl\":\"https:\\\/\\\/formaxx.de\\\/wp-content\\\/uploads\\\/2020\\\/11\\\/FORMAXX-Logo.png\",\"width\":1920,\"height\":242,\"caption\":\"FORMAXX AG\"},\"image\":{\"@id\":\"https:\\\/\\\/formaxx.de\\\/#\\\/schema\\\/logo\\\/image\\\/\"}}]}<\/script>\n<!-- \/ Yoast SEO plugin. -->","yoast_head_json":{"title":"kostenlose Webinare - FORMAXX AG","description":"FORMAXX bietet kostenlose Webinare zur Immobilienaltersvorsorge an, die Sie \u00fcber Vorteile und Strategien informieren.","robots":{"index":"index","follow":"follow","max-snippet":"max-snippet:-1","max-image-preview":"max-image-preview:large","max-video-preview":"max-video-preview:-1"},"og_locale":"en_US","og_type":"article","og_title":"kostenlose Webinare - FORMAXX AG","og_description":"FORMAXX bietet kostenlose Webinare zur Immobilienaltersvorsorge an, die Sie \u00fcber Vorteile und Strategien informieren.","og_url":"https:\/\/formaxx.de\/nds-de\/immobilien-zur-altersvorsorge\/vorteile\/kostenlose-webinare\/","og_site_name":"FORMAXX AG","og_image":[{"width":1620,"height":1080,"url":"https:\/\/formaxx.de\/wp-content\/uploads\/2025\/03\/immobilien-zur-altersvorsorge-webinare.jpg","type":"image\/jpeg"}],"twitter_card":"summary_large_image","twitter_misc":{"Gesch\u00e4tzte Lesezeit":"1\u00a0Minute"},"schema":{"@context":"https:\/\/schema.org","@graph":[{"@type":"WebPage","@id":"https:\/\/formaxx.de\/nds-de\/immobilien-zur-altersvorsorge\/vorteile\/kostenlose-webinare\/","url":"https:\/\/formaxx.de\/nds-de\/immobilien-zur-altersvorsorge\/vorteile\/kostenlose-webinare\/","name":"kostenlose Webinare - FORMAXX AG","isPartOf":{"@id":"https:\/\/formaxx.de\/#website"},"primaryImageOfPage":{"@id":"https:\/\/formaxx.de\/nds-de\/immobilien-zur-altersvorsorge\/vorteile\/kostenlose-webinare\/#primaryimage"},"image":{"@id":"https:\/\/formaxx.de\/nds-de\/immobilien-zur-altersvorsorge\/vorteile\/kostenlose-webinare\/#primaryimage"},"thumbnailUrl":"https:\/\/formaxx.de\/wp-content\/uploads\/2025\/03\/immobilien-zur-altersvorsorge-webinare.jpg","datePublished":"2025-03-18T18:00:32+00:00","description":"FORMAXX bietet kostenlose Webinare zur Immobilienaltersvorsorge an, die Sie \u00fcber Vorteile und Strategien informieren.","breadcrumb":{"@id":"https:\/\/formaxx.de\/nds-de\/immobilien-zur-altersvorsorge\/vorteile\/kostenlose-webinare\/#breadcrumb"},"inLanguage":"de","potentialAction":[{"@type":"ReadAction","target":["https:\/\/formaxx.de\/nds-de\/immobilien-zur-altersvorsorge\/vorteile\/kostenlose-webinare\/"]}]},{"@type":"ImageObject","inLanguage":"de","@id":"https:\/\/formaxx.de\/nds-de\/immobilien-zur-altersvorsorge\/vorteile\/kostenlose-webinare\/#primaryimage","url":"https:\/\/formaxx.de\/wp-content\/uploads\/2025\/03\/immobilien-zur-altersvorsorge-webinare.jpg","contentUrl":"https:\/\/formaxx.de\/wp-content\/uploads\/2025\/03\/immobilien-zur-altersvorsorge-webinare.jpg","width":1620,"height":1080,"caption":"Immobilien zur Altersvorsorge \u2013\u00a0junge Frau vor Laptop mit in die H\u00f6he gestreckten Daumen nach dem Webinar"},{"@type":"BreadcrumbList","@id":"https:\/\/formaxx.de\/nds-de\/immobilien-zur-altersvorsorge\/vorteile\/kostenlose-webinare\/#breadcrumb","itemListElement":[{"@type":"ListItem","position":1,"name":"Startseite","item":"https:\/\/formaxx.de\/nds-de\/formaxx-ag\/"},{"@type":"ListItem","position":2,"name":"Immobilien zur Altersvorsorge","item":"https:\/\/formaxx.de\/nds-de\/immobilien-zur-altersvorsorge\/"},{"@type":"ListItem","position":3,"name":"Vorteile","item":"https:\/\/formaxx.de\/nds-de\/immobilien-zur-altersvorsorge\/vorteile\/"},{"@type":"ListItem","position":4,"name":"kostenlose Webinare"}]},{"@type":"WebSite","@id":"https:\/\/formaxx.de\/#website","url":"https:\/\/formaxx.de\/","name":"FORMAXX AG","description":"Ma\u00dfstab in Sachen Finanzberatung","publisher":{"@id":"https:\/\/formaxx.de\/#organization"},"potentialAction":[{"@type":"SearchAction","target":{"@type":"EntryPoint","urlTemplate":"https:\/\/formaxx.de\/?s={search_term_string}"},"query-input":{"@type":"PropertyValueSpecification","valueRequired":true,"valueName":"search_term_string"}}],"inLanguage":"de"},{"@type":"Organization","@id":"https:\/\/formaxx.de\/#organization","name":"FORMAXX AG","url":"https:\/\/formaxx.de\/","logo":{"@type":"ImageObject","inLanguage":"de","@id":"https:\/\/formaxx.de\/#\/schema\/logo\/image\/","url":"https:\/\/formaxx.de\/wp-content\/uploads\/2020\/11\/FORMAXX-Logo.png","contentUrl":"https:\/\/formaxx.de\/wp-content\/uploads\/2020\/11\/FORMAXX-Logo.png","width":1920,"height":242,"caption":"FORMAXX AG"},"image":{"@id":"https:\/\/formaxx.de\/#\/schema\/logo\/image\/"}}]}},"_links":{"self":[{"href":"https:\/\/formaxx.de\/nds-de\/wp-json\/wp\/v2\/pages\/25292","targetHints":{"allow":["GET"]}}],"collection":[{"href":"https:\/\/formaxx.de\/nds-de\/wp-json\/wp\/v2\/pages"}],"about":[{"href":"https:\/\/formaxx.de\/nds-de\/wp-json\/wp\/v2\/types\/page"}],"author":[{"embeddable":true,"href":"https:\/\/formaxx.de\/nds-de\/wp-json\/wp\/v2\/users\/1"}],"replies":[{"embeddable":true,"href":"https:\/\/formaxx.de\/nds-de\/wp-json\/wp\/v2\/comments?post=25292"}],"version-history":[{"count":0,"href":"https:\/\/formaxx.de\/nds-de\/wp-json\/wp\/v2\/pages\/25292\/revisions"}],"up":[{"embeddable":true,"href":"https:\/\/formaxx.de\/nds-de\/wp-json\/wp\/v2\/pages\/25281"}],"wp:featuredmedia":[{"embeddable":true,"href":"https:\/\/formaxx.de\/nds-de\/wp-json\/wp\/v2\/media\/25076"}],"wp:attachment":[{"href":"https:\/\/formaxx.de\/nds-de\/wp-json\/wp\/v2\/media?parent=25292"}],"wp:term":[{"taxonomy":"folder","embeddable":true,"href":"https:\/\/formaxx.de\/nds-de\/wp-json\/wp\/v2\/folder?post=25292"}],"curies":[{"name":"wp","href":"https:\/\/api.w.org\/{rel}","templated":true}]}}