{"id":25279,"date":"2024-06-25T22:18:50","date_gmt":"2024-06-25T20:18:50","guid":{"rendered":"https:\/\/formaxx.de\/juristenberatung\/protokolleinsicht\/erstes-staatsexamen\/"},"modified":"2024-06-25T22:18:50","modified_gmt":"2024-06-25T20:18:50","slug":"erstes-staatsexamen","status":"publish","type":"page","link":"https:\/\/formaxx.de\/nds-de\/juristenberatung\/protokolleinsicht\/erstes-staatsexamen\/","title":{"rendered":"erstes Staatsexamen"},"content":{"rendered":"\t\t<div data-elementor-type=\"wp-page\" data-elementor-id=\"25279\" class=\"elementor elementor-25279\" data-elementor-post-type=\"page\">\n\t\t\t\t<div class=\"elementor-element elementor-element-600a4aa e-flex e-con-boxed e-con e-parent\" data-id=\"600a4aa\" data-element_type=\"container\" data-e-type=\"container\">\n\t\t\t\t\t<div class=\"e-con-inner\">\n\t\t\t\t<div class=\"elementor-element elementor-element-80d3183 elementor-widget elementor-widget-heading\" data-id=\"80d3183\" data-element_type=\"widget\" data-e-type=\"widget\" data-widget_type=\"heading.default\">\n\t\t\t\t<div class=\"elementor-widget-container\">\n\t\t\t\t\t<h2 class=\"elementor-heading-title elementor-size-default\">Protokolleinsicht M&uuml;nchen<\/h2>\t\t\t\t<\/div>\n\t\t\t\t<\/div>\n\t\t\t\t<div class=\"elementor-element elementor-element-00b3116 elementor-widget elementor-widget-text-editor\" data-id=\"00b3116\" data-element_type=\"widget\" data-e-type=\"widget\" data-widget_type=\"text-editor.default\">\n\t\t\t\t<div class=\"elementor-widget-container\">\n\t\t\t\t\t\t\t\t\t<p>Wie zu jeder m&uuml;ndlichen Pr&uuml;fung m&ouml;chten wir Sie wieder mit der Fachschaft Jura in der Vorbereitung unterst&uuml;tzen!<\/p>\t\t\t\t\t\t\t\t<\/div>\n\t\t\t\t<\/div>\n\t\t\t\t<div class=\"elementor-element elementor-element-8905e0c elementor-widget elementor-widget-heading\" data-id=\"8905e0c\" data-element_type=\"widget\" data-e-type=\"widget\" data-widget_type=\"heading.default\">\n\t\t\t\t<div class=\"elementor-widget-container\">\n\t\t\t\t\t<h3 class=\"elementor-heading-title elementor-size-default\">kommende Termine<\/h3>\t\t\t\t<\/div>\n\t\t\t\t<\/div>\n\t\t\t\t<div class=\"elementor-element elementor-element-b085295 elementor-widget elementor-widget-html\" data-id=\"b085295\" data-element_type=\"widget\" data-e-type=\"widget\" data-widget_type=\"html.default\">\n\t\t\t\t<div class=\"elementor-widget-container\">\n\t\t\t\t\t<table id=\"events\" class=\"events-table\">\n<thead>\n<tr>\n<th class=\"event-time\" scope=\"col\">Datum\/Uhrzeit<\/th>\n<th class=\"event-description\" scope=\"col\">Veranstaltung<\/th>\n<\/tr>\n<\/thead>\n<tbody>\n    <div class=\"em em-view-container\" id=\"em-view-943181278\" data-view=\"list\">\r\n\t<div class=\"em pixelbones em-list em-events-list\" id=\"em-events-list-943181278\" data-view-id=\"943181278\">\r\n\tAktuell sind keine Termine f&uuml;r Veranstaltungen bekannt.\t<\/div>\r\n<\/div>\n<\/tbody>\n<\/table>\n<script>\njQuery(document).ready(function() {\n    \/\/ Check if the table body has no rows\n    if (jQuery('#events tbody tr').length === 0) {\n        \/\/ If no rows, hide the table header\n        jQuery('#events thead').hide();\n    } else {\n        \/\/ If there are rows, show the table header\n        jQuery('#events thead').show();\n    }\n});\n<\/script>\t\t\t\t<\/div>\n\t\t\t\t<\/div>\n\t\t\t\t<div class=\"elementor-element elementor-element-32471c4 elementor-hidden-widescreen elementor-hidden-desktop elementor-hidden-laptop elementor-hidden-tablet_extra elementor-hidden-tablet elementor-hidden-mobile_extra elementor-hidden-mobile elementor-widget elementor-widget-shortcode\" data-id=\"32471c4\" data-element_type=\"widget\" data-e-type=\"widget\" data-widget_type=\"shortcode.default\">\n\t\t\t\t<div class=\"elementor-widget-container\">\n\t\t\t\t\tAktuell sind keine Termine f&uuml;r Veranstaltungen bekannt.\t\t<div class=\"elementor-shortcode\"><\/div>\n\t\t\t\t\t\t<\/div>\n\t\t\t\t<\/div>\n\t\t\t\t\t<\/div>\n\t\t\t\t<\/div>\n\t\t\t\t<\/div>\n\t\t","protected":false},"excerpt":{"rendered":"<p>Protokolleinsicht M\u00fcnchen Wie zu jeder m\u00fcndlichen Pr\u00fcfung m\u00f6chten wir Sie wieder mit der Fachschaft Jura in der Vorbereitung unterst\u00fctzen! kommende Termine Datum\/Uhrzeit Veranstaltung<\/p>\n","protected":false},"author":1,"featured_media":24587,"parent":25277,"menu_order":0,"comment_status":"closed","ping_status":"closed","template":"","meta":{"_acf_changed":false,"footnotes":""},"folder":[267],"class_list":["post-25279","page","type-page","status-publish","has-post-thumbnail","hentry"],"acf":[],"yoast_head":"<!-- This site is optimized with the Yoast SEO plugin v27.5 - https:\/\/yoast.com\/product\/yoast-seo-wordpress\/ -->\n<title>erstes Staatsexamen - FORMAXX AG<\/title>\n<meta name=\"robots\" content=\"index, follow, max-snippet:-1, max-image-preview:large, max-video-preview:-1\" \/>\n<meta property=\"og:locale\" content=\"en_US\" \/>\n<meta property=\"og:type\" content=\"article\" \/>\n<meta property=\"og:title\" content=\"erstes Staatsexamen - FORMAXX AG\" \/>\n<meta property=\"og:description\" content=\"Protokolleinsicht M\u00fcnchen Wie zu jeder m\u00fcndlichen Pr\u00fcfung m\u00f6chten wir Sie wieder mit der Fachschaft Jura in der Vorbereitung unterst\u00fctzen! kommende Termine Datum\/Uhrzeit Veranstaltung\" \/>\n<meta property=\"og:url\" content=\"https:\/\/formaxx.de\/juristenberatung\/protokolleinsicht\/erstes-staatsexamen\/\" \/>\n<meta property=\"og:site_name\" content=\"FORMAXX AG\" \/>\n<meta name=\"twitter:card\" content=\"summary_large_image\" \/>\n<script type=\"application\/ld+json\" class=\"yoast-schema-graph\">{\"@context\":\"https:\\\/\\\/schema.org\",\"@graph\":[{\"@type\":\"WebPage\",\"@id\":\"https:\\\/\\\/formaxx.de\\\/juristenberatung\\\/protokolleinsicht\\\/erstes-staatsexamen\\\/\",\"url\":\"https:\\\/\\\/formaxx.de\\\/juristenberatung\\\/protokolleinsicht\\\/erstes-staatsexamen\\\/\",\"name\":\"erstes Staatsexamen - FORMAXX AG\",\"isPartOf\":{\"@id\":\"https:\\\/\\\/formaxx.de\\\/#website\"},\"primaryImageOfPage\":{\"@id\":\"https:\\\/\\\/formaxx.de\\\/juristenberatung\\\/protokolleinsicht\\\/erstes-staatsexamen\\\/#primaryimage\"},\"image\":{\"@id\":\"https:\\\/\\\/formaxx.de\\\/juristenberatung\\\/protokolleinsicht\\\/erstes-staatsexamen\\\/#primaryimage\"},\"thumbnailUrl\":\"https:\\\/\\\/formaxx.de\\\/wp-content\\\/uploads\\\/2021\\\/09\\\/seminare-protokolleinsicht-staatsexamen-1.jpg\",\"datePublished\":\"2024-06-25T20:18:50+00:00\",\"breadcrumb\":{\"@id\":\"https:\\\/\\\/formaxx.de\\\/juristenberatung\\\/protokolleinsicht\\\/erstes-staatsexamen\\\/#breadcrumb\"},\"inLanguage\":\"de\",\"potentialAction\":[{\"@type\":\"ReadAction\",\"target\":[\"https:\\\/\\\/formaxx.de\\\/juristenberatung\\\/protokolleinsicht\\\/erstes-staatsexamen\\\/\"]}]},{\"@type\":\"ImageObject\",\"inLanguage\":\"de\",\"@id\":\"https:\\\/\\\/formaxx.de\\\/juristenberatung\\\/protokolleinsicht\\\/erstes-staatsexamen\\\/#primaryimage\",\"url\":\"https:\\\/\\\/formaxx.de\\\/wp-content\\\/uploads\\\/2021\\\/09\\\/seminare-protokolleinsicht-staatsexamen-1.jpg\",\"contentUrl\":\"https:\\\/\\\/formaxx.de\\\/wp-content\\\/uploads\\\/2021\\\/09\\\/seminare-protokolleinsicht-staatsexamen-1.jpg\",\"width\":1920,\"height\":823,\"caption\":\"FORMAXX \u2013 Protokolleinsicht 1. Staatsexamen\"},{\"@type\":\"BreadcrumbList\",\"@id\":\"https:\\\/\\\/formaxx.de\\\/juristenberatung\\\/protokolleinsicht\\\/erstes-staatsexamen\\\/#breadcrumb\",\"itemListElement\":[{\"@type\":\"ListItem\",\"position\":1,\"name\":\"Startseite\",\"item\":\"https:\\\/\\\/formaxx.de\\\/nds-de\\\/formaxx-ag\\\/\"},{\"@type\":\"ListItem\",\"position\":2,\"name\":\"Juristenberatung\",\"item\":\"https:\\\/\\\/formaxx.de\\\/nds-de\\\/juristenberatung\\\/\"},{\"@type\":\"ListItem\",\"position\":3,\"name\":\"Protokolleinsicht\",\"item\":\"https:\\\/\\\/formaxx.de\\\/juristenberatung\\\/protokolleinsicht\\\/\"},{\"@type\":\"ListItem\",\"position\":4,\"name\":\"erstes Staatsexamen\"}]},{\"@type\":\"WebSite\",\"@id\":\"https:\\\/\\\/formaxx.de\\\/#website\",\"url\":\"https:\\\/\\\/formaxx.de\\\/\",\"name\":\"FORMAXX AG\",\"description\":\"Ma\u00dfstab in Sachen Finanzberatung\",\"publisher\":{\"@id\":\"https:\\\/\\\/formaxx.de\\\/#organization\"},\"potentialAction\":[{\"@type\":\"SearchAction\",\"target\":{\"@type\":\"EntryPoint\",\"urlTemplate\":\"https:\\\/\\\/formaxx.de\\\/?s={search_term_string}\"},\"query-input\":{\"@type\":\"PropertyValueSpecification\",\"valueRequired\":true,\"valueName\":\"search_term_string\"}}],\"inLanguage\":\"de\"},{\"@type\":\"Organization\",\"@id\":\"https:\\\/\\\/formaxx.de\\\/#organization\",\"name\":\"FORMAXX AG\",\"url\":\"https:\\\/\\\/formaxx.de\\\/\",\"logo\":{\"@type\":\"ImageObject\",\"inLanguage\":\"de\",\"@id\":\"https:\\\/\\\/formaxx.de\\\/#\\\/schema\\\/logo\\\/image\\\/\",\"url\":\"https:\\\/\\\/formaxx.de\\\/wp-content\\\/uploads\\\/2020\\\/11\\\/FORMAXX-Logo.png\",\"contentUrl\":\"https:\\\/\\\/formaxx.de\\\/wp-content\\\/uploads\\\/2020\\\/11\\\/FORMAXX-Logo.png\",\"width\":1920,\"height\":242,\"caption\":\"FORMAXX AG\"},\"image\":{\"@id\":\"https:\\\/\\\/formaxx.de\\\/#\\\/schema\\\/logo\\\/image\\\/\"}}]}<\/script>\n<!-- \/ Yoast SEO plugin. -->","yoast_head_json":{"title":"erstes Staatsexamen - FORMAXX AG","robots":{"index":"index","follow":"follow","max-snippet":"max-snippet:-1","max-image-preview":"max-image-preview:large","max-video-preview":"max-video-preview:-1"},"og_locale":"en_US","og_type":"article","og_title":"erstes Staatsexamen - FORMAXX AG","og_description":"Protokolleinsicht M\u00fcnchen Wie zu jeder m\u00fcndlichen Pr\u00fcfung m\u00f6chten wir Sie wieder mit der Fachschaft Jura in der Vorbereitung unterst\u00fctzen! kommende Termine Datum\/Uhrzeit Veranstaltung","og_url":"https:\/\/formaxx.de\/juristenberatung\/protokolleinsicht\/erstes-staatsexamen\/","og_site_name":"FORMAXX AG","twitter_card":"summary_large_image","schema":{"@context":"https:\/\/schema.org","@graph":[{"@type":"WebPage","@id":"https:\/\/formaxx.de\/juristenberatung\/protokolleinsicht\/erstes-staatsexamen\/","url":"https:\/\/formaxx.de\/juristenberatung\/protokolleinsicht\/erstes-staatsexamen\/","name":"erstes Staatsexamen - FORMAXX AG","isPartOf":{"@id":"https:\/\/formaxx.de\/#website"},"primaryImageOfPage":{"@id":"https:\/\/formaxx.de\/juristenberatung\/protokolleinsicht\/erstes-staatsexamen\/#primaryimage"},"image":{"@id":"https:\/\/formaxx.de\/juristenberatung\/protokolleinsicht\/erstes-staatsexamen\/#primaryimage"},"thumbnailUrl":"https:\/\/formaxx.de\/wp-content\/uploads\/2021\/09\/seminare-protokolleinsicht-staatsexamen-1.jpg","datePublished":"2024-06-25T20:18:50+00:00","breadcrumb":{"@id":"https:\/\/formaxx.de\/juristenberatung\/protokolleinsicht\/erstes-staatsexamen\/#breadcrumb"},"inLanguage":"de","potentialAction":[{"@type":"ReadAction","target":["https:\/\/formaxx.de\/juristenberatung\/protokolleinsicht\/erstes-staatsexamen\/"]}]},{"@type":"ImageObject","inLanguage":"de","@id":"https:\/\/formaxx.de\/juristenberatung\/protokolleinsicht\/erstes-staatsexamen\/#primaryimage","url":"https:\/\/formaxx.de\/wp-content\/uploads\/2021\/09\/seminare-protokolleinsicht-staatsexamen-1.jpg","contentUrl":"https:\/\/formaxx.de\/wp-content\/uploads\/2021\/09\/seminare-protokolleinsicht-staatsexamen-1.jpg","width":1920,"height":823,"caption":"FORMAXX \u2013 Protokolleinsicht 1. Staatsexamen"},{"@type":"BreadcrumbList","@id":"https:\/\/formaxx.de\/juristenberatung\/protokolleinsicht\/erstes-staatsexamen\/#breadcrumb","itemListElement":[{"@type":"ListItem","position":1,"name":"Startseite","item":"https:\/\/formaxx.de\/nds-de\/formaxx-ag\/"},{"@type":"ListItem","position":2,"name":"Juristenberatung","item":"https:\/\/formaxx.de\/nds-de\/juristenberatung\/"},{"@type":"ListItem","position":3,"name":"Protokolleinsicht","item":"https:\/\/formaxx.de\/juristenberatung\/protokolleinsicht\/"},{"@type":"ListItem","position":4,"name":"erstes Staatsexamen"}]},{"@type":"WebSite","@id":"https:\/\/formaxx.de\/#website","url":"https:\/\/formaxx.de\/","name":"FORMAXX AG","description":"Ma\u00dfstab in Sachen Finanzberatung","publisher":{"@id":"https:\/\/formaxx.de\/#organization"},"potentialAction":[{"@type":"SearchAction","target":{"@type":"EntryPoint","urlTemplate":"https:\/\/formaxx.de\/?s={search_term_string}"},"query-input":{"@type":"PropertyValueSpecification","valueRequired":true,"valueName":"search_term_string"}}],"inLanguage":"de"},{"@type":"Organization","@id":"https:\/\/formaxx.de\/#organization","name":"FORMAXX AG","url":"https:\/\/formaxx.de\/","logo":{"@type":"ImageObject","inLanguage":"de","@id":"https:\/\/formaxx.de\/#\/schema\/logo\/image\/","url":"https:\/\/formaxx.de\/wp-content\/uploads\/2020\/11\/FORMAXX-Logo.png","contentUrl":"https:\/\/formaxx.de\/wp-content\/uploads\/2020\/11\/FORMAXX-Logo.png","width":1920,"height":242,"caption":"FORMAXX AG"},"image":{"@id":"https:\/\/formaxx.de\/#\/schema\/logo\/image\/"}}]}},"_links":{"self":[{"href":"https:\/\/formaxx.de\/nds-de\/wp-json\/wp\/v2\/pages\/25279","targetHints":{"allow":["GET"]}}],"collection":[{"href":"https:\/\/formaxx.de\/nds-de\/wp-json\/wp\/v2\/pages"}],"about":[{"href":"https:\/\/formaxx.de\/nds-de\/wp-json\/wp\/v2\/types\/page"}],"author":[{"embeddable":true,"href":"https:\/\/formaxx.de\/nds-de\/wp-json\/wp\/v2\/users\/1"}],"replies":[{"embeddable":true,"href":"https:\/\/formaxx.de\/nds-de\/wp-json\/wp\/v2\/comments?post=25279"}],"version-history":[{"count":0,"href":"https:\/\/formaxx.de\/nds-de\/wp-json\/wp\/v2\/pages\/25279\/revisions"}],"up":[{"embeddable":true,"href":"https:\/\/formaxx.de\/nds-de\/wp-json\/wp\/v2\/pages\/25277"}],"wp:featuredmedia":[{"embeddable":true,"href":"https:\/\/formaxx.de\/nds-de\/wp-json\/wp\/v2\/media\/24587"}],"wp:attachment":[{"href":"https:\/\/formaxx.de\/nds-de\/wp-json\/wp\/v2\/media?parent=25279"}],"wp:term":[{"taxonomy":"folder","embeddable":true,"href":"https:\/\/formaxx.de\/nds-de\/wp-json\/wp\/v2\/folder?post=25279"}],"curies":[{"name":"wp","href":"https:\/\/api.w.org\/{rel}","templated":true}]}}