{"id":25276,"date":"2023-08-08T19:39:09","date_gmt":"2023-08-08T17:39:09","guid":{"rendered":"https:\/\/formaxx.de\/immobilien-zur-altersvorsorge\/beratung\/"},"modified":"2026-03-05T16:02:23","modified_gmt":"2026-03-05T15:02:23","slug":"beratung","status":"publish","type":"page","link":"https:\/\/formaxx.de\/nds-de\/immobilien-zur-altersvorsorge\/vorteile\/beratung\/","title":{"rendered":"Beratung"},"content":{"rendered":"\n<p>Meine Beratung hilft Ihnen, sicher und nachhaltig f&uuml;r Ihre finanzielle Zukunft vorzusorgen. Immobilieninvestments sind dabei ein wichtiger Teil. Zus&auml;tzlich berate ich Sie umfassend zu Geldanlagen, Baufinanzierungen und Altersvorsorge. Ich biete Ihnen ein rundum Konzept, das auf sorgf&auml;ltigen Analysen und einer pers&ouml;nlichen Betreuung &uuml;ber viele Jahre basiert.  <\/p>\n\n\n\n<p>F&uuml;r eine pers&ouml;nliche und unverbindliche Beratung stehe ich Ihnen gerne zur Verf&uuml;gung. Kontaktieren Sie mich, damit Sie den n&auml;chsten Schritt zu einer stabilen und unabh&auml;ngigen finanziellen Zukunft machen k&ouml;nnen. Jeder sollte fr&uuml;hzeitig handeln &ndash; beginnen Sie jetzt mit einem auf Sie zugeschnittenen Konzept, das Ihre Altersvorsorge sichert und Ihr Verm&ouml;gen langfristig wachsen l&auml;sst.  <\/p>\n\n\n\n<h2 class=\"wp-block-heading\">ABLAUF<\/h2>\n\n\n\n<ol class=\"wp-block-list\">\n<li><strong>Erstgespr&auml;ch &ndash; Ihr Einstieg in die Welt der Immobilieninvestitionen<\/strong>: Im ersten Gespr&auml;ch geht es vor allem darum, Sie und Ihre pers&ouml;nliche Situation kennenzulernen. Der pers&ouml;nliche Austausch steht dabei im Mittelpunkt. Wir sprechen &uuml;ber Ihre aktuelle finanzielle Lage, Ihre W&uuml;nsche und Ziele. Durch genaues Zuh&ouml;ren entsteht die Basis f&uuml;r eine vertrauensvolle Zusammenarbeit.   <\/li>\n\n\n\n<li><strong>Analyse &ndash; Ma&szlig;geschneiderte L&ouml;sungen f&uuml;r Ihre Ziele<\/strong>: Nach dem ersten Gespr&auml;ch wird Ihre finanzielle Situation genau untersucht, dabei wird die anerkannte DIN-Norm 77230 angewendet. Diese Methode hilft, Ihre Lage genau zu bewerten. Danach suchen wir passende Produkte und M&ouml;glichkeiten aus, die zu Ihren pers&ouml;nlichen Bed&uuml;rfnissen passen. Die Auswahl der L&ouml;sungen und Produkte erfolgt unabh&auml;ngig, was f&uuml;r Sie einen gro&szlig;en Vorteil bedeutet. Das Ziel ist, Ihnen einen klaren &Uuml;berblick &uuml;ber alle Optionen zu geben, damit Sie gut informiert entscheiden k&ouml;nnen.    <\/li>\n\n\n\n<li><strong>Konzeptentwicklung &ndash; Ihr pers&ouml;nlicher Investitionsplan<\/strong>: Nachdem die passenden L&ouml;sungen gefunden wurden, wird ein genaues Konzept erstellt, das Ihre Ziele und W&uuml;nsche ber&uuml;cksichtigt. In einem weiteren Beratungsgespr&auml;ch wird Ihnen dieses Konzept vorgestellt, und gemeinsam besprechen wir die n&auml;chsten Schritte. Dabei haben alle Ihre Fragen, Sorgen oder &Auml;ngste einen festen Platz, und es wird genug Zeit genommen, um alles ausf&uuml;hrlich zu kl&auml;ren.  <\/li>\n\n\n\n<li><strong>Anpassung und Umsetzung &ndash; Flexibilit&auml;t und Sicherheit<\/strong>: Es wird verstanden, dass sich Lebensumst&auml;nde und M&auml;rkte ver&auml;ndern k&ouml;nnen. Deshalb sind die Konzepte flexibel und k&ouml;nnen jederzeit angepasst werden. Ihr Erfolg und Ihre Zufriedenheit stehen dabei an erster Stelle. Gemeinsam setzen wir die Investitionsstrategie um, damit Sie mit einem guten Gef&uuml;hl in die Zukunft schauen k&ouml;nnen.   <\/li>\n<\/ol>\n\n\n\n<h2 class=\"wp-block-heading\">Langzeitberatung und kontinuierliche Betreuung<\/h2>\n\n\n\n<h3 class=\"wp-block-heading\">Ihr Partner f&uuml;r die Zukunft<\/h3>\n\n\n\n<p>Die Zusammenarbeit mit meinen Klienten endet nicht nach einer einzelnen erfolgreichen Investition oder Ma&szlig;nahme. Vielmehr steht eine langj&auml;hrige Partnerschaft im Mittelpunkt. Sie erhalten regelm&auml;&szlig;ige Informationen &uuml;ber Ver&auml;nderungen am Markt und wichtige Neuigkeiten zu neuen M&ouml;glichkeiten. So sind Sie immer gut informiert und k&ouml;nnen schnell auf Ver&auml;nderungen reagieren.   <\/p>\n\n\n\n<p>Neben dem j&auml;hrlichen Gespr&auml;ch, bei dem wir gemeinsam den Erfolg Ihrer Geldanlagen und Versicherungen pr&uuml;fen, haben Sie jederzeit die M&ouml;glichkeit, neue pers&ouml;nliche Ziele oder notwendige &Auml;nderungen Ihrer bisherigen Strategie zu besprechen. Das kann sowohl Immobilieninvestitionen als auch andere Bereiche der Finanzberatung oder Versicherungen betreffen, die ich Ihnen anbiete. <\/p>\n\n\n\n<p>Das Ziel ist, eine langfristige und partnerschaftliche Zusammenarbeit aufzubauen, bei der die finanziellen Strategien meiner Kunden st&auml;ndig verbessert werden. Durch diese aktive Betreuung wird sichergestellt, dass alle L&ouml;sungen immer zu den aktuellen Bed&uuml;rfnissen und Lebenssituationen passen. <\/p>\n","protected":false},"excerpt":{"rendered":"<p>Meine Beratung hilft Ihnen, sicher und nachhaltig f\u00fcr Ihre finanzielle Zukunft vorzusorgen. Immobilieninvestments sind dabei ein wichtiger Teil. Zus\u00e4tzlich berate ich Sie umfassend zu Geldanlagen, Baufinanzierungen und Altersvorsorge. Ich biete Ihnen ein rundum Konzept, das auf sorgf\u00e4ltigen Analysen und einer pers\u00f6nlichen Betreuung \u00fcber viele Jahre basiert. F\u00fcr eine pers\u00f6nliche und unverbindliche Beratung stehe ich Ihnen [&hellip;]<\/p>\n","protected":false},"author":1,"featured_media":25080,"parent":25281,"menu_order":0,"comment_status":"closed","ping_status":"closed","template":"","meta":{"_acf_changed":false,"footnotes":""},"folder":[279],"class_list":["post-25276","page","type-page","status-publish","has-post-thumbnail","hentry"],"acf":[],"yoast_head":"<!-- This site is optimized with the Yoast SEO plugin v27.4 - https:\/\/yoast.com\/product\/yoast-seo-wordpress\/ -->\n<title>Beratung - FORMAXX AG<\/title>\n<meta name=\"description\" content=\"FORMAXX bietet umfassende Beratung f\u00fcr eine sichere finanzielle Zukunft, mit Fokus auf Immobilieninvestments und ganzheitliche Finanzplanung.\" \/>\n<meta name=\"robots\" content=\"index, follow, max-snippet:-1, max-image-preview:large, max-video-preview:-1\" \/>\n<meta property=\"og:locale\" content=\"en_US\" \/>\n<meta property=\"og:type\" content=\"article\" \/>\n<meta property=\"og:title\" content=\"Beratung - FORMAXX AG\" \/>\n<meta property=\"og:description\" content=\"FORMAXX bietet umfassende Beratung f\u00fcr eine sichere finanzielle Zukunft, mit Fokus auf Immobilieninvestments und ganzheitliche Finanzplanung.\" \/>\n<meta property=\"og:url\" content=\"https:\/\/formaxx.de\/immobilien-zur-altersvorsorge\/vorteile\/steuerliche-vorteile-afa\/\" \/>\n<meta property=\"og:site_name\" content=\"FORMAXX AG\" \/>\n<meta property=\"article:modified_time\" content=\"2026-03-05T15:02:23+00:00\" \/>\n<meta property=\"og:image\" content=\"https:\/\/formaxx.de\/wp-content\/uploads\/2025\/03\/immobilien-zur-altersvorsorge-beratung.jpg\" \/>\n\t<meta property=\"og:image:width\" content=\"1620\" \/>\n\t<meta property=\"og:image:height\" content=\"1080\" \/>\n\t<meta property=\"og:image:type\" content=\"image\/jpeg\" \/>\n<meta name=\"twitter:card\" content=\"summary_large_image\" \/>\n<meta name=\"twitter:label1\" content=\"Gesch\u00e4tzte Lesezeit\" \/>\n\t<meta name=\"twitter:data1\" content=\"3\u00a0Minuten\" \/>\n<script type=\"application\/ld+json\" class=\"yoast-schema-graph\">{\"@context\":\"https:\\\/\\\/schema.org\",\"@graph\":[{\"@type\":\"WebPage\",\"@id\":\"https:\\\/\\\/formaxx.de\\\/immobilien-zur-altersvorsorge\\\/vorteile\\\/steuerliche-vorteile-afa\\\/\",\"url\":\"https:\\\/\\\/formaxx.de\\\/immobilien-zur-altersvorsorge\\\/vorteile\\\/steuerliche-vorteile-afa\\\/\",\"name\":\"Beratung - FORMAXX AG\",\"isPartOf\":{\"@id\":\"https:\\\/\\\/formaxx.de\\\/#website\"},\"primaryImageOfPage\":{\"@id\":\"https:\\\/\\\/formaxx.de\\\/immobilien-zur-altersvorsorge\\\/vorteile\\\/steuerliche-vorteile-afa\\\/#primaryimage\"},\"image\":{\"@id\":\"https:\\\/\\\/formaxx.de\\\/immobilien-zur-altersvorsorge\\\/vorteile\\\/steuerliche-vorteile-afa\\\/#primaryimage\"},\"thumbnailUrl\":\"https:\\\/\\\/formaxx.de\\\/wp-content\\\/uploads\\\/2025\\\/03\\\/immobilien-zur-altersvorsorge-beratung.jpg\",\"datePublished\":\"2023-08-08T17:39:09+00:00\",\"dateModified\":\"2026-03-05T15:02:23+00:00\",\"description\":\"FORMAXX bietet umfassende Beratung f\u00fcr eine sichere finanzielle Zukunft, mit Fokus auf Immobilieninvestments und ganzheitliche Finanzplanung.\",\"breadcrumb\":{\"@id\":\"https:\\\/\\\/formaxx.de\\\/immobilien-zur-altersvorsorge\\\/vorteile\\\/steuerliche-vorteile-afa\\\/#breadcrumb\"},\"inLanguage\":\"de\",\"potentialAction\":[{\"@type\":\"ReadAction\",\"target\":[\"https:\\\/\\\/formaxx.de\\\/immobilien-zur-altersvorsorge\\\/vorteile\\\/steuerliche-vorteile-afa\\\/\"]}]},{\"@type\":\"ImageObject\",\"inLanguage\":\"de\",\"@id\":\"https:\\\/\\\/formaxx.de\\\/immobilien-zur-altersvorsorge\\\/vorteile\\\/steuerliche-vorteile-afa\\\/#primaryimage\",\"url\":\"https:\\\/\\\/formaxx.de\\\/wp-content\\\/uploads\\\/2025\\\/03\\\/immobilien-zur-altersvorsorge-beratung.jpg\",\"contentUrl\":\"https:\\\/\\\/formaxx.de\\\/wp-content\\\/uploads\\\/2025\\\/03\\\/immobilien-zur-altersvorsorge-beratung.jpg\",\"width\":1620,\"height\":1080,\"caption\":\"Immobilien zur Altersvorsorge \u2013\u00a0unabh\u00e4ngige Finanzberatung f\u00fcr bestm\u00f6glichen Verm\u00f6gensaufbau\"},{\"@type\":\"BreadcrumbList\",\"@id\":\"https:\\\/\\\/formaxx.de\\\/immobilien-zur-altersvorsorge\\\/vorteile\\\/steuerliche-vorteile-afa\\\/#breadcrumb\",\"itemListElement\":[{\"@type\":\"ListItem\",\"position\":1,\"name\":\"Startseite\",\"item\":\"https:\\\/\\\/formaxx.de\\\/nds-de\\\/formaxx-ag\\\/\"},{\"@type\":\"ListItem\",\"position\":2,\"name\":\"Immobilien zur Altersvorsorge\",\"item\":\"https:\\\/\\\/formaxx.de\\\/nds-de\\\/immobilien-zur-altersvorsorge\\\/\"},{\"@type\":\"ListItem\",\"position\":3,\"name\":\"Vorteile\",\"item\":\"https:\\\/\\\/formaxx.de\\\/nds-de\\\/immobilien-zur-altersvorsorge\\\/vorteile\\\/\"},{\"@type\":\"ListItem\",\"position\":4,\"name\":\"Beratung\"}]},{\"@type\":\"WebSite\",\"@id\":\"https:\\\/\\\/formaxx.de\\\/#website\",\"url\":\"https:\\\/\\\/formaxx.de\\\/\",\"name\":\"FORMAXX AG\",\"description\":\"Ma\u00dfstab in Sachen Finanzberatung\",\"publisher\":{\"@id\":\"https:\\\/\\\/formaxx.de\\\/#organization\"},\"potentialAction\":[{\"@type\":\"SearchAction\",\"target\":{\"@type\":\"EntryPoint\",\"urlTemplate\":\"https:\\\/\\\/formaxx.de\\\/?s={search_term_string}\"},\"query-input\":{\"@type\":\"PropertyValueSpecification\",\"valueRequired\":true,\"valueName\":\"search_term_string\"}}],\"inLanguage\":\"de\"},{\"@type\":\"Organization\",\"@id\":\"https:\\\/\\\/formaxx.de\\\/#organization\",\"name\":\"FORMAXX AG\",\"url\":\"https:\\\/\\\/formaxx.de\\\/\",\"logo\":{\"@type\":\"ImageObject\",\"inLanguage\":\"de\",\"@id\":\"https:\\\/\\\/formaxx.de\\\/#\\\/schema\\\/logo\\\/image\\\/\",\"url\":\"https:\\\/\\\/formaxx.de\\\/wp-content\\\/uploads\\\/2020\\\/11\\\/FORMAXX-Logo.png\",\"contentUrl\":\"https:\\\/\\\/formaxx.de\\\/wp-content\\\/uploads\\\/2020\\\/11\\\/FORMAXX-Logo.png\",\"width\":1920,\"height\":242,\"caption\":\"FORMAXX AG\"},\"image\":{\"@id\":\"https:\\\/\\\/formaxx.de\\\/#\\\/schema\\\/logo\\\/image\\\/\"}}]}<\/script>\n<!-- \/ Yoast SEO plugin. -->","yoast_head_json":{"title":"Beratung - FORMAXX AG","description":"FORMAXX bietet umfassende Beratung f\u00fcr eine sichere finanzielle Zukunft, mit Fokus auf Immobilieninvestments und ganzheitliche Finanzplanung.","robots":{"index":"index","follow":"follow","max-snippet":"max-snippet:-1","max-image-preview":"max-image-preview:large","max-video-preview":"max-video-preview:-1"},"og_locale":"en_US","og_type":"article","og_title":"Beratung - FORMAXX AG","og_description":"FORMAXX bietet umfassende Beratung f\u00fcr eine sichere finanzielle Zukunft, mit Fokus auf Immobilieninvestments und ganzheitliche Finanzplanung.","og_url":"https:\/\/formaxx.de\/immobilien-zur-altersvorsorge\/vorteile\/steuerliche-vorteile-afa\/","og_site_name":"FORMAXX AG","article_modified_time":"2026-03-05T15:02:23+00:00","og_image":[{"width":1620,"height":1080,"url":"https:\/\/formaxx.de\/wp-content\/uploads\/2025\/03\/immobilien-zur-altersvorsorge-beratung.jpg","type":"image\/jpeg"}],"twitter_card":"summary_large_image","twitter_misc":{"Gesch\u00e4tzte Lesezeit":"3\u00a0Minuten"},"schema":{"@context":"https:\/\/schema.org","@graph":[{"@type":"WebPage","@id":"https:\/\/formaxx.de\/immobilien-zur-altersvorsorge\/vorteile\/steuerliche-vorteile-afa\/","url":"https:\/\/formaxx.de\/immobilien-zur-altersvorsorge\/vorteile\/steuerliche-vorteile-afa\/","name":"Beratung - FORMAXX AG","isPartOf":{"@id":"https:\/\/formaxx.de\/#website"},"primaryImageOfPage":{"@id":"https:\/\/formaxx.de\/immobilien-zur-altersvorsorge\/vorteile\/steuerliche-vorteile-afa\/#primaryimage"},"image":{"@id":"https:\/\/formaxx.de\/immobilien-zur-altersvorsorge\/vorteile\/steuerliche-vorteile-afa\/#primaryimage"},"thumbnailUrl":"https:\/\/formaxx.de\/wp-content\/uploads\/2025\/03\/immobilien-zur-altersvorsorge-beratung.jpg","datePublished":"2023-08-08T17:39:09+00:00","dateModified":"2026-03-05T15:02:23+00:00","description":"FORMAXX bietet umfassende Beratung f\u00fcr eine sichere finanzielle Zukunft, mit Fokus auf Immobilieninvestments und ganzheitliche Finanzplanung.","breadcrumb":{"@id":"https:\/\/formaxx.de\/immobilien-zur-altersvorsorge\/vorteile\/steuerliche-vorteile-afa\/#breadcrumb"},"inLanguage":"de","potentialAction":[{"@type":"ReadAction","target":["https:\/\/formaxx.de\/immobilien-zur-altersvorsorge\/vorteile\/steuerliche-vorteile-afa\/"]}]},{"@type":"ImageObject","inLanguage":"de","@id":"https:\/\/formaxx.de\/immobilien-zur-altersvorsorge\/vorteile\/steuerliche-vorteile-afa\/#primaryimage","url":"https:\/\/formaxx.de\/wp-content\/uploads\/2025\/03\/immobilien-zur-altersvorsorge-beratung.jpg","contentUrl":"https:\/\/formaxx.de\/wp-content\/uploads\/2025\/03\/immobilien-zur-altersvorsorge-beratung.jpg","width":1620,"height":1080,"caption":"Immobilien zur Altersvorsorge \u2013\u00a0unabh\u00e4ngige Finanzberatung f\u00fcr bestm\u00f6glichen Verm\u00f6gensaufbau"},{"@type":"BreadcrumbList","@id":"https:\/\/formaxx.de\/immobilien-zur-altersvorsorge\/vorteile\/steuerliche-vorteile-afa\/#breadcrumb","itemListElement":[{"@type":"ListItem","position":1,"name":"Startseite","item":"https:\/\/formaxx.de\/nds-de\/formaxx-ag\/"},{"@type":"ListItem","position":2,"name":"Immobilien zur Altersvorsorge","item":"https:\/\/formaxx.de\/nds-de\/immobilien-zur-altersvorsorge\/"},{"@type":"ListItem","position":3,"name":"Vorteile","item":"https:\/\/formaxx.de\/nds-de\/immobilien-zur-altersvorsorge\/vorteile\/"},{"@type":"ListItem","position":4,"name":"Beratung"}]},{"@type":"WebSite","@id":"https:\/\/formaxx.de\/#website","url":"https:\/\/formaxx.de\/","name":"FORMAXX AG","description":"Ma\u00dfstab in Sachen Finanzberatung","publisher":{"@id":"https:\/\/formaxx.de\/#organization"},"potentialAction":[{"@type":"SearchAction","target":{"@type":"EntryPoint","urlTemplate":"https:\/\/formaxx.de\/?s={search_term_string}"},"query-input":{"@type":"PropertyValueSpecification","valueRequired":true,"valueName":"search_term_string"}}],"inLanguage":"de"},{"@type":"Organization","@id":"https:\/\/formaxx.de\/#organization","name":"FORMAXX AG","url":"https:\/\/formaxx.de\/","logo":{"@type":"ImageObject","inLanguage":"de","@id":"https:\/\/formaxx.de\/#\/schema\/logo\/image\/","url":"https:\/\/formaxx.de\/wp-content\/uploads\/2020\/11\/FORMAXX-Logo.png","contentUrl":"https:\/\/formaxx.de\/wp-content\/uploads\/2020\/11\/FORMAXX-Logo.png","width":1920,"height":242,"caption":"FORMAXX AG"},"image":{"@id":"https:\/\/formaxx.de\/#\/schema\/logo\/image\/"}}]}},"_links":{"self":[{"href":"https:\/\/formaxx.de\/nds-de\/wp-json\/wp\/v2\/pages\/25276","targetHints":{"allow":["GET"]}}],"collection":[{"href":"https:\/\/formaxx.de\/nds-de\/wp-json\/wp\/v2\/pages"}],"about":[{"href":"https:\/\/formaxx.de\/nds-de\/wp-json\/wp\/v2\/types\/page"}],"author":[{"embeddable":true,"href":"https:\/\/formaxx.de\/nds-de\/wp-json\/wp\/v2\/users\/1"}],"replies":[{"embeddable":true,"href":"https:\/\/formaxx.de\/nds-de\/wp-json\/wp\/v2\/comments?post=25276"}],"version-history":[{"count":1,"href":"https:\/\/formaxx.de\/nds-de\/wp-json\/wp\/v2\/pages\/25276\/revisions"}],"predecessor-version":[{"id":29373,"href":"https:\/\/formaxx.de\/nds-de\/wp-json\/wp\/v2\/pages\/25276\/revisions\/29373"}],"up":[{"embeddable":true,"href":"https:\/\/formaxx.de\/nds-de\/wp-json\/wp\/v2\/pages\/25281"}],"wp:featuredmedia":[{"embeddable":true,"href":"https:\/\/formaxx.de\/nds-de\/wp-json\/wp\/v2\/media\/25080"}],"wp:attachment":[{"href":"https:\/\/formaxx.de\/nds-de\/wp-json\/wp\/v2\/media?parent=25276"}],"wp:term":[{"taxonomy":"folder","embeddable":true,"href":"https:\/\/formaxx.de\/nds-de\/wp-json\/wp\/v2\/folder?post=25276"}],"curies":[{"name":"wp","href":"https:\/\/api.w.org\/{rel}","templated":true}]}}