{"id":25242,"date":"2021-08-30T18:06:48","date_gmt":"2021-08-30T16:06:48","guid":{"rendered":"https:\/\/formaxx.de\/leistungen\/services\/vollmachten-verfuegungen\/"},"modified":"2021-08-30T18:06:48","modified_gmt":"2021-08-30T16:06:48","slug":"vollmachten-verfuegungen","status":"publish","type":"page","link":"https:\/\/formaxx.de\/nds-de\/leistungen\/services\/vollmachten-verfuegungen\/","title":{"rendered":"Vollmachten &amp; Verf\u00fcgungen"},"content":{"rendered":"\t\t<div data-elementor-type=\"wp-page\" data-elementor-id=\"25242\" class=\"elementor elementor-25242\" data-elementor-post-type=\"page\">\n\t\t\t\t<div class=\"elementor-element elementor-element-8b7348e e-flex e-con-boxed e-con e-parent\" data-id=\"8b7348e\" data-element_type=\"container\" data-e-type=\"container\">\n\t\t\t\t\t<div class=\"e-con-inner\">\n\t\t\t\t<div class=\"elementor-element elementor-element-d17e7f7 elementor-widget elementor-widget-text-editor\" data-id=\"d17e7f7\" data-element_type=\"widget\" data-e-type=\"widget\" data-widget_type=\"text-editor.default\">\n\t\t\t\t<div class=\"elementor-widget-container\">\n\t\t\t\t\t\t\t\t\t<h2>Ihr Service von der FORMAXX AG &ndash; Vollmachten, Verf&uuml;gungen und Testamente<\/h2><h3>Erstellen Sie rechtsverbindliche Dokumente zu Ihrem Schutz.<\/h3><p>Mit der Vollj&auml;hrigkeit sind wir juristisch eigenst&auml;ndige Personen. Eltern d&uuml;rfen nicht mehr f&uuml;r uns entscheiden und handeln, wenn wir zeitweise oder dauerhaft nicht einwilligungsf&auml;hig sind.&nbsp;Selbst Ehepartner sind nicht automatisch dazu berechtigt.<\/p>\t\t\t\t\t\t\t\t<\/div>\n\t\t\t\t<\/div>\n\t\t\t\t<div class=\"elementor-element elementor-element-a4ce258 balken-beige-breit elementor-widget elementor-widget-text-editor\" data-id=\"a4ce258\" data-element_type=\"widget\" data-e-type=\"widget\" data-widget_type=\"text-editor.default\">\n\t\t\t\t<div class=\"elementor-widget-container\">\n\t\t\t\t\t\t\t\t\t<h4 style=\"text-align: right;\"><mark>G&uuml;ltige Rechtsgesch&auml;fte f&uuml;r vollj&auml;hrige Personen d&uuml;rfen gem. &sect;&sect; 164 ff. BGB sowie &sect;&sect; 662 ff. BGB nur dann andere Personen durchf&uuml;hren, wenn daf&uuml;r eine g&uuml;ltige Vollmacht vorhanden ist. Ehepartner, Verwandte und Familienangeh&ouml;rige sind nicht zur automatischen Vertretung berechtigt.<\/mark><\/h4>\t\t\t\t\t\t\t\t<\/div>\n\t\t\t\t<\/div>\n\t\t\t\t<div class=\"elementor-element elementor-element-324d167 elementor-widget elementor-widget-text-editor\" data-id=\"324d167\" data-element_type=\"widget\" data-e-type=\"widget\" data-widget_type=\"text-editor.default\">\n\t\t\t\t<div class=\"elementor-widget-container\">\n\t\t\t\t\t\t\t\t\t<p>Relevante Situationen, in denen wir unsere Angelegenheiten nicht selbst regeln k&ouml;nnen, passieren schnell durch Unfall oder Krankheit. Ohne <strong>Vollmachten<\/strong> entscheiden und handeln unter Umst&auml;nden Fremde f&uuml;r uns &ndash; zum Beispiel in den Bereichen Gesundheit, Finanzen, Beh&ouml;rden, Post und bei Selbstst&auml;ndigen sogar im Gesch&auml;ft. Denn rechtlich wirksam handeln kann nur jemand f&uuml;r Sie, den Sie auch bevollm&auml;chtigt haben. Falls keine <strong>Vorsorgevollmacht<\/strong> vorliegt, muss das Betreuungsgericht f&uuml;r einen hilflos gewordenen Menschen einen Betreuer einsetzen. Daf&uuml;r sucht das Gericht zwar in der Regel einen Familienangeh&ouml;rigen aus, aber ein gerichtliches Verfahren mit Anh&ouml;rung und &auml;rztlichem oder psychiatrischem Gutachten erfolgt allemal. Mit einer vorliegenden Vorsorgevollmacht ersparen Sie sich das aufwendige staatliche Verfahren und das zust&auml;ndige Gericht darf keinen Betreuer bestellen.<\/p>\t\t\t\t\t\t\t\t<\/div>\n\t\t\t\t<\/div>\n\t\t\t\t<div class=\"elementor-element elementor-element-3fcb70e balken-beige-breit elementor-widget elementor-widget-text-editor\" data-id=\"3fcb70e\" data-element_type=\"widget\" data-e-type=\"widget\" data-widget_type=\"text-editor.default\">\n\t\t\t\t<div class=\"elementor-widget-container\">\n\t\t\t\t\t\t\t\t\t<h4 style=\"text-align: right;\"><mark>Die Betreuung ist nicht erforderlich, soweit die Angelegenheiten des Vollj&auml;hrigen durch einen Bevollm&auml;chtigten besorgt werden k&ouml;nnen. (BGB, &sect; 1896 Abs. 2, Satz 2 BGB)<\/mark><\/h4>\t\t\t\t\t\t\t\t<\/div>\n\t\t\t\t<\/div>\n\t\t\t\t<div class=\"elementor-element elementor-element-1b6bb41 elementor-widget elementor-widget-text-editor\" data-id=\"1b6bb41\" data-element_type=\"widget\" data-e-type=\"widget\" data-widget_type=\"text-editor.default\">\n\t\t\t\t<div class=\"elementor-widget-container\">\n\t\t\t\t\t\t\t\t\t<p>Besonders wichtig sind Entscheidungen im medizinischen Bereich. Aus diesem Grund wird &uuml;ber die Vorsorgevollmacht hinaus eine <strong>Patientenverf&uuml;gung<\/strong> ben&ouml;tigt. Mit dieser k&ouml;nnen Sie verf&uuml;gen, welche medizinischen Ma&szlig;nahmen Sie im Fall unheilbarer Krankheit w&uuml;nschen. Eine solche Verf&uuml;gung richtet sich immer an den behandelnden Arzt sowie an eine Person, die Ihre W&uuml;nsche in Bezug auf die &auml;rztliche Behandlung durchsetzen soll.<\/p><h4>Das Fazit:<\/h4><p>Juristen empfehlen Personen ab 18 Jahren, eine Gesamtvollmacht mit Patientenverf&uuml;gung, Betreuungsverf&uuml;gung und Vorsorgevollmacht fertigen zu lassen. Sind Sie selbstst&auml;ndig oder freiberuflich t&auml;tig, sollte als wichtiger Baustein zus&auml;tzlich eine Unternehmervollmacht integriert sein.<\/p><p>Die FORMAXX bietet hierf&uuml;r eine kosteng&uuml;nstige und ganzheitliche L&ouml;sung aus einer spezialisierten Hand:<br>Wir bringen Mandant und Anwalt zusammen. Unser Kooperationspartner beauftragt f&uuml;r Sie Rechtsanwaltskanzleien mit der Erstellung Ihrer Patienten- und Betreuungsverf&uuml;gungen, Vorsorgevollmachten, Unternehmervollmachten und Sorgerechtsverf&uuml;gungen.<\/p><h4>Das Ergebnis:<\/h4><p>Von Rechtsanw&auml;lten erstellte und gepr&uuml;fte, verbindliche Vollmachten nach Ihren pers&ouml;nlichen Vorstellungen.&nbsp;Sprechen Sie uns an &ndash; wir informieren Sie gerne und kostenfrei &uuml;ber die M&ouml;glichkeiten &ndash; auch online.&nbsp;&Uuml;ber einen Link zum Vollmachten-Portal erhalten Sie im Anschluss an unser Gespr&auml;ch einen Zugang zu allen relevanten Informationen und Fragestellungen.<\/p><h4>Nehmen Sie Kontakt mit unseren Vollmacht- und Verf&uuml;gungsspezialisten auf!<\/h4>\t\t\t\t\t\t\t\t<\/div>\n\t\t\t\t<\/div>\n\t\t\t\t<div class=\"elementor-element elementor-element-7bdc2d3 elementor-widget elementor-widget-button\" data-id=\"7bdc2d3\" data-element_type=\"widget\" data-e-type=\"widget\" data-widget_type=\"button.default\">\n\t\t\t\t<div class=\"elementor-widget-container\">\n\t\t\t\t\t\t\t\t\t<div class=\"elementor-button-wrapper\">\n\t\t\t\t\t<a class=\"elementor-button elementor-button-link elementor-size-sm\" href=\"https:\/\/formaxx.de\/ueber-formaxx\/kontakt\/\">\n\t\t\t\t\t\t<span class=\"elementor-button-content-wrapper\">\n\t\t\t\t\t\t\t\t\t<span class=\"elementor-button-text\">jetzt Kontakt aufnehmen<\/span>\n\t\t\t\t\t<\/span>\n\t\t\t\t\t<\/a>\n\t\t\t\t<\/div>\n\t\t\t\t\t\t\t\t<\/div>\n\t\t\t\t<\/div>\n\t\t\t\t\t<\/div>\n\t\t\t\t<\/div>\n\t\t\t\t<\/div>\n\t\t","protected":false},"excerpt":{"rendered":"<p>Ihr Service von der FORMAXX AG \u2013 Vollmachten, Verf\u00fcgungen und Testamente Wir erstellen f\u00fcr Sie rechtsg\u00fcltige Dokumente, damit Sie gut gesch\u00fctzt sind. Ab dem Moment, in dem Sie vollj\u00e4hrig sind, sind Sie rechtlich selbst verantwortlich. Eltern d\u00fcrfen dann nicht mehr f\u00fcr Sie entscheiden oder handeln, wenn Sie vor\u00fcbergehend oder dauerhaft nicht in der Lage sind, [&hellip;]<\/p>\n","protected":false},"author":1,"featured_media":24539,"parent":25124,"menu_order":0,"comment_status":"closed","ping_status":"closed","template":"","meta":{"_acf_changed":false,"footnotes":""},"folder":[207],"class_list":["post-25242","page","type-page","status-publish","has-post-thumbnail","hentry"],"acf":[],"yoast_head":"<!-- This site is optimized with the Yoast SEO plugin v27.5 - https:\/\/yoast.com\/product\/yoast-seo-wordpress\/ -->\n<title>Vollmachten &amp; Verf\u00fcgungen - FORMAXX AG<\/title>\n<meta name=\"description\" content=\"FORMAXX unterst\u00fctzt Sie bei der Erstellung rechtsverbindlicher Vollmachten, Verf\u00fcgungen und Testamente, angepasst an Ihre Bed\u00fcrfnisse.\" \/>\n<meta name=\"robots\" content=\"index, follow, max-snippet:-1, max-image-preview:large, max-video-preview:-1\" \/>\n<meta property=\"og:locale\" content=\"en_US\" \/>\n<meta property=\"og:type\" content=\"article\" \/>\n<meta property=\"og:title\" content=\"Vollmachten &amp; Verf\u00fcgungen - FORMAXX AG\" \/>\n<meta property=\"og:description\" content=\"FORMAXX unterst\u00fctzt Sie bei der Erstellung rechtsverbindlicher Vollmachten, Verf\u00fcgungen und Testamente, angepasst an Ihre Bed\u00fcrfnisse.\" \/>\n<meta property=\"og:url\" content=\"https:\/\/formaxx.de\/nds-de\/leistungen\/services\/vollmachten-verfuegungen\/\" \/>\n<meta property=\"og:site_name\" content=\"FORMAXX AG\" \/>\n<meta property=\"og:image\" content=\"https:\/\/formaxx.de\/wp-content\/uploads\/2021\/08\/leistungen-services-vollmacht-header.jpg\" \/>\n\t<meta property=\"og:image:width\" content=\"1920\" \/>\n\t<meta property=\"og:image:height\" content=\"823\" \/>\n\t<meta property=\"og:image:type\" content=\"image\/jpeg\" \/>\n<meta name=\"twitter:card\" content=\"summary_large_image\" \/>\n<meta name=\"twitter:label1\" content=\"Gesch\u00e4tzte Lesezeit\" \/>\n\t<meta name=\"twitter:data1\" content=\"2\u00a0Minuten\" \/>\n<script type=\"application\/ld+json\" class=\"yoast-schema-graph\">{\"@context\":\"https:\\\/\\\/schema.org\",\"@graph\":[{\"@type\":\"WebPage\",\"@id\":\"https:\\\/\\\/formaxx.de\\\/nds-de\\\/leistungen\\\/services\\\/vollmachten-verfuegungen\\\/\",\"url\":\"https:\\\/\\\/formaxx.de\\\/nds-de\\\/leistungen\\\/services\\\/vollmachten-verfuegungen\\\/\",\"name\":\"Vollmachten &amp; Verf\u00fcgungen - FORMAXX AG\",\"isPartOf\":{\"@id\":\"https:\\\/\\\/formaxx.de\\\/#website\"},\"primaryImageOfPage\":{\"@id\":\"https:\\\/\\\/formaxx.de\\\/nds-de\\\/leistungen\\\/services\\\/vollmachten-verfuegungen\\\/#primaryimage\"},\"image\":{\"@id\":\"https:\\\/\\\/formaxx.de\\\/nds-de\\\/leistungen\\\/services\\\/vollmachten-verfuegungen\\\/#primaryimage\"},\"thumbnailUrl\":\"https:\\\/\\\/formaxx.de\\\/wp-content\\\/uploads\\\/2021\\\/08\\\/leistungen-services-vollmacht-header.jpg\",\"datePublished\":\"2021-08-30T16:06:48+00:00\",\"description\":\"FORMAXX unterst\u00fctzt Sie bei der Erstellung rechtsverbindlicher Vollmachten, Verf\u00fcgungen und Testamente, angepasst an Ihre Bed\u00fcrfnisse.\",\"breadcrumb\":{\"@id\":\"https:\\\/\\\/formaxx.de\\\/nds-de\\\/leistungen\\\/services\\\/vollmachten-verfuegungen\\\/#breadcrumb\"},\"inLanguage\":\"de\",\"potentialAction\":[{\"@type\":\"ReadAction\",\"target\":[\"https:\\\/\\\/formaxx.de\\\/nds-de\\\/leistungen\\\/services\\\/vollmachten-verfuegungen\\\/\"]}]},{\"@type\":\"ImageObject\",\"inLanguage\":\"de\",\"@id\":\"https:\\\/\\\/formaxx.de\\\/nds-de\\\/leistungen\\\/services\\\/vollmachten-verfuegungen\\\/#primaryimage\",\"url\":\"https:\\\/\\\/formaxx.de\\\/wp-content\\\/uploads\\\/2021\\\/08\\\/leistungen-services-vollmacht-header.jpg\",\"contentUrl\":\"https:\\\/\\\/formaxx.de\\\/wp-content\\\/uploads\\\/2021\\\/08\\\/leistungen-services-vollmacht-header.jpg\",\"width\":1920,\"height\":823,\"caption\":\"Wir k\u00fcmmern uns um Vollmachten\"},{\"@type\":\"BreadcrumbList\",\"@id\":\"https:\\\/\\\/formaxx.de\\\/nds-de\\\/leistungen\\\/services\\\/vollmachten-verfuegungen\\\/#breadcrumb\",\"itemListElement\":[{\"@type\":\"ListItem\",\"position\":1,\"name\":\"Startseite\",\"item\":\"https:\\\/\\\/formaxx.de\\\/nds-de\\\/formaxx-ag\\\/\"},{\"@type\":\"ListItem\",\"position\":2,\"name\":\"Leistungen\",\"item\":\"https:\\\/\\\/formaxx.de\\\/nds-de\\\/leistungen\\\/\"},{\"@type\":\"ListItem\",\"position\":3,\"name\":\"Services\",\"item\":\"https:\\\/\\\/formaxx.de\\\/nds-de\\\/leistungen\\\/services\\\/\"},{\"@type\":\"ListItem\",\"position\":4,\"name\":\"Vollmachten &amp; Verf\u00fcgungen\"}]},{\"@type\":\"WebSite\",\"@id\":\"https:\\\/\\\/formaxx.de\\\/#website\",\"url\":\"https:\\\/\\\/formaxx.de\\\/\",\"name\":\"FORMAXX AG\",\"description\":\"Ma\u00dfstab in Sachen Finanzberatung\",\"publisher\":{\"@id\":\"https:\\\/\\\/formaxx.de\\\/#organization\"},\"potentialAction\":[{\"@type\":\"SearchAction\",\"target\":{\"@type\":\"EntryPoint\",\"urlTemplate\":\"https:\\\/\\\/formaxx.de\\\/?s={search_term_string}\"},\"query-input\":{\"@type\":\"PropertyValueSpecification\",\"valueRequired\":true,\"valueName\":\"search_term_string\"}}],\"inLanguage\":\"de\"},{\"@type\":\"Organization\",\"@id\":\"https:\\\/\\\/formaxx.de\\\/#organization\",\"name\":\"FORMAXX AG\",\"url\":\"https:\\\/\\\/formaxx.de\\\/\",\"logo\":{\"@type\":\"ImageObject\",\"inLanguage\":\"de\",\"@id\":\"https:\\\/\\\/formaxx.de\\\/#\\\/schema\\\/logo\\\/image\\\/\",\"url\":\"https:\\\/\\\/formaxx.de\\\/wp-content\\\/uploads\\\/2020\\\/11\\\/FORMAXX-Logo.png\",\"contentUrl\":\"https:\\\/\\\/formaxx.de\\\/wp-content\\\/uploads\\\/2020\\\/11\\\/FORMAXX-Logo.png\",\"width\":1920,\"height\":242,\"caption\":\"FORMAXX AG\"},\"image\":{\"@id\":\"https:\\\/\\\/formaxx.de\\\/#\\\/schema\\\/logo\\\/image\\\/\"}}]}<\/script>\n<!-- \/ Yoast SEO plugin. -->","yoast_head_json":{"title":"Vollmachten &amp; Verf\u00fcgungen - FORMAXX AG","description":"FORMAXX unterst\u00fctzt Sie bei der Erstellung rechtsverbindlicher Vollmachten, Verf\u00fcgungen und Testamente, angepasst an Ihre Bed\u00fcrfnisse.","robots":{"index":"index","follow":"follow","max-snippet":"max-snippet:-1","max-image-preview":"max-image-preview:large","max-video-preview":"max-video-preview:-1"},"og_locale":"en_US","og_type":"article","og_title":"Vollmachten &amp; Verf\u00fcgungen - FORMAXX AG","og_description":"FORMAXX unterst\u00fctzt Sie bei der Erstellung rechtsverbindlicher Vollmachten, Verf\u00fcgungen und Testamente, angepasst an Ihre Bed\u00fcrfnisse.","og_url":"https:\/\/formaxx.de\/nds-de\/leistungen\/services\/vollmachten-verfuegungen\/","og_site_name":"FORMAXX AG","og_image":[{"width":1920,"height":823,"url":"https:\/\/formaxx.de\/wp-content\/uploads\/2021\/08\/leistungen-services-vollmacht-header.jpg","type":"image\/jpeg"}],"twitter_card":"summary_large_image","twitter_misc":{"Gesch\u00e4tzte Lesezeit":"2\u00a0Minuten"},"schema":{"@context":"https:\/\/schema.org","@graph":[{"@type":"WebPage","@id":"https:\/\/formaxx.de\/nds-de\/leistungen\/services\/vollmachten-verfuegungen\/","url":"https:\/\/formaxx.de\/nds-de\/leistungen\/services\/vollmachten-verfuegungen\/","name":"Vollmachten &amp; Verf\u00fcgungen - FORMAXX AG","isPartOf":{"@id":"https:\/\/formaxx.de\/#website"},"primaryImageOfPage":{"@id":"https:\/\/formaxx.de\/nds-de\/leistungen\/services\/vollmachten-verfuegungen\/#primaryimage"},"image":{"@id":"https:\/\/formaxx.de\/nds-de\/leistungen\/services\/vollmachten-verfuegungen\/#primaryimage"},"thumbnailUrl":"https:\/\/formaxx.de\/wp-content\/uploads\/2021\/08\/leistungen-services-vollmacht-header.jpg","datePublished":"2021-08-30T16:06:48+00:00","description":"FORMAXX unterst\u00fctzt Sie bei der Erstellung rechtsverbindlicher Vollmachten, Verf\u00fcgungen und Testamente, angepasst an Ihre Bed\u00fcrfnisse.","breadcrumb":{"@id":"https:\/\/formaxx.de\/nds-de\/leistungen\/services\/vollmachten-verfuegungen\/#breadcrumb"},"inLanguage":"de","potentialAction":[{"@type":"ReadAction","target":["https:\/\/formaxx.de\/nds-de\/leistungen\/services\/vollmachten-verfuegungen\/"]}]},{"@type":"ImageObject","inLanguage":"de","@id":"https:\/\/formaxx.de\/nds-de\/leistungen\/services\/vollmachten-verfuegungen\/#primaryimage","url":"https:\/\/formaxx.de\/wp-content\/uploads\/2021\/08\/leistungen-services-vollmacht-header.jpg","contentUrl":"https:\/\/formaxx.de\/wp-content\/uploads\/2021\/08\/leistungen-services-vollmacht-header.jpg","width":1920,"height":823,"caption":"Wir k\u00fcmmern uns um Vollmachten"},{"@type":"BreadcrumbList","@id":"https:\/\/formaxx.de\/nds-de\/leistungen\/services\/vollmachten-verfuegungen\/#breadcrumb","itemListElement":[{"@type":"ListItem","position":1,"name":"Startseite","item":"https:\/\/formaxx.de\/nds-de\/formaxx-ag\/"},{"@type":"ListItem","position":2,"name":"Leistungen","item":"https:\/\/formaxx.de\/nds-de\/leistungen\/"},{"@type":"ListItem","position":3,"name":"Services","item":"https:\/\/formaxx.de\/nds-de\/leistungen\/services\/"},{"@type":"ListItem","position":4,"name":"Vollmachten &amp; Verf\u00fcgungen"}]},{"@type":"WebSite","@id":"https:\/\/formaxx.de\/#website","url":"https:\/\/formaxx.de\/","name":"FORMAXX AG","description":"Ma\u00dfstab in Sachen Finanzberatung","publisher":{"@id":"https:\/\/formaxx.de\/#organization"},"potentialAction":[{"@type":"SearchAction","target":{"@type":"EntryPoint","urlTemplate":"https:\/\/formaxx.de\/?s={search_term_string}"},"query-input":{"@type":"PropertyValueSpecification","valueRequired":true,"valueName":"search_term_string"}}],"inLanguage":"de"},{"@type":"Organization","@id":"https:\/\/formaxx.de\/#organization","name":"FORMAXX AG","url":"https:\/\/formaxx.de\/","logo":{"@type":"ImageObject","inLanguage":"de","@id":"https:\/\/formaxx.de\/#\/schema\/logo\/image\/","url":"https:\/\/formaxx.de\/wp-content\/uploads\/2020\/11\/FORMAXX-Logo.png","contentUrl":"https:\/\/formaxx.de\/wp-content\/uploads\/2020\/11\/FORMAXX-Logo.png","width":1920,"height":242,"caption":"FORMAXX AG"},"image":{"@id":"https:\/\/formaxx.de\/#\/schema\/logo\/image\/"}}]}},"_links":{"self":[{"href":"https:\/\/formaxx.de\/nds-de\/wp-json\/wp\/v2\/pages\/25242","targetHints":{"allow":["GET"]}}],"collection":[{"href":"https:\/\/formaxx.de\/nds-de\/wp-json\/wp\/v2\/pages"}],"about":[{"href":"https:\/\/formaxx.de\/nds-de\/wp-json\/wp\/v2\/types\/page"}],"author":[{"embeddable":true,"href":"https:\/\/formaxx.de\/nds-de\/wp-json\/wp\/v2\/users\/1"}],"replies":[{"embeddable":true,"href":"https:\/\/formaxx.de\/nds-de\/wp-json\/wp\/v2\/comments?post=25242"}],"version-history":[{"count":0,"href":"https:\/\/formaxx.de\/nds-de\/wp-json\/wp\/v2\/pages\/25242\/revisions"}],"up":[{"embeddable":true,"href":"https:\/\/formaxx.de\/nds-de\/wp-json\/wp\/v2\/pages\/25124"}],"wp:featuredmedia":[{"embeddable":true,"href":"https:\/\/formaxx.de\/nds-de\/wp-json\/wp\/v2\/media\/24539"}],"wp:attachment":[{"href":"https:\/\/formaxx.de\/nds-de\/wp-json\/wp\/v2\/media?parent=25242"}],"wp:term":[{"taxonomy":"folder","embeddable":true,"href":"https:\/\/formaxx.de\/nds-de\/wp-json\/wp\/v2\/folder?post=25242"}],"curies":[{"name":"wp","href":"https:\/\/api.w.org\/{rel}","templated":true}]}}