{"id":25241,"date":"2021-08-30T12:20:03","date_gmt":"2021-08-30T10:20:03","guid":{"rendered":"https:\/\/formaxx.de\/leistungen\/verbraucherschutz\/"},"modified":"2021-08-30T12:20:03","modified_gmt":"2021-08-30T10:20:03","slug":"verbraucherschutz","status":"publish","type":"page","link":"https:\/\/formaxx.de\/nds-de\/leistungen\/verbraucherschutz\/","title":{"rendered":"Verbraucherschutz"},"content":{"rendered":"\t\t<div data-elementor-type=\"wp-page\" data-elementor-id=\"25241\" class=\"elementor elementor-25241\" data-elementor-post-type=\"page\">\n\t\t\t\t<div class=\"elementor-element elementor-element-581b59c e-flex e-con-boxed e-con e-parent\" data-id=\"581b59c\" data-element_type=\"container\" data-e-type=\"container\">\n\t\t\t\t\t<div class=\"e-con-inner\">\n\t\t\t\t<div class=\"elementor-element elementor-element-9e09071 elementor-widget elementor-widget-text-editor\" data-id=\"9e09071\" data-element_type=\"widget\" data-e-type=\"widget\" data-widget_type=\"text-editor.default\">\n\t\t\t\t<div class=\"elementor-widget-container\">\n\t\t\t\t\t\t\t\t\t<h2>Verbraucherschutz bei FORMAXX<\/h2><h3>Unabh&auml;ngigkeit und Transparenz sichern Ihre Vorteile.<\/h3><p>In einer Studie im Auftrag des Bundesministeriums f&uuml;r Ern&auml;hrung, Landwirtschaft und Verbraucherschutz werden die Verm&ouml;genssch&auml;den auf Grund mangelhafter Finanzberatung auf j&auml;hrlich 20-30 Mrd. EUR gesch&auml;tzt. Beim Verbraucher entstehen demnach erhebliche finanzielle Nachteile.<\/p><p>Durch die Gr&uuml;ndungsidee der FORMAXX AG wurde ein Ver&auml;nderungsprozess in der deutschen Finanzlandschaft eingeleitet. Ein Umdenken setzte ein, Qualit&auml;t in der Beratung durch Qualifikation der Beratenden wurde zur Priorit&auml;t und die Idee der ganzheitlichen Analyse auf Basis einer DIN-Norm wurde konsequent umgesetzt. Inzwischen setzt sich zus&auml;tzlich die Produktselektion unter Ber&uuml;cksichtigung der Verbraucherschutzanforderungen sukzessive durch. Private Haushalte k&ouml;nnen durch diese Vorgehensweise meist sehr zeitnah erhebliche finanzielle Vorteile erzielen und Sicherheit gewinnen.<\/p>\t\t\t\t\t\t\t\t<\/div>\n\t\t\t\t<\/div>\n\t\t\t\t<div class=\"elementor-element elementor-element-ba19315 elementor-widget elementor-widget-text-editor\" data-id=\"ba19315\" data-element_type=\"widget\" data-e-type=\"widget\" data-widget_type=\"text-editor.default\">\n\t\t\t\t<div class=\"elementor-widget-container\">\n\t\t\t\t\t\t\t\t\t<h4>Verbraucherschutz ist in der FORMAXX-DNA fest verankert und das Herzst&uuml;ck unserer Idee.<\/h4><p>Durch unser Beratungsprinzip <strong>SICHER SEIN<\/strong> setzen wir den Ma&szlig;stab in der Finanzberatung. Wir etablieren ein Qualit&auml;tskonzept im Markt, mit dem unsere Berater ganzheitlich, lebensbegleitend und verantwortungsvoll unsere Kunden bestm&ouml;glich im Sinne des Verbraucherschutzes beraten.<\/p>\t\t\t\t\t\t\t\t<\/div>\n\t\t\t\t<\/div>\n\t\t\t\t<div class=\"elementor-element elementor-element-91b1444 elementor-widget elementor-widget-heading\" data-id=\"91b1444\" data-element_type=\"widget\" data-e-type=\"widget\" data-widget_type=\"heading.default\">\n\t\t\t\t<div class=\"elementor-widget-container\">\n\t\t\t\t\t<h4 class=\"elementor-heading-title elementor-size-default\">Durch unsere &bdquo;Drei Verfahren&ldquo; entsteht in der Beratung ein nachhaltiger Mehrwert.<\/h4>\t\t\t\t<\/div>\n\t\t\t\t<\/div>\n\t\t\t\t<div class=\"elementor-element elementor-element-4afa651 elementor-widget__width-initial elementor-widget-mobile__width-inherit elementor-widget elementor-widget-text-editor\" data-id=\"4afa651\" data-element_type=\"widget\" data-e-type=\"widget\" data-widget_type=\"text-editor.default\">\n\t\t\t\t<div class=\"elementor-widget-container\">\n\t\t\t\t\t\t\t\t\t<ol><li>Die Analyse auf Basis der <strong>DIN 77230<\/strong> sorgt im ersten Schritt f&uuml;r einen ganzheitlichen &Uuml;berblick und eine transparente Darstellung des Status Quo im privaten Haushalt. Das Ergebnis: Ein klarer &Uuml;berblick zu der Frage, in welchen Bereichen der Haushalt bereits gut aufgestellt ist und an welchen Stellen eine M&ouml;glichkeit zur Optimierung besteht. Die Bereiche Vorsorge, Absicherung und Verm&ouml;gensaufbau werden betrachtet und bei Bedarf optimiert.<\/li><li>Bei der Auswahl von L&ouml;sungskonzepten ber&uuml;cksichtigen wir den Verbraucherschutz. Unsere <strong>Gold-Silber-Bronze-Logik<\/strong> gibt Sicherheit und pr&uuml;ft das &bdquo;Kleingedruckte&ldquo;.<\/li><li>Die <strong>Best-in-Class-Empfehlungen<\/strong> im Bereich der Geldanlage sorgen f&uuml;r die richtige Auswahl der L&ouml;sungen am gesamten Markt, sch&uuml;tzen so vor Verlusten durch Inflation und sichern zus&auml;tzlich Ertragschancen in Zeiten von Niedrigzinspolitik.<\/li><\/ol>\t\t\t\t\t\t\t\t<\/div>\n\t\t\t\t<\/div>\n\t\t\t\t<div class=\"elementor-element elementor-element-a07836e elementor-widget__width-initial elementor-widget-mobile__width-inherit elementor-widget elementor-widget-image\" data-id=\"a07836e\" data-element_type=\"widget\" data-e-type=\"widget\" data-widget_type=\"image.default\">\n\t\t\t\t<div class=\"elementor-widget-container\">\n\t\t\t\t\t\t\t\t\t\t\t\t\t\t\t<img fetchpriority=\"high\" decoding=\"async\" width=\"720\" height=\"195\" src=\"https:\/\/formaxx.de\/wp-content\/uploads\/2021\/08\/geprueft.jpg\" class=\"attachment-large size-large wp-image-6988\" alt=\"Verbraucherschutz: Gepr&uuml;ft Siegel\" srcset=\"https:\/\/formaxx.de\/wp-content\/uploads\/2021\/08\/geprueft.jpg 720w, https:\/\/formaxx.de\/wp-content\/uploads\/2021\/08\/geprueft-300x81.jpg 300w\" sizes=\"(max-width: 720px) 100vw, 720px\">\t\t\t\t\t\t\t\t\t\t\t\t\t\t\t<\/div>\n\t\t\t\t<\/div>\n\t\t\t\t<div class=\"elementor-element elementor-element-7273609 elementor-widget elementor-widget-text-editor\" data-id=\"7273609\" data-element_type=\"widget\" data-e-type=\"widget\" data-widget_type=\"text-editor.default\">\n\t\t\t\t<div class=\"elementor-widget-container\">\n\t\t\t\t\t\t\t\t\t<p>Immer mehr Bundesb&uuml;rger nutzen diese sinnvolle Logik und profitieren von echter Unabh&auml;ngigkeit und den Vorteilen aus diesen drei Verfahren. Sie werden nie wieder auf die Qualit&auml;t der Empfehlungen und die dazugeh&ouml;rigen Services verzichten wollen.<\/p><p>Testen Sie uns!<\/p><p><strong>FORMAXX AG<\/strong><br><strong>Messbare Qualit&auml;t f&uuml;r die finanzielle Lebensplanung unserer Kunden. <\/strong><\/p><p><strong>Wir machen es!<\/strong><\/p>\t\t\t\t\t\t\t\t<\/div>\n\t\t\t\t<\/div>\n\t\t\t\t<div class=\"elementor-element elementor-element-1f9cc42 gallery-spacing-custom elementor-widget elementor-widget-image-gallery\" data-id=\"1f9cc42\" data-element_type=\"widget\" data-e-type=\"widget\" data-widget_type=\"image-gallery.default\">\n\t\t\t\t<div class=\"elementor-widget-container\">\n\t\t\t\t\t\t\t<div class=\"elementor-image-gallery\">\n\t\t\t<div id=\"gallery-1\" class=\"gallery galleryid-25241 gallery-columns-4 gallery-size-full\"><figure class=\"gallery-item\">\n\t\t\t<div class=\"gallery-icon landscape\">\n\t\t\t\t<a data-elementor-open-lightbox=\"no\" href=\"https:\/\/formaxx.de\/wp-content\/uploads\/2021\/08\/FX-BronzeSilberGold-32.jpg\"><img width=\"1619\" height=\"1080\" src=\"https:\/\/formaxx.de\/wp-content\/uploads\/2021\/08\/FX-BronzeSilberGold-32.jpg\" class=\"attachment-full size-full\" alt=\"FORMAXX Gold Silber Bronze\" decoding=\"async\" srcset=\"https:\/\/formaxx.de\/wp-content\/uploads\/2021\/08\/FX-BronzeSilberGold-32.jpg 1619w, https:\/\/formaxx.de\/wp-content\/uploads\/2021\/08\/FX-BronzeSilberGold-32-300x200.jpg 300w, https:\/\/formaxx.de\/wp-content\/uploads\/2021\/08\/FX-BronzeSilberGold-32-1024x683.jpg 1024w, https:\/\/formaxx.de\/wp-content\/uploads\/2021\/08\/FX-BronzeSilberGold-32-768x512.jpg 768w, https:\/\/formaxx.de\/wp-content\/uploads\/2021\/08\/FX-BronzeSilberGold-32-1536x1025.jpg 1536w\" sizes=\"(max-width: 1619px) 100vw, 1619px\"><\/a>\n\t\t\t<\/div><\/figure><figure class=\"gallery-item\">\n\t\t\t<div class=\"gallery-icon landscape\">\n\t\t\t\t<a data-elementor-open-lightbox=\"no\" href=\"https:\/\/formaxx.de\/wp-content\/uploads\/2021\/09\/Kundenliebling-Gold-2023.jpg\"><img width=\"1080\" height=\"720\" src=\"https:\/\/formaxx.de\/wp-content\/uploads\/2021\/09\/Kundenliebling-Gold-2023.jpg\" class=\"attachment-full size-full\" alt=\"Focus Money: Kundenliebling 2023 Pr&auml;dikat Gold\" decoding=\"async\"><\/a>\n\t\t\t<\/div><\/figure><figure class=\"gallery-item\">\n\t\t\t<div class=\"gallery-icon landscape\">\n\t\t\t\t<a data-elementor-open-lightbox=\"no\" href=\"https:\/\/formaxx.de\/wp-content\/uploads\/2021\/09\/defino-77230-garantiert.jpg\"><img loading=\"lazy\" width=\"1080\" height=\"720\" src=\"https:\/\/formaxx.de\/wp-content\/uploads\/2021\/09\/defino-77230-garantiert.jpg\" class=\"attachment-full size-full\" alt=\"DEFINO bei uns garantiert Finanzanalyse DIN-77230\" decoding=\"async\" srcset=\"https:\/\/formaxx.de\/wp-content\/uploads\/2021\/09\/defino-77230-garantiert.jpg 1080w, https:\/\/formaxx.de\/wp-content\/uploads\/2021\/09\/defino-77230-garantiert-300x200.jpg 300w, https:\/\/formaxx.de\/wp-content\/uploads\/2021\/09\/defino-77230-garantiert-1024x683.jpg 1024w, https:\/\/formaxx.de\/wp-content\/uploads\/2021\/09\/defino-77230-garantiert-768x512.jpg 768w\" sizes=\"(max-width: 1080px) 100vw, 1080px\"><\/a>\n\t\t\t<\/div><\/figure><figure class=\"gallery-item\">\n\t\t\t<div class=\"gallery-icon landscape\">\n\t\t\t\t<a data-elementor-open-lightbox=\"no\" href=\"https:\/\/formaxx.de\/wp-content\/uploads\/2021\/08\/who-finance-logo-2-3.jpg\"><img loading=\"lazy\" width=\"1619\" height=\"1080\" src=\"https:\/\/formaxx.de\/wp-content\/uploads\/2021\/08\/who-finance-logo-2-3.jpg\" class=\"attachment-full size-full\" alt=\"WhoFinance Logo\" decoding=\"async\" srcset=\"https:\/\/formaxx.de\/wp-content\/uploads\/2021\/08\/who-finance-logo-2-3.jpg 1619w, https:\/\/formaxx.de\/wp-content\/uploads\/2021\/08\/who-finance-logo-2-3-300x200.jpg 300w, https:\/\/formaxx.de\/wp-content\/uploads\/2021\/08\/who-finance-logo-2-3-1024x683.jpg 1024w, https:\/\/formaxx.de\/wp-content\/uploads\/2021\/08\/who-finance-logo-2-3-768x512.jpg 768w, https:\/\/formaxx.de\/wp-content\/uploads\/2021\/08\/who-finance-logo-2-3-1536x1025.jpg 1536w\" sizes=\"(max-width: 1619px) 100vw, 1619px\"><\/a>\n\t\t\t<\/div><\/figure>\n\t\t<\/div>\n\t\t<\/div>\n\t\t\t\t\t\t<\/div>\n\t\t\t\t<\/div>\n\t\t\t\t\t<\/div>\n\t\t\t\t<\/div>\n\t\t\t\t<\/div>\n\t\t","protected":false},"excerpt":{"rendered":"<p>Verbraucherschutz bei FORMAXX Unabh\u00e4ngigkeit und Transparenz sorgen daf\u00fcr, dass Sie die besten Vorteile bekommen. Eine Studie vom Bundesministerium f\u00fcr Ern\u00e4hrung, Landwirtschaft und Verbraucherschutz sch\u00e4tzt, dass durch schlechte Finanzberatung jedes Jahr Verm\u00f6genssch\u00e4den von 20 bis 30 Milliarden Euro entstehen. Das bedeutet f\u00fcr Verbraucher gro\u00dfe finanzielle Nachteile. Die FORMAXX AG hat mit ihrer Gr\u00fcndung einen Wandel in [&hellip;]<\/p>\n","protected":false},"author":1,"featured_media":24525,"parent":25146,"menu_order":0,"comment_status":"closed","ping_status":"closed","template":"","meta":{"_acf_changed":false,"footnotes":""},"folder":[207],"class_list":["post-25241","page","type-page","status-publish","has-post-thumbnail","hentry"],"acf":[],"yoast_head":"<!-- This site is optimized with the Yoast SEO plugin v27.4 - https:\/\/yoast.com\/product\/yoast-seo-wordpress\/ -->\n<title>Verbraucherschutz - FORMAXX AG<\/title>\n<meta name=\"description\" content=\"FORMAXX ber\u00fccksichtigt bei L\u00f6sungskonzepten stets den Verbraucherschutz und nutzt die Gold-Silber-Bronze-Logik f\u00fcr transparente Beratung.\" \/>\n<meta name=\"robots\" content=\"index, follow, max-snippet:-1, max-image-preview:large, max-video-preview:-1\" \/>\n<meta property=\"og:locale\" content=\"en_US\" \/>\n<meta property=\"og:type\" content=\"article\" \/>\n<meta property=\"og:title\" content=\"Verbraucherschutz - FORMAXX AG\" \/>\n<meta property=\"og:description\" content=\"FORMAXX ber\u00fccksichtigt bei L\u00f6sungskonzepten stets den Verbraucherschutz und nutzt die Gold-Silber-Bronze-Logik f\u00fcr transparente Beratung.\" \/>\n<meta property=\"og:url\" content=\"https:\/\/formaxx.de\/nds-de\/leistungen\/verbraucherschutz\/\" \/>\n<meta property=\"og:site_name\" content=\"FORMAXX AG\" \/>\n<meta property=\"og:image\" content=\"https:\/\/formaxx.de\/wp-content\/uploads\/2021\/08\/leistungen-verbraucherschutz-header.jpg\" \/>\n\t<meta property=\"og:image:width\" content=\"1920\" \/>\n\t<meta property=\"og:image:height\" content=\"823\" \/>\n\t<meta property=\"og:image:type\" content=\"image\/jpeg\" \/>\n<meta name=\"twitter:card\" content=\"summary_large_image\" \/>\n<meta name=\"twitter:label1\" content=\"Gesch\u00e4tzte Lesezeit\" \/>\n\t<meta name=\"twitter:data1\" content=\"2\u00a0Minuten\" \/>\n<script type=\"application\/ld+json\" class=\"yoast-schema-graph\">{\"@context\":\"https:\\\/\\\/schema.org\",\"@graph\":[{\"@type\":\"WebPage\",\"@id\":\"https:\\\/\\\/formaxx.de\\\/nds-de\\\/leistungen\\\/verbraucherschutz\\\/\",\"url\":\"https:\\\/\\\/formaxx.de\\\/nds-de\\\/leistungen\\\/verbraucherschutz\\\/\",\"name\":\"Verbraucherschutz - FORMAXX AG\",\"isPartOf\":{\"@id\":\"https:\\\/\\\/formaxx.de\\\/#website\"},\"primaryImageOfPage\":{\"@id\":\"https:\\\/\\\/formaxx.de\\\/nds-de\\\/leistungen\\\/verbraucherschutz\\\/#primaryimage\"},\"image\":{\"@id\":\"https:\\\/\\\/formaxx.de\\\/nds-de\\\/leistungen\\\/verbraucherschutz\\\/#primaryimage\"},\"thumbnailUrl\":\"https:\\\/\\\/formaxx.de\\\/wp-content\\\/uploads\\\/2021\\\/08\\\/leistungen-verbraucherschutz-header.jpg\",\"datePublished\":\"2021-08-30T10:20:03+00:00\",\"description\":\"FORMAXX ber\u00fccksichtigt bei L\u00f6sungskonzepten stets den Verbraucherschutz und nutzt die Gold-Silber-Bronze-Logik f\u00fcr transparente Beratung.\",\"breadcrumb\":{\"@id\":\"https:\\\/\\\/formaxx.de\\\/nds-de\\\/leistungen\\\/verbraucherschutz\\\/#breadcrumb\"},\"inLanguage\":\"de\",\"potentialAction\":[{\"@type\":\"ReadAction\",\"target\":[\"https:\\\/\\\/formaxx.de\\\/nds-de\\\/leistungen\\\/verbraucherschutz\\\/\"]}]},{\"@type\":\"ImageObject\",\"inLanguage\":\"de\",\"@id\":\"https:\\\/\\\/formaxx.de\\\/nds-de\\\/leistungen\\\/verbraucherschutz\\\/#primaryimage\",\"url\":\"https:\\\/\\\/formaxx.de\\\/wp-content\\\/uploads\\\/2021\\\/08\\\/leistungen-verbraucherschutz-header.jpg\",\"contentUrl\":\"https:\\\/\\\/formaxx.de\\\/wp-content\\\/uploads\\\/2021\\\/08\\\/leistungen-verbraucherschutz-header.jpg\",\"width\":1920,\"height\":823,\"caption\":\"Wir k\u00fcmmern uns um Verbraucherschutz\"},{\"@type\":\"BreadcrumbList\",\"@id\":\"https:\\\/\\\/formaxx.de\\\/nds-de\\\/leistungen\\\/verbraucherschutz\\\/#breadcrumb\",\"itemListElement\":[{\"@type\":\"ListItem\",\"position\":1,\"name\":\"Startseite\",\"item\":\"https:\\\/\\\/formaxx.de\\\/nds-de\\\/formaxx-ag\\\/\"},{\"@type\":\"ListItem\",\"position\":2,\"name\":\"Leistungen\",\"item\":\"https:\\\/\\\/formaxx.de\\\/nds-de\\\/leistungen\\\/\"},{\"@type\":\"ListItem\",\"position\":3,\"name\":\"Verbraucherschutz\"}]},{\"@type\":\"WebSite\",\"@id\":\"https:\\\/\\\/formaxx.de\\\/#website\",\"url\":\"https:\\\/\\\/formaxx.de\\\/\",\"name\":\"FORMAXX AG\",\"description\":\"Ma\u00dfstab in Sachen Finanzberatung\",\"publisher\":{\"@id\":\"https:\\\/\\\/formaxx.de\\\/#organization\"},\"potentialAction\":[{\"@type\":\"SearchAction\",\"target\":{\"@type\":\"EntryPoint\",\"urlTemplate\":\"https:\\\/\\\/formaxx.de\\\/?s={search_term_string}\"},\"query-input\":{\"@type\":\"PropertyValueSpecification\",\"valueRequired\":true,\"valueName\":\"search_term_string\"}}],\"inLanguage\":\"de\"},{\"@type\":\"Organization\",\"@id\":\"https:\\\/\\\/formaxx.de\\\/#organization\",\"name\":\"FORMAXX AG\",\"url\":\"https:\\\/\\\/formaxx.de\\\/\",\"logo\":{\"@type\":\"ImageObject\",\"inLanguage\":\"de\",\"@id\":\"https:\\\/\\\/formaxx.de\\\/#\\\/schema\\\/logo\\\/image\\\/\",\"url\":\"https:\\\/\\\/formaxx.de\\\/wp-content\\\/uploads\\\/2020\\\/11\\\/FORMAXX-Logo.png\",\"contentUrl\":\"https:\\\/\\\/formaxx.de\\\/wp-content\\\/uploads\\\/2020\\\/11\\\/FORMAXX-Logo.png\",\"width\":1920,\"height\":242,\"caption\":\"FORMAXX AG\"},\"image\":{\"@id\":\"https:\\\/\\\/formaxx.de\\\/#\\\/schema\\\/logo\\\/image\\\/\"}}]}<\/script>\n<!-- \/ Yoast SEO plugin. -->","yoast_head_json":{"title":"Verbraucherschutz - FORMAXX AG","description":"FORMAXX ber\u00fccksichtigt bei L\u00f6sungskonzepten stets den Verbraucherschutz und nutzt die Gold-Silber-Bronze-Logik f\u00fcr transparente Beratung.","robots":{"index":"index","follow":"follow","max-snippet":"max-snippet:-1","max-image-preview":"max-image-preview:large","max-video-preview":"max-video-preview:-1"},"og_locale":"en_US","og_type":"article","og_title":"Verbraucherschutz - FORMAXX AG","og_description":"FORMAXX ber\u00fccksichtigt bei L\u00f6sungskonzepten stets den Verbraucherschutz und nutzt die Gold-Silber-Bronze-Logik f\u00fcr transparente Beratung.","og_url":"https:\/\/formaxx.de\/nds-de\/leistungen\/verbraucherschutz\/","og_site_name":"FORMAXX AG","og_image":[{"width":1920,"height":823,"url":"https:\/\/formaxx.de\/wp-content\/uploads\/2021\/08\/leistungen-verbraucherschutz-header.jpg","type":"image\/jpeg"}],"twitter_card":"summary_large_image","twitter_misc":{"Gesch\u00e4tzte Lesezeit":"2\u00a0Minuten"},"schema":{"@context":"https:\/\/schema.org","@graph":[{"@type":"WebPage","@id":"https:\/\/formaxx.de\/nds-de\/leistungen\/verbraucherschutz\/","url":"https:\/\/formaxx.de\/nds-de\/leistungen\/verbraucherschutz\/","name":"Verbraucherschutz - FORMAXX AG","isPartOf":{"@id":"https:\/\/formaxx.de\/#website"},"primaryImageOfPage":{"@id":"https:\/\/formaxx.de\/nds-de\/leistungen\/verbraucherschutz\/#primaryimage"},"image":{"@id":"https:\/\/formaxx.de\/nds-de\/leistungen\/verbraucherschutz\/#primaryimage"},"thumbnailUrl":"https:\/\/formaxx.de\/wp-content\/uploads\/2021\/08\/leistungen-verbraucherschutz-header.jpg","datePublished":"2021-08-30T10:20:03+00:00","description":"FORMAXX ber\u00fccksichtigt bei L\u00f6sungskonzepten stets den Verbraucherschutz und nutzt die Gold-Silber-Bronze-Logik f\u00fcr transparente Beratung.","breadcrumb":{"@id":"https:\/\/formaxx.de\/nds-de\/leistungen\/verbraucherschutz\/#breadcrumb"},"inLanguage":"de","potentialAction":[{"@type":"ReadAction","target":["https:\/\/formaxx.de\/nds-de\/leistungen\/verbraucherschutz\/"]}]},{"@type":"ImageObject","inLanguage":"de","@id":"https:\/\/formaxx.de\/nds-de\/leistungen\/verbraucherschutz\/#primaryimage","url":"https:\/\/formaxx.de\/wp-content\/uploads\/2021\/08\/leistungen-verbraucherschutz-header.jpg","contentUrl":"https:\/\/formaxx.de\/wp-content\/uploads\/2021\/08\/leistungen-verbraucherschutz-header.jpg","width":1920,"height":823,"caption":"Wir k\u00fcmmern uns um Verbraucherschutz"},{"@type":"BreadcrumbList","@id":"https:\/\/formaxx.de\/nds-de\/leistungen\/verbraucherschutz\/#breadcrumb","itemListElement":[{"@type":"ListItem","position":1,"name":"Startseite","item":"https:\/\/formaxx.de\/nds-de\/formaxx-ag\/"},{"@type":"ListItem","position":2,"name":"Leistungen","item":"https:\/\/formaxx.de\/nds-de\/leistungen\/"},{"@type":"ListItem","position":3,"name":"Verbraucherschutz"}]},{"@type":"WebSite","@id":"https:\/\/formaxx.de\/#website","url":"https:\/\/formaxx.de\/","name":"FORMAXX AG","description":"Ma\u00dfstab in Sachen Finanzberatung","publisher":{"@id":"https:\/\/formaxx.de\/#organization"},"potentialAction":[{"@type":"SearchAction","target":{"@type":"EntryPoint","urlTemplate":"https:\/\/formaxx.de\/?s={search_term_string}"},"query-input":{"@type":"PropertyValueSpecification","valueRequired":true,"valueName":"search_term_string"}}],"inLanguage":"de"},{"@type":"Organization","@id":"https:\/\/formaxx.de\/#organization","name":"FORMAXX AG","url":"https:\/\/formaxx.de\/","logo":{"@type":"ImageObject","inLanguage":"de","@id":"https:\/\/formaxx.de\/#\/schema\/logo\/image\/","url":"https:\/\/formaxx.de\/wp-content\/uploads\/2020\/11\/FORMAXX-Logo.png","contentUrl":"https:\/\/formaxx.de\/wp-content\/uploads\/2020\/11\/FORMAXX-Logo.png","width":1920,"height":242,"caption":"FORMAXX AG"},"image":{"@id":"https:\/\/formaxx.de\/#\/schema\/logo\/image\/"}}]}},"_links":{"self":[{"href":"https:\/\/formaxx.de\/nds-de\/wp-json\/wp\/v2\/pages\/25241","targetHints":{"allow":["GET"]}}],"collection":[{"href":"https:\/\/formaxx.de\/nds-de\/wp-json\/wp\/v2\/pages"}],"about":[{"href":"https:\/\/formaxx.de\/nds-de\/wp-json\/wp\/v2\/types\/page"}],"author":[{"embeddable":true,"href":"https:\/\/formaxx.de\/nds-de\/wp-json\/wp\/v2\/users\/1"}],"replies":[{"embeddable":true,"href":"https:\/\/formaxx.de\/nds-de\/wp-json\/wp\/v2\/comments?post=25241"}],"version-history":[{"count":0,"href":"https:\/\/formaxx.de\/nds-de\/wp-json\/wp\/v2\/pages\/25241\/revisions"}],"up":[{"embeddable":true,"href":"https:\/\/formaxx.de\/nds-de\/wp-json\/wp\/v2\/pages\/25146"}],"wp:featuredmedia":[{"embeddable":true,"href":"https:\/\/formaxx.de\/nds-de\/wp-json\/wp\/v2\/media\/24525"}],"wp:attachment":[{"href":"https:\/\/formaxx.de\/nds-de\/wp-json\/wp\/v2\/media?parent=25241"}],"wp:term":[{"taxonomy":"folder","embeddable":true,"href":"https:\/\/formaxx.de\/nds-de\/wp-json\/wp\/v2\/folder?post=25241"}],"curies":[{"name":"wp","href":"https:\/\/api.w.org\/{rel}","templated":true}]}}