{"id":25240,"date":"2021-08-16T11:28:15","date_gmt":"2021-08-16T09:28:15","guid":{"rendered":"https:\/\/formaxx.de\/leistungen\/services\/formaxx-kreditkarte\/"},"modified":"2021-08-16T11:28:15","modified_gmt":"2021-08-16T09:28:15","slug":"formaxx-kreditkarte","status":"publish","type":"page","link":"https:\/\/formaxx.de\/nds-de\/leistungen\/services\/formaxx-kreditkarte\/","title":{"rendered":"FORMAXX \u2013 Kreditkarte"},"content":{"rendered":"\t\t<div data-elementor-type=\"wp-page\" data-elementor-id=\"25240\" class=\"elementor elementor-25240\" data-elementor-post-type=\"page\">\n\t\t\t\t<div class=\"elementor-element elementor-element-b226c6c e-flex e-con-boxed e-con e-parent\" data-id=\"b226c6c\" data-element_type=\"container\" data-e-type=\"container\">\n\t\t\t\t\t<div class=\"e-con-inner\">\n\t\t\t\t<div class=\"elementor-element elementor-element-184ed6a elementor-widget elementor-widget-text-editor\" data-id=\"184ed6a\" data-element_type=\"widget\" data-e-type=\"widget\" data-widget_type=\"text-editor.default\">\n\t\t\t\t<div class=\"elementor-widget-container\">\n\t\t\t\t\t\t\t\t\t<h2>Ihr Service von der FORMAXX AG &ndash; Die kostenfreie FORMAXX-Kreditkarte<\/h2><h3>Stressfrei &uuml;berall Akzeptanz finden.<\/h3><p>Die geb&uuml;hrenfreie MasterCard&reg; GOLD ist dauerhaft ohne Jahresgeb&uuml;hr zu beziehen und bietet ein bis zu sieben Wochen zinsfreies Zahlungsziel. Die Karte kann weltweit an mehr als 2 Mio. Geldautomaten und &uuml;ber 35 Mio. Akzeptanzstellen geb&uuml;hrenfrei eingesetzt werden. Die gratis Reiseversicherung, eine Reisegutschrift und ein 24-Std. Kundenservice sind inklusive.<\/p><p>Keine unn&ouml;tigen Kosten, flexibler und stressfreier Einsatz weltweit!<\/p><p>Sie erhalten die Karte und alle weiteren Informationen mit nur einem Telefonat oder einer E-Mail &uuml;ber Ihre FORMAXX-Berater.<\/p>\t\t\t\t\t\t\t\t<\/div>\n\t\t\t\t<\/div>\n\t\t\t\t<div class=\"elementor-element elementor-element-c99e4ed elementor-widget elementor-widget-heading\" data-id=\"c99e4ed\" data-element_type=\"widget\" data-e-type=\"widget\" data-widget_type=\"heading.default\">\n\t\t\t\t<div class=\"elementor-widget-container\">\n\t\t\t\t\t<h2 class=\"elementor-heading-title elementor-size-default\">Nehmen Sie direkt Kontakt auf<\/h2>\t\t\t\t<\/div>\n\t\t\t\t<\/div>\n\t\t\t\t<div class=\"elementor-element elementor-element-dd1ae2d elementor-button-align-center elementor-widget elementor-widget-form\" data-id=\"dd1ae2d\" data-element_type=\"widget\" data-e-type=\"widget\" data-settings='{\"step_next_label\":\"N\\u00e4chster\",\"step_previous_label\":\"Voriger\",\"button_width\":\"100\",\"step_type\":\"number_text\",\"step_icon_shape\":\"circle\"}' data-widget_type=\"form.default\">\n\t\t\t\t<div class=\"elementor-widget-container\">\n\t\t\t\t\t\t\t<form class=\"elementor-form\" method=\"post\" name=\"Neues Formular\" aria-label=\"Neues Formular\">\n\t\t\t<input type=\"hidden\" name=\"post_id\" value=\"25240\">\n\t\t\t<input type=\"hidden\" name=\"form_id\" value=\"dd1ae2d\">\n\t\t\t<input type=\"hidden\" name=\"referer_title\" value=\"FORMAXX &ndash; Kreditkarte - FORMAXX AG\">\n\n\t\t\t\t\t\t\t<input type=\"hidden\" name=\"queried_id\" value=\"25240\">\n\t\t\t\n\t\t\t<div class=\"elementor-form-fields-wrapper elementor-labels-above\">\n\t\t\t\t\t\t\t\t<div class=\"elementor-field-type-step elementor-field-group elementor-column elementor-field-group-field_6ce683c elementor-col-100\">\n\t\t\t\t\t\t\t<div class=\"e-field-step elementor-hidden\" data-label=\"pers&ouml;nliche Daten\" data-previousbutton=\"\" data-nextbutton=\"\" data-iconurl=\"\" data-iconlibrary=\"fas fa-star\" data-icon=\"\"><\/div>\n\n\t\t\t\t\t\t<\/div>\n\t\t\t\t\t\t\t\t<div class=\"elementor-field-type-text elementor-field-group elementor-column elementor-field-group-name elementor-col-100\">\n\t\t\t\t\t\t\t\t\t\t\t\t<label for=\"form-field-name\" class=\"elementor-field-label\">\n\t\t\t\t\t\t\t\tName\t\t\t\t\t\t\t<\/label>\n\t\t\t\t\t\t\t\t\t\t\t\t\t\t<input size=\"1\" type=\"text\" name=\"form_fields[name]\" id=\"form-field-name\" class=\"elementor-field elementor-size-sm  elementor-field-textual\" placeholder=\"Name\">\n\t\t\t\t\t\t\t\t\t\t\t<\/div>\n\t\t\t\t\t\t\t\t<div class=\"elementor-field-type-text elementor-field-group elementor-column elementor-field-group-field_1ba3778 elementor-col-100\">\n\t\t\t\t\t\t\t\t\t\t\t\t<label for=\"form-field-field_1ba3778\" class=\"elementor-field-label\">\n\t\t\t\t\t\t\t\tVorname\t\t\t\t\t\t\t<\/label>\n\t\t\t\t\t\t\t\t\t\t\t\t\t\t<input size=\"1\" type=\"text\" name=\"form_fields[field_1ba3778]\" id=\"form-field-field_1ba3778\" class=\"elementor-field elementor-size-sm  elementor-field-textual\" placeholder=\"Vorname\">\n\t\t\t\t\t\t\t\t\t\t\t<\/div>\n\t\t\t\t\t\t\t\t<div class=\"elementor-field-type-text elementor-field-group elementor-column elementor-field-group-field_d48bb74 elementor-col-100\">\n\t\t\t\t\t\t\t\t\t\t\t\t<label for=\"form-field-field_d48bb74\" class=\"elementor-field-label\">\n\t\t\t\t\t\t\t\tUnternehmen\t\t\t\t\t\t\t<\/label>\n\t\t\t\t\t\t\t\t\t\t\t\t\t\t<input size=\"1\" type=\"text\" name=\"form_fields[field_d48bb74]\" id=\"form-field-field_d48bb74\" class=\"elementor-field elementor-size-sm  elementor-field-textual\" placeholder=\"Unternehmen\">\n\t\t\t\t\t\t\t\t\t\t\t<\/div>\n\t\t\t\t\t\t\t\t<div class=\"elementor-field-type-tel elementor-field-group elementor-column elementor-field-group-email elementor-col-100 elementor-field-required elementor-mark-required\">\n\t\t\t\t\t\t\t\t\t\t\t\t<label for=\"form-field-email\" class=\"elementor-field-label\">\n\t\t\t\t\t\t\t\tTelefon\t\t\t\t\t\t\t<\/label>\n\t\t\t\t\t\t\t\t<input size=\"1\" type=\"tel\" name=\"form_fields[email]\" id=\"form-field-email\" class=\"elementor-field elementor-size-sm  elementor-field-textual\" placeholder=\"Telefon\" required=\"required\" pattern=\"[0-9()#&amp;+*-=.]+\" title=\"Nur Nummern oder Telefon-Zeichen (#, -, *, etc) werden akzeptiert.\">\n\n\t\t\t\t\t\t<\/div>\n\t\t\t\t\t\t\t\t<div class=\"elementor-field-type-email elementor-field-group elementor-column elementor-field-group-field_9de7dea elementor-col-100 elementor-field-required elementor-mark-required\">\n\t\t\t\t\t\t\t\t\t\t\t\t<label for=\"form-field-field_9de7dea\" class=\"elementor-field-label\">\n\t\t\t\t\t\t\t\tE-Mail\t\t\t\t\t\t\t<\/label>\n\t\t\t\t\t\t\t\t\t\t\t\t\t\t<input size=\"1\" type=\"email\" name=\"form_fields[field_9de7dea]\" id=\"form-field-field_9de7dea\" class=\"elementor-field elementor-size-sm  elementor-field-textual\" placeholder=\"E-Mail\" required=\"required\">\n\t\t\t\t\t\t\t\t\t\t\t<\/div>\n\t\t\t\t\t\t\t\t<div class=\"elementor-field-type-step elementor-field-group elementor-column elementor-field-group-field_1ea635b elementor-col-100\">\n\t\t\t\t\t\t\t<div class=\"e-field-step elementor-hidden\" data-label=\"Nachricht\" data-previousbutton=\"\" data-nextbutton=\"\" data-iconurl=\"\" data-iconlibrary=\"fas fa-star\" data-icon=\"\"><\/div>\n\n\t\t\t\t\t\t<\/div>\n\t\t\t\t\t\t\t\t<div class=\"elementor-field-type-textarea elementor-field-group elementor-column elementor-field-group-message elementor-col-100\">\n\t\t\t\t\t\t\t\t\t\t\t\t<label for=\"form-field-message\" class=\"elementor-field-label\">\n\t\t\t\t\t\t\t\tNachricht\t\t\t\t\t\t\t<\/label>\n\t\t\t\t\t\t<textarea class=\"elementor-field-textual elementor-field  elementor-size-sm\" name=\"form_fields[message]\" id=\"form-field-message\" rows=\"4\" placeholder=\"Nachricht\"><\/textarea>\t\t\t\t<\/div>\n\t\t\t\t\t\t\t\t<div class=\"elementor-field-type-step elementor-field-group elementor-column elementor-field-group-field_5983a5a elementor-col-100\">\n\t\t\t\t\t\t\t<div class=\"e-field-step elementor-hidden\" data-label=\"Senden\" data-previousbutton=\"\" data-nextbutton=\"\" data-iconurl=\"\" data-iconlibrary=\"fas fa-star\" data-icon=\"\"><\/div>\n\n\t\t\t\t\t\t<\/div>\n\t\t\t\t\t\t\t\t<div class=\"elementor-field-type-acceptance elementor-field-group elementor-column elementor-field-group-field_7870e69 elementor-col-100 elementor-field-required elementor-mark-required\">\n\t\t\t\t\t\t\t<div class=\"elementor-field-subgroup\">\n\t\t\t<span class=\"elementor-field-option\">\n\t\t\t\t<input type=\"checkbox\" name=\"form_fields[field_7870e69]\" id=\"form-field-field_7870e69\" class=\"elementor-field elementor-size-sm  elementor-acceptance-field\" required=\"required\">\n\t\t\t\t<label for=\"form-field-field_7870e69\"> Ich habe die <a href=\"\/datenschutz\">Datenschutzerkl&auml;rung zur Kenntnis genommen und akzeptiert. <strong>(Pflichtfeld)<\/strong><\/a><\/label>\t\t\t<\/span>\n\t\t<\/div>\n\t\t\t\t\t\t<\/div>\n\t\t\t\t\t\t\t\t<div class=\"elementor-field-type-acceptance elementor-field-group elementor-column elementor-field-group-field_18e25ff elementor-col-100 elementor-field-required elementor-mark-required\">\n\t\t\t\t\t\t\t<div class=\"elementor-field-subgroup\">\n\t\t\t<span class=\"elementor-field-option\">\n\t\t\t\t<input type=\"checkbox\" name=\"form_fields[field_18e25ff]\" id=\"form-field-field_18e25ff\" class=\"elementor-field elementor-size-sm  elementor-acceptance-field\" required=\"required\">\n\t\t\t\t<label for=\"form-field-field_18e25ff\">Ich stimme zu, dass meine Formularangaben zur Kontaktaufnahme bzw. zur Bearbeitung meines Anliegens gespeichert werden. Ich bin damit einverstanden, dass die FORMAXX AG mich per Telefon und\/oder auf elektronischem Wege (bspw. SMS, Fax, E-Mail) kontaktiert, um mein Anliegen zu kl&auml;ren. (Pflichtfeld)<\/label>\t\t\t<\/span>\n\t\t<\/div>\n\t\t\t\t\t\t<\/div>\n\t\t\t\t\t\t\t\t<div class=\"elementor-field-type-acceptance elementor-field-group elementor-column elementor-field-group-field_25138ec elementor-col-100\">\n\t\t\t\t\t\t\t<div class=\"elementor-field-subgroup\">\n\t\t\t<span class=\"elementor-field-option\">\n\t\t\t\t<input type=\"checkbox\" name=\"form_fields[field_25138ec]\" id=\"form-field-field_25138ec\" class=\"elementor-field elementor-size-sm  elementor-acceptance-field\">\n\t\t\t\t<label for=\"form-field-field_25138ec\">Ich bin damit einverstanden, dass die FORMAXX AG mir interessante Angebote und\/ oder Informationen per Telefon, Post oder E-Mail unterbreitet. Diese Einwilligung kann ich jederzeit gegen&uuml;ber der FORMAXX AG widerrufen. Meine personenbezogenen Daten speichert die FORMAXX AG unter Einhaltung des Bundesdatenschutzgesetzes\/Datenschutzgrundverordnung nur zum daf&uuml;r vorgesehenen Zweck. Auf meinen Wunsch hin wird die FORMAXX AG jederzeit eine &Auml;nderung, Besichtigung, Sperrung oder ggf. L&ouml;schung der personenbezogenen Daten vornehmen.<\/label>\t\t\t<\/span>\n\t\t<\/div>\n\t\t\t\t\t\t<\/div>\n\t\t\t\t<div class=\"elementor-field-type-text elementor-field-group elementor-column elementor-field-group-text elementor-col-100 elementor-field-required\"><input type=\"hidden\" name=\"php_start_time\" value=\"1777983447.8694\"><input type=\"hidden\" name=\"js_end_time\" class=\"js_end_time\" value=\"\"><input type=\"hidden\" name=\"js_start_time\" class=\"js_start_time\" value=\"\"><input id=\"f12_captcha\" type=\"text\" style=\"visibility:hidden!important; opacity:1!important; height:0!important; width:0!important; margin:0!important; padding:0!important;\" name=\"f12_captcha\" value=\"\"><\/div>\t\t\t\t<div class=\"elementor-field-type-recaptcha_v3 elementor-field-group elementor-column elementor-field-group-field_9ed1342 elementor-col-100 recaptcha_v3-bottomright\">\n\t\t\t\t\t<div class=\"elementor-field\" id=\"form-field-field_9ed1342\"><div class=\"elementor-g-recaptcha\" data-sitekey=\"6LdsCnwUAAAAAH7xMWXBsTIRFOOY8f3dJ5Ngz_Yw\" data-type=\"v3\" data-action=\"Form\" data-badge=\"bottomright\" data-size=\"invisible\"><\/div><\/div>\t\t\t\t<\/div>\n\t\t\t\t\t\t\t\t<div class=\"elementor-field-group elementor-column elementor-field-type-submit elementor-col-100 e-form__buttons\">\n\t\t\t\t\t<button class=\"elementor-button elementor-size-sm\" type=\"submit\">\n\t\t\t\t\t\t<span class=\"elementor-button-content-wrapper\">\n\t\t\t\t\t\t\t\t\t\t\t\t\t\t\t\t\t\t\t\t\t\t<span class=\"elementor-button-text\">Senden<\/span>\n\t\t\t\t\t\t\t\t\t\t\t\t\t<\/span>\n\t\t\t\t\t<\/button>\n\t\t\t\t<\/div>\n\t\t\t<\/div>\n\t\t<\/form>\n\t\t\t\t\t\t<\/div>\n\t\t\t\t<\/div>\n\t\t\t\t\t<\/div>\n\t\t\t\t<\/div>\n\t\t\t\t<\/div>\n\t\t","protected":false},"excerpt":{"rendered":"<p>Ihr Service von der FORMAXX AG \u2013 Die kostenfreie FORMAXX-Kreditkarte Stressfrei \u00fcberall Akzeptanz finden. Die MasterCard\u00ae GOLD ist geb\u00fchrenfrei und hat keine Jahresgeb\u00fchr. Sie k\u00f6nnen damit bis zu sieben Wochen ohne Zinsen bezahlen. Die Karte funktioniert weltweit an mehr als 2 Millionen Geldautomaten und \u00fcber 35 Millionen Gesch\u00e4ften ohne Geb\u00fchren. Au\u00dferdem sind eine kostenlose Reiseversicherung, [&hellip;]<\/p>\n","protected":false},"author":1,"featured_media":24464,"parent":25124,"menu_order":0,"comment_status":"closed","ping_status":"closed","template":"","meta":{"_acf_changed":false,"footnotes":""},"folder":[207],"class_list":["post-25240","page","type-page","status-publish","has-post-thumbnail","hentry"],"acf":[],"yoast_head":"<!-- This site is optimized with the Yoast SEO plugin v27.5 - https:\/\/yoast.com\/product\/yoast-seo-wordpress\/ -->\n<title>FORMAXX \u2013 Kreditkarte - FORMAXX AG<\/title>\n<meta name=\"description\" content=\"FORMAXX bietet die geb\u00fchrenfreie MasterCard\u00ae GOLD mit bis zu sieben Wochen zinsfreiem Zahlungsziel und weltweiter Akzeptanz.\" \/>\n<meta name=\"robots\" content=\"index, follow, max-snippet:-1, max-image-preview:large, max-video-preview:-1\" \/>\n<meta property=\"og:locale\" content=\"en_US\" \/>\n<meta property=\"og:type\" content=\"article\" \/>\n<meta property=\"og:title\" content=\"FORMAXX \u2013 Kreditkarte - FORMAXX AG\" \/>\n<meta property=\"og:description\" content=\"FORMAXX bietet die geb\u00fchrenfreie MasterCard\u00ae GOLD mit bis zu sieben Wochen zinsfreiem Zahlungsziel und weltweiter Akzeptanz.\" \/>\n<meta property=\"og:url\" content=\"https:\/\/formaxx.de\/nds-de\/leistungen\/services\/formaxx-kreditkarte\/\" \/>\n<meta property=\"og:site_name\" content=\"FORMAXX AG\" \/>\n<meta property=\"og:image\" content=\"https:\/\/formaxx.de\/wp-content\/uploads\/2021\/08\/leistungen-services-kreditkarte-header.jpg\" \/>\n\t<meta property=\"og:image:width\" content=\"1920\" \/>\n\t<meta property=\"og:image:height\" content=\"823\" \/>\n\t<meta property=\"og:image:type\" content=\"image\/jpeg\" \/>\n<meta name=\"twitter:card\" content=\"summary_large_image\" \/>\n<meta name=\"twitter:label1\" content=\"Gesch\u00e4tzte Lesezeit\" \/>\n\t<meta name=\"twitter:data1\" content=\"1\u00a0Minute\" \/>\n<script type=\"application\/ld+json\" class=\"yoast-schema-graph\">{\"@context\":\"https:\\\/\\\/schema.org\",\"@graph\":[{\"@type\":\"WebPage\",\"@id\":\"https:\\\/\\\/formaxx.de\\\/nds-de\\\/leistungen\\\/services\\\/formaxx-kreditkarte\\\/\",\"url\":\"https:\\\/\\\/formaxx.de\\\/nds-de\\\/leistungen\\\/services\\\/formaxx-kreditkarte\\\/\",\"name\":\"FORMAXX \u2013 Kreditkarte - FORMAXX AG\",\"isPartOf\":{\"@id\":\"https:\\\/\\\/formaxx.de\\\/#website\"},\"primaryImageOfPage\":{\"@id\":\"https:\\\/\\\/formaxx.de\\\/nds-de\\\/leistungen\\\/services\\\/formaxx-kreditkarte\\\/#primaryimage\"},\"image\":{\"@id\":\"https:\\\/\\\/formaxx.de\\\/nds-de\\\/leistungen\\\/services\\\/formaxx-kreditkarte\\\/#primaryimage\"},\"thumbnailUrl\":\"https:\\\/\\\/formaxx.de\\\/wp-content\\\/uploads\\\/2021\\\/08\\\/leistungen-services-kreditkarte-header.jpg\",\"datePublished\":\"2021-08-16T09:28:15+00:00\",\"description\":\"FORMAXX bietet die geb\u00fchrenfreie MasterCard\u00ae GOLD mit bis zu sieben Wochen zinsfreiem Zahlungsziel und weltweiter Akzeptanz.\",\"breadcrumb\":{\"@id\":\"https:\\\/\\\/formaxx.de\\\/nds-de\\\/leistungen\\\/services\\\/formaxx-kreditkarte\\\/#breadcrumb\"},\"inLanguage\":\"de\",\"potentialAction\":[{\"@type\":\"ReadAction\",\"target\":[\"https:\\\/\\\/formaxx.de\\\/nds-de\\\/leistungen\\\/services\\\/formaxx-kreditkarte\\\/\"]}]},{\"@type\":\"ImageObject\",\"inLanguage\":\"de\",\"@id\":\"https:\\\/\\\/formaxx.de\\\/nds-de\\\/leistungen\\\/services\\\/formaxx-kreditkarte\\\/#primaryimage\",\"url\":\"https:\\\/\\\/formaxx.de\\\/wp-content\\\/uploads\\\/2021\\\/08\\\/leistungen-services-kreditkarte-header.jpg\",\"contentUrl\":\"https:\\\/\\\/formaxx.de\\\/wp-content\\\/uploads\\\/2021\\\/08\\\/leistungen-services-kreditkarte-header.jpg\",\"width\":1920,\"height\":823,\"caption\":\"Wir k\u00fcmmern uns um Kreditkarten\"},{\"@type\":\"BreadcrumbList\",\"@id\":\"https:\\\/\\\/formaxx.de\\\/nds-de\\\/leistungen\\\/services\\\/formaxx-kreditkarte\\\/#breadcrumb\",\"itemListElement\":[{\"@type\":\"ListItem\",\"position\":1,\"name\":\"Startseite\",\"item\":\"https:\\\/\\\/formaxx.de\\\/nds-de\\\/formaxx-ag\\\/\"},{\"@type\":\"ListItem\",\"position\":2,\"name\":\"Leistungen\",\"item\":\"https:\\\/\\\/formaxx.de\\\/nds-de\\\/leistungen\\\/\"},{\"@type\":\"ListItem\",\"position\":3,\"name\":\"Services\",\"item\":\"https:\\\/\\\/formaxx.de\\\/nds-de\\\/leistungen\\\/services\\\/\"},{\"@type\":\"ListItem\",\"position\":4,\"name\":\"FORMAXX \u2013 Kreditkarte\"}]},{\"@type\":\"WebSite\",\"@id\":\"https:\\\/\\\/formaxx.de\\\/#website\",\"url\":\"https:\\\/\\\/formaxx.de\\\/\",\"name\":\"FORMAXX AG\",\"description\":\"Ma\u00dfstab in Sachen Finanzberatung\",\"publisher\":{\"@id\":\"https:\\\/\\\/formaxx.de\\\/#organization\"},\"potentialAction\":[{\"@type\":\"SearchAction\",\"target\":{\"@type\":\"EntryPoint\",\"urlTemplate\":\"https:\\\/\\\/formaxx.de\\\/?s={search_term_string}\"},\"query-input\":{\"@type\":\"PropertyValueSpecification\",\"valueRequired\":true,\"valueName\":\"search_term_string\"}}],\"inLanguage\":\"de\"},{\"@type\":\"Organization\",\"@id\":\"https:\\\/\\\/formaxx.de\\\/#organization\",\"name\":\"FORMAXX AG\",\"url\":\"https:\\\/\\\/formaxx.de\\\/\",\"logo\":{\"@type\":\"ImageObject\",\"inLanguage\":\"de\",\"@id\":\"https:\\\/\\\/formaxx.de\\\/#\\\/schema\\\/logo\\\/image\\\/\",\"url\":\"https:\\\/\\\/formaxx.de\\\/wp-content\\\/uploads\\\/2020\\\/11\\\/FORMAXX-Logo.png\",\"contentUrl\":\"https:\\\/\\\/formaxx.de\\\/wp-content\\\/uploads\\\/2020\\\/11\\\/FORMAXX-Logo.png\",\"width\":1920,\"height\":242,\"caption\":\"FORMAXX AG\"},\"image\":{\"@id\":\"https:\\\/\\\/formaxx.de\\\/#\\\/schema\\\/logo\\\/image\\\/\"}}]}<\/script>\n<!-- \/ Yoast SEO plugin. -->","yoast_head_json":{"title":"FORMAXX \u2013 Kreditkarte - FORMAXX AG","description":"FORMAXX bietet die geb\u00fchrenfreie MasterCard\u00ae GOLD mit bis zu sieben Wochen zinsfreiem Zahlungsziel und weltweiter Akzeptanz.","robots":{"index":"index","follow":"follow","max-snippet":"max-snippet:-1","max-image-preview":"max-image-preview:large","max-video-preview":"max-video-preview:-1"},"og_locale":"en_US","og_type":"article","og_title":"FORMAXX \u2013 Kreditkarte - FORMAXX AG","og_description":"FORMAXX bietet die geb\u00fchrenfreie MasterCard\u00ae GOLD mit bis zu sieben Wochen zinsfreiem Zahlungsziel und weltweiter Akzeptanz.","og_url":"https:\/\/formaxx.de\/nds-de\/leistungen\/services\/formaxx-kreditkarte\/","og_site_name":"FORMAXX AG","og_image":[{"width":1920,"height":823,"url":"https:\/\/formaxx.de\/wp-content\/uploads\/2021\/08\/leistungen-services-kreditkarte-header.jpg","type":"image\/jpeg"}],"twitter_card":"summary_large_image","twitter_misc":{"Gesch\u00e4tzte Lesezeit":"1\u00a0Minute"},"schema":{"@context":"https:\/\/schema.org","@graph":[{"@type":"WebPage","@id":"https:\/\/formaxx.de\/nds-de\/leistungen\/services\/formaxx-kreditkarte\/","url":"https:\/\/formaxx.de\/nds-de\/leistungen\/services\/formaxx-kreditkarte\/","name":"FORMAXX \u2013 Kreditkarte - FORMAXX AG","isPartOf":{"@id":"https:\/\/formaxx.de\/#website"},"primaryImageOfPage":{"@id":"https:\/\/formaxx.de\/nds-de\/leistungen\/services\/formaxx-kreditkarte\/#primaryimage"},"image":{"@id":"https:\/\/formaxx.de\/nds-de\/leistungen\/services\/formaxx-kreditkarte\/#primaryimage"},"thumbnailUrl":"https:\/\/formaxx.de\/wp-content\/uploads\/2021\/08\/leistungen-services-kreditkarte-header.jpg","datePublished":"2021-08-16T09:28:15+00:00","description":"FORMAXX bietet die geb\u00fchrenfreie MasterCard\u00ae GOLD mit bis zu sieben Wochen zinsfreiem Zahlungsziel und weltweiter Akzeptanz.","breadcrumb":{"@id":"https:\/\/formaxx.de\/nds-de\/leistungen\/services\/formaxx-kreditkarte\/#breadcrumb"},"inLanguage":"de","potentialAction":[{"@type":"ReadAction","target":["https:\/\/formaxx.de\/nds-de\/leistungen\/services\/formaxx-kreditkarte\/"]}]},{"@type":"ImageObject","inLanguage":"de","@id":"https:\/\/formaxx.de\/nds-de\/leistungen\/services\/formaxx-kreditkarte\/#primaryimage","url":"https:\/\/formaxx.de\/wp-content\/uploads\/2021\/08\/leistungen-services-kreditkarte-header.jpg","contentUrl":"https:\/\/formaxx.de\/wp-content\/uploads\/2021\/08\/leistungen-services-kreditkarte-header.jpg","width":1920,"height":823,"caption":"Wir k\u00fcmmern uns um Kreditkarten"},{"@type":"BreadcrumbList","@id":"https:\/\/formaxx.de\/nds-de\/leistungen\/services\/formaxx-kreditkarte\/#breadcrumb","itemListElement":[{"@type":"ListItem","position":1,"name":"Startseite","item":"https:\/\/formaxx.de\/nds-de\/formaxx-ag\/"},{"@type":"ListItem","position":2,"name":"Leistungen","item":"https:\/\/formaxx.de\/nds-de\/leistungen\/"},{"@type":"ListItem","position":3,"name":"Services","item":"https:\/\/formaxx.de\/nds-de\/leistungen\/services\/"},{"@type":"ListItem","position":4,"name":"FORMAXX \u2013 Kreditkarte"}]},{"@type":"WebSite","@id":"https:\/\/formaxx.de\/#website","url":"https:\/\/formaxx.de\/","name":"FORMAXX AG","description":"Ma\u00dfstab in Sachen Finanzberatung","publisher":{"@id":"https:\/\/formaxx.de\/#organization"},"potentialAction":[{"@type":"SearchAction","target":{"@type":"EntryPoint","urlTemplate":"https:\/\/formaxx.de\/?s={search_term_string}"},"query-input":{"@type":"PropertyValueSpecification","valueRequired":true,"valueName":"search_term_string"}}],"inLanguage":"de"},{"@type":"Organization","@id":"https:\/\/formaxx.de\/#organization","name":"FORMAXX AG","url":"https:\/\/formaxx.de\/","logo":{"@type":"ImageObject","inLanguage":"de","@id":"https:\/\/formaxx.de\/#\/schema\/logo\/image\/","url":"https:\/\/formaxx.de\/wp-content\/uploads\/2020\/11\/FORMAXX-Logo.png","contentUrl":"https:\/\/formaxx.de\/wp-content\/uploads\/2020\/11\/FORMAXX-Logo.png","width":1920,"height":242,"caption":"FORMAXX AG"},"image":{"@id":"https:\/\/formaxx.de\/#\/schema\/logo\/image\/"}}]}},"_links":{"self":[{"href":"https:\/\/formaxx.de\/nds-de\/wp-json\/wp\/v2\/pages\/25240","targetHints":{"allow":["GET"]}}],"collection":[{"href":"https:\/\/formaxx.de\/nds-de\/wp-json\/wp\/v2\/pages"}],"about":[{"href":"https:\/\/formaxx.de\/nds-de\/wp-json\/wp\/v2\/types\/page"}],"author":[{"embeddable":true,"href":"https:\/\/formaxx.de\/nds-de\/wp-json\/wp\/v2\/users\/1"}],"replies":[{"embeddable":true,"href":"https:\/\/formaxx.de\/nds-de\/wp-json\/wp\/v2\/comments?post=25240"}],"version-history":[{"count":0,"href":"https:\/\/formaxx.de\/nds-de\/wp-json\/wp\/v2\/pages\/25240\/revisions"}],"up":[{"embeddable":true,"href":"https:\/\/formaxx.de\/nds-de\/wp-json\/wp\/v2\/pages\/25124"}],"wp:featuredmedia":[{"embeddable":true,"href":"https:\/\/formaxx.de\/nds-de\/wp-json\/wp\/v2\/media\/24464"}],"wp:attachment":[{"href":"https:\/\/formaxx.de\/nds-de\/wp-json\/wp\/v2\/media?parent=25240"}],"wp:term":[{"taxonomy":"folder","embeddable":true,"href":"https:\/\/formaxx.de\/nds-de\/wp-json\/wp\/v2\/folder?post=25240"}],"curies":[{"name":"wp","href":"https:\/\/api.w.org\/{rel}","templated":true}]}}