{"id":25182,"date":"2021-06-08T11:39:10","date_gmt":"2021-06-08T09:39:10","guid":{"rendered":"https:\/\/formaxx.de\/formaxx-firmenberatung\/leistungen\/sicherheit\/"},"modified":"2021-06-08T11:39:10","modified_gmt":"2021-06-08T09:39:10","slug":"sicherheit","status":"publish","type":"page","link":"https:\/\/formaxx.de\/nds-de\/formaxx-firmenberatung\/leistungen\/sicherheit\/","title":{"rendered":"Sicherheit"},"content":{"rendered":"\t\t<div data-elementor-type=\"wp-page\" data-elementor-id=\"25182\" class=\"elementor elementor-25182\" data-elementor-post-type=\"page\">\n\t\t\t\t\t\t<section class=\"elementor-section elementor-top-section elementor-element elementor-element-f1b04e0 elementor-section-boxed elementor-section-height-default elementor-section-height-default\" data-id=\"f1b04e0\" data-element_type=\"section\" data-e-type=\"section\">\n\t\t\t\t\t\t<div class=\"elementor-container elementor-column-gap-default\">\n\t\t\t\t\t<div class=\"elementor-column elementor-col-100 elementor-top-column elementor-element elementor-element-2807c49\" data-id=\"2807c49\" data-element_type=\"column\" data-e-type=\"column\">\n\t\t\t<div class=\"elementor-widget-wrap elementor-element-populated\">\n\t\t\t\t\t\t<div class=\"elementor-element elementor-element-88b8ac7 elementor-widget elementor-widget-text-editor\" data-id=\"88b8ac7\" data-element_type=\"widget\" data-e-type=\"widget\" data-widget_type=\"text-editor.default\">\n\t\t\t\t<div class=\"elementor-widget-container\">\n\t\t\t\t\t\t\t\t\t<h2>Auf die Branche ABGESTIMMT<\/h2><p>Ob produzierender Betrieb, Dienstleister oder H&auml;ndler &ndash; mit individuell konzipierten L&ouml;sungen in den Bereichen Risikomanagement und Versicherung betreuen wir Kunden aus verschiedensten Branchen. In der Eigenschaft als Versicherungsmakler im Firmenbereich sind wir vertrauensvoller und innovativer Partner des Mittelstandes.<\/p><p>F&uuml;r unsere Kunden schaffen wir durch pr&auml;zise und breit angelegte Ausschreibungen einen umfassenden Markt&uuml;berblick. Die optimale Grundlage f&uuml;r die richtigen Entscheidungen im Unternehmen. Als Makler stehen wir zu 100 % auf IHRER Seite &ndash; der Seite unserer Kunden, wo wir uns nicht als Verk&auml;ufer, sondern als objektiver Berater f&uuml;r Risikomanagement und Absicherung sehen &ndash; und das ohne Kompromiss<\/p><p>Bei der Konzeption individueller Versicherungsl&ouml;sungen sind wir unabh&auml;ngig und k&ouml;nnen aus den Produkten aller Versicherungsgesellschaften das passende Paket schn&uuml;ren. Ebenso unabh&auml;ngig und objektiv sind wir bei der regelm&auml;&szlig;igen &Uuml;berpr&uuml;fung der L&ouml;sungsans&auml;tze, sowie der st&auml;ndigen Weiterentwicklung individueller Deckungskonzepte. Insbesondere im Schadensfall vertreten wir die Interessen unserer Kunden uneingeschr&auml;nkt gegen&uuml;ber den Beteiligten, sodass Sie ein optimales Ergebnis haben &ndash; mit minimalem eigenen Aufwand.<\/p><p>Wir beraten ganzheitlich, d.h. nicht nur die Entwicklung einer umfassenden und individuellen Versicherungsdeckung, sondern auch ein Risikomanagement, das schon viel fr&uuml;her ansetzt und der Deckung f&uuml;r den Schadensfall nur die Rolle der Ultima Ratio zukommen l&auml;sst, ist Bestandteil der Zusammenarbeit.<\/p><p>Vorsorgema&szlig;nahmen sind h&auml;ufig noch wirksamere Ans&auml;tze und sch&uuml;tzen das Unternehmen vor dem Eintritt eines Schadens. Aktuell ist der &bdquo;Cyberbereich&ldquo; mit dem Stichwort &bdquo;Datensicherheit&ldquo; daf&uuml;r das beste Beispiel.<\/p>\t\t\t\t\t\t\t\t<\/div>\n\t\t\t\t<\/div>\n\t\t\t\t<div class=\"elementor-element elementor-element-d8efb12 elementor-widget elementor-widget-text-editor\" data-id=\"d8efb12\" data-element_type=\"widget\" data-e-type=\"widget\" data-widget_type=\"text-editor.default\">\n\t\t\t\t<div class=\"elementor-widget-container\">\n\t\t\t\t\t\t\t\t\t<h2>Wohnungswirtschaft und Privatverm&ouml;gen<\/h2><p>Eine serviceorientierte Rundum-Betreuung war uns als Versicherungspartner schon immer wichtig. So war es f&uuml;r uns nur ein logischer Schritt, auch den Menschen hinter den Unternehmen ein kompetenter Berater zu sein und auch hier individuelle Deckungskonzepte zu entwickeln. Ob Kunst, Oldtimer oder Immobilien &ndash; auch in der Sicherung von Privatverm&ouml;gen verf&uuml;gen wir &uuml;ber ein umfassendes Portfolio und langj&auml;hrige Erfahrung.<\/p>\t\t\t\t\t\t\t\t<\/div>\n\t\t\t\t<\/div>\n\t\t\t\t<div class=\"elementor-element elementor-element-7f01a2d elementor-widget elementor-widget-text-editor\" data-id=\"7f01a2d\" data-element_type=\"widget\" data-e-type=\"widget\" data-widget_type=\"text-editor.default\">\n\t\t\t\t<div class=\"elementor-widget-container\">\n\t\t\t\t\t\t\t\t\t<h2>FAZIT:<\/h2><p>Eine &Uuml;berpr&uuml;fung der vorhandenen Absicherung und eine Bewertung der m&ouml;glichen Risiken im Unternehmen gibt Sicherheit!<\/p><p>Durch einen aktuellen Check erhalten Sie entweder die Best&auml;tigung &bdquo;alles in Ordnung und gut aufgestellt&ldquo; oder Sie bekommen wertvolle Hinweise zu Kostensenkungen und verbesserten Absicherungen Ihrer unternehmerischen Risiken.<\/p><p>Sprechen Sie uns an &ndash; ein erster Austausch ist auch &uuml;ber einen Video-Call m&ouml;glich.<\/p>\t\t\t\t\t\t\t\t<\/div>\n\t\t\t\t<\/div>\n\t\t\t\t<div class=\"elementor-element elementor-element-2c4607d elementor-widget elementor-widget-template\" data-id=\"2c4607d\" data-element_type=\"widget\" data-e-type=\"widget\" data-widget_type=\"template.default\">\n\t\t\t\t<div class=\"elementor-widget-container\">\n\t\t\t\t\t\t\t<div class=\"elementor-template\">\n\t\t\t\t\t<div data-elementor-type=\"section\" data-elementor-id=\"9079\" class=\"elementor elementor-9079\" data-elementor-post-type=\"elementor_library\">\n\t\t\t<div class=\"elementor-element elementor-element-9ee0b09 e-flex e-con-boxed e-con e-parent\" data-id=\"9ee0b09\" data-element_type=\"container\" data-e-type=\"container\">\n\t\t\t\t\t<div class=\"e-con-inner\">\n\t\t\t\t<div class=\"elementor-element elementor-element-360508c elementor-button-align-center elementor-widget elementor-widget-form\" data-id=\"360508c\" data-element_type=\"widget\" data-e-type=\"widget\" data-settings='{\"step_next_label\":\"weiter\",\"step_previous_label\":\"zur\\u00fcck\",\"button_width\":\"100\",\"step_type\":\"number_text\",\"step_icon_shape\":\"circle\"}' data-widget_type=\"form.default\">\n\t\t\t\t<div class=\"elementor-widget-container\">\n\t\t\t\t\t\t\t<form class=\"elementor-form\" method=\"post\" name=\"Neues Formular\" aria-label=\"Neues Formular\">\n\t\t\t<input type=\"hidden\" name=\"post_id\" value=\"9079\">\n\t\t\t<input type=\"hidden\" name=\"form_id\" value=\"360508c\">\n\t\t\t<input type=\"hidden\" name=\"referer_title\" value=\"Sicherheit - FORMAXX AG\">\n\n\t\t\t\t\t\t\t<input type=\"hidden\" name=\"queried_id\" value=\"25182\">\n\t\t\t\n\t\t\t<div class=\"elementor-form-fields-wrapper elementor-labels-above\">\n\t\t\t\t\t\t\t\t<div class=\"elementor-field-type-step elementor-field-group elementor-column elementor-field-group-field_6ce683c elementor-col-100\">\n\t\t\t\t\t\t\t<div class=\"e-field-step elementor-hidden\" data-label=\"pers&ouml;nliche Daten\" data-previousbutton=\"\" data-nextbutton=\"\" data-iconurl=\"\" data-iconlibrary=\"fas fa-star\" data-icon=\"\"><\/div>\n\n\t\t\t\t\t\t<\/div>\n\t\t\t\t\t\t\t\t<div class=\"elementor-field-type-text elementor-field-group elementor-column elementor-field-group-name elementor-col-100 elementor-field-required elementor-mark-required\">\n\t\t\t\t\t\t\t\t\t\t\t\t<label for=\"form-field-name\" class=\"elementor-field-label\">\n\t\t\t\t\t\t\t\tName\t\t\t\t\t\t\t<\/label>\n\t\t\t\t\t\t\t\t\t\t\t\t\t\t<input size=\"1\" type=\"text\" name=\"form_fields[name]\" id=\"form-field-name\" class=\"elementor-field elementor-size-sm  elementor-field-textual\" placeholder=\"Name\" required=\"required\">\n\t\t\t\t\t\t\t\t\t\t\t<\/div>\n\t\t\t\t\t\t\t\t<div class=\"elementor-field-type-text elementor-field-group elementor-column elementor-field-group-field_1ba3778 elementor-col-100 elementor-field-required elementor-mark-required\">\n\t\t\t\t\t\t\t\t\t\t\t\t<label for=\"form-field-field_1ba3778\" class=\"elementor-field-label\">\n\t\t\t\t\t\t\t\tVorname\t\t\t\t\t\t\t<\/label>\n\t\t\t\t\t\t\t\t\t\t\t\t\t\t<input size=\"1\" type=\"text\" name=\"form_fields[field_1ba3778]\" id=\"form-field-field_1ba3778\" class=\"elementor-field elementor-size-sm  elementor-field-textual\" placeholder=\"Vorname\" required=\"required\">\n\t\t\t\t\t\t\t\t\t\t\t<\/div>\n\t\t\t\t\t\t\t\t<div class=\"elementor-field-type-text elementor-field-group elementor-column elementor-field-group-field_d48bb74 elementor-col-100\">\n\t\t\t\t\t\t\t\t\t\t\t\t<label for=\"form-field-field_d48bb74\" class=\"elementor-field-label\">\n\t\t\t\t\t\t\t\tUnternehmen\t\t\t\t\t\t\t<\/label>\n\t\t\t\t\t\t\t\t\t\t\t\t\t\t<input size=\"1\" type=\"text\" name=\"form_fields[field_d48bb74]\" id=\"form-field-field_d48bb74\" class=\"elementor-field elementor-size-sm  elementor-field-textual\" placeholder=\"Unternehmen\">\n\t\t\t\t\t\t\t\t\t\t\t<\/div>\n\t\t\t\t\t\t\t\t<div class=\"elementor-field-type-tel elementor-field-group elementor-column elementor-field-group-email elementor-col-100 elementor-field-required elementor-mark-required\">\n\t\t\t\t\t\t\t\t\t\t\t\t<label for=\"form-field-email\" class=\"elementor-field-label\">\n\t\t\t\t\t\t\t\tTelefon\t\t\t\t\t\t\t<\/label>\n\t\t\t\t\t\t\t\t<input size=\"1\" type=\"tel\" name=\"form_fields[email]\" id=\"form-field-email\" class=\"elementor-field elementor-size-sm  elementor-field-textual\" placeholder=\"Telefon\" required=\"required\" pattern=\"[0-9()#&amp;+*-=.]+\" title=\"Nur Nummern oder Telefon-Zeichen (#, -, *, etc) werden akzeptiert.\">\n\n\t\t\t\t\t\t<\/div>\n\t\t\t\t\t\t\t\t<div class=\"elementor-field-type-email elementor-field-group elementor-column elementor-field-group-email elementor-col-100 elementor-field-required elementor-mark-required\">\n\t\t\t\t\t\t\t\t\t\t\t\t<label for=\"form-field-email\" class=\"elementor-field-label\">\n\t\t\t\t\t\t\t\tE-Mail\t\t\t\t\t\t\t<\/label>\n\t\t\t\t\t\t\t\t\t\t\t\t\t\t<input size=\"1\" type=\"email\" name=\"form_fields[email]\" id=\"form-field-email\" class=\"elementor-field elementor-size-sm  elementor-field-textual\" placeholder=\"E-Mail\" required=\"required\">\n\t\t\t\t\t\t\t\t\t\t\t<\/div>\n\t\t\t\t\t\t\t\t<div class=\"elementor-field-type-step elementor-field-group elementor-column elementor-field-group-field_1ea635b elementor-col-100\">\n\t\t\t\t\t\t\t<div class=\"e-field-step elementor-hidden\" data-label=\"Nachricht\" data-previousbutton=\"\" data-nextbutton=\"\" data-iconurl=\"\" data-iconlibrary=\"fas fa-star\" data-icon=\"\"><\/div>\n\n\t\t\t\t\t\t<\/div>\n\t\t\t\t\t\t\t\t<div class=\"elementor-field-type-textarea elementor-field-group elementor-column elementor-field-group-message elementor-col-100\">\n\t\t\t\t\t\t\t\t\t\t\t\t<label for=\"form-field-message\" class=\"elementor-field-label\">\n\t\t\t\t\t\t\t\tNachricht\t\t\t\t\t\t\t<\/label>\n\t\t\t\t\t\t<textarea class=\"elementor-field-textual elementor-field  elementor-size-sm\" name=\"form_fields[message]\" id=\"form-field-message\" rows=\"4\" placeholder=\"Nachricht\"><\/textarea>\t\t\t\t<\/div>\n\t\t\t\t\t\t\t\t<div class=\"elementor-field-type-step elementor-field-group elementor-column elementor-field-group-field_5983a5a elementor-col-100\">\n\t\t\t\t\t\t\t<div class=\"e-field-step elementor-hidden\" data-label=\"Senden\" data-previousbutton=\"\" data-nextbutton=\"\" data-iconurl=\"\" data-iconlibrary=\"fas fa-star\" data-icon=\"\"><\/div>\n\n\t\t\t\t\t\t<\/div>\n\t\t\t\t\t\t\t\t<div class=\"elementor-field-type-acceptance elementor-field-group elementor-column elementor-field-group-zustimmungdatenschutzerklaerung elementor-col-100 elementor-field-required elementor-mark-required\">\n\t\t\t\t\t\t\t\t\t\t\t\t<label for=\"form-field-zustimmungdatenschutzerklaerung\" class=\"elementor-field-label\">\n\t\t\t\t\t\t\t\tZustimmung Datenschutzerklaerung\t\t\t\t\t\t\t<\/label>\n\t\t\t\t\t\t\t\t<div class=\"elementor-field-subgroup\">\n\t\t\t<span class=\"elementor-field-option\">\n\t\t\t\t<input type=\"checkbox\" name=\"form_fields[zustimmungdatenschutzerklaerung]\" id=\"form-field-zustimmungdatenschutzerklaerung\" class=\"elementor-field elementor-size-sm  elementor-acceptance-field\" required=\"required\">\n\t\t\t\t<label for=\"form-field-zustimmungdatenschutzerklaerung\"> Ich habe die <a href=\"\/datenschutz\">Datenschutzerkl&auml;rung zur Kenntnis genommen und akzeptiert. <strong>(Pflichtfeld)<\/strong><\/a><\/label>\t\t\t<\/span>\n\t\t<\/div>\n\t\t\t\t\t\t<\/div>\n\t\t\t\t\t\t\t\t<div class=\"elementor-field-type-acceptance elementor-field-group elementor-column elementor-field-group-zustimmungdatenspeicherung elementor-col-100 elementor-field-required elementor-mark-required\">\n\t\t\t\t\t\t\t\t\t\t\t\t<label for=\"form-field-zustimmungdatenspeicherung\" class=\"elementor-field-label\">\n\t\t\t\t\t\t\t\tZustimmung Datenspeicherung\t\t\t\t\t\t\t<\/label>\n\t\t\t\t\t\t\t\t<div class=\"elementor-field-subgroup\">\n\t\t\t<span class=\"elementor-field-option\">\n\t\t\t\t<input type=\"checkbox\" name=\"form_fields[zustimmungdatenspeicherung]\" id=\"form-field-zustimmungdatenspeicherung\" class=\"elementor-field elementor-size-sm  elementor-acceptance-field\" required=\"required\">\n\t\t\t\t<label for=\"form-field-zustimmungdatenspeicherung\">Ich stimme zu, dass meine Formularangaben zur Kontaktaufnahme bzw. zur Bearbeitung meines Anliegens gespeichert werden. Ich bin damit einverstanden, dass die FORMAXX AG mich per Telefon und\/oder auf elektronischem Wege (bspw. SMS, Fax, E-Mail) kontaktiert, um mein Anliegen zu kl&auml;ren. (Pflichtfeld)<\/label>\t\t\t<\/span>\n\t\t<\/div>\n\t\t\t\t\t\t<\/div>\n\t\t\t\t\t\t\t\t<div class=\"elementor-field-type-acceptance elementor-field-group elementor-column elementor-field-group-werbeeinverstaednis elementor-col-100\">\n\t\t\t\t\t\t\t\t\t\t\t\t<label for=\"form-field-werbeeinverstaednis\" class=\"elementor-field-label\">\n\t\t\t\t\t\t\t\tWerbeeinverst&auml;ndnis\t\t\t\t\t\t\t<\/label>\n\t\t\t\t\t\t\t\t<div class=\"elementor-field-subgroup\">\n\t\t\t<span class=\"elementor-field-option\">\n\t\t\t\t<input type=\"checkbox\" name=\"form_fields[werbeeinverstaednis]\" id=\"form-field-werbeeinverstaednis\" class=\"elementor-field elementor-size-sm  elementor-acceptance-field\">\n\t\t\t\t<label for=\"form-field-werbeeinverstaednis\">Ich bin damit einverstanden, dass die FORMAXX AG mir interessante Angebote und\/ oder Informationen per Telefon, Post oder E-Mail unterbreitet. Diese Einwilligung kann ich jederzeit gegen&uuml;ber der FORMAXX AG widerrufen. Meine personenbezogenen Daten speichert die FORMAXX AG unter Einhaltung des Bundesdatenschutzgesetzes\/Datenschutzgrundverordnung nur zum daf&uuml;r vorgesehenen Zweck. Auf meinen Wunsch hin wird die FORMAXX AG jederzeit eine &Auml;nderung, Besichtigung, Sperrung oder ggf. L&ouml;schung der personenbezogenen Daten vornehmen.<\/label>\t\t\t<\/span>\n\t\t<\/div>\n\t\t\t\t\t\t<\/div>\n\t\t\t\t<div class=\"elementor-field-type-text elementor-field-group elementor-column elementor-field-group-text elementor-col-100 elementor-field-required\"><input type=\"hidden\" name=\"php_start_time\" value=\"1777532639.2888\"><input type=\"hidden\" name=\"js_end_time\" class=\"js_end_time\" value=\"\"><input type=\"hidden\" name=\"js_start_time\" class=\"js_start_time\" value=\"\"><input id=\"f12_captcha\" type=\"text\" style=\"visibility:hidden!important; opacity:1!important; height:0!important; width:0!important; margin:0!important; padding:0!important;\" name=\"f12_captcha\" value=\"\"><\/div>\t\t\t\t<div class=\"elementor-field-type-text\">\n\t\t\t\t\t<input size=\"1\" type=\"text\" name=\"form_fields[field_9ed1342]\" id=\"form-field-field_9ed1342\" class=\"elementor-field elementor-size-sm \" style=\"display:none !important;\">\t\t\t\t<\/div>\n\t\t\t\t\t\t\t\t<div class=\"elementor-field-group elementor-column elementor-field-type-submit elementor-col-100 e-form__buttons\">\n\t\t\t\t\t<button class=\"elementor-button elementor-size-sm\" type=\"submit\">\n\t\t\t\t\t\t<span class=\"elementor-button-content-wrapper\">\n\t\t\t\t\t\t\t\t\t\t\t\t\t\t\t\t\t\t\t\t\t\t<span class=\"elementor-button-text\">Senden<\/span>\n\t\t\t\t\t\t\t\t\t\t\t\t\t<\/span>\n\t\t\t\t\t<\/button>\n\t\t\t\t<\/div>\n\t\t\t<\/div>\n\t\t<\/form>\n\t\t\t\t\t\t<\/div>\n\t\t\t\t<\/div>\n\t\t\t\t\t<\/div>\n\t\t\t\t<\/div>\n\t\t\t\t<\/div>\n\t\t\t\t<\/div>\n\t\t\t\t\t\t<\/div>\n\t\t\t\t<\/div>\n\t\t\t\t\t<\/div>\n\t\t<\/div>\n\t\t\t\t\t<\/div>\n\t\t<\/section>\n\t\t\t\t<\/div>\n\t\t","protected":false},"excerpt":{"rendered":"<p>Perfekt auf die Branche abgestimmt Ob produzierendes Unternehmen, Dienstleister oder H\u00e4ndler \u2013 mit ma\u00dfgeschneiderten L\u00f6sungen in Risikomanagement und Versicherung betreuen wir Kunden aus vielen verschiedenen Branchen. Als Versicherungsmakler im Firmenbereich sind wir ein vertrauensvoller und innovativer Partner f\u00fcr den Mittelstand. F\u00fcr unsere Kunden sorgen wir mit genauen und umfangreichen Ausschreibungen f\u00fcr einen umfassenden \u00dcberblick \u00fcber [&hellip;]<\/p>\n","protected":false},"author":1,"featured_media":24321,"parent":25176,"menu_order":0,"comment_status":"closed","ping_status":"closed","template":"","meta":{"_acf_changed":false,"footnotes":""},"folder":[54],"class_list":["post-25182","page","type-page","status-publish","has-post-thumbnail","hentry"],"acf":[],"yoast_head":"<!-- This site is optimized with the Yoast SEO plugin v27.5 - https:\/\/yoast.com\/product\/yoast-seo-wordpress\/ -->\n<title>Sicherheit - FORMAXX AG<\/title>\n<meta name=\"description\" content=\"FORMAXX bietet Unternehmen individuelle Sicherheitsl\u00f6sungen, einschlie\u00dflich Risikomanagement und ma\u00dfgeschneiderter Versicherungskonzepte.\" \/>\n<meta name=\"robots\" content=\"index, follow, max-snippet:-1, max-image-preview:large, max-video-preview:-1\" \/>\n<meta property=\"og:locale\" content=\"en_US\" \/>\n<meta property=\"og:type\" content=\"article\" \/>\n<meta property=\"og:title\" content=\"Sicherheit - FORMAXX AG\" \/>\n<meta property=\"og:description\" content=\"FORMAXX bietet Unternehmen individuelle Sicherheitsl\u00f6sungen, einschlie\u00dflich Risikomanagement und ma\u00dfgeschneiderter Versicherungskonzepte.\" \/>\n<meta property=\"og:url\" content=\"https:\/\/formaxx.de\/nds-de\/formaxx-firmenberatung\/leistungen\/sicherheit\/\" \/>\n<meta property=\"og:site_name\" content=\"FORMAXX AG\" \/>\n<meta property=\"og:image\" content=\"https:\/\/formaxx.de\/wp-content\/uploads\/2021\/06\/sicherheit.jpg\" \/>\n\t<meta property=\"og:image:width\" content=\"1620\" \/>\n\t<meta property=\"og:image:height\" content=\"1080\" \/>\n\t<meta property=\"og:image:type\" content=\"image\/jpeg\" \/>\n<meta name=\"twitter:card\" content=\"summary_large_image\" \/>\n<meta name=\"twitter:label1\" content=\"Gesch\u00e4tzte Lesezeit\" \/>\n\t<meta name=\"twitter:data1\" content=\"2\u00a0Minuten\" \/>\n<script type=\"application\/ld+json\" class=\"yoast-schema-graph\">{\"@context\":\"https:\\\/\\\/schema.org\",\"@graph\":[{\"@type\":\"WebPage\",\"@id\":\"https:\\\/\\\/formaxx.de\\\/nds-de\\\/formaxx-firmenberatung\\\/leistungen\\\/sicherheit\\\/\",\"url\":\"https:\\\/\\\/formaxx.de\\\/nds-de\\\/formaxx-firmenberatung\\\/leistungen\\\/sicherheit\\\/\",\"name\":\"Sicherheit - FORMAXX AG\",\"isPartOf\":{\"@id\":\"https:\\\/\\\/formaxx.de\\\/#website\"},\"primaryImageOfPage\":{\"@id\":\"https:\\\/\\\/formaxx.de\\\/nds-de\\\/formaxx-firmenberatung\\\/leistungen\\\/sicherheit\\\/#primaryimage\"},\"image\":{\"@id\":\"https:\\\/\\\/formaxx.de\\\/nds-de\\\/formaxx-firmenberatung\\\/leistungen\\\/sicherheit\\\/#primaryimage\"},\"thumbnailUrl\":\"https:\\\/\\\/formaxx.de\\\/wp-content\\\/uploads\\\/2021\\\/06\\\/sicherheit.jpg\",\"datePublished\":\"2021-06-08T09:39:10+00:00\",\"description\":\"FORMAXX bietet Unternehmen individuelle Sicherheitsl\u00f6sungen, einschlie\u00dflich Risikomanagement und ma\u00dfgeschneiderter Versicherungskonzepte.\",\"breadcrumb\":{\"@id\":\"https:\\\/\\\/formaxx.de\\\/nds-de\\\/formaxx-firmenberatung\\\/leistungen\\\/sicherheit\\\/#breadcrumb\"},\"inLanguage\":\"de\",\"potentialAction\":[{\"@type\":\"ReadAction\",\"target\":[\"https:\\\/\\\/formaxx.de\\\/nds-de\\\/formaxx-firmenberatung\\\/leistungen\\\/sicherheit\\\/\"]}]},{\"@type\":\"ImageObject\",\"inLanguage\":\"de\",\"@id\":\"https:\\\/\\\/formaxx.de\\\/nds-de\\\/formaxx-firmenberatung\\\/leistungen\\\/sicherheit\\\/#primaryimage\",\"url\":\"https:\\\/\\\/formaxx.de\\\/wp-content\\\/uploads\\\/2021\\\/06\\\/sicherheit.jpg\",\"contentUrl\":\"https:\\\/\\\/formaxx.de\\\/wp-content\\\/uploads\\\/2021\\\/06\\\/sicherheit.jpg\",\"width\":1620,\"height\":1080,\"caption\":\"Firmenberatung \u2013 Sicherheit\"},{\"@type\":\"BreadcrumbList\",\"@id\":\"https:\\\/\\\/formaxx.de\\\/nds-de\\\/formaxx-firmenberatung\\\/leistungen\\\/sicherheit\\\/#breadcrumb\",\"itemListElement\":[{\"@type\":\"ListItem\",\"position\":1,\"name\":\"Startseite\",\"item\":\"https:\\\/\\\/formaxx.de\\\/nds-de\\\/formaxx-ag\\\/\"},{\"@type\":\"ListItem\",\"position\":2,\"name\":\"FORMAXX-Firmenberatung\",\"item\":\"https:\\\/\\\/formaxx.de\\\/nds-de\\\/formaxx-firmenberatung\\\/\"},{\"@type\":\"ListItem\",\"position\":3,\"name\":\"Leistungen\",\"item\":\"https:\\\/\\\/formaxx.de\\\/nds-de\\\/formaxx-firmenberatung\\\/leistungen\\\/\"},{\"@type\":\"ListItem\",\"position\":4,\"name\":\"Sicherheit\"}]},{\"@type\":\"WebSite\",\"@id\":\"https:\\\/\\\/formaxx.de\\\/#website\",\"url\":\"https:\\\/\\\/formaxx.de\\\/\",\"name\":\"FORMAXX AG\",\"description\":\"Ma\u00dfstab in Sachen Finanzberatung\",\"publisher\":{\"@id\":\"https:\\\/\\\/formaxx.de\\\/#organization\"},\"potentialAction\":[{\"@type\":\"SearchAction\",\"target\":{\"@type\":\"EntryPoint\",\"urlTemplate\":\"https:\\\/\\\/formaxx.de\\\/?s={search_term_string}\"},\"query-input\":{\"@type\":\"PropertyValueSpecification\",\"valueRequired\":true,\"valueName\":\"search_term_string\"}}],\"inLanguage\":\"de\"},{\"@type\":\"Organization\",\"@id\":\"https:\\\/\\\/formaxx.de\\\/#organization\",\"name\":\"FORMAXX AG\",\"url\":\"https:\\\/\\\/formaxx.de\\\/\",\"logo\":{\"@type\":\"ImageObject\",\"inLanguage\":\"de\",\"@id\":\"https:\\\/\\\/formaxx.de\\\/#\\\/schema\\\/logo\\\/image\\\/\",\"url\":\"https:\\\/\\\/formaxx.de\\\/wp-content\\\/uploads\\\/2020\\\/11\\\/FORMAXX-Logo.png\",\"contentUrl\":\"https:\\\/\\\/formaxx.de\\\/wp-content\\\/uploads\\\/2020\\\/11\\\/FORMAXX-Logo.png\",\"width\":1920,\"height\":242,\"caption\":\"FORMAXX AG\"},\"image\":{\"@id\":\"https:\\\/\\\/formaxx.de\\\/#\\\/schema\\\/logo\\\/image\\\/\"}}]}<\/script>\n<!-- \/ Yoast SEO plugin. -->","yoast_head_json":{"title":"Sicherheit - FORMAXX AG","description":"FORMAXX bietet Unternehmen individuelle Sicherheitsl\u00f6sungen, einschlie\u00dflich Risikomanagement und ma\u00dfgeschneiderter Versicherungskonzepte.","robots":{"index":"index","follow":"follow","max-snippet":"max-snippet:-1","max-image-preview":"max-image-preview:large","max-video-preview":"max-video-preview:-1"},"og_locale":"en_US","og_type":"article","og_title":"Sicherheit - FORMAXX AG","og_description":"FORMAXX bietet Unternehmen individuelle Sicherheitsl\u00f6sungen, einschlie\u00dflich Risikomanagement und ma\u00dfgeschneiderter Versicherungskonzepte.","og_url":"https:\/\/formaxx.de\/nds-de\/formaxx-firmenberatung\/leistungen\/sicherheit\/","og_site_name":"FORMAXX AG","og_image":[{"width":1620,"height":1080,"url":"https:\/\/formaxx.de\/wp-content\/uploads\/2021\/06\/sicherheit.jpg","type":"image\/jpeg"}],"twitter_card":"summary_large_image","twitter_misc":{"Gesch\u00e4tzte Lesezeit":"2\u00a0Minuten"},"schema":{"@context":"https:\/\/schema.org","@graph":[{"@type":"WebPage","@id":"https:\/\/formaxx.de\/nds-de\/formaxx-firmenberatung\/leistungen\/sicherheit\/","url":"https:\/\/formaxx.de\/nds-de\/formaxx-firmenberatung\/leistungen\/sicherheit\/","name":"Sicherheit - FORMAXX AG","isPartOf":{"@id":"https:\/\/formaxx.de\/#website"},"primaryImageOfPage":{"@id":"https:\/\/formaxx.de\/nds-de\/formaxx-firmenberatung\/leistungen\/sicherheit\/#primaryimage"},"image":{"@id":"https:\/\/formaxx.de\/nds-de\/formaxx-firmenberatung\/leistungen\/sicherheit\/#primaryimage"},"thumbnailUrl":"https:\/\/formaxx.de\/wp-content\/uploads\/2021\/06\/sicherheit.jpg","datePublished":"2021-06-08T09:39:10+00:00","description":"FORMAXX bietet Unternehmen individuelle Sicherheitsl\u00f6sungen, einschlie\u00dflich Risikomanagement und ma\u00dfgeschneiderter Versicherungskonzepte.","breadcrumb":{"@id":"https:\/\/formaxx.de\/nds-de\/formaxx-firmenberatung\/leistungen\/sicherheit\/#breadcrumb"},"inLanguage":"de","potentialAction":[{"@type":"ReadAction","target":["https:\/\/formaxx.de\/nds-de\/formaxx-firmenberatung\/leistungen\/sicherheit\/"]}]},{"@type":"ImageObject","inLanguage":"de","@id":"https:\/\/formaxx.de\/nds-de\/formaxx-firmenberatung\/leistungen\/sicherheit\/#primaryimage","url":"https:\/\/formaxx.de\/wp-content\/uploads\/2021\/06\/sicherheit.jpg","contentUrl":"https:\/\/formaxx.de\/wp-content\/uploads\/2021\/06\/sicherheit.jpg","width":1620,"height":1080,"caption":"Firmenberatung \u2013 Sicherheit"},{"@type":"BreadcrumbList","@id":"https:\/\/formaxx.de\/nds-de\/formaxx-firmenberatung\/leistungen\/sicherheit\/#breadcrumb","itemListElement":[{"@type":"ListItem","position":1,"name":"Startseite","item":"https:\/\/formaxx.de\/nds-de\/formaxx-ag\/"},{"@type":"ListItem","position":2,"name":"FORMAXX-Firmenberatung","item":"https:\/\/formaxx.de\/nds-de\/formaxx-firmenberatung\/"},{"@type":"ListItem","position":3,"name":"Leistungen","item":"https:\/\/formaxx.de\/nds-de\/formaxx-firmenberatung\/leistungen\/"},{"@type":"ListItem","position":4,"name":"Sicherheit"}]},{"@type":"WebSite","@id":"https:\/\/formaxx.de\/#website","url":"https:\/\/formaxx.de\/","name":"FORMAXX AG","description":"Ma\u00dfstab in Sachen Finanzberatung","publisher":{"@id":"https:\/\/formaxx.de\/#organization"},"potentialAction":[{"@type":"SearchAction","target":{"@type":"EntryPoint","urlTemplate":"https:\/\/formaxx.de\/?s={search_term_string}"},"query-input":{"@type":"PropertyValueSpecification","valueRequired":true,"valueName":"search_term_string"}}],"inLanguage":"de"},{"@type":"Organization","@id":"https:\/\/formaxx.de\/#organization","name":"FORMAXX AG","url":"https:\/\/formaxx.de\/","logo":{"@type":"ImageObject","inLanguage":"de","@id":"https:\/\/formaxx.de\/#\/schema\/logo\/image\/","url":"https:\/\/formaxx.de\/wp-content\/uploads\/2020\/11\/FORMAXX-Logo.png","contentUrl":"https:\/\/formaxx.de\/wp-content\/uploads\/2020\/11\/FORMAXX-Logo.png","width":1920,"height":242,"caption":"FORMAXX AG"},"image":{"@id":"https:\/\/formaxx.de\/#\/schema\/logo\/image\/"}}]}},"_links":{"self":[{"href":"https:\/\/formaxx.de\/nds-de\/wp-json\/wp\/v2\/pages\/25182","targetHints":{"allow":["GET"]}}],"collection":[{"href":"https:\/\/formaxx.de\/nds-de\/wp-json\/wp\/v2\/pages"}],"about":[{"href":"https:\/\/formaxx.de\/nds-de\/wp-json\/wp\/v2\/types\/page"}],"author":[{"embeddable":true,"href":"https:\/\/formaxx.de\/nds-de\/wp-json\/wp\/v2\/users\/1"}],"replies":[{"embeddable":true,"href":"https:\/\/formaxx.de\/nds-de\/wp-json\/wp\/v2\/comments?post=25182"}],"version-history":[{"count":0,"href":"https:\/\/formaxx.de\/nds-de\/wp-json\/wp\/v2\/pages\/25182\/revisions"}],"up":[{"embeddable":true,"href":"https:\/\/formaxx.de\/nds-de\/wp-json\/wp\/v2\/pages\/25176"}],"wp:featuredmedia":[{"embeddable":true,"href":"https:\/\/formaxx.de\/nds-de\/wp-json\/wp\/v2\/media\/24321"}],"wp:attachment":[{"href":"https:\/\/formaxx.de\/nds-de\/wp-json\/wp\/v2\/media?parent=25182"}],"wp:term":[{"taxonomy":"folder","embeddable":true,"href":"https:\/\/formaxx.de\/nds-de\/wp-json\/wp\/v2\/folder?post=25182"}],"curies":[{"name":"wp","href":"https:\/\/api.w.org\/{rel}","templated":true}]}}