{"id":25178,"date":"2021-06-08T11:37:43","date_gmt":"2021-06-08T09:37:43","guid":{"rendered":"https:\/\/formaxx.de\/formaxx-firmenberatung\/leistungen\/benefits\/"},"modified":"2021-06-08T11:37:43","modified_gmt":"2021-06-08T09:37:43","slug":"benefits","status":"publish","type":"page","link":"https:\/\/formaxx.de\/nds-de\/formaxx-firmenberatung\/leistungen\/benefits\/","title":{"rendered":"Benefits"},"content":{"rendered":"\t\t<div data-elementor-type=\"wp-page\" data-elementor-id=\"25178\" class=\"elementor elementor-25178\" data-elementor-post-type=\"page\">\n\t\t\t\t\t\t<section class=\"elementor-section elementor-top-section elementor-element elementor-element-949e51b elementor-section-boxed elementor-section-height-default elementor-section-height-default\" data-id=\"949e51b\" data-element_type=\"section\" data-e-type=\"section\">\n\t\t\t\t\t\t<div class=\"elementor-container elementor-column-gap-default\">\n\t\t\t\t\t<div class=\"elementor-column elementor-col-100 elementor-top-column elementor-element elementor-element-adb33dc\" data-id=\"adb33dc\" data-element_type=\"column\" data-e-type=\"column\">\n\t\t\t<div class=\"elementor-widget-wrap elementor-element-populated\">\n\t\t\t\t\t\t<div class=\"elementor-element elementor-element-f788f12 elementor-widget elementor-widget-text-editor\" data-id=\"f788f12\" data-element_type=\"widget\" data-e-type=\"widget\" data-widget_type=\"text-editor.default\">\n\t\t\t\t<div class=\"elementor-widget-container\">\n\t\t\t\t\t\t\t\t\t<h2>Machen Sie das Beste aus der VERG&Uuml;TUNG<\/h2><p>Lohnerh&ouml;hungen sind eine tolle Sache, aber nach Abzug von Lohnsteuern und Sozialabgaben bleibt dem Arbeitnehmer oft nicht einmal die H&auml;lfte des Bezuges &uuml;brig. Den Arbeitgeber kosten sie hingegen viel Geld. Er muss auf den Bruttolohn noch einmal den Arbeitgeberanteil f&uuml;r die Sozialversicherungsabgaben zahlen. Hier bietet sich eine Nettolohnoptimierung an. Sie erm&ouml;glicht eine Lohnkostensenkung, bei der zudem der Arbeitnehmer profitiert. Es kommt zu einer klassischen Win-win-Situation. Dazu wird kurzerhand ein Teil des gezahlten Bruttogehaltes durch sogenannte Lohnbausteine ersetzt. Der Clou besteht darin, dass diese Lohnbausteine entweder gar nicht oder nur zu geringen Teilen zu versteuern sind. Auch Sozialversicherungsabgaben m&uuml;ssen bei optimaler Gestaltung nicht abgef&uuml;hrt werden.<\/p>\t\t\t\t\t\t\t\t<\/div>\n\t\t\t\t<\/div>\n\t\t\t\t<div class=\"elementor-element elementor-element-85acbde elementor-widget elementor-widget-text-editor\" data-id=\"85acbde\" data-element_type=\"widget\" data-e-type=\"widget\" data-widget_type=\"text-editor.default\">\n\t\t\t\t<div class=\"elementor-widget-container\">\n\t\t\t\t\t\t\t\t\t<h2>Der gro&szlig;e Vorteil:<\/h2><h3>Lohnbausteine kommen ungemindert beim Arbeitnehmer an<\/h3><p>Um bei der Nutzung von Lohnbausteinen Fehler zu vermeiden und im Sinne einer Nettolohnoptimierung bestm&ouml;glich profitieren zu k&ouml;nnen, arbeiten wir mit einem professionellen Kooperationspartner zusammen. Auf diese Weise lassen sich die steuer- und sozialversicherungsrechtlichen Spielr&auml;ume im Zuge einer Nettolohnoptimierung ideal und rechtssicher ausnutzen. Keine l&auml;stigen Papiergutscheine und komplizierte Abrechnungen mehr! Webbasierte Portall&ouml;sungen vereinfachen Unternehmen den Belegschaftseinsatz von attraktiven Sachbezugs-Modulen als Alternative zum Barlohn &ndash; simpel und rechtssicher!<\/p>\t\t\t\t\t\t\t\t<\/div>\n\t\t\t\t<\/div>\n\t\t\t\t<div class=\"elementor-element elementor-element-7893bde elementor-widget elementor-widget-text-editor\" data-id=\"7893bde\" data-element_type=\"widget\" data-e-type=\"widget\" data-widget_type=\"text-editor.default\">\n\t\t\t\t<div class=\"elementor-widget-container\">\n\t\t\t\t\t\t\t\t\t<h2>Seien SIE die treibende KRAFT<\/h2><h3>Es gibt gute Gr&uuml;nde, in Ihre Mitarbeiter zu investieren!<\/h3><p>Gerade in sich &auml;ndernden Zeiten sind Unternehmen gefordert, vorhandene Strukturen, Prozesse und Arbeitsmodelle bestm&ouml;glich anzupassen, Fachkr&auml;fte zu binden und zielgenau einzusetzen. Dabei ist vor allem eines unverzichtbar &ndash; der Faktor Mensch. Der Mangel an Wertsch&auml;tzung, zu geringe Verg&uuml;tung und zudem die demografische Entwicklung sind nur einige der Gr&uuml;nde f&uuml;r den akuten Fachkr&auml;ftemangel. Bereits heute k&ouml;nnen in bestimmten Regionen und Branchen offene Stellen nicht mit geeigneten Fachkr&auml;ften besetzt werden.<\/p><p>Jobticket, Dienstwagen oder E-Bike, Restaurant-Schecks, Fitnessstudio-Mitgliedschaft, Personalrabatte, Verm&ouml;genswirksame Leistungen&hellip;<\/p><p>Die Liste der Verg&uuml;nstigungen, mit denen Unternehmen ihre Mitarbeiter jenseits des Gehalts f&uuml;r ihre Arbeit ent- und belohnen k&ouml;nnen ist lang. In der Arbeitswelt von morgen w&uuml;nschen sich Mitarbeiter dar&uuml;ber hinaus Anerkennung, Wertsch&auml;tzung und die Schaffung eines Mehrwertes.<\/p><p>Wir stellen Ihnen innovative, flexible und kosteng&uuml;nstige L&ouml;sungen vor, mit denen Sie als Unternehmen signalisieren, dass Sie die Bed&uuml;rfnisse ihrer Mitarbeiter ernst nehmen. Sie sorgen damit f&uuml;r zufriedene Mitarbeiter und eine Identifikation mit dem Unternehmen.<\/p><p>Sprechen Sie uns an &ndash; ein erster Austausch ist auch &uuml;ber einen Video-Call m&ouml;glich.<\/p>\t\t\t\t\t\t\t\t<\/div>\n\t\t\t\t<\/div>\n\t\t\t\t<div class=\"elementor-element elementor-element-b9ed76a elementor-widget elementor-widget-template\" data-id=\"b9ed76a\" data-element_type=\"widget\" data-e-type=\"widget\" data-widget_type=\"template.default\">\n\t\t\t\t<div class=\"elementor-widget-container\">\n\t\t\t\t\t\t\t<div class=\"elementor-template\">\n\t\t\t\t\t<div data-elementor-type=\"section\" data-elementor-id=\"9079\" class=\"elementor elementor-9079\" data-elementor-post-type=\"elementor_library\">\n\t\t\t<div class=\"elementor-element elementor-element-9ee0b09 e-flex e-con-boxed e-con e-parent\" data-id=\"9ee0b09\" data-element_type=\"container\" data-e-type=\"container\">\n\t\t\t\t\t<div class=\"e-con-inner\">\n\t\t\t\t<div class=\"elementor-element elementor-element-360508c elementor-button-align-center elementor-widget elementor-widget-form\" data-id=\"360508c\" data-element_type=\"widget\" data-e-type=\"widget\" data-settings='{\"step_next_label\":\"weiter\",\"step_previous_label\":\"zur\\u00fcck\",\"button_width\":\"100\",\"step_type\":\"number_text\",\"step_icon_shape\":\"circle\"}' data-widget_type=\"form.default\">\n\t\t\t\t<div class=\"elementor-widget-container\">\n\t\t\t\t\t\t\t<form class=\"elementor-form\" method=\"post\" name=\"Neues Formular\" aria-label=\"Neues Formular\">\n\t\t\t<input type=\"hidden\" name=\"post_id\" value=\"9079\">\n\t\t\t<input type=\"hidden\" name=\"form_id\" value=\"360508c\">\n\t\t\t<input type=\"hidden\" name=\"referer_title\" value=\"Aktuelles - FORMAXX AG\">\n\n\t\t\t\t\t\t\t<input type=\"hidden\" name=\"queried_id\" value=\"4083\">\n\t\t\t\n\t\t\t<div class=\"elementor-form-fields-wrapper elementor-labels-above\">\n\t\t\t\t\t\t\t\t<div class=\"elementor-field-type-step elementor-field-group elementor-column elementor-field-group-field_6ce683c elementor-col-100\">\n\t\t\t\t\t\t\t<div class=\"e-field-step elementor-hidden\" data-label=\"pers&ouml;nliche Daten\" data-previousbutton=\"\" data-nextbutton=\"\" data-iconurl=\"\" data-iconlibrary=\"fas fa-star\" data-icon=\"\"><\/div>\n\n\t\t\t\t\t\t<\/div>\n\t\t\t\t\t\t\t\t<div class=\"elementor-field-type-text elementor-field-group elementor-column elementor-field-group-name elementor-col-100 elementor-field-required elementor-mark-required\">\n\t\t\t\t\t\t\t\t\t\t\t\t<label for=\"form-field-name\" class=\"elementor-field-label\">\n\t\t\t\t\t\t\t\tName\t\t\t\t\t\t\t<\/label>\n\t\t\t\t\t\t\t\t\t\t\t\t\t\t<input size=\"1\" type=\"text\" name=\"form_fields[name]\" id=\"form-field-name\" class=\"elementor-field elementor-size-sm  elementor-field-textual\" placeholder=\"Name\" required=\"required\">\n\t\t\t\t\t\t\t\t\t\t\t<\/div>\n\t\t\t\t\t\t\t\t<div class=\"elementor-field-type-text elementor-field-group elementor-column elementor-field-group-field_1ba3778 elementor-col-100 elementor-field-required elementor-mark-required\">\n\t\t\t\t\t\t\t\t\t\t\t\t<label for=\"form-field-field_1ba3778\" class=\"elementor-field-label\">\n\t\t\t\t\t\t\t\tVorname\t\t\t\t\t\t\t<\/label>\n\t\t\t\t\t\t\t\t\t\t\t\t\t\t<input size=\"1\" type=\"text\" name=\"form_fields[field_1ba3778]\" id=\"form-field-field_1ba3778\" class=\"elementor-field elementor-size-sm  elementor-field-textual\" placeholder=\"Vorname\" required=\"required\">\n\t\t\t\t\t\t\t\t\t\t\t<\/div>\n\t\t\t\t\t\t\t\t<div class=\"elementor-field-type-text elementor-field-group elementor-column elementor-field-group-field_d48bb74 elementor-col-100\">\n\t\t\t\t\t\t\t\t\t\t\t\t<label for=\"form-field-field_d48bb74\" class=\"elementor-field-label\">\n\t\t\t\t\t\t\t\tUnternehmen\t\t\t\t\t\t\t<\/label>\n\t\t\t\t\t\t\t\t\t\t\t\t\t\t<input size=\"1\" type=\"text\" name=\"form_fields[field_d48bb74]\" id=\"form-field-field_d48bb74\" class=\"elementor-field elementor-size-sm  elementor-field-textual\" placeholder=\"Unternehmen\">\n\t\t\t\t\t\t\t\t\t\t\t<\/div>\n\t\t\t\t\t\t\t\t<div class=\"elementor-field-type-tel elementor-field-group elementor-column elementor-field-group-email elementor-col-100 elementor-field-required elementor-mark-required\">\n\t\t\t\t\t\t\t\t\t\t\t\t<label for=\"form-field-email\" class=\"elementor-field-label\">\n\t\t\t\t\t\t\t\tTelefon\t\t\t\t\t\t\t<\/label>\n\t\t\t\t\t\t\t\t<input size=\"1\" type=\"tel\" name=\"form_fields[email]\" id=\"form-field-email\" class=\"elementor-field elementor-size-sm  elementor-field-textual\" placeholder=\"Telefon\" required=\"required\" pattern=\"[0-9()#&amp;+*-=.]+\" title=\"Nur Nummern oder Telefon-Zeichen (#, -, *, etc) werden akzeptiert.\">\n\n\t\t\t\t\t\t<\/div>\n\t\t\t\t\t\t\t\t<div class=\"elementor-field-type-email elementor-field-group elementor-column elementor-field-group-email elementor-col-100 elementor-field-required elementor-mark-required\">\n\t\t\t\t\t\t\t\t\t\t\t\t<label for=\"form-field-email\" class=\"elementor-field-label\">\n\t\t\t\t\t\t\t\tE-Mail\t\t\t\t\t\t\t<\/label>\n\t\t\t\t\t\t\t\t\t\t\t\t\t\t<input size=\"1\" type=\"email\" name=\"form_fields[email]\" id=\"form-field-email\" class=\"elementor-field elementor-size-sm  elementor-field-textual\" placeholder=\"E-Mail\" required=\"required\">\n\t\t\t\t\t\t\t\t\t\t\t<\/div>\n\t\t\t\t\t\t\t\t<div class=\"elementor-field-type-step elementor-field-group elementor-column elementor-field-group-field_1ea635b elementor-col-100\">\n\t\t\t\t\t\t\t<div class=\"e-field-step elementor-hidden\" data-label=\"Nachricht\" data-previousbutton=\"\" data-nextbutton=\"\" data-iconurl=\"\" data-iconlibrary=\"fas fa-star\" data-icon=\"\"><\/div>\n\n\t\t\t\t\t\t<\/div>\n\t\t\t\t\t\t\t\t<div class=\"elementor-field-type-textarea elementor-field-group elementor-column elementor-field-group-message elementor-col-100\">\n\t\t\t\t\t\t\t\t\t\t\t\t<label for=\"form-field-message\" class=\"elementor-field-label\">\n\t\t\t\t\t\t\t\tNachricht\t\t\t\t\t\t\t<\/label>\n\t\t\t\t\t\t<textarea class=\"elementor-field-textual elementor-field  elementor-size-sm\" name=\"form_fields[message]\" id=\"form-field-message\" rows=\"4\" placeholder=\"Nachricht\"><\/textarea>\t\t\t\t<\/div>\n\t\t\t\t\t\t\t\t<div class=\"elementor-field-type-step elementor-field-group elementor-column elementor-field-group-field_5983a5a elementor-col-100\">\n\t\t\t\t\t\t\t<div class=\"e-field-step elementor-hidden\" data-label=\"Senden\" data-previousbutton=\"\" data-nextbutton=\"\" data-iconurl=\"\" data-iconlibrary=\"fas fa-star\" data-icon=\"\"><\/div>\n\n\t\t\t\t\t\t<\/div>\n\t\t\t\t\t\t\t\t<div class=\"elementor-field-type-acceptance elementor-field-group elementor-column elementor-field-group-zustimmungdatenschutzerklaerung elementor-col-100 elementor-field-required elementor-mark-required\">\n\t\t\t\t\t\t\t\t\t\t\t\t<label for=\"form-field-zustimmungdatenschutzerklaerung\" class=\"elementor-field-label\">\n\t\t\t\t\t\t\t\tZustimmung Datenschutzerklaerung\t\t\t\t\t\t\t<\/label>\n\t\t\t\t\t\t\t\t<div class=\"elementor-field-subgroup\">\n\t\t\t<span class=\"elementor-field-option\">\n\t\t\t\t<input type=\"checkbox\" name=\"form_fields[zustimmungdatenschutzerklaerung]\" id=\"form-field-zustimmungdatenschutzerklaerung\" class=\"elementor-field elementor-size-sm  elementor-acceptance-field\" required=\"required\">\n\t\t\t\t<label for=\"form-field-zustimmungdatenschutzerklaerung\"> Ich habe die <a href=\"\/datenschutz\">Datenschutzerkl&auml;rung zur Kenntnis genommen und akzeptiert. <strong>(Pflichtfeld)<\/strong><\/a><\/label>\t\t\t<\/span>\n\t\t<\/div>\n\t\t\t\t\t\t<\/div>\n\t\t\t\t\t\t\t\t<div class=\"elementor-field-type-acceptance elementor-field-group elementor-column elementor-field-group-zustimmungdatenspeicherung elementor-col-100 elementor-field-required elementor-mark-required\">\n\t\t\t\t\t\t\t\t\t\t\t\t<label for=\"form-field-zustimmungdatenspeicherung\" class=\"elementor-field-label\">\n\t\t\t\t\t\t\t\tZustimmung Datenspeicherung\t\t\t\t\t\t\t<\/label>\n\t\t\t\t\t\t\t\t<div class=\"elementor-field-subgroup\">\n\t\t\t<span class=\"elementor-field-option\">\n\t\t\t\t<input type=\"checkbox\" name=\"form_fields[zustimmungdatenspeicherung]\" id=\"form-field-zustimmungdatenspeicherung\" class=\"elementor-field elementor-size-sm  elementor-acceptance-field\" required=\"required\">\n\t\t\t\t<label for=\"form-field-zustimmungdatenspeicherung\">Ich stimme zu, dass meine Formularangaben zur Kontaktaufnahme bzw. zur Bearbeitung meines Anliegens gespeichert werden. Ich bin damit einverstanden, dass die FORMAXX AG mich per Telefon und\/oder auf elektronischem Wege (bspw. SMS, Fax, E-Mail) kontaktiert, um mein Anliegen zu kl&auml;ren. (Pflichtfeld)<\/label>\t\t\t<\/span>\n\t\t<\/div>\n\t\t\t\t\t\t<\/div>\n\t\t\t\t\t\t\t\t<div class=\"elementor-field-type-acceptance elementor-field-group elementor-column elementor-field-group-werbeeinverstaednis elementor-col-100\">\n\t\t\t\t\t\t\t\t\t\t\t\t<label for=\"form-field-werbeeinverstaednis\" class=\"elementor-field-label\">\n\t\t\t\t\t\t\t\tWerbeeinverst&auml;ndnis\t\t\t\t\t\t\t<\/label>\n\t\t\t\t\t\t\t\t<div class=\"elementor-field-subgroup\">\n\t\t\t<span class=\"elementor-field-option\">\n\t\t\t\t<input type=\"checkbox\" name=\"form_fields[werbeeinverstaednis]\" id=\"form-field-werbeeinverstaednis\" class=\"elementor-field elementor-size-sm  elementor-acceptance-field\">\n\t\t\t\t<label for=\"form-field-werbeeinverstaednis\">Ich bin damit einverstanden, dass die FORMAXX AG mir interessante Angebote und\/ oder Informationen per Telefon, Post oder E-Mail unterbreitet. Diese Einwilligung kann ich jederzeit gegen&uuml;ber der FORMAXX AG widerrufen. Meine personenbezogenen Daten speichert die FORMAXX AG unter Einhaltung des Bundesdatenschutzgesetzes\/Datenschutzgrundverordnung nur zum daf&uuml;r vorgesehenen Zweck. Auf meinen Wunsch hin wird die FORMAXX AG jederzeit eine &Auml;nderung, Besichtigung, Sperrung oder ggf. L&ouml;schung der personenbezogenen Daten vornehmen.<\/label>\t\t\t<\/span>\n\t\t<\/div>\n\t\t\t\t\t\t<\/div>\n\t\t\t\t<div class=\"elementor-field-type-text elementor-field-group elementor-column elementor-field-group-text elementor-col-100 elementor-field-required\"><input type=\"hidden\" name=\"php_start_time\" value=\"1777623476.552\"><input type=\"hidden\" name=\"js_end_time\" class=\"js_end_time\" value=\"\"><input type=\"hidden\" name=\"js_start_time\" class=\"js_start_time\" value=\"\"><input id=\"f12_captcha\" type=\"text\" style=\"visibility:hidden!important; opacity:1!important; height:0!important; width:0!important; margin:0!important; padding:0!important;\" name=\"f12_captcha\" value=\"\"><\/div>\t\t\t\t<div class=\"elementor-field-type-text\">\n\t\t\t\t\t<input size=\"1\" type=\"text\" name=\"form_fields[field_9ed1342]\" id=\"form-field-field_9ed1342\" class=\"elementor-field elementor-size-sm \" style=\"display:none !important;\">\t\t\t\t<\/div>\n\t\t\t\t\t\t\t\t<div class=\"elementor-field-group elementor-column elementor-field-type-submit elementor-col-100 e-form__buttons\">\n\t\t\t\t\t<button class=\"elementor-button elementor-size-sm\" type=\"submit\">\n\t\t\t\t\t\t<span class=\"elementor-button-content-wrapper\">\n\t\t\t\t\t\t\t\t\t\t\t\t\t\t\t\t\t\t\t\t\t\t<span class=\"elementor-button-text\">Senden<\/span>\n\t\t\t\t\t\t\t\t\t\t\t\t\t<\/span>\n\t\t\t\t\t<\/button>\n\t\t\t\t<\/div>\n\t\t\t<\/div>\n\t\t<\/form>\n\t\t\t\t\t\t<\/div>\n\t\t\t\t<\/div>\n\t\t\t\t\t<\/div>\n\t\t\t\t<\/div>\n\t\t\t\t<\/div>\n\t\t\t\t<\/div>\n\t\t\t\t\t\t<\/div>\n\t\t\t\t<\/div>\n\t\t\t\t\t<\/div>\n\t\t<\/div>\n\t\t\t\t\t<\/div>\n\t\t<\/section>\n\t\t\t\t<\/div>\n\t\t","protected":false},"excerpt":{"rendered":"<p>Nutzen Sie Ihre VERG\u00dcTUNG optimal. Lohnerh\u00f6hungen sind zwar sch\u00f6n, aber nach Abzug von Steuern und Sozialabgaben bleibt oft weniger als die H\u00e4lfte beim Arbeitnehmer h\u00e4ngen. F\u00fcr den Arbeitgeber sind sie au\u00dferdem teuer, weil er neben dem Bruttolohn auch noch Sozialversicherungsbeitr\u00e4ge zahlen muss. Hier hilft eine Nettolohnoptimierung. Dabei k\u00f6nnen die Lohnkosten gesenkt werden und gleichzeitig profitiert [&hellip;]<\/p>\n","protected":false},"author":1,"featured_media":24328,"parent":25176,"menu_order":0,"comment_status":"closed","ping_status":"closed","template":"","meta":{"_acf_changed":false,"footnotes":""},"folder":[54],"class_list":["post-25178","page","type-page","status-publish","has-post-thumbnail","hentry"],"acf":[],"yoast_head":"<!-- This site is optimized with the Yoast SEO plugin v27.5 - https:\/\/yoast.com\/product\/yoast-seo-wordpress\/ -->\n<title>Benefits - FORMAXX AG<\/title>\n<meta name=\"description\" content=\"FORMAXX hilft Unternehmen bei der Implementierung von steueroptimierten Mitarbeiter-Benefits wie Jobtickets und Dienstwagen.\" \/>\n<meta name=\"robots\" content=\"index, follow, max-snippet:-1, max-image-preview:large, max-video-preview:-1\" \/>\n<meta property=\"og:locale\" content=\"en_US\" \/>\n<meta property=\"og:type\" content=\"article\" \/>\n<meta property=\"og:title\" content=\"Benefits - FORMAXX AG\" \/>\n<meta property=\"og:description\" content=\"FORMAXX hilft Unternehmen bei der Implementierung von steueroptimierten Mitarbeiter-Benefits wie Jobtickets und Dienstwagen.\" \/>\n<meta property=\"og:url\" content=\"https:\/\/formaxx.de\/nds-de\/formaxx-firmenberatung\/leistungen\/benefits\/\" \/>\n<meta property=\"og:site_name\" content=\"FORMAXX AG\" \/>\n<meta property=\"og:image\" content=\"https:\/\/formaxx.de\/wp-content\/uploads\/2021\/06\/benefits-header.jpg\" \/>\n\t<meta property=\"og:image:width\" content=\"1920\" \/>\n\t<meta property=\"og:image:height\" content=\"823\" \/>\n\t<meta property=\"og:image:type\" content=\"image\/jpeg\" \/>\n<meta name=\"twitter:card\" content=\"summary_large_image\" \/>\n<meta name=\"twitter:label1\" content=\"Gesch\u00e4tzte Lesezeit\" \/>\n\t<meta name=\"twitter:data1\" content=\"2\u00a0Minuten\" \/>\n<script type=\"application\/ld+json\" class=\"yoast-schema-graph\">{\"@context\":\"https:\\\/\\\/schema.org\",\"@graph\":[{\"@type\":\"WebPage\",\"@id\":\"https:\\\/\\\/formaxx.de\\\/nds-de\\\/formaxx-firmenberatung\\\/leistungen\\\/benefits\\\/\",\"url\":\"https:\\\/\\\/formaxx.de\\\/nds-de\\\/formaxx-firmenberatung\\\/leistungen\\\/benefits\\\/\",\"name\":\"Benefits - FORMAXX AG\",\"isPartOf\":{\"@id\":\"https:\\\/\\\/formaxx.de\\\/#website\"},\"primaryImageOfPage\":{\"@id\":\"https:\\\/\\\/formaxx.de\\\/nds-de\\\/formaxx-firmenberatung\\\/leistungen\\\/benefits\\\/#primaryimage\"},\"image\":{\"@id\":\"https:\\\/\\\/formaxx.de\\\/nds-de\\\/formaxx-firmenberatung\\\/leistungen\\\/benefits\\\/#primaryimage\"},\"thumbnailUrl\":\"https:\\\/\\\/formaxx.de\\\/wp-content\\\/uploads\\\/2021\\\/06\\\/benefits-header.jpg\",\"datePublished\":\"2021-06-08T09:37:43+00:00\",\"description\":\"FORMAXX hilft Unternehmen bei der Implementierung von steueroptimierten Mitarbeiter-Benefits wie Jobtickets und Dienstwagen.\",\"breadcrumb\":{\"@id\":\"https:\\\/\\\/formaxx.de\\\/nds-de\\\/formaxx-firmenberatung\\\/leistungen\\\/benefits\\\/#breadcrumb\"},\"inLanguage\":\"de\",\"potentialAction\":[{\"@type\":\"ReadAction\",\"target\":[\"https:\\\/\\\/formaxx.de\\\/nds-de\\\/formaxx-firmenberatung\\\/leistungen\\\/benefits\\\/\"]}]},{\"@type\":\"ImageObject\",\"inLanguage\":\"de\",\"@id\":\"https:\\\/\\\/formaxx.de\\\/nds-de\\\/formaxx-firmenberatung\\\/leistungen\\\/benefits\\\/#primaryimage\",\"url\":\"https:\\\/\\\/formaxx.de\\\/wp-content\\\/uploads\\\/2021\\\/06\\\/benefits-header.jpg\",\"contentUrl\":\"https:\\\/\\\/formaxx.de\\\/wp-content\\\/uploads\\\/2021\\\/06\\\/benefits-header.jpg\",\"width\":1920,\"height\":823,\"caption\":\"Firmenberatung \u2013 Benefits\"},{\"@type\":\"BreadcrumbList\",\"@id\":\"https:\\\/\\\/formaxx.de\\\/nds-de\\\/formaxx-firmenberatung\\\/leistungen\\\/benefits\\\/#breadcrumb\",\"itemListElement\":[{\"@type\":\"ListItem\",\"position\":1,\"name\":\"Startseite\",\"item\":\"https:\\\/\\\/formaxx.de\\\/nds-de\\\/formaxx-ag\\\/\"},{\"@type\":\"ListItem\",\"position\":2,\"name\":\"FORMAXX-Firmenberatung\",\"item\":\"https:\\\/\\\/formaxx.de\\\/nds-de\\\/formaxx-firmenberatung\\\/\"},{\"@type\":\"ListItem\",\"position\":3,\"name\":\"Leistungen\",\"item\":\"https:\\\/\\\/formaxx.de\\\/nds-de\\\/formaxx-firmenberatung\\\/leistungen\\\/\"},{\"@type\":\"ListItem\",\"position\":4,\"name\":\"Benefits\"}]},{\"@type\":\"WebSite\",\"@id\":\"https:\\\/\\\/formaxx.de\\\/#website\",\"url\":\"https:\\\/\\\/formaxx.de\\\/\",\"name\":\"FORMAXX AG\",\"description\":\"Ma\u00dfstab in Sachen Finanzberatung\",\"publisher\":{\"@id\":\"https:\\\/\\\/formaxx.de\\\/#organization\"},\"potentialAction\":[{\"@type\":\"SearchAction\",\"target\":{\"@type\":\"EntryPoint\",\"urlTemplate\":\"https:\\\/\\\/formaxx.de\\\/?s={search_term_string}\"},\"query-input\":{\"@type\":\"PropertyValueSpecification\",\"valueRequired\":true,\"valueName\":\"search_term_string\"}}],\"inLanguage\":\"de\"},{\"@type\":\"Organization\",\"@id\":\"https:\\\/\\\/formaxx.de\\\/#organization\",\"name\":\"FORMAXX AG\",\"url\":\"https:\\\/\\\/formaxx.de\\\/\",\"logo\":{\"@type\":\"ImageObject\",\"inLanguage\":\"de\",\"@id\":\"https:\\\/\\\/formaxx.de\\\/#\\\/schema\\\/logo\\\/image\\\/\",\"url\":\"https:\\\/\\\/formaxx.de\\\/wp-content\\\/uploads\\\/2020\\\/11\\\/FORMAXX-Logo.png\",\"contentUrl\":\"https:\\\/\\\/formaxx.de\\\/wp-content\\\/uploads\\\/2020\\\/11\\\/FORMAXX-Logo.png\",\"width\":1920,\"height\":242,\"caption\":\"FORMAXX AG\"},\"image\":{\"@id\":\"https:\\\/\\\/formaxx.de\\\/#\\\/schema\\\/logo\\\/image\\\/\"}}]}<\/script>\n<!-- \/ Yoast SEO plugin. -->","yoast_head_json":{"title":"Benefits - FORMAXX AG","description":"FORMAXX hilft Unternehmen bei der Implementierung von steueroptimierten Mitarbeiter-Benefits wie Jobtickets und Dienstwagen.","robots":{"index":"index","follow":"follow","max-snippet":"max-snippet:-1","max-image-preview":"max-image-preview:large","max-video-preview":"max-video-preview:-1"},"og_locale":"en_US","og_type":"article","og_title":"Benefits - FORMAXX AG","og_description":"FORMAXX hilft Unternehmen bei der Implementierung von steueroptimierten Mitarbeiter-Benefits wie Jobtickets und Dienstwagen.","og_url":"https:\/\/formaxx.de\/nds-de\/formaxx-firmenberatung\/leistungen\/benefits\/","og_site_name":"FORMAXX AG","og_image":[{"width":1920,"height":823,"url":"https:\/\/formaxx.de\/wp-content\/uploads\/2021\/06\/benefits-header.jpg","type":"image\/jpeg"}],"twitter_card":"summary_large_image","twitter_misc":{"Gesch\u00e4tzte Lesezeit":"2\u00a0Minuten"},"schema":{"@context":"https:\/\/schema.org","@graph":[{"@type":"WebPage","@id":"https:\/\/formaxx.de\/nds-de\/formaxx-firmenberatung\/leistungen\/benefits\/","url":"https:\/\/formaxx.de\/nds-de\/formaxx-firmenberatung\/leistungen\/benefits\/","name":"Benefits - FORMAXX AG","isPartOf":{"@id":"https:\/\/formaxx.de\/#website"},"primaryImageOfPage":{"@id":"https:\/\/formaxx.de\/nds-de\/formaxx-firmenberatung\/leistungen\/benefits\/#primaryimage"},"image":{"@id":"https:\/\/formaxx.de\/nds-de\/formaxx-firmenberatung\/leistungen\/benefits\/#primaryimage"},"thumbnailUrl":"https:\/\/formaxx.de\/wp-content\/uploads\/2021\/06\/benefits-header.jpg","datePublished":"2021-06-08T09:37:43+00:00","description":"FORMAXX hilft Unternehmen bei der Implementierung von steueroptimierten Mitarbeiter-Benefits wie Jobtickets und Dienstwagen.","breadcrumb":{"@id":"https:\/\/formaxx.de\/nds-de\/formaxx-firmenberatung\/leistungen\/benefits\/#breadcrumb"},"inLanguage":"de","potentialAction":[{"@type":"ReadAction","target":["https:\/\/formaxx.de\/nds-de\/formaxx-firmenberatung\/leistungen\/benefits\/"]}]},{"@type":"ImageObject","inLanguage":"de","@id":"https:\/\/formaxx.de\/nds-de\/formaxx-firmenberatung\/leistungen\/benefits\/#primaryimage","url":"https:\/\/formaxx.de\/wp-content\/uploads\/2021\/06\/benefits-header.jpg","contentUrl":"https:\/\/formaxx.de\/wp-content\/uploads\/2021\/06\/benefits-header.jpg","width":1920,"height":823,"caption":"Firmenberatung \u2013 Benefits"},{"@type":"BreadcrumbList","@id":"https:\/\/formaxx.de\/nds-de\/formaxx-firmenberatung\/leistungen\/benefits\/#breadcrumb","itemListElement":[{"@type":"ListItem","position":1,"name":"Startseite","item":"https:\/\/formaxx.de\/nds-de\/formaxx-ag\/"},{"@type":"ListItem","position":2,"name":"FORMAXX-Firmenberatung","item":"https:\/\/formaxx.de\/nds-de\/formaxx-firmenberatung\/"},{"@type":"ListItem","position":3,"name":"Leistungen","item":"https:\/\/formaxx.de\/nds-de\/formaxx-firmenberatung\/leistungen\/"},{"@type":"ListItem","position":4,"name":"Benefits"}]},{"@type":"WebSite","@id":"https:\/\/formaxx.de\/#website","url":"https:\/\/formaxx.de\/","name":"FORMAXX AG","description":"Ma\u00dfstab in Sachen Finanzberatung","publisher":{"@id":"https:\/\/formaxx.de\/#organization"},"potentialAction":[{"@type":"SearchAction","target":{"@type":"EntryPoint","urlTemplate":"https:\/\/formaxx.de\/?s={search_term_string}"},"query-input":{"@type":"PropertyValueSpecification","valueRequired":true,"valueName":"search_term_string"}}],"inLanguage":"de"},{"@type":"Organization","@id":"https:\/\/formaxx.de\/#organization","name":"FORMAXX AG","url":"https:\/\/formaxx.de\/","logo":{"@type":"ImageObject","inLanguage":"de","@id":"https:\/\/formaxx.de\/#\/schema\/logo\/image\/","url":"https:\/\/formaxx.de\/wp-content\/uploads\/2020\/11\/FORMAXX-Logo.png","contentUrl":"https:\/\/formaxx.de\/wp-content\/uploads\/2020\/11\/FORMAXX-Logo.png","width":1920,"height":242,"caption":"FORMAXX AG"},"image":{"@id":"https:\/\/formaxx.de\/#\/schema\/logo\/image\/"}}]}},"_links":{"self":[{"href":"https:\/\/formaxx.de\/nds-de\/wp-json\/wp\/v2\/pages\/25178","targetHints":{"allow":["GET"]}}],"collection":[{"href":"https:\/\/formaxx.de\/nds-de\/wp-json\/wp\/v2\/pages"}],"about":[{"href":"https:\/\/formaxx.de\/nds-de\/wp-json\/wp\/v2\/types\/page"}],"author":[{"embeddable":true,"href":"https:\/\/formaxx.de\/nds-de\/wp-json\/wp\/v2\/users\/1"}],"replies":[{"embeddable":true,"href":"https:\/\/formaxx.de\/nds-de\/wp-json\/wp\/v2\/comments?post=25178"}],"version-history":[{"count":0,"href":"https:\/\/formaxx.de\/nds-de\/wp-json\/wp\/v2\/pages\/25178\/revisions"}],"up":[{"embeddable":true,"href":"https:\/\/formaxx.de\/nds-de\/wp-json\/wp\/v2\/pages\/25176"}],"wp:featuredmedia":[{"embeddable":true,"href":"https:\/\/formaxx.de\/nds-de\/wp-json\/wp\/v2\/media\/24328"}],"wp:attachment":[{"href":"https:\/\/formaxx.de\/nds-de\/wp-json\/wp\/v2\/media?parent=25178"}],"wp:term":[{"taxonomy":"folder","embeddable":true,"href":"https:\/\/formaxx.de\/nds-de\/wp-json\/wp\/v2\/folder?post=25178"}],"curies":[{"name":"wp","href":"https:\/\/api.w.org\/{rel}","templated":true}]}}