{"id":25164,"date":"2021-02-05T17:06:35","date_gmt":"2021-02-05T16:06:35","guid":{"rendered":"https:\/\/formaxx.de\/leistungen\/altersvorsorge\/foerdercheck\/"},"modified":"2021-02-05T17:06:35","modified_gmt":"2021-02-05T16:06:35","slug":"foerdercheck","status":"publish","type":"page","link":"https:\/\/formaxx.de\/nds-de\/leistungen\/altersvorsorge\/foerdercheck\/","title":{"rendered":"F\u00f6rdercheck"},"content":{"rendered":"\t\t<div data-elementor-type=\"wp-page\" data-elementor-id=\"25164\" class=\"elementor elementor-25164\" data-elementor-post-type=\"page\">\n\t\t\t\t<div class=\"elementor-element elementor-element-c9a8645 e-flex e-con-boxed e-con e-parent\" data-id=\"c9a8645\" data-element_type=\"container\" data-e-type=\"container\">\n\t\t\t\t\t<div class=\"e-con-inner\">\n\t\t\t\t<div class=\"elementor-element elementor-element-0f7dfa6 elementor-widget elementor-widget-text-editor\" data-id=\"0f7dfa6\" data-element_type=\"widget\" data-e-type=\"widget\" data-widget_type=\"text-editor.default\">\n\t\t\t\t<div class=\"elementor-widget-container\">\n\t\t\t\t\t\t\t\t\t<h2>F&ouml;rdercheck bei FORMAXX<\/h2><h3>Schlie&szlig;en Sie Versorgungsl&uuml;cken durch Zusch&uuml;sse und Investments.<\/h3><p>Die Herausforderungen der pers&ouml;nlichen Zukunftssicherung sind gro&szlig;. Der Wandel in der Altersstruktur der Bev&ouml;lkerung nagt am Umlageverfahren in der gesetzlichen Rentenversicherung. Langanhaltende Niedrigzinsphasen und Inflation erschweren zus&auml;tzlich den erfolgreichen Verm&ouml;gensaufbau.<\/p><p>Die gesetzliche Rente bildet aktuell bei vielen Berufst&auml;tigen eine solide Basis, ihre H&ouml;he reicht allerdings zur Deckung der Ausgaben und zum Erhalt des Lebensstandards nicht aus.<\/p><p>Die Lebensstandardl&uuml;cke im Alter betr&auml;gt bei einem Arbeitnehmer mindestens 40 % &ndash; bei Selbst&auml;ndigen und freiberuflich T&auml;tigen liegt sie in den meisten F&auml;llen noch h&ouml;her. Auch Beamte sind nicht zu 100% versorgt und erste Diskussionen zu weiteren Anpassungen nach unten werden gef&uuml;hrt. Diese Lebensstandardl&uuml;cke ist lebensl&auml;nglich vorhanden, nicht nur zu Ruhestandsbeginn.<\/p><h3>Die Situation erfordert ein aktives und fr&uuml;hzeitiges Handeln.<\/h3><p>Es gibt viele M&ouml;glichkeiten, mit staatlich gef&ouml;rderten Modellen in den Verm&ouml;gensaufbau einzusteigen.<\/p><p>Es gilt Zusch&uuml;sse und Zulagen sowie die steuerliche Absetzbarkeit von Sparraten zu pr&uuml;fen.<\/p><p>Rentenversicherungen, Investmentkonzepte zur Alterssicherung, Immobilien oder auch Photovoltaik &ndash; die Optionen sind vielf&auml;ltig und mitsamt F&ouml;rderung und Steuervorteilen meistens sehr attraktiv. Nutzen Sie diese Verst&auml;rker f&uuml;r Ihren Verm&ouml;gensaufbau, es lohnt sich.<\/p><h2>Hier geht es zu Ihrem pers&ouml;nlichen F&ouml;rdercheck.<\/h2>\t\t\t\t\t\t\t\t<\/div>\n\t\t\t\t<\/div>\n\t\t\t\t<div class=\"elementor-element elementor-element-296d3b9 elementor-widget elementor-widget-template\" data-id=\"296d3b9\" data-element_type=\"widget\" data-e-type=\"widget\" data-widget_type=\"template.default\">\n\t\t\t\t<div class=\"elementor-widget-container\">\n\t\t\t\t\t\t\t<div class=\"elementor-template\">\n\t\t\t\t\t<div data-elementor-type=\"section\" data-elementor-id=\"9052\" class=\"elementor elementor-9052\" data-elementor-post-type=\"elementor_library\">\n\t\t\t<div class=\"elementor-element elementor-element-802a11b e-flex e-con-boxed e-con e-parent\" data-id=\"802a11b\" data-element_type=\"container\" data-e-type=\"container\">\n\t\t\t\t\t<div class=\"e-con-inner\">\n\t\t\t\t<div class=\"elementor-element elementor-element-75e2902 elementor-button-align-center elementor-widget elementor-widget-form\" data-id=\"75e2902\" data-element_type=\"widget\" data-e-type=\"widget\" data-settings='{\"step_next_label\":\"weiter\",\"step_previous_label\":\"zur\\u00fcck\",\"button_width\":\"100\",\"step_type\":\"number_text\",\"step_icon_shape\":\"circle\"}' data-widget_type=\"form.default\">\n\t\t\t\t<div class=\"elementor-widget-container\">\n\t\t\t\t\t\t\t<form class=\"elementor-form\" method=\"post\" name=\"Neues Formular\" aria-label=\"Neues Formular\">\n\t\t\t<input type=\"hidden\" name=\"post_id\" value=\"9052\">\n\t\t\t<input type=\"hidden\" name=\"form_id\" value=\"75e2902\">\n\t\t\t<input type=\"hidden\" name=\"referer_title\" value=\"F&ouml;rdercheck - FORMAXX AG\">\n\n\t\t\t\t\t\t\t<input type=\"hidden\" name=\"queried_id\" value=\"651\">\n\t\t\t\n\t\t\t<div class=\"elementor-form-fields-wrapper elementor-labels-above\">\n\t\t\t\t\t\t\t\t<div class=\"elementor-field-type-step elementor-field-group elementor-column elementor-field-group-field_6ce683c elementor-col-100\">\n\t\t\t\t\t\t\t<div class=\"e-field-step elementor-hidden\" data-label=\"pers&ouml;nliche Daten\" data-previousbutton=\"\" data-nextbutton=\"\" data-iconurl=\"\" data-iconlibrary=\"fas fa-star\" data-icon=\"\"><\/div>\n\n\t\t\t\t\t\t<\/div>\n\t\t\t\t\t\t\t\t<div class=\"elementor-field-type-text elementor-field-group elementor-column elementor-field-group-name elementor-col-100 elementor-field-required elementor-mark-required\">\n\t\t\t\t\t\t\t\t\t\t\t\t<label for=\"form-field-name\" class=\"elementor-field-label\">\n\t\t\t\t\t\t\t\tName\t\t\t\t\t\t\t<\/label>\n\t\t\t\t\t\t\t\t\t\t\t\t\t\t<input size=\"1\" type=\"text\" name=\"form_fields[name]\" id=\"form-field-name\" class=\"elementor-field elementor-size-sm  elementor-field-textual\" placeholder=\"Name\" required=\"required\">\n\t\t\t\t\t\t\t\t\t\t\t<\/div>\n\t\t\t\t\t\t\t\t<div class=\"elementor-field-type-text elementor-field-group elementor-column elementor-field-group-field_1ba3778 elementor-col-100 elementor-field-required elementor-mark-required\">\n\t\t\t\t\t\t\t\t\t\t\t\t<label for=\"form-field-field_1ba3778\" class=\"elementor-field-label\">\n\t\t\t\t\t\t\t\tVorname\t\t\t\t\t\t\t<\/label>\n\t\t\t\t\t\t\t\t\t\t\t\t\t\t<input size=\"1\" type=\"text\" name=\"form_fields[field_1ba3778]\" id=\"form-field-field_1ba3778\" class=\"elementor-field elementor-size-sm  elementor-field-textual\" placeholder=\"Vorname\" required=\"required\">\n\t\t\t\t\t\t\t\t\t\t\t<\/div>\n\t\t\t\t\t\t\t\t<div class=\"elementor-field-type-text elementor-field-group elementor-column elementor-field-group-field_d48bb74 elementor-col-100\">\n\t\t\t\t\t\t\t\t\t\t\t\t<label for=\"form-field-field_d48bb74\" class=\"elementor-field-label\">\n\t\t\t\t\t\t\t\tUnternehmen\t\t\t\t\t\t\t<\/label>\n\t\t\t\t\t\t\t\t\t\t\t\t\t\t<input size=\"1\" type=\"text\" name=\"form_fields[field_d48bb74]\" id=\"form-field-field_d48bb74\" class=\"elementor-field elementor-size-sm  elementor-field-textual\" placeholder=\"Unternehmen\">\n\t\t\t\t\t\t\t\t\t\t\t<\/div>\n\t\t\t\t\t\t\t\t<div class=\"elementor-field-type-tel elementor-field-group elementor-column elementor-field-group-email elementor-col-100 elementor-field-required elementor-mark-required\">\n\t\t\t\t\t\t\t\t\t\t\t\t<label for=\"form-field-email\" class=\"elementor-field-label\">\n\t\t\t\t\t\t\t\tTelefon\t\t\t\t\t\t\t<\/label>\n\t\t\t\t\t\t\t\t<input size=\"1\" type=\"tel\" name=\"form_fields[email]\" id=\"form-field-email\" class=\"elementor-field elementor-size-sm  elementor-field-textual\" placeholder=\"Telefon\" required=\"required\" pattern=\"[0-9()#&amp;+*-=.]+\" title=\"Nur Nummern oder Telefon-Zeichen (#, -, *, etc) werden akzeptiert.\">\n\n\t\t\t\t\t\t<\/div>\n\t\t\t\t\t\t\t\t<div class=\"elementor-field-type-email elementor-field-group elementor-column elementor-field-group-email elementor-col-100 elementor-field-required elementor-mark-required\">\n\t\t\t\t\t\t\t\t\t\t\t\t<label for=\"form-field-email\" class=\"elementor-field-label\">\n\t\t\t\t\t\t\t\tE-Mail\t\t\t\t\t\t\t<\/label>\n\t\t\t\t\t\t\t\t\t\t\t\t\t\t<input size=\"1\" type=\"email\" name=\"form_fields[email]\" id=\"form-field-email\" class=\"elementor-field elementor-size-sm  elementor-field-textual\" placeholder=\"E-Mail\" required=\"required\">\n\t\t\t\t\t\t\t\t\t\t\t<\/div>\n\t\t\t\t\t\t\t\t<div class=\"elementor-field-type-step elementor-field-group elementor-column elementor-field-group-field_1ea635b elementor-col-100\">\n\t\t\t\t\t\t\t<div class=\"e-field-step elementor-hidden\" data-label=\"Nachricht\" data-previousbutton=\"\" data-nextbutton=\"\" data-iconurl=\"\" data-iconlibrary=\"fas fa-star\" data-icon=\"\"><\/div>\n\n\t\t\t\t\t\t<\/div>\n\t\t\t\t\t\t\t\t<div class=\"elementor-field-type-textarea elementor-field-group elementor-column elementor-field-group-message elementor-col-100\">\n\t\t\t\t\t\t\t\t\t\t\t\t<label for=\"form-field-message\" class=\"elementor-field-label\">\n\t\t\t\t\t\t\t\tNachricht\t\t\t\t\t\t\t<\/label>\n\t\t\t\t\t\t<textarea class=\"elementor-field-textual elementor-field  elementor-size-sm\" name=\"form_fields[message]\" id=\"form-field-message\" rows=\"4\" placeholder=\"Nachricht\"><\/textarea>\t\t\t\t<\/div>\n\t\t\t\t\t\t\t\t<div class=\"elementor-field-type-step elementor-field-group elementor-column elementor-field-group-field_5983a5a elementor-col-100\">\n\t\t\t\t\t\t\t<div class=\"e-field-step elementor-hidden\" data-label=\"Senden\" data-previousbutton=\"\" data-nextbutton=\"\" data-iconurl=\"\" data-iconlibrary=\"fas fa-star\" data-icon=\"\"><\/div>\n\n\t\t\t\t\t\t<\/div>\n\t\t\t\t\t\t\t\t<div class=\"elementor-field-type-acceptance elementor-field-group elementor-column elementor-field-group-zustimmungdatenschutzerklaerung elementor-col-100 elementor-field-required elementor-mark-required\">\n\t\t\t\t\t\t\t\t\t\t\t\t<label for=\"form-field-zustimmungdatenschutzerklaerung\" class=\"elementor-field-label\">\n\t\t\t\t\t\t\t\tZustimmung Datenschutzerklaerung\t\t\t\t\t\t\t<\/label>\n\t\t\t\t\t\t\t\t<div class=\"elementor-field-subgroup\">\n\t\t\t<span class=\"elementor-field-option\">\n\t\t\t\t<input type=\"checkbox\" name=\"form_fields[zustimmungdatenschutzerklaerung]\" id=\"form-field-zustimmungdatenschutzerklaerung\" class=\"elementor-field elementor-size-sm  elementor-acceptance-field\" required=\"required\">\n\t\t\t\t<label for=\"form-field-zustimmungdatenschutzerklaerung\"> Ich habe die <a href=\"\/datenschutz\">Datenschutzerkl&auml;rung zur Kenntnis genommen und akzeptiert. <strong>(Pflichtfeld)<\/strong><\/a><\/label>\t\t\t<\/span>\n\t\t<\/div>\n\t\t\t\t\t\t<\/div>\n\t\t\t\t\t\t\t\t<div class=\"elementor-field-type-acceptance elementor-field-group elementor-column elementor-field-group-zustimmungdatenspeicherung elementor-col-100 elementor-field-required elementor-mark-required\">\n\t\t\t\t\t\t\t\t\t\t\t\t<label for=\"form-field-zustimmungdatenspeicherung\" class=\"elementor-field-label\">\n\t\t\t\t\t\t\t\tZustimmung Datenspeicherung\t\t\t\t\t\t\t<\/label>\n\t\t\t\t\t\t\t\t<div class=\"elementor-field-subgroup\">\n\t\t\t<span class=\"elementor-field-option\">\n\t\t\t\t<input type=\"checkbox\" name=\"form_fields[zustimmungdatenspeicherung]\" id=\"form-field-zustimmungdatenspeicherung\" class=\"elementor-field elementor-size-sm  elementor-acceptance-field\" required=\"required\">\n\t\t\t\t<label for=\"form-field-zustimmungdatenspeicherung\">Ich stimme zu, dass meine Formularangaben zur Kontaktaufnahme bzw. zur Bearbeitung meines Anliegens gespeichert werden. Ich bin damit einverstanden, dass die FORMAXX AG mich per Telefon und\/oder auf elektronischem Wege (bspw. SMS, Fax, E-Mail) kontaktiert, um mein Anliegen zu kl&auml;ren. (Pflichtfeld)<\/label>\t\t\t<\/span>\n\t\t<\/div>\n\t\t\t\t\t\t<\/div>\n\t\t\t\t\t\t\t\t<div class=\"elementor-field-type-acceptance elementor-field-group elementor-column elementor-field-group-werbeeinverstaednis elementor-col-100\">\n\t\t\t\t\t\t\t\t\t\t\t\t<label for=\"form-field-werbeeinverstaednis\" class=\"elementor-field-label\">\n\t\t\t\t\t\t\t\tWerbeeinverst&auml;ndnis\t\t\t\t\t\t\t<\/label>\n\t\t\t\t\t\t\t\t<div class=\"elementor-field-subgroup\">\n\t\t\t<span class=\"elementor-field-option\">\n\t\t\t\t<input type=\"checkbox\" name=\"form_fields[werbeeinverstaednis]\" id=\"form-field-werbeeinverstaednis\" class=\"elementor-field elementor-size-sm  elementor-acceptance-field\">\n\t\t\t\t<label for=\"form-field-werbeeinverstaednis\">Ich bin damit einverstanden, dass die FORMAXX AG mir interessante Angebote und\/ oder Informationen per Telefon, Post oder E-Mail unterbreitet. Diese Einwilligung kann ich jederzeit gegen&uuml;ber der FORMAXX AG widerrufen. Meine personenbezogenen Daten speichert die FORMAXX AG unter Einhaltung des Bundesdatenschutzgesetzes\/Datenschutzgrundverordnung nur zum daf&uuml;r vorgesehenen Zweck. Auf meinen Wunsch hin wird die FORMAXX AG jederzeit eine &Auml;nderung, Besichtigung, Sperrung oder ggf. L&ouml;schung der personenbezogenen Daten vornehmen.<\/label>\t\t\t<\/span>\n\t\t<\/div>\n\t\t\t\t\t\t<\/div>\n\t\t\t\t<div class=\"elementor-field-type-text elementor-field-group elementor-column elementor-field-group-text elementor-col-100 elementor-field-required\"><input type=\"hidden\" name=\"php_start_time\" value=\"1777982006.8921\"><input type=\"hidden\" name=\"js_end_time\" class=\"js_end_time\" value=\"\"><input type=\"hidden\" name=\"js_start_time\" class=\"js_start_time\" value=\"\"><input id=\"f12_captcha\" type=\"text\" style=\"visibility:hidden!important; opacity:1!important; height:0!important; width:0!important; margin:0!important; padding:0!important;\" name=\"f12_captcha\" value=\"\"><\/div>\t\t\t\t<div class=\"elementor-field-type-text\">\n\t\t\t\t\t<input size=\"1\" type=\"text\" name=\"form_fields[field_9ed1342]\" id=\"form-field-field_9ed1342\" class=\"elementor-field elementor-size-sm \" style=\"display:none !important;\">\t\t\t\t<\/div>\n\t\t\t\t\t\t\t\t<div class=\"elementor-field-group elementor-column elementor-field-type-submit elementor-col-100 e-form__buttons\">\n\t\t\t\t\t<button class=\"elementor-button elementor-size-sm\" type=\"submit\">\n\t\t\t\t\t\t<span class=\"elementor-button-content-wrapper\">\n\t\t\t\t\t\t\t\t\t\t\t\t\t\t\t\t\t\t\t\t\t\t<span class=\"elementor-button-text\">Senden<\/span>\n\t\t\t\t\t\t\t\t\t\t\t\t\t<\/span>\n\t\t\t\t\t<\/button>\n\t\t\t\t<\/div>\n\t\t\t<\/div>\n\t\t<\/form>\n\t\t\t\t\t\t<\/div>\n\t\t\t\t<\/div>\n\t\t\t\t\t<\/div>\n\t\t\t\t<\/div>\n\t\t\t\t<\/div>\n\t\t\t\t<\/div>\n\t\t\t\t\t\t<\/div>\n\t\t\t\t<\/div>\n\t\t\t\t\t<\/div>\n\t\t\t\t<\/div>\n\t\t\t\t<\/div>\n\t\t","protected":false},"excerpt":{"rendered":"<p>F\u00f6rdercheck bei FORMAXX Schlie\u00dfen Sie Versorgungsl\u00fccken mit finanzieller Unterst\u00fctzung und Geldanlagen. Die Herausforderungen bei der Sicherung Ihrer pers\u00f6nlichen Zukunft sind gro\u00df. Die ver\u00e4nderte Altersstruktur der Bev\u00f6lkerung belastet das Umlageverfahren der gesetzlichen Rentenversicherung. Au\u00dferdem machen lange Phasen mit niedrigen Zinsen und Inflation den Verm\u00f6gensaufbau schwieriger. Die gesetzliche Rente ist f\u00fcr viele Berufst\u00e4tige eine gute Grundabsicherung. Allerdings [&hellip;]<\/p>\n","protected":false},"author":1,"featured_media":24533,"parent":25115,"menu_order":0,"comment_status":"closed","ping_status":"closed","template":"","meta":{"_acf_changed":false,"footnotes":""},"folder":[207],"class_list":["post-25164","page","type-page","status-publish","has-post-thumbnail","hentry"],"acf":[],"yoast_head":"<!-- This site is optimized with the Yoast SEO plugin v27.5 - https:\/\/yoast.com\/product\/yoast-seo-wordpress\/ -->\n<title>F\u00f6rdercheck - FORMAXX AG<\/title>\n<meta name=\"description\" content=\"FORMAXX bietet mit dem F\u00f6rdercheck eine Analyse Ihrer Altersvorsorge, um staatliche F\u00f6rderungen optimal zu nutzen.\" \/>\n<meta name=\"robots\" content=\"index, follow, max-snippet:-1, max-image-preview:large, max-video-preview:-1\" \/>\n<meta property=\"og:locale\" content=\"en_US\" \/>\n<meta property=\"og:type\" content=\"article\" \/>\n<meta property=\"og:title\" content=\"F\u00f6rdercheck - FORMAXX AG\" \/>\n<meta property=\"og:description\" content=\"FORMAXX bietet mit dem F\u00f6rdercheck eine Analyse Ihrer Altersvorsorge, um staatliche F\u00f6rderungen optimal zu nutzen.\" \/>\n<meta property=\"og:url\" content=\"https:\/\/formaxx.de\/nds-de\/leistungen\/altersvorsorge\/foerdercheck\/\" \/>\n<meta property=\"og:site_name\" content=\"FORMAXX AG\" \/>\n<meta property=\"og:image\" content=\"https:\/\/formaxx.de\/wp-content\/uploads\/2021\/08\/leistungen-altersvorsorge-foerdercheck-header.jpg\" \/>\n\t<meta property=\"og:image:width\" content=\"1920\" \/>\n\t<meta property=\"og:image:height\" content=\"823\" \/>\n\t<meta property=\"og:image:type\" content=\"image\/jpeg\" \/>\n<meta name=\"twitter:card\" content=\"summary_large_image\" \/>\n<meta name=\"twitter:label1\" content=\"Gesch\u00e4tzte Lesezeit\" \/>\n\t<meta name=\"twitter:data1\" content=\"1\u00a0Minute\" \/>\n<script type=\"application\/ld+json\" class=\"yoast-schema-graph\">{\"@context\":\"https:\\\/\\\/schema.org\",\"@graph\":[{\"@type\":\"WebPage\",\"@id\":\"https:\\\/\\\/formaxx.de\\\/nds-de\\\/leistungen\\\/altersvorsorge\\\/foerdercheck\\\/\",\"url\":\"https:\\\/\\\/formaxx.de\\\/nds-de\\\/leistungen\\\/altersvorsorge\\\/foerdercheck\\\/\",\"name\":\"F\u00f6rdercheck - FORMAXX AG\",\"isPartOf\":{\"@id\":\"https:\\\/\\\/formaxx.de\\\/#website\"},\"primaryImageOfPage\":{\"@id\":\"https:\\\/\\\/formaxx.de\\\/nds-de\\\/leistungen\\\/altersvorsorge\\\/foerdercheck\\\/#primaryimage\"},\"image\":{\"@id\":\"https:\\\/\\\/formaxx.de\\\/nds-de\\\/leistungen\\\/altersvorsorge\\\/foerdercheck\\\/#primaryimage\"},\"thumbnailUrl\":\"https:\\\/\\\/formaxx.de\\\/wp-content\\\/uploads\\\/2021\\\/08\\\/leistungen-altersvorsorge-foerdercheck-header.jpg\",\"datePublished\":\"2021-02-05T16:06:35+00:00\",\"description\":\"FORMAXX bietet mit dem F\u00f6rdercheck eine Analyse Ihrer Altersvorsorge, um staatliche F\u00f6rderungen optimal zu nutzen.\",\"breadcrumb\":{\"@id\":\"https:\\\/\\\/formaxx.de\\\/nds-de\\\/leistungen\\\/altersvorsorge\\\/foerdercheck\\\/#breadcrumb\"},\"inLanguage\":\"de\",\"potentialAction\":[{\"@type\":\"ReadAction\",\"target\":[\"https:\\\/\\\/formaxx.de\\\/nds-de\\\/leistungen\\\/altersvorsorge\\\/foerdercheck\\\/\"]}]},{\"@type\":\"ImageObject\",\"inLanguage\":\"de\",\"@id\":\"https:\\\/\\\/formaxx.de\\\/nds-de\\\/leistungen\\\/altersvorsorge\\\/foerdercheck\\\/#primaryimage\",\"url\":\"https:\\\/\\\/formaxx.de\\\/wp-content\\\/uploads\\\/2021\\\/08\\\/leistungen-altersvorsorge-foerdercheck-header.jpg\",\"contentUrl\":\"https:\\\/\\\/formaxx.de\\\/wp-content\\\/uploads\\\/2021\\\/08\\\/leistungen-altersvorsorge-foerdercheck-header.jpg\",\"width\":1920,\"height\":823,\"caption\":\"Wir k\u00fcmmern uns um Ihren F\u00f6rdercheck\"},{\"@type\":\"BreadcrumbList\",\"@id\":\"https:\\\/\\\/formaxx.de\\\/nds-de\\\/leistungen\\\/altersvorsorge\\\/foerdercheck\\\/#breadcrumb\",\"itemListElement\":[{\"@type\":\"ListItem\",\"position\":1,\"name\":\"Startseite\",\"item\":\"https:\\\/\\\/formaxx.de\\\/nds-de\\\/formaxx-ag\\\/\"},{\"@type\":\"ListItem\",\"position\":2,\"name\":\"Leistungen\",\"item\":\"https:\\\/\\\/formaxx.de\\\/nds-de\\\/leistungen\\\/\"},{\"@type\":\"ListItem\",\"position\":3,\"name\":\"Altersvorsorge\",\"item\":\"https:\\\/\\\/formaxx.de\\\/nds-de\\\/leistungen\\\/altersvorsorge\\\/\"},{\"@type\":\"ListItem\",\"position\":4,\"name\":\"F\u00f6rdercheck\"}]},{\"@type\":\"WebSite\",\"@id\":\"https:\\\/\\\/formaxx.de\\\/#website\",\"url\":\"https:\\\/\\\/formaxx.de\\\/\",\"name\":\"FORMAXX AG\",\"description\":\"Ma\u00dfstab in Sachen Finanzberatung\",\"publisher\":{\"@id\":\"https:\\\/\\\/formaxx.de\\\/#organization\"},\"potentialAction\":[{\"@type\":\"SearchAction\",\"target\":{\"@type\":\"EntryPoint\",\"urlTemplate\":\"https:\\\/\\\/formaxx.de\\\/?s={search_term_string}\"},\"query-input\":{\"@type\":\"PropertyValueSpecification\",\"valueRequired\":true,\"valueName\":\"search_term_string\"}}],\"inLanguage\":\"de\"},{\"@type\":\"Organization\",\"@id\":\"https:\\\/\\\/formaxx.de\\\/#organization\",\"name\":\"FORMAXX AG\",\"url\":\"https:\\\/\\\/formaxx.de\\\/\",\"logo\":{\"@type\":\"ImageObject\",\"inLanguage\":\"de\",\"@id\":\"https:\\\/\\\/formaxx.de\\\/#\\\/schema\\\/logo\\\/image\\\/\",\"url\":\"https:\\\/\\\/formaxx.de\\\/wp-content\\\/uploads\\\/2020\\\/11\\\/FORMAXX-Logo.png\",\"contentUrl\":\"https:\\\/\\\/formaxx.de\\\/wp-content\\\/uploads\\\/2020\\\/11\\\/FORMAXX-Logo.png\",\"width\":1920,\"height\":242,\"caption\":\"FORMAXX AG\"},\"image\":{\"@id\":\"https:\\\/\\\/formaxx.de\\\/#\\\/schema\\\/logo\\\/image\\\/\"}}]}<\/script>\n<!-- \/ Yoast SEO plugin. -->","yoast_head_json":{"title":"F\u00f6rdercheck - FORMAXX AG","description":"FORMAXX bietet mit dem F\u00f6rdercheck eine Analyse Ihrer Altersvorsorge, um staatliche F\u00f6rderungen optimal zu nutzen.","robots":{"index":"index","follow":"follow","max-snippet":"max-snippet:-1","max-image-preview":"max-image-preview:large","max-video-preview":"max-video-preview:-1"},"og_locale":"en_US","og_type":"article","og_title":"F\u00f6rdercheck - FORMAXX AG","og_description":"FORMAXX bietet mit dem F\u00f6rdercheck eine Analyse Ihrer Altersvorsorge, um staatliche F\u00f6rderungen optimal zu nutzen.","og_url":"https:\/\/formaxx.de\/nds-de\/leistungen\/altersvorsorge\/foerdercheck\/","og_site_name":"FORMAXX AG","og_image":[{"width":1920,"height":823,"url":"https:\/\/formaxx.de\/wp-content\/uploads\/2021\/08\/leistungen-altersvorsorge-foerdercheck-header.jpg","type":"image\/jpeg"}],"twitter_card":"summary_large_image","twitter_misc":{"Gesch\u00e4tzte Lesezeit":"1\u00a0Minute"},"schema":{"@context":"https:\/\/schema.org","@graph":[{"@type":"WebPage","@id":"https:\/\/formaxx.de\/nds-de\/leistungen\/altersvorsorge\/foerdercheck\/","url":"https:\/\/formaxx.de\/nds-de\/leistungen\/altersvorsorge\/foerdercheck\/","name":"F\u00f6rdercheck - FORMAXX AG","isPartOf":{"@id":"https:\/\/formaxx.de\/#website"},"primaryImageOfPage":{"@id":"https:\/\/formaxx.de\/nds-de\/leistungen\/altersvorsorge\/foerdercheck\/#primaryimage"},"image":{"@id":"https:\/\/formaxx.de\/nds-de\/leistungen\/altersvorsorge\/foerdercheck\/#primaryimage"},"thumbnailUrl":"https:\/\/formaxx.de\/wp-content\/uploads\/2021\/08\/leistungen-altersvorsorge-foerdercheck-header.jpg","datePublished":"2021-02-05T16:06:35+00:00","description":"FORMAXX bietet mit dem F\u00f6rdercheck eine Analyse Ihrer Altersvorsorge, um staatliche F\u00f6rderungen optimal zu nutzen.","breadcrumb":{"@id":"https:\/\/formaxx.de\/nds-de\/leistungen\/altersvorsorge\/foerdercheck\/#breadcrumb"},"inLanguage":"de","potentialAction":[{"@type":"ReadAction","target":["https:\/\/formaxx.de\/nds-de\/leistungen\/altersvorsorge\/foerdercheck\/"]}]},{"@type":"ImageObject","inLanguage":"de","@id":"https:\/\/formaxx.de\/nds-de\/leistungen\/altersvorsorge\/foerdercheck\/#primaryimage","url":"https:\/\/formaxx.de\/wp-content\/uploads\/2021\/08\/leistungen-altersvorsorge-foerdercheck-header.jpg","contentUrl":"https:\/\/formaxx.de\/wp-content\/uploads\/2021\/08\/leistungen-altersvorsorge-foerdercheck-header.jpg","width":1920,"height":823,"caption":"Wir k\u00fcmmern uns um Ihren F\u00f6rdercheck"},{"@type":"BreadcrumbList","@id":"https:\/\/formaxx.de\/nds-de\/leistungen\/altersvorsorge\/foerdercheck\/#breadcrumb","itemListElement":[{"@type":"ListItem","position":1,"name":"Startseite","item":"https:\/\/formaxx.de\/nds-de\/formaxx-ag\/"},{"@type":"ListItem","position":2,"name":"Leistungen","item":"https:\/\/formaxx.de\/nds-de\/leistungen\/"},{"@type":"ListItem","position":3,"name":"Altersvorsorge","item":"https:\/\/formaxx.de\/nds-de\/leistungen\/altersvorsorge\/"},{"@type":"ListItem","position":4,"name":"F\u00f6rdercheck"}]},{"@type":"WebSite","@id":"https:\/\/formaxx.de\/#website","url":"https:\/\/formaxx.de\/","name":"FORMAXX AG","description":"Ma\u00dfstab in Sachen Finanzberatung","publisher":{"@id":"https:\/\/formaxx.de\/#organization"},"potentialAction":[{"@type":"SearchAction","target":{"@type":"EntryPoint","urlTemplate":"https:\/\/formaxx.de\/?s={search_term_string}"},"query-input":{"@type":"PropertyValueSpecification","valueRequired":true,"valueName":"search_term_string"}}],"inLanguage":"de"},{"@type":"Organization","@id":"https:\/\/formaxx.de\/#organization","name":"FORMAXX AG","url":"https:\/\/formaxx.de\/","logo":{"@type":"ImageObject","inLanguage":"de","@id":"https:\/\/formaxx.de\/#\/schema\/logo\/image\/","url":"https:\/\/formaxx.de\/wp-content\/uploads\/2020\/11\/FORMAXX-Logo.png","contentUrl":"https:\/\/formaxx.de\/wp-content\/uploads\/2020\/11\/FORMAXX-Logo.png","width":1920,"height":242,"caption":"FORMAXX AG"},"image":{"@id":"https:\/\/formaxx.de\/#\/schema\/logo\/image\/"}}]}},"_links":{"self":[{"href":"https:\/\/formaxx.de\/nds-de\/wp-json\/wp\/v2\/pages\/25164","targetHints":{"allow":["GET"]}}],"collection":[{"href":"https:\/\/formaxx.de\/nds-de\/wp-json\/wp\/v2\/pages"}],"about":[{"href":"https:\/\/formaxx.de\/nds-de\/wp-json\/wp\/v2\/types\/page"}],"author":[{"embeddable":true,"href":"https:\/\/formaxx.de\/nds-de\/wp-json\/wp\/v2\/users\/1"}],"replies":[{"embeddable":true,"href":"https:\/\/formaxx.de\/nds-de\/wp-json\/wp\/v2\/comments?post=25164"}],"version-history":[{"count":0,"href":"https:\/\/formaxx.de\/nds-de\/wp-json\/wp\/v2\/pages\/25164\/revisions"}],"up":[{"embeddable":true,"href":"https:\/\/formaxx.de\/nds-de\/wp-json\/wp\/v2\/pages\/25115"}],"wp:featuredmedia":[{"embeddable":true,"href":"https:\/\/formaxx.de\/nds-de\/wp-json\/wp\/v2\/media\/24533"}],"wp:attachment":[{"href":"https:\/\/formaxx.de\/nds-de\/wp-json\/wp\/v2\/media?parent=25164"}],"wp:term":[{"taxonomy":"folder","embeddable":true,"href":"https:\/\/formaxx.de\/nds-de\/wp-json\/wp\/v2\/folder?post=25164"}],"curies":[{"name":"wp","href":"https:\/\/api.w.org\/{rel}","templated":true}]}}