{"id":25156,"date":"2021-01-06T12:39:16","date_gmt":"2021-01-06T11:39:16","guid":{"rendered":"https:\/\/formaxx.de\/kunden\/freiberufler\/juristen\/"},"modified":"2021-01-06T12:39:16","modified_gmt":"2021-01-06T11:39:16","slug":"juristen","status":"publish","type":"page","link":"https:\/\/formaxx.de\/nds-de\/kunden\/freiberufler\/juristen\/","title":{"rendered":"Juristen"},"content":{"rendered":"\t\t<div data-elementor-type=\"wp-page\" data-elementor-id=\"25156\" class=\"elementor elementor-25156\" data-elementor-post-type=\"page\">\n\t\t\t\t\t\t<section class=\"elementor-section elementor-top-section elementor-element elementor-element-32b6b3c elementor-section-boxed elementor-section-height-default elementor-section-height-default\" data-id=\"32b6b3c\" data-element_type=\"section\" data-e-type=\"section\">\n\t\t\t\t\t\t<div class=\"elementor-container elementor-column-gap-default\">\n\t\t\t\t\t<div class=\"elementor-column elementor-col-100 elementor-top-column elementor-element elementor-element-fe5ed2e\" data-id=\"fe5ed2e\" data-element_type=\"column\" data-e-type=\"column\">\n\t\t\t<div class=\"elementor-widget-wrap elementor-element-populated\">\n\t\t\t\t\t\t<div class=\"elementor-element elementor-element-bba957f elementor-widget elementor-widget-heading\" data-id=\"bba957f\" data-element_type=\"widget\" data-e-type=\"widget\" data-widget_type=\"heading.default\">\n\t\t\t\t<div class=\"elementor-widget-container\">\n\t\t\t\t\t<h2 class=\"elementor-heading-title elementor-size-default\">Jurastudium und Rechtsreferendariat &ndash; Das 2. Staatsexamen z&auml;hlt doppelt.<\/h2>\t\t\t\t<\/div>\n\t\t\t\t<\/div>\n\t\t\t\t<div class=\"elementor-element elementor-element-001967a elementor-widget elementor-widget-heading\" data-id=\"001967a\" data-element_type=\"widget\" data-e-type=\"widget\" data-widget_type=\"heading.default\">\n\t\t\t\t<div class=\"elementor-widget-container\">\n\t\t\t\t\t<h3 class=\"elementor-heading-title elementor-size-default\">Besonderheiten f&uuml;r Juristen beachten!\n<\/h3>\t\t\t\t<\/div>\n\t\t\t\t<\/div>\n\t\t\t\t<div class=\"elementor-element elementor-element-f11b0f2 elementor-widget elementor-widget-text-editor\" data-id=\"f11b0f2\" data-element_type=\"widget\" data-e-type=\"widget\" data-widget_type=\"text-editor.default\">\n\t\t\t\t<div class=\"elementor-widget-container\">\n\t\t\t\t\t\t\t\t\t<p>Nach einem erfolgreich abgelegten Jurastudium stehen viele Wege in den Berufsstart und zahlreiche T&auml;tigkeitsfelder f&uuml;r Sie offen.&nbsp;An das juristische Studium schlie&szlig;t sich in allen Bundesl&auml;ndern das Rechtsreferendariat an. Da Sie nur mit dem 2. Staatsexamen vor Gericht auftreten d&uuml;rfen, ist ein Studium allein also nur die halbe Miete. Der Berufsstart ist erst nach dem Referendariat richtig erfolgt.<\/p><p>Wir stellen f&uuml;r Sie die ersten Weichen, sp&auml;testens mit Beginn des Referendariats. Die FORMAXX-Berater kennen Ihre Ausgangssituation und sind auf die weiteren Herausforderungen Ihres Berufslebens spezialisiert. Wir gew&auml;hrleisten Ihnen eine lebensbegleitende, hochwertige Betreuung. Ihren beruflichen Pl&auml;nen entsprechend erhalten Sie maximale Unterst&uuml;tzung vor allem in Form bedarfsgerechter L&ouml;sungen.<\/p><p>Insbesondere Juristen treffen auf zahlreiche Besonderheiten, welche in einem ganzheitlichen Konzept beachtet und bewertet werden sollten:<\/p>\t\t\t\t\t\t\t\t<\/div>\n\t\t\t\t<\/div>\n\t\t\t\t<div class=\"elementor-element elementor-element-8b0b008 elementor-widget elementor-widget-text-editor\" data-id=\"8b0b008\" data-element_type=\"widget\" data-e-type=\"widget\" data-widget_type=\"text-editor.default\">\n\t\t\t\t<div class=\"elementor-widget-container\">\n\t\t\t\t\t\t\t\t\t<ul><li>F&uuml;r Juristen gibt es zu den Bereichen Altersvorsorge und Berufs- und Erwerbsunf&auml;higkeit ein <strong>berufsst&auml;ndisches Versorgungswerk<\/strong>. Mit der Kammerzulassung wird man kraft Gesetzes Pflichtmitglied im Versorgungswerk, eine Befreiungsm&ouml;glichkeit besteht quasi nicht.&nbsp;<\/li><li>In Abh&auml;ngigkeit Ihrer&nbsp;konkreten beruflichen&nbsp;T&auml;tigkeit gibt es unterschiedliche Konzepte, sich erg&auml;nzend privat gegen <strong>Berufsunf&auml;higkeit<\/strong> <strong>abzusichern<\/strong>. Das ist nicht nur angezeigt, sondern aufgrund der hohen H&uuml;rden beim Leistungsbezug im Versorgungswerk zwingend notwendig.&nbsp;<\/li><li>Sollte&nbsp;der Staat&nbsp;als&nbsp;Arbeitgeber&nbsp;fungieren,&nbsp;wird es nochmal spezieller, denn die Absicherung der <strong>Dienstunf&auml;higkeit<\/strong> f&uuml;r Staatsdiener erfordert spezielle Kompetenzen.<\/li><li>Die Wahl der <strong>Krankenversicherung <\/strong>zum Berufsstart ist von gro&szlig;er Bedeutung.<\/li><li>Die Nutzung <strong>staatliche F&ouml;rderungen<\/strong> beim Aufbau der Altersversorgung ist hilfreich.<\/li><\/ul><p>&nbsp;<\/p>\t\t\t\t\t\t\t\t<\/div>\n\t\t\t\t<\/div>\n\t\t\t\t<div class=\"elementor-element elementor-element-b848f04 elementor-widget elementor-widget-text-editor\" data-id=\"b848f04\" data-element_type=\"widget\" data-e-type=\"widget\" data-widget_type=\"text-editor.default\">\n\t\t\t\t<div class=\"elementor-widget-container\">\n\t\t\t\t\t\t\t\t\t<p>Im Rahmen einer neutralen und objektiven Analyse auf Basis der <strong>DIN Norm 77230<\/strong> (Basisfinanzanalyse f&uuml;r Privathaushalte) werden Ihnen aktuelle Versorgungsl&uuml;cken aufgezeigt und eine m&ouml;gliche Reihenfolge bei der Priorisierung der L&uuml;cken vorgegeben. Auch wenn Sie bereits mitten im Berufsleben stehen, gibt Ihnen diese Analyse eine neutrale Orientierung. Selbstverst&auml;ndlich unterst&uuml;tzen wir Sie auch bei der Bewertung und Optimierung bestehender privater und\/oder gewerblicher Versicherungen.<\/p><p>Wir freuen uns &uuml;ber Ihre Kontaktaufnahme zu einem ersten informellen Gespr&auml;ch, gerne pers&ouml;nlich oder auch online. Wir freuen uns auf Sie und sind an Ihrer Seite.<\/p>\t\t\t\t\t\t\t\t<\/div>\n\t\t\t\t<\/div>\n\t\t\t\t<div class=\"elementor-element elementor-element-7adc270 elementor-widget elementor-widget-button\" data-id=\"7adc270\" data-element_type=\"widget\" data-e-type=\"widget\" data-widget_type=\"button.default\">\n\t\t\t\t<div class=\"elementor-widget-container\">\n\t\t\t\t\t\t\t\t\t<div class=\"elementor-button-wrapper\">\n\t\t\t\t\t<a class=\"elementor-button elementor-button-link elementor-size-sm\" href=\"https:\/\/formaxx.de\/ueber-formaxx\/kontakt\/\">\n\t\t\t\t\t\t<span class=\"elementor-button-content-wrapper\">\n\t\t\t\t\t\t\t\t\t<span class=\"elementor-button-text\">Vereinbaren Sie ein Erstgespr&auml;ch!<\/span>\n\t\t\t\t\t<\/span>\n\t\t\t\t\t<\/a>\n\t\t\t\t<\/div>\n\t\t\t\t\t\t\t\t<\/div>\n\t\t\t\t<\/div>\n\t\t\t\t\t<\/div>\n\t\t<\/div>\n\t\t\t\t\t<\/div>\n\t\t<\/section>\n\t\t\t\t<\/div>\n\t\t","protected":false},"excerpt":{"rendered":"<p>Jurastudium und Rechtsreferendariat \u2013 Das 2. Staatsexamen z\u00e4hlt doppelt. Besonderheiten f\u00fcr Juristen beachten! Nach einem erfolgreich abgeschlossenen Jurastudium haben Sie viele M\u00f6glichkeiten f\u00fcr den Berufseinstieg und verschiedene Arbeitsfelder. In ganz Deutschland folgt auf das Studium das Rechtsreferendariat. Erst mit dem Bestehen des zweiten Staatsexamens d\u00fcrfen Sie vor Gericht auftreten. Deshalb ist das Studium allein nur [&hellip;]<\/p>\n","protected":false},"author":1,"featured_media":24535,"parent":25143,"menu_order":0,"comment_status":"closed","ping_status":"closed","template":"","meta":{"_acf_changed":false,"footnotes":""},"folder":[199],"class_list":["post-25156","page","type-page","status-publish","has-post-thumbnail","hentry"],"acf":[],"yoast_head":"<!-- This site is optimized with the Yoast SEO plugin v27.5 - https:\/\/yoast.com\/product\/yoast-seo-wordpress\/ -->\n<title>Juristen - FORMAXX AG<\/title>\n<meta name=\"description\" content=\"FORMAXX begleitet Juristen vom Studium bis zur Karriere mit spezialisierter Finanzberatung, basierend auf DIN-Norm 77230.\" \/>\n<meta name=\"robots\" content=\"index, follow, max-snippet:-1, max-image-preview:large, max-video-preview:-1\" \/>\n<meta property=\"og:locale\" content=\"en_US\" \/>\n<meta property=\"og:type\" content=\"article\" \/>\n<meta property=\"og:title\" content=\"Juristen - FORMAXX AG\" \/>\n<meta property=\"og:description\" content=\"FORMAXX begleitet Juristen vom Studium bis zur Karriere mit spezialisierter Finanzberatung, basierend auf DIN-Norm 77230.\" \/>\n<meta property=\"og:url\" content=\"https:\/\/formaxx.de\/nds-de\/kunden\/freiberufler\/juristen\/\" \/>\n<meta property=\"og:site_name\" content=\"FORMAXX AG\" \/>\n<meta property=\"og:image\" content=\"https:\/\/formaxx.de\/wp-content\/uploads\/2021\/08\/kunden-freiberufler-juristen-header.jpg\" \/>\n\t<meta property=\"og:image:width\" content=\"1920\" \/>\n\t<meta property=\"og:image:height\" content=\"823\" \/>\n\t<meta property=\"og:image:type\" content=\"image\/jpeg\" \/>\n<meta name=\"twitter:card\" content=\"summary_large_image\" \/>\n<meta name=\"twitter:label1\" content=\"Gesch\u00e4tzte Lesezeit\" \/>\n\t<meta name=\"twitter:data1\" content=\"2\u00a0Minuten\" \/>\n<script type=\"application\/ld+json\" class=\"yoast-schema-graph\">{\"@context\":\"https:\\\/\\\/schema.org\",\"@graph\":[{\"@type\":\"WebPage\",\"@id\":\"https:\\\/\\\/formaxx.de\\\/nds-de\\\/kunden\\\/freiberufler\\\/juristen\\\/\",\"url\":\"https:\\\/\\\/formaxx.de\\\/nds-de\\\/kunden\\\/freiberufler\\\/juristen\\\/\",\"name\":\"Juristen - FORMAXX AG\",\"isPartOf\":{\"@id\":\"https:\\\/\\\/formaxx.de\\\/#website\"},\"primaryImageOfPage\":{\"@id\":\"https:\\\/\\\/formaxx.de\\\/nds-de\\\/kunden\\\/freiberufler\\\/juristen\\\/#primaryimage\"},\"image\":{\"@id\":\"https:\\\/\\\/formaxx.de\\\/nds-de\\\/kunden\\\/freiberufler\\\/juristen\\\/#primaryimage\"},\"thumbnailUrl\":\"https:\\\/\\\/formaxx.de\\\/wp-content\\\/uploads\\\/2021\\\/08\\\/kunden-freiberufler-juristen-header.jpg\",\"datePublished\":\"2021-01-06T11:39:16+00:00\",\"description\":\"FORMAXX begleitet Juristen vom Studium bis zur Karriere mit spezialisierter Finanzberatung, basierend auf DIN-Norm 77230.\",\"breadcrumb\":{\"@id\":\"https:\\\/\\\/formaxx.de\\\/nds-de\\\/kunden\\\/freiberufler\\\/juristen\\\/#breadcrumb\"},\"inLanguage\":\"de\",\"potentialAction\":[{\"@type\":\"ReadAction\",\"target\":[\"https:\\\/\\\/formaxx.de\\\/nds-de\\\/kunden\\\/freiberufler\\\/juristen\\\/\"]}]},{\"@type\":\"ImageObject\",\"inLanguage\":\"de\",\"@id\":\"https:\\\/\\\/formaxx.de\\\/nds-de\\\/kunden\\\/freiberufler\\\/juristen\\\/#primaryimage\",\"url\":\"https:\\\/\\\/formaxx.de\\\/wp-content\\\/uploads\\\/2021\\\/08\\\/kunden-freiberufler-juristen-header.jpg\",\"contentUrl\":\"https:\\\/\\\/formaxx.de\\\/wp-content\\\/uploads\\\/2021\\\/08\\\/kunden-freiberufler-juristen-header.jpg\",\"width\":1920,\"height\":823,\"caption\":\"FORMAXX \u2013\u00a0Wir beraten Juristen\"},{\"@type\":\"BreadcrumbList\",\"@id\":\"https:\\\/\\\/formaxx.de\\\/nds-de\\\/kunden\\\/freiberufler\\\/juristen\\\/#breadcrumb\",\"itemListElement\":[{\"@type\":\"ListItem\",\"position\":1,\"name\":\"Startseite\",\"item\":\"https:\\\/\\\/formaxx.de\\\/nds-de\\\/formaxx-ag\\\/\"},{\"@type\":\"ListItem\",\"position\":2,\"name\":\"Kunden\",\"item\":\"https:\\\/\\\/formaxx.de\\\/nds-de\\\/kunden\\\/\"},{\"@type\":\"ListItem\",\"position\":3,\"name\":\"Freiberufler\",\"item\":\"https:\\\/\\\/formaxx.de\\\/nds-de\\\/kunden\\\/freiberufler\\\/\"},{\"@type\":\"ListItem\",\"position\":4,\"name\":\"Juristen\"}]},{\"@type\":\"WebSite\",\"@id\":\"https:\\\/\\\/formaxx.de\\\/#website\",\"url\":\"https:\\\/\\\/formaxx.de\\\/\",\"name\":\"FORMAXX AG\",\"description\":\"Ma\u00dfstab in Sachen Finanzberatung\",\"publisher\":{\"@id\":\"https:\\\/\\\/formaxx.de\\\/#organization\"},\"potentialAction\":[{\"@type\":\"SearchAction\",\"target\":{\"@type\":\"EntryPoint\",\"urlTemplate\":\"https:\\\/\\\/formaxx.de\\\/?s={search_term_string}\"},\"query-input\":{\"@type\":\"PropertyValueSpecification\",\"valueRequired\":true,\"valueName\":\"search_term_string\"}}],\"inLanguage\":\"de\"},{\"@type\":\"Organization\",\"@id\":\"https:\\\/\\\/formaxx.de\\\/#organization\",\"name\":\"FORMAXX AG\",\"url\":\"https:\\\/\\\/formaxx.de\\\/\",\"logo\":{\"@type\":\"ImageObject\",\"inLanguage\":\"de\",\"@id\":\"https:\\\/\\\/formaxx.de\\\/#\\\/schema\\\/logo\\\/image\\\/\",\"url\":\"https:\\\/\\\/formaxx.de\\\/wp-content\\\/uploads\\\/2020\\\/11\\\/FORMAXX-Logo.png\",\"contentUrl\":\"https:\\\/\\\/formaxx.de\\\/wp-content\\\/uploads\\\/2020\\\/11\\\/FORMAXX-Logo.png\",\"width\":1920,\"height\":242,\"caption\":\"FORMAXX AG\"},\"image\":{\"@id\":\"https:\\\/\\\/formaxx.de\\\/#\\\/schema\\\/logo\\\/image\\\/\"}}]}<\/script>\n<!-- \/ Yoast SEO plugin. -->","yoast_head_json":{"title":"Juristen - FORMAXX AG","description":"FORMAXX begleitet Juristen vom Studium bis zur Karriere mit spezialisierter Finanzberatung, basierend auf DIN-Norm 77230.","robots":{"index":"index","follow":"follow","max-snippet":"max-snippet:-1","max-image-preview":"max-image-preview:large","max-video-preview":"max-video-preview:-1"},"og_locale":"en_US","og_type":"article","og_title":"Juristen - FORMAXX AG","og_description":"FORMAXX begleitet Juristen vom Studium bis zur Karriere mit spezialisierter Finanzberatung, basierend auf DIN-Norm 77230.","og_url":"https:\/\/formaxx.de\/nds-de\/kunden\/freiberufler\/juristen\/","og_site_name":"FORMAXX AG","og_image":[{"width":1920,"height":823,"url":"https:\/\/formaxx.de\/wp-content\/uploads\/2021\/08\/kunden-freiberufler-juristen-header.jpg","type":"image\/jpeg"}],"twitter_card":"summary_large_image","twitter_misc":{"Gesch\u00e4tzte Lesezeit":"2\u00a0Minuten"},"schema":{"@context":"https:\/\/schema.org","@graph":[{"@type":"WebPage","@id":"https:\/\/formaxx.de\/nds-de\/kunden\/freiberufler\/juristen\/","url":"https:\/\/formaxx.de\/nds-de\/kunden\/freiberufler\/juristen\/","name":"Juristen - FORMAXX AG","isPartOf":{"@id":"https:\/\/formaxx.de\/#website"},"primaryImageOfPage":{"@id":"https:\/\/formaxx.de\/nds-de\/kunden\/freiberufler\/juristen\/#primaryimage"},"image":{"@id":"https:\/\/formaxx.de\/nds-de\/kunden\/freiberufler\/juristen\/#primaryimage"},"thumbnailUrl":"https:\/\/formaxx.de\/wp-content\/uploads\/2021\/08\/kunden-freiberufler-juristen-header.jpg","datePublished":"2021-01-06T11:39:16+00:00","description":"FORMAXX begleitet Juristen vom Studium bis zur Karriere mit spezialisierter Finanzberatung, basierend auf DIN-Norm 77230.","breadcrumb":{"@id":"https:\/\/formaxx.de\/nds-de\/kunden\/freiberufler\/juristen\/#breadcrumb"},"inLanguage":"de","potentialAction":[{"@type":"ReadAction","target":["https:\/\/formaxx.de\/nds-de\/kunden\/freiberufler\/juristen\/"]}]},{"@type":"ImageObject","inLanguage":"de","@id":"https:\/\/formaxx.de\/nds-de\/kunden\/freiberufler\/juristen\/#primaryimage","url":"https:\/\/formaxx.de\/wp-content\/uploads\/2021\/08\/kunden-freiberufler-juristen-header.jpg","contentUrl":"https:\/\/formaxx.de\/wp-content\/uploads\/2021\/08\/kunden-freiberufler-juristen-header.jpg","width":1920,"height":823,"caption":"FORMAXX \u2013\u00a0Wir beraten Juristen"},{"@type":"BreadcrumbList","@id":"https:\/\/formaxx.de\/nds-de\/kunden\/freiberufler\/juristen\/#breadcrumb","itemListElement":[{"@type":"ListItem","position":1,"name":"Startseite","item":"https:\/\/formaxx.de\/nds-de\/formaxx-ag\/"},{"@type":"ListItem","position":2,"name":"Kunden","item":"https:\/\/formaxx.de\/nds-de\/kunden\/"},{"@type":"ListItem","position":3,"name":"Freiberufler","item":"https:\/\/formaxx.de\/nds-de\/kunden\/freiberufler\/"},{"@type":"ListItem","position":4,"name":"Juristen"}]},{"@type":"WebSite","@id":"https:\/\/formaxx.de\/#website","url":"https:\/\/formaxx.de\/","name":"FORMAXX AG","description":"Ma\u00dfstab in Sachen Finanzberatung","publisher":{"@id":"https:\/\/formaxx.de\/#organization"},"potentialAction":[{"@type":"SearchAction","target":{"@type":"EntryPoint","urlTemplate":"https:\/\/formaxx.de\/?s={search_term_string}"},"query-input":{"@type":"PropertyValueSpecification","valueRequired":true,"valueName":"search_term_string"}}],"inLanguage":"de"},{"@type":"Organization","@id":"https:\/\/formaxx.de\/#organization","name":"FORMAXX AG","url":"https:\/\/formaxx.de\/","logo":{"@type":"ImageObject","inLanguage":"de","@id":"https:\/\/formaxx.de\/#\/schema\/logo\/image\/","url":"https:\/\/formaxx.de\/wp-content\/uploads\/2020\/11\/FORMAXX-Logo.png","contentUrl":"https:\/\/formaxx.de\/wp-content\/uploads\/2020\/11\/FORMAXX-Logo.png","width":1920,"height":242,"caption":"FORMAXX AG"},"image":{"@id":"https:\/\/formaxx.de\/#\/schema\/logo\/image\/"}}]}},"_links":{"self":[{"href":"https:\/\/formaxx.de\/nds-de\/wp-json\/wp\/v2\/pages\/25156","targetHints":{"allow":["GET"]}}],"collection":[{"href":"https:\/\/formaxx.de\/nds-de\/wp-json\/wp\/v2\/pages"}],"about":[{"href":"https:\/\/formaxx.de\/nds-de\/wp-json\/wp\/v2\/types\/page"}],"author":[{"embeddable":true,"href":"https:\/\/formaxx.de\/nds-de\/wp-json\/wp\/v2\/users\/1"}],"replies":[{"embeddable":true,"href":"https:\/\/formaxx.de\/nds-de\/wp-json\/wp\/v2\/comments?post=25156"}],"version-history":[{"count":0,"href":"https:\/\/formaxx.de\/nds-de\/wp-json\/wp\/v2\/pages\/25156\/revisions"}],"up":[{"embeddable":true,"href":"https:\/\/formaxx.de\/nds-de\/wp-json\/wp\/v2\/pages\/25143"}],"wp:featuredmedia":[{"embeddable":true,"href":"https:\/\/formaxx.de\/nds-de\/wp-json\/wp\/v2\/media\/24535"}],"wp:attachment":[{"href":"https:\/\/formaxx.de\/nds-de\/wp-json\/wp\/v2\/media?parent=25156"}],"wp:term":[{"taxonomy":"folder","embeddable":true,"href":"https:\/\/formaxx.de\/nds-de\/wp-json\/wp\/v2\/folder?post=25156"}],"curies":[{"name":"wp","href":"https:\/\/api.w.org\/{rel}","templated":true}]}}