{"id":25155,"date":"2021-01-06T12:38:23","date_gmt":"2021-01-06T11:38:23","guid":{"rendered":"https:\/\/formaxx.de\/kunden\/rentner\/"},"modified":"2021-01-06T12:38:23","modified_gmt":"2021-01-06T11:38:23","slug":"rentner","status":"publish","type":"page","link":"https:\/\/formaxx.de\/nds-de\/kunden\/rentner\/","title":{"rendered":"Rentner"},"content":{"rendered":"\t\t<div data-elementor-type=\"wp-page\" data-elementor-id=\"25155\" class=\"elementor elementor-25155\" data-elementor-post-type=\"page\">\n\t\t\t\t\t\t<section class=\"elementor-section elementor-top-section elementor-element elementor-element-18a5b43 elementor-section-boxed elementor-section-height-default elementor-section-height-default\" data-id=\"18a5b43\" data-element_type=\"section\" data-e-type=\"section\">\n\t\t\t\t\t\t<div class=\"elementor-container elementor-column-gap-default\">\n\t\t\t\t\t<div class=\"elementor-column elementor-col-100 elementor-top-column elementor-element elementor-element-384f47f\" data-id=\"384f47f\" data-element_type=\"column\" data-e-type=\"column\">\n\t\t\t<div class=\"elementor-widget-wrap elementor-element-populated\">\n\t\t\t\t\t\t<div class=\"elementor-element elementor-element-8d3b930 elementor-widget elementor-widget-heading\" data-id=\"8d3b930\" data-element_type=\"widget\" data-e-type=\"widget\" data-widget_type=\"heading.default\">\n\t\t\t\t<div class=\"elementor-widget-container\">\n\t\t\t\t\t<h2 class=\"elementor-heading-title elementor-size-default\">Ein ganzes Arbeitsleben erfolgreich gemeistert <\/h2>\t\t\t\t<\/div>\n\t\t\t\t<\/div>\n\t\t\t\t<div class=\"elementor-element elementor-element-b430560 elementor-widget elementor-widget-heading\" data-id=\"b430560\" data-element_type=\"widget\" data-e-type=\"widget\" data-widget_type=\"heading.default\">\n\t\t\t\t<div class=\"elementor-widget-container\">\n\t\t\t\t\t<h3 class=\"elementor-heading-title elementor-size-default\">Wie k&ouml;nnen Sie auch jetzt noch Ihre Rente optimieren?<\/h3>\t\t\t\t<\/div>\n\t\t\t\t<\/div>\n\t\t\t\t<div class=\"elementor-element elementor-element-f24fbac elementor-widget elementor-widget-text-editor\" data-id=\"f24fbac\" data-element_type=\"widget\" data-e-type=\"widget\" data-widget_type=\"text-editor.default\">\n\t\t\t\t<div class=\"elementor-widget-container\">\n\t\t\t\t\t\t\t\t\t<p>Nach einem langen Arbeitsleben ist der Renten&shy;eintritt ein wirklich verdienter Augenblick &ndash; aber auch ein einschneidender Moment im Leben. Sie haben viele Jahre in Ihre Altersvorsorge eingezahlt, haben Versorgungsl&uuml;cken gef&uuml;llt und freuen sich auf mehr Zeit f&uuml;r die Familie, das Hobby und das Reisen.<\/p><p>Doch trotz aller Sorgfalt bleibt eine Restunsicherheit &uuml;ber das tats&auml;chliche Ergebnis zum Rentenbeginn: Was k&ouml;nnen Sie sich im Alter leisten, wieviel Netto steht k&uuml;nftig monatlich auf Ihrem Kontoauszug?<\/p><p>Wer gut vorbereitet ist, vermeidet unangenehme &Uuml;ber&shy;raschungen und spart gleichzeitig durch sinnvolle Optimierungen viel Geld.<\/p>\t\t\t\t\t\t\t\t<\/div>\n\t\t\t\t<\/div>\n\t\t\t\t<div class=\"elementor-element elementor-element-c218f82 elementor-widget elementor-widget-text-editor\" data-id=\"c218f82\" data-element_type=\"widget\" data-e-type=\"widget\" data-widget_type=\"text-editor.default\">\n\t\t\t\t<div class=\"elementor-widget-container\">\n\t\t\t\t\t\t\t\t\t<p>Die ver&auml;nderte Situation f&uuml;hrt zu wichtigen Fragen rund um Ihre pers&ouml;nlichen Finanzen:<\/p><ul><li>Wie hoch werden zus&auml;tzliche Versorgungen aus Betriebsrenten, Riester-Renten und privater Vorsorge besteuert?<\/li><li>Was kommt insgesamt Netto bei mir an?<\/li><li>Wie bin ich jetzt versichert, gibt es Einsparm&ouml;glichkeiten durch &bdquo;Seniorentarife&ldquo;?<\/li><li>Welche Versicherungen kann ich mir jetzt sparen?<\/li><li>Wie nutze ich meine vorhandenen Ersparnisse optimal?<\/li><li>Was passiert finanziell und rechtlich, wenn ich pflegebed&uuml;rftig werde?<\/li><li>M&uuml;ssen zus&auml;tzliche Beitr&auml;ge zur Krankenversicherung abgef&uuml;hrt werden?<\/li><\/ul>\t\t\t\t\t\t\t\t<\/div>\n\t\t\t\t<\/div>\n\t\t\t\t<div class=\"elementor-element elementor-element-10092be elementor-widget elementor-widget-heading\" data-id=\"10092be\" data-element_type=\"widget\" data-e-type=\"widget\" data-widget_type=\"heading.default\">\n\t\t\t\t<div class=\"elementor-widget-container\">\n\t\t\t\t\t<h3 class=\"elementor-heading-title elementor-size-default\">Ihr FORMAXX-Expertenteam unterst&uuml;tzt Sie dreifach f&uuml;r Ihren gut abgestimmten Renten-Finanzplan <\/h3>\t\t\t\t<\/div>\n\t\t\t\t<\/div>\n\t\t\t\t<div class=\"elementor-element elementor-element-398695e elementor-widget elementor-widget-text-editor\" data-id=\"398695e\" data-element_type=\"widget\" data-e-type=\"widget\" data-widget_type=\"text-editor.default\">\n\t\t\t\t<div class=\"elementor-widget-container\">\n\t\t\t\t\t\t\t\t\t<h4>1. Gesetzliche Rente, Betriebs&shy;rente, private Vorsorge<\/h4><div><p>Die Versorgung durch die gesetzliche Rente als alleinige S&auml;ule der Altersversorgung reicht in den meisten F&auml;llen nicht aus. Eink&uuml;nfte aus betrieblicher Altersvorsorge oder Privatvorsorge kommen hinzu und f&uuml;llen die Versorgung auf. Zur Vermeidung von Fehlplanungen ist das rechtzeitige Betrachten von Steuern und Sozial&shy;abgaben ein wichtiger Punkt, wenn es um die Planung der Renten&shy;finanzen geht. Oft ist es &uuml;berraschend, was von den h&uuml;bschen Bruttorenten alles abge&shy;zogen wird. Wir berechnen Ihr zu erwartendes Netto gemeinsam mit Ihnen.<\/p><\/div>\t\t\t\t\t\t\t\t<\/div>\n\t\t\t\t<\/div>\n\t\t\t\t<div class=\"elementor-element elementor-element-3ddba94 elementor-widget elementor-widget-text-editor\" data-id=\"3ddba94\" data-element_type=\"widget\" data-e-type=\"widget\" data-widget_type=\"text-editor.default\">\n\t\t\t\t<div class=\"elementor-widget-container\">\n\t\t\t\t\t\t\t\t\t<h4>2. Verm&ouml;gens- und Versicherungscheck<\/h4><p>Sie hatten die Chance, w&auml;hrend des Arbeitslebens etwas Verm&ouml;gen aufzubauen?<\/p><p>Sehr gut, dann erkl&auml;ren wir Ihnen, wie Sie als Anleger mit Rentenbeginn ihr Depot optimal strukturieren, welche Entnahme&shy;pl&auml;ne f&uuml;r Sie am g&uuml;ns&shy;tigsten sind und wie Sie ihr Depot im Ruhe&shy;stand flexibel nutzen k&ouml;nnen.<\/p><p>Mit dem Versicherungscheck zum Renteneintritt werden in den meisten F&auml;llen Kosten reduziert. Einige Versicherungen sind ab diesem Moment nicht mehr erforderlich oder werden f&uuml;r Rentner als Seniorentarif mit erheblichen Verg&uuml;nstigungen angeboten.<\/p><p>Welche Versicherungen essenziell wichtig sind und wo ein erg&auml;nzender Schutz ben&ouml;tigt wird, kl&auml;ren wir mit Ihnen im FORMAXX-Versicherungscheck.<\/p>\t\t\t\t\t\t\t\t<\/div>\n\t\t\t\t<\/div>\n\t\t\t\t<div class=\"elementor-element elementor-element-f9ac3c7 elementor-widget elementor-widget-text-editor\" data-id=\"f9ac3c7\" data-element_type=\"widget\" data-e-type=\"widget\" data-widget_type=\"text-editor.default\">\n\t\t\t\t<div class=\"elementor-widget-container\">\n\t\t\t\t\t\t\t\t\t<h4>3. Patientenverf&uuml;gung und Vorsorgevollmacht<\/h4><p>Verschaffen Sie sich Sicherheit f&uuml;r den Fall, dass Sie selbst nicht mehr entscheiden k&ouml;nnen.<\/p><p>Durch Unfall oder Krankheit stark beeintr&auml;chtigt zu sein oder gar auszufallen ist schlimm. Noch schlimmer wird die Situation, wenn man nicht an die rechtliche Vorsorge gedacht hat. Wenn Sie selbst nicht mehr handlungsf&auml;hig sind, wird ein gerichtlich bestellter Betreuer f&uuml;r Sie entscheiden. Das betrifft u. a. die Unterbringung, die medizinische Behandlung und auch die pers&ouml;nlichen Finanzen.<\/p><p>In etwa der H&auml;lfte der F&auml;lle in Deutschland &uuml;bernehmen Fremde die Betreuung. Derzeit sind etwa 1,3 Millionen Erwachsene aller Altersgruppen unter rechtliche Betreuung gestellt. Das Thema rechtliche Vorsorge hat also nicht nur mit dem Alter zu tun, sondern sollte generell rechtzeitig geregelt werden.<\/p><p>Wir unterst&uuml;tzen Sie beim L&ouml;sen dieser Frage &ndash; kosteng&uuml;nstig in Kooperation mit einem juristischen Dienstleister. In Zusammenarbeit mit spezialisierten Rechtsanwaltskanzleien wird einerseits bei der Erstellung rechtssicherer Vorsorgedokumente unterst&uuml;tzt und andererseits ein umfassender Service mit derzeit 15 Bausteinen angeboten. Besonders hervorheben m&ouml;chten wir hier die aktive 24\/7-Notfallunterst&uuml;tzung, den Aktualisierungsservice bei Gesetzes&auml;nderungen und die Durchsetzungsbegleitung durch die beauftragten Anwaltskanzleien.<\/p><p>Gern bieten wir Ihnen ein unverbindliches Erstgespr&auml;ch zum Thema rechtliche Vorsorge an. Kernpunkte dabei sind:<\/p><ul><li>Warum muss man sich um Vorsorgevollmachten k&uuml;mmern?<\/li><li>Worauf kommt es bei Vollmachten, Verf&uuml;gungen und Testament generell an?<\/li><li>Was ist der beste Weg der Vorsorge, um die Familie wirksam zu entlasten?<\/li><li>Brauche ich ein Testament &ndash; wenn ja, warum und wie wird es rechtssicher gestaltet?<\/li><\/ul><p>&nbsp;<\/p><p>Sprechen Sie uns auf die Themen Vollmachten und Testament an &ndash; wir bieten Ihnen kosteng&uuml;nstige L&ouml;sungen durch rechtssichere Vollmachten unserer Kompetenzpartner und Kooperationen an. Eine Erstinformation durch unsere BeraterInnen ist grunds&auml;tzlich kostenfrei &ndash; und gezielte Informationen zu erhalten, ist immer von Vorteil.<\/p>\t\t\t\t\t\t\t\t<\/div>\n\t\t\t\t<\/div>\n\t\t\t\t\t<\/div>\n\t\t<\/div>\n\t\t\t\t\t<\/div>\n\t\t<\/section>\n\t\t\t\t<section class=\"elementor-section elementor-top-section elementor-element elementor-element-2d2e850 elementor-section-content-middle elementor-section-boxed elementor-section-height-default elementor-section-height-default\" data-id=\"2d2e850\" data-element_type=\"section\" data-e-type=\"section\">\n\t\t\t\t\t\t<div class=\"elementor-container elementor-column-gap-wider\">\n\t\t\t\t\t<div class=\"elementor-column elementor-col-50 elementor-top-column elementor-element elementor-element-16f9689\" data-id=\"16f9689\" data-element_type=\"column\" data-e-type=\"column\">\n\t\t\t<div class=\"elementor-widget-wrap elementor-element-populated\">\n\t\t\t\t\t\t<div class=\"elementor-element elementor-element-5904f77 elementor-widget elementor-widget-image\" data-id=\"5904f77\" data-element_type=\"widget\" data-e-type=\"widget\" data-widget_type=\"image.default\">\n\t\t\t\t<div class=\"elementor-widget-container\">\n\t\t\t\t\t\t\t\t\t\t\t\t\t\t\t<img fetchpriority=\"high\" decoding=\"async\" width=\"800\" height=\"534\" src=\"https:\/\/formaxx.de\/wp-content\/uploads\/2021\/07\/kunden-rentner-kontakt-1024x683.jpg\" class=\"attachment-large size-large wp-image-4807\" alt=\"FORMAXX &ndash;&nbsp;Wir beraten Rentner\" srcset=\"https:\/\/formaxx.de\/wp-content\/uploads\/2021\/07\/kunden-rentner-kontakt-1024x683.jpg 1024w, https:\/\/formaxx.de\/wp-content\/uploads\/2021\/07\/kunden-rentner-kontakt-300x200.jpg 300w, https:\/\/formaxx.de\/wp-content\/uploads\/2021\/07\/kunden-rentner-kontakt-768x512.jpg 768w, https:\/\/formaxx.de\/wp-content\/uploads\/2021\/07\/kunden-rentner-kontakt-1536x1024.jpg 1536w, https:\/\/formaxx.de\/wp-content\/uploads\/2021\/07\/kunden-rentner-kontakt.jpg 1620w\" sizes=\"(max-width: 800px) 100vw, 800px\">\t\t\t\t\t\t\t\t\t\t\t\t\t\t\t<\/div>\n\t\t\t\t<\/div>\n\t\t\t\t\t<\/div>\n\t\t<\/div>\n\t\t\t\t<div class=\"elementor-column elementor-col-50 elementor-top-column elementor-element elementor-element-47bd153\" data-id=\"47bd153\" data-element_type=\"column\" data-e-type=\"column\">\n\t\t\t<div class=\"elementor-widget-wrap elementor-element-populated\">\n\t\t\t\t\t\t<div class=\"elementor-element elementor-element-1dc5cc3 elementor-widget elementor-widget-heading\" data-id=\"1dc5cc3\" data-element_type=\"widget\" data-e-type=\"widget\" data-widget_type=\"heading.default\">\n\t\t\t\t<div class=\"elementor-widget-container\">\n\t\t\t\t\t<h4 class=\"elementor-heading-title elementor-size-default\">Vereinbaren Sie einen unverbindlichen Berater-Termin!<\/h4>\t\t\t\t<\/div>\n\t\t\t\t<\/div>\n\t\t\t\t<div class=\"elementor-element elementor-element-f8ab7fa elementor-widget elementor-widget-button\" data-id=\"f8ab7fa\" data-element_type=\"widget\" data-e-type=\"widget\" data-widget_type=\"button.default\">\n\t\t\t\t<div class=\"elementor-widget-container\">\n\t\t\t\t\t\t\t\t\t<div class=\"elementor-button-wrapper\">\n\t\t\t\t\t<a class=\"elementor-button elementor-button-link elementor-size-sm\" href=\"https:\/\/formaxx.de\/ueber-formaxx\/kontakt\/\">\n\t\t\t\t\t\t<span class=\"elementor-button-content-wrapper\">\n\t\t\t\t\t\t\t\t\t<span class=\"elementor-button-text\">Jetzt Termin vereinbaren<\/span>\n\t\t\t\t\t<\/span>\n\t\t\t\t\t<\/a>\n\t\t\t\t<\/div>\n\t\t\t\t\t\t\t\t<\/div>\n\t\t\t\t<\/div>\n\t\t\t\t\t<\/div>\n\t\t<\/div>\n\t\t\t\t\t<\/div>\n\t\t<\/section>\n\t\t\t\t<\/div>\n\t\t","protected":false},"excerpt":{"rendered":"<p>Ein ganzes Arbeitsleben erfolgreich gemeistert bedeutet, \u00fcber viele Jahre hinweg gute Entscheidungen getroffen und Herausforderungen gemeistert zu haben. Wie k\u00f6nnen Sie Ihre Rente auch jetzt noch verbessern? Nach vielen Arbeitsjahren ist der Renteneintritt ein wohlverdienter Moment \u2013 aber auch eine gro\u00dfe Ver\u00e4nderung im Leben. Sie haben lange in Ihre Altersvorsorge eingezahlt, fehlende Absicherungen erg\u00e4nzt und [&hellip;]<\/p>\n","protected":false},"author":1,"featured_media":24375,"parent":25125,"menu_order":0,"comment_status":"closed","ping_status":"closed","template":"","meta":{"_acf_changed":false,"footnotes":""},"folder":[199],"class_list":["post-25155","page","type-page","status-publish","has-post-thumbnail","hentry"],"acf":[],"yoast_head":"<!-- This site is optimized with the Yoast SEO plugin v27.5 - https:\/\/yoast.com\/product\/yoast-seo-wordpress\/ -->\n<title>Rentner - FORMAXX AG<\/title>\n<meta name=\"description\" content=\"FORMAXX hilft Rentner bei der Optimierung ihrer Renteneink\u00fcnfte und bietet Beratung zu Steuern, Versicherungen und rechtlicher Vorsorge.\" \/>\n<meta name=\"robots\" content=\"index, follow, max-snippet:-1, max-image-preview:large, max-video-preview:-1\" \/>\n<meta property=\"og:locale\" content=\"en_US\" \/>\n<meta property=\"og:type\" content=\"article\" \/>\n<meta property=\"og:title\" content=\"Rentner - FORMAXX AG\" \/>\n<meta property=\"og:description\" content=\"FORMAXX hilft Rentner bei der Optimierung ihrer Renteneink\u00fcnfte und bietet Beratung zu Steuern, Versicherungen und rechtlicher Vorsorge.\" \/>\n<meta property=\"og:url\" content=\"https:\/\/formaxx.de\/nds-de\/kunden\/rentner\/\" \/>\n<meta property=\"og:site_name\" content=\"FORMAXX AG\" \/>\n<meta property=\"og:image\" content=\"https:\/\/formaxx.de\/wp-content\/uploads\/2021\/07\/kunden-rentner-header.jpg\" \/>\n\t<meta property=\"og:image:width\" content=\"1920\" \/>\n\t<meta property=\"og:image:height\" content=\"823\" \/>\n\t<meta property=\"og:image:type\" content=\"image\/jpeg\" \/>\n<meta name=\"twitter:card\" content=\"summary_large_image\" \/>\n<meta name=\"twitter:label1\" content=\"Gesch\u00e4tzte Lesezeit\" \/>\n\t<meta name=\"twitter:data1\" content=\"4\u00a0Minuten\" \/>\n<script type=\"application\/ld+json\" class=\"yoast-schema-graph\">{\"@context\":\"https:\\\/\\\/schema.org\",\"@graph\":[{\"@type\":\"WebPage\",\"@id\":\"https:\\\/\\\/formaxx.de\\\/nds-de\\\/kunden\\\/rentner\\\/\",\"url\":\"https:\\\/\\\/formaxx.de\\\/nds-de\\\/kunden\\\/rentner\\\/\",\"name\":\"Rentner - FORMAXX AG\",\"isPartOf\":{\"@id\":\"https:\\\/\\\/formaxx.de\\\/#website\"},\"primaryImageOfPage\":{\"@id\":\"https:\\\/\\\/formaxx.de\\\/nds-de\\\/kunden\\\/rentner\\\/#primaryimage\"},\"image\":{\"@id\":\"https:\\\/\\\/formaxx.de\\\/nds-de\\\/kunden\\\/rentner\\\/#primaryimage\"},\"thumbnailUrl\":\"https:\\\/\\\/formaxx.de\\\/wp-content\\\/uploads\\\/2021\\\/07\\\/kunden-rentner-header.jpg\",\"datePublished\":\"2021-01-06T11:38:23+00:00\",\"description\":\"FORMAXX hilft Rentner bei der Optimierung ihrer Renteneink\u00fcnfte und bietet Beratung zu Steuern, Versicherungen und rechtlicher Vorsorge.\",\"breadcrumb\":{\"@id\":\"https:\\\/\\\/formaxx.de\\\/nds-de\\\/kunden\\\/rentner\\\/#breadcrumb\"},\"inLanguage\":\"de\",\"potentialAction\":[{\"@type\":\"ReadAction\",\"target\":[\"https:\\\/\\\/formaxx.de\\\/nds-de\\\/kunden\\\/rentner\\\/\"]}]},{\"@type\":\"ImageObject\",\"inLanguage\":\"de\",\"@id\":\"https:\\\/\\\/formaxx.de\\\/nds-de\\\/kunden\\\/rentner\\\/#primaryimage\",\"url\":\"https:\\\/\\\/formaxx.de\\\/wp-content\\\/uploads\\\/2021\\\/07\\\/kunden-rentner-header.jpg\",\"contentUrl\":\"https:\\\/\\\/formaxx.de\\\/wp-content\\\/uploads\\\/2021\\\/07\\\/kunden-rentner-header.jpg\",\"width\":1920,\"height\":823,\"caption\":\"FORMAXX \u2013\u00a0Wir beraten Rentner\"},{\"@type\":\"BreadcrumbList\",\"@id\":\"https:\\\/\\\/formaxx.de\\\/nds-de\\\/kunden\\\/rentner\\\/#breadcrumb\",\"itemListElement\":[{\"@type\":\"ListItem\",\"position\":1,\"name\":\"Startseite\",\"item\":\"https:\\\/\\\/formaxx.de\\\/nds-de\\\/formaxx-ag\\\/\"},{\"@type\":\"ListItem\",\"position\":2,\"name\":\"Kunden\",\"item\":\"https:\\\/\\\/formaxx.de\\\/nds-de\\\/kunden\\\/\"},{\"@type\":\"ListItem\",\"position\":3,\"name\":\"Rentner\"}]},{\"@type\":\"WebSite\",\"@id\":\"https:\\\/\\\/formaxx.de\\\/#website\",\"url\":\"https:\\\/\\\/formaxx.de\\\/\",\"name\":\"FORMAXX AG\",\"description\":\"Ma\u00dfstab in Sachen Finanzberatung\",\"publisher\":{\"@id\":\"https:\\\/\\\/formaxx.de\\\/#organization\"},\"potentialAction\":[{\"@type\":\"SearchAction\",\"target\":{\"@type\":\"EntryPoint\",\"urlTemplate\":\"https:\\\/\\\/formaxx.de\\\/?s={search_term_string}\"},\"query-input\":{\"@type\":\"PropertyValueSpecification\",\"valueRequired\":true,\"valueName\":\"search_term_string\"}}],\"inLanguage\":\"de\"},{\"@type\":\"Organization\",\"@id\":\"https:\\\/\\\/formaxx.de\\\/#organization\",\"name\":\"FORMAXX AG\",\"url\":\"https:\\\/\\\/formaxx.de\\\/\",\"logo\":{\"@type\":\"ImageObject\",\"inLanguage\":\"de\",\"@id\":\"https:\\\/\\\/formaxx.de\\\/#\\\/schema\\\/logo\\\/image\\\/\",\"url\":\"https:\\\/\\\/formaxx.de\\\/wp-content\\\/uploads\\\/2020\\\/11\\\/FORMAXX-Logo.png\",\"contentUrl\":\"https:\\\/\\\/formaxx.de\\\/wp-content\\\/uploads\\\/2020\\\/11\\\/FORMAXX-Logo.png\",\"width\":1920,\"height\":242,\"caption\":\"FORMAXX AG\"},\"image\":{\"@id\":\"https:\\\/\\\/formaxx.de\\\/#\\\/schema\\\/logo\\\/image\\\/\"}}]}<\/script>\n<!-- \/ Yoast SEO plugin. -->","yoast_head_json":{"title":"Rentner - FORMAXX AG","description":"FORMAXX hilft Rentner bei der Optimierung ihrer Renteneink\u00fcnfte und bietet Beratung zu Steuern, Versicherungen und rechtlicher Vorsorge.","robots":{"index":"index","follow":"follow","max-snippet":"max-snippet:-1","max-image-preview":"max-image-preview:large","max-video-preview":"max-video-preview:-1"},"og_locale":"en_US","og_type":"article","og_title":"Rentner - FORMAXX AG","og_description":"FORMAXX hilft Rentner bei der Optimierung ihrer Renteneink\u00fcnfte und bietet Beratung zu Steuern, Versicherungen und rechtlicher Vorsorge.","og_url":"https:\/\/formaxx.de\/nds-de\/kunden\/rentner\/","og_site_name":"FORMAXX AG","og_image":[{"width":1920,"height":823,"url":"https:\/\/formaxx.de\/wp-content\/uploads\/2021\/07\/kunden-rentner-header.jpg","type":"image\/jpeg"}],"twitter_card":"summary_large_image","twitter_misc":{"Gesch\u00e4tzte Lesezeit":"4\u00a0Minuten"},"schema":{"@context":"https:\/\/schema.org","@graph":[{"@type":"WebPage","@id":"https:\/\/formaxx.de\/nds-de\/kunden\/rentner\/","url":"https:\/\/formaxx.de\/nds-de\/kunden\/rentner\/","name":"Rentner - FORMAXX AG","isPartOf":{"@id":"https:\/\/formaxx.de\/#website"},"primaryImageOfPage":{"@id":"https:\/\/formaxx.de\/nds-de\/kunden\/rentner\/#primaryimage"},"image":{"@id":"https:\/\/formaxx.de\/nds-de\/kunden\/rentner\/#primaryimage"},"thumbnailUrl":"https:\/\/formaxx.de\/wp-content\/uploads\/2021\/07\/kunden-rentner-header.jpg","datePublished":"2021-01-06T11:38:23+00:00","description":"FORMAXX hilft Rentner bei der Optimierung ihrer Renteneink\u00fcnfte und bietet Beratung zu Steuern, Versicherungen und rechtlicher Vorsorge.","breadcrumb":{"@id":"https:\/\/formaxx.de\/nds-de\/kunden\/rentner\/#breadcrumb"},"inLanguage":"de","potentialAction":[{"@type":"ReadAction","target":["https:\/\/formaxx.de\/nds-de\/kunden\/rentner\/"]}]},{"@type":"ImageObject","inLanguage":"de","@id":"https:\/\/formaxx.de\/nds-de\/kunden\/rentner\/#primaryimage","url":"https:\/\/formaxx.de\/wp-content\/uploads\/2021\/07\/kunden-rentner-header.jpg","contentUrl":"https:\/\/formaxx.de\/wp-content\/uploads\/2021\/07\/kunden-rentner-header.jpg","width":1920,"height":823,"caption":"FORMAXX \u2013\u00a0Wir beraten Rentner"},{"@type":"BreadcrumbList","@id":"https:\/\/formaxx.de\/nds-de\/kunden\/rentner\/#breadcrumb","itemListElement":[{"@type":"ListItem","position":1,"name":"Startseite","item":"https:\/\/formaxx.de\/nds-de\/formaxx-ag\/"},{"@type":"ListItem","position":2,"name":"Kunden","item":"https:\/\/formaxx.de\/nds-de\/kunden\/"},{"@type":"ListItem","position":3,"name":"Rentner"}]},{"@type":"WebSite","@id":"https:\/\/formaxx.de\/#website","url":"https:\/\/formaxx.de\/","name":"FORMAXX AG","description":"Ma\u00dfstab in Sachen Finanzberatung","publisher":{"@id":"https:\/\/formaxx.de\/#organization"},"potentialAction":[{"@type":"SearchAction","target":{"@type":"EntryPoint","urlTemplate":"https:\/\/formaxx.de\/?s={search_term_string}"},"query-input":{"@type":"PropertyValueSpecification","valueRequired":true,"valueName":"search_term_string"}}],"inLanguage":"de"},{"@type":"Organization","@id":"https:\/\/formaxx.de\/#organization","name":"FORMAXX AG","url":"https:\/\/formaxx.de\/","logo":{"@type":"ImageObject","inLanguage":"de","@id":"https:\/\/formaxx.de\/#\/schema\/logo\/image\/","url":"https:\/\/formaxx.de\/wp-content\/uploads\/2020\/11\/FORMAXX-Logo.png","contentUrl":"https:\/\/formaxx.de\/wp-content\/uploads\/2020\/11\/FORMAXX-Logo.png","width":1920,"height":242,"caption":"FORMAXX AG"},"image":{"@id":"https:\/\/formaxx.de\/#\/schema\/logo\/image\/"}}]}},"_links":{"self":[{"href":"https:\/\/formaxx.de\/nds-de\/wp-json\/wp\/v2\/pages\/25155","targetHints":{"allow":["GET"]}}],"collection":[{"href":"https:\/\/formaxx.de\/nds-de\/wp-json\/wp\/v2\/pages"}],"about":[{"href":"https:\/\/formaxx.de\/nds-de\/wp-json\/wp\/v2\/types\/page"}],"author":[{"embeddable":true,"href":"https:\/\/formaxx.de\/nds-de\/wp-json\/wp\/v2\/users\/1"}],"replies":[{"embeddable":true,"href":"https:\/\/formaxx.de\/nds-de\/wp-json\/wp\/v2\/comments?post=25155"}],"version-history":[{"count":0,"href":"https:\/\/formaxx.de\/nds-de\/wp-json\/wp\/v2\/pages\/25155\/revisions"}],"up":[{"embeddable":true,"href":"https:\/\/formaxx.de\/nds-de\/wp-json\/wp\/v2\/pages\/25125"}],"wp:featuredmedia":[{"embeddable":true,"href":"https:\/\/formaxx.de\/nds-de\/wp-json\/wp\/v2\/media\/24375"}],"wp:attachment":[{"href":"https:\/\/formaxx.de\/nds-de\/wp-json\/wp\/v2\/media?parent=25155"}],"wp:term":[{"taxonomy":"folder","embeddable":true,"href":"https:\/\/formaxx.de\/nds-de\/wp-json\/wp\/v2\/folder?post=25155"}],"curies":[{"name":"wp","href":"https:\/\/api.w.org\/{rel}","templated":true}]}}