{"id":25127,"date":"2020-11-24T16:25:44","date_gmt":"2020-11-24T15:25:44","guid":{"rendered":"https:\/\/formaxx.de\/kunden\/angestellte\/"},"modified":"2020-11-24T16:25:44","modified_gmt":"2020-11-24T15:25:44","slug":"angestellte","status":"publish","type":"page","link":"https:\/\/formaxx.de\/nds-de\/kunden\/angestellte\/","title":{"rendered":"Angestellte"},"content":{"rendered":"\t\t<div data-elementor-type=\"wp-page\" data-elementor-id=\"25127\" class=\"elementor elementor-25127\" data-elementor-post-type=\"page\">\n\t\t\t\t\t\t<section class=\"elementor-section elementor-top-section elementor-element elementor-element-ba9e7df elementor-section-boxed elementor-section-height-default elementor-section-height-default\" data-id=\"ba9e7df\" data-element_type=\"section\" data-e-type=\"section\">\n\t\t\t\t\t\t<div class=\"elementor-container elementor-column-gap-default\">\n\t\t\t\t\t<div class=\"elementor-column elementor-col-100 elementor-top-column elementor-element elementor-element-c685ba1\" data-id=\"c685ba1\" data-element_type=\"column\" data-e-type=\"column\">\n\t\t\t<div class=\"elementor-widget-wrap elementor-element-populated\">\n\t\t\t\t\t\t<div class=\"elementor-element elementor-element-066a268 elementor-widget elementor-widget-heading\" data-id=\"066a268\" data-element_type=\"widget\" data-e-type=\"widget\" data-widget_type=\"heading.default\">\n\t\t\t\t<div class=\"elementor-widget-container\">\n\t\t\t\t\t<h2 class=\"elementor-heading-title elementor-size-default\">Arbeitgeber gefunden, guten Vertrag ausgehandelt <\/h2>\t\t\t\t<\/div>\n\t\t\t\t<\/div>\n\t\t\t\t<div class=\"elementor-element elementor-element-619269c elementor-widget elementor-widget-heading\" data-id=\"619269c\" data-element_type=\"widget\" data-e-type=\"widget\" data-widget_type=\"heading.default\">\n\t\t\t\t<div class=\"elementor-widget-container\">\n\t\t\t\t\t<h3 class=\"elementor-heading-title elementor-size-default\">Wissen Sie, wie Sie die vertraglich vereinbarten Konditionen optimal nutzen?<\/h3>\t\t\t\t<\/div>\n\t\t\t\t<\/div>\n\t\t\t\t<div class=\"elementor-element elementor-element-ffecdfb elementor-widget elementor-widget-text-editor\" data-id=\"ffecdfb\" data-element_type=\"widget\" data-e-type=\"widget\" data-widget_type=\"text-editor.default\">\n\t\t\t\t<div class=\"elementor-widget-container\">\n\t\t\t\t\t\t\t\t\t<p>Sie sind gerade in den Beruf gestartet oder sind bereits leitender Angestellter, vielleicht sind Sie tarifgebunden oder aber au&szlig;ertariflich eingruppiert. Unabh&auml;ngig von Ihrem aktuellen Karrierestatus tauchen in Ihrem Arbeitsvertrag Verg&uuml;tungen auf, die Sie bei entsprechender Optimierung schneller an Ihre pers&ouml;nlichen Ziele bringen k&ouml;nnen. Gemeinsam mit Ihnen finden wir Antworten auf genau die Finanzfragen, die Sie bewegen. Die FORMAXX AG entwickelt gemeinsam mit Ihnen Konzepte, mit denen Sie sich wohl und sicher f&uuml;hlen.<\/p>\t\t\t\t\t\t\t\t<\/div>\n\t\t\t\t<\/div>\n\t\t\t\t<div class=\"elementor-element elementor-element-589edf8 elementor-widget elementor-widget-text-editor\" data-id=\"589edf8\" data-element_type=\"widget\" data-e-type=\"widget\" data-widget_type=\"text-editor.default\">\n\t\t\t\t<div class=\"elementor-widget-container\">\n\t\t\t\t\t\t\t\t\t<p>Als Angestellter stehen Sie vor einer Vielzahl von Optionen, es stellen sich grunds&auml;tzliche Fragen der pers&ouml;nlichen Nutzung:&nbsp;<\/p><ul><li>Wie l&auml;sst sich die betriebliche Altersversorgung in meine Planung integrieren?<\/li><li>Was gehe ich mit den verm&ouml;genswirksamen Leistungen um?<\/li><li>Brauche ich eine Absicherung gegen Berufsunf&auml;higkeit?<\/li><li>Wie kann ich f&uuml;r meine Kinder vorsorgen?<\/li><li>Welche Immobiliengr&ouml;&szlig;e kann ich mir leisten?<\/li><li>Welches Krankenversicherungssystem passt zu mir und meinen Planungen?<\/li><li>Welche staatlichen F&ouml;rderungen und\/oder Steuersubventionen kann ich in Anspruch nehmen?<\/li><li>Welche Fristen existieren f&uuml;r Zusatzleistungen des Arbeitgebers?<\/li><li>Welche Auszahlungszeitr&auml;ume kann ich in meinen Finanzplan einbauen?<\/li><\/ul>\t\t\t\t\t\t\t\t<\/div>\n\t\t\t\t<\/div>\n\t\t\t\t<div class=\"elementor-element elementor-element-f30197a elementor-widget elementor-widget-heading\" data-id=\"f30197a\" data-element_type=\"widget\" data-e-type=\"widget\" data-widget_type=\"heading.default\">\n\t\t\t\t<div class=\"elementor-widget-container\">\n\t\t\t\t\t<h3 class=\"elementor-heading-title elementor-size-default\">Ihre FORMAXX BeraterInnen arbeiten transparent, objektiv und dem Verbraucherschutz verpflichtet. <\/h3>\t\t\t\t<\/div>\n\t\t\t\t<\/div>\n\t\t\t\t<div class=\"elementor-element elementor-element-704feeb elementor-widget elementor-widget-text-editor\" data-id=\"704feeb\" data-element_type=\"widget\" data-e-type=\"widget\" data-widget_type=\"text-editor.default\">\n\t\t\t\t<div class=\"elementor-widget-container\">\n\t\t\t\t\t\t\t\t\t<p>Ihre Fragen treffen bei der FORMAXX AG auf kompetente, faire Ohren. Unterst&uuml;tzt von einem erfahrenen Expertenteam im Hintergrund agieren Ihre BeraterInnen frei am Produktmarkt und kommen so den Anforderungen des &bdquo;best advice&ldquo; als Finanzmakler nach.<\/p><p>Grundlage f&uuml;r die Beratung ist immer die aktuelle Finanzanalyse nach <strong>DIN Norm 77230. <\/strong>Bei der Produktauswahl agieren wir im Absicherungsbereich nach dem <strong><u>Gold-Silber-Bronze-Prinzip<\/u><\/strong> und im Bereich Verm&ouml;gensaufbau nach dem <strong><u>Best-in-Class-Prinzip<\/u><\/strong>. So k&ouml;nnen Sie sicher sein, dass Sie genau die f&uuml;r Sie passende, individuelle Absicherung, Verm&ouml;gensplanung und Finanzierung erhalten.<\/p><p>Sprechen Sie uns auf Ihre pers&ouml;nliche Finanzanalyse nach <strong>DIN 77230 <\/strong>an, es lohnt sich.<\/p>\t\t\t\t\t\t\t\t<\/div>\n\t\t\t\t<\/div>\n\t\t\t\t\t<\/div>\n\t\t<\/div>\n\t\t\t\t\t<\/div>\n\t\t<\/section>\n\t\t\t\t<section class=\"elementor-section elementor-top-section elementor-element elementor-element-dc4e0f0 elementor-section-content-middle elementor-section-boxed elementor-section-height-default elementor-section-height-default\" data-id=\"dc4e0f0\" data-element_type=\"section\" data-e-type=\"section\">\n\t\t\t\t\t\t<div class=\"elementor-container elementor-column-gap-wider\">\n\t\t\t\t\t<div class=\"elementor-column elementor-col-50 elementor-top-column elementor-element elementor-element-3c6a68f\" data-id=\"3c6a68f\" data-element_type=\"column\" data-e-type=\"column\">\n\t\t\t<div class=\"elementor-widget-wrap elementor-element-populated\">\n\t\t\t\t\t\t<div class=\"elementor-element elementor-element-d009f21 elementor-widget elementor-widget-image\" data-id=\"d009f21\" data-element_type=\"widget\" data-e-type=\"widget\" data-widget_type=\"image.default\">\n\t\t\t\t<div class=\"elementor-widget-container\">\n\t\t\t\t\t\t\t\t\t\t\t\t\t\t\t<img fetchpriority=\"high\" decoding=\"async\" width=\"800\" height=\"534\" src=\"https:\/\/formaxx.de\/wp-content\/uploads\/2021\/07\/kunden-angestellte-kontakt-1024x683.jpg\" class=\"attachment-large size-large wp-image-4764\" alt=\"FORMAXX &ndash;&nbsp;Wir beraten Angestellte\" srcset=\"https:\/\/formaxx.de\/wp-content\/uploads\/2021\/07\/kunden-angestellte-kontakt-1024x683.jpg 1024w, https:\/\/formaxx.de\/wp-content\/uploads\/2021\/07\/kunden-angestellte-kontakt-300x200.jpg 300w, https:\/\/formaxx.de\/wp-content\/uploads\/2021\/07\/kunden-angestellte-kontakt-768x512.jpg 768w, https:\/\/formaxx.de\/wp-content\/uploads\/2021\/07\/kunden-angestellte-kontakt-1536x1024.jpg 1536w, https:\/\/formaxx.de\/wp-content\/uploads\/2021\/07\/kunden-angestellte-kontakt.jpg 1620w\" sizes=\"(max-width: 800px) 100vw, 800px\">\t\t\t\t\t\t\t\t\t\t\t\t\t\t\t<\/div>\n\t\t\t\t<\/div>\n\t\t\t\t\t<\/div>\n\t\t<\/div>\n\t\t\t\t<div class=\"elementor-column elementor-col-50 elementor-top-column elementor-element elementor-element-ae1341e\" data-id=\"ae1341e\" data-element_type=\"column\" data-e-type=\"column\">\n\t\t\t<div class=\"elementor-widget-wrap elementor-element-populated\">\n\t\t\t\t\t\t<div class=\"elementor-element elementor-element-96d9bdd elementor-widget elementor-widget-heading\" data-id=\"96d9bdd\" data-element_type=\"widget\" data-e-type=\"widget\" data-widget_type=\"heading.default\">\n\t\t\t\t<div class=\"elementor-widget-container\">\n\t\t\t\t\t<h4 class=\"elementor-heading-title elementor-size-default\">Vereinbaren Sie gleich einen Termin!<\/h4>\t\t\t\t<\/div>\n\t\t\t\t<\/div>\n\t\t\t\t<div class=\"elementor-element elementor-element-729a36e elementor-widget elementor-widget-button\" data-id=\"729a36e\" data-element_type=\"widget\" data-e-type=\"widget\" data-widget_type=\"button.default\">\n\t\t\t\t<div class=\"elementor-widget-container\">\n\t\t\t\t\t\t\t\t\t<div class=\"elementor-button-wrapper\">\n\t\t\t\t\t<a class=\"elementor-button elementor-button-link elementor-size-sm\" href=\"https:\/\/formaxx.de\/ueber-formaxx\/kontakt\/\">\n\t\t\t\t\t\t<span class=\"elementor-button-content-wrapper\">\n\t\t\t\t\t\t\t\t\t<span class=\"elementor-button-text\">jetzt Termin buchen<\/span>\n\t\t\t\t\t<\/span>\n\t\t\t\t\t<\/a>\n\t\t\t\t<\/div>\n\t\t\t\t\t\t\t\t<\/div>\n\t\t\t\t<\/div>\n\t\t\t\t\t<\/div>\n\t\t<\/div>\n\t\t\t\t\t<\/div>\n\t\t<\/section>\n\t\t\t\t<\/div>\n\t\t","protected":false},"excerpt":{"rendered":"<p>Arbeitgeber gefunden, guten Vertrag ausgehandelt Wissen Sie, wie Sie die vertraglich vereinbarten Konditionen optimal nutzen? Sie sind gerade in den Beruf gestartet oder bereits in einer F\u00fchrungsposition, vielleicht sind Sie tarifgebunden oder au\u00dfertariflich eingestuft. Unabh\u00e4ngig von Ihrem aktuellen Karrierestatus gibt es in Ihrem Arbeitsvertrag Verg\u00fctungen, die Sie mit der richtigen Optimierung schneller zu Ihren pers\u00f6nlichen [&hellip;]<\/p>\n","protected":false},"author":1,"featured_media":24362,"parent":25125,"menu_order":0,"comment_status":"closed","ping_status":"closed","template":"","meta":{"_acf_changed":false,"footnotes":""},"folder":[199],"class_list":["post-25127","page","type-page","status-publish","has-post-thumbnail","hentry"],"acf":[],"yoast_head":"<!-- This site is optimized with the Yoast SEO plugin v27.5 - https:\/\/yoast.com\/product\/yoast-seo-wordpress\/ -->\n<title>Angestellte - FORMAXX AG<\/title>\n<meta name=\"description\" content=\"FORMAXX bietet Angestellten individuelle Finanzberatung zur Altersvorsorge, Absicherung und Optimierung von Leistungen.\" \/>\n<meta name=\"robots\" content=\"index, follow, max-snippet:-1, max-image-preview:large, max-video-preview:-1\" \/>\n<meta property=\"og:locale\" content=\"en_US\" \/>\n<meta property=\"og:type\" content=\"article\" \/>\n<meta property=\"og:title\" content=\"Angestellte - FORMAXX AG\" \/>\n<meta property=\"og:description\" content=\"FORMAXX bietet Angestellten individuelle Finanzberatung zur Altersvorsorge, Absicherung und Optimierung von Leistungen.\" \/>\n<meta property=\"og:url\" content=\"https:\/\/formaxx.de\/nds-de\/kunden\/angestellte\/\" \/>\n<meta property=\"og:site_name\" content=\"FORMAXX AG\" \/>\n<meta property=\"og:image\" content=\"https:\/\/formaxx.de\/wp-content\/uploads\/2021\/07\/kunden-angestellte-header.jpg\" \/>\n\t<meta property=\"og:image:width\" content=\"1920\" \/>\n\t<meta property=\"og:image:height\" content=\"823\" \/>\n\t<meta property=\"og:image:type\" content=\"image\/jpeg\" \/>\n<meta name=\"twitter:card\" content=\"summary_large_image\" \/>\n<meta name=\"twitter:label1\" content=\"Gesch\u00e4tzte Lesezeit\" \/>\n\t<meta name=\"twitter:data1\" content=\"2\u00a0Minuten\" \/>\n<script type=\"application\/ld+json\" class=\"yoast-schema-graph\">{\"@context\":\"https:\\\/\\\/schema.org\",\"@graph\":[{\"@type\":\"WebPage\",\"@id\":\"https:\\\/\\\/formaxx.de\\\/nds-de\\\/kunden\\\/angestellte\\\/\",\"url\":\"https:\\\/\\\/formaxx.de\\\/nds-de\\\/kunden\\\/angestellte\\\/\",\"name\":\"Angestellte - FORMAXX AG\",\"isPartOf\":{\"@id\":\"https:\\\/\\\/formaxx.de\\\/#website\"},\"primaryImageOfPage\":{\"@id\":\"https:\\\/\\\/formaxx.de\\\/nds-de\\\/kunden\\\/angestellte\\\/#primaryimage\"},\"image\":{\"@id\":\"https:\\\/\\\/formaxx.de\\\/nds-de\\\/kunden\\\/angestellte\\\/#primaryimage\"},\"thumbnailUrl\":\"https:\\\/\\\/formaxx.de\\\/wp-content\\\/uploads\\\/2021\\\/07\\\/kunden-angestellte-header.jpg\",\"datePublished\":\"2020-11-24T15:25:44+00:00\",\"description\":\"FORMAXX bietet Angestellten individuelle Finanzberatung zur Altersvorsorge, Absicherung und Optimierung von Leistungen.\",\"breadcrumb\":{\"@id\":\"https:\\\/\\\/formaxx.de\\\/nds-de\\\/kunden\\\/angestellte\\\/#breadcrumb\"},\"inLanguage\":\"de\",\"potentialAction\":[{\"@type\":\"ReadAction\",\"target\":[\"https:\\\/\\\/formaxx.de\\\/nds-de\\\/kunden\\\/angestellte\\\/\"]}]},{\"@type\":\"ImageObject\",\"inLanguage\":\"de\",\"@id\":\"https:\\\/\\\/formaxx.de\\\/nds-de\\\/kunden\\\/angestellte\\\/#primaryimage\",\"url\":\"https:\\\/\\\/formaxx.de\\\/wp-content\\\/uploads\\\/2021\\\/07\\\/kunden-angestellte-header.jpg\",\"contentUrl\":\"https:\\\/\\\/formaxx.de\\\/wp-content\\\/uploads\\\/2021\\\/07\\\/kunden-angestellte-header.jpg\",\"width\":1920,\"height\":823,\"caption\":\"FORMAXX \u2013\u00a0Wir beraten Angestellte\"},{\"@type\":\"BreadcrumbList\",\"@id\":\"https:\\\/\\\/formaxx.de\\\/nds-de\\\/kunden\\\/angestellte\\\/#breadcrumb\",\"itemListElement\":[{\"@type\":\"ListItem\",\"position\":1,\"name\":\"Startseite\",\"item\":\"https:\\\/\\\/formaxx.de\\\/nds-de\\\/formaxx-ag\\\/\"},{\"@type\":\"ListItem\",\"position\":2,\"name\":\"Kunden\",\"item\":\"https:\\\/\\\/formaxx.de\\\/nds-de\\\/kunden\\\/\"},{\"@type\":\"ListItem\",\"position\":3,\"name\":\"Angestellte\"}]},{\"@type\":\"WebSite\",\"@id\":\"https:\\\/\\\/formaxx.de\\\/#website\",\"url\":\"https:\\\/\\\/formaxx.de\\\/\",\"name\":\"FORMAXX AG\",\"description\":\"Ma\u00dfstab in Sachen Finanzberatung\",\"publisher\":{\"@id\":\"https:\\\/\\\/formaxx.de\\\/#organization\"},\"potentialAction\":[{\"@type\":\"SearchAction\",\"target\":{\"@type\":\"EntryPoint\",\"urlTemplate\":\"https:\\\/\\\/formaxx.de\\\/?s={search_term_string}\"},\"query-input\":{\"@type\":\"PropertyValueSpecification\",\"valueRequired\":true,\"valueName\":\"search_term_string\"}}],\"inLanguage\":\"de\"},{\"@type\":\"Organization\",\"@id\":\"https:\\\/\\\/formaxx.de\\\/#organization\",\"name\":\"FORMAXX AG\",\"url\":\"https:\\\/\\\/formaxx.de\\\/\",\"logo\":{\"@type\":\"ImageObject\",\"inLanguage\":\"de\",\"@id\":\"https:\\\/\\\/formaxx.de\\\/#\\\/schema\\\/logo\\\/image\\\/\",\"url\":\"https:\\\/\\\/formaxx.de\\\/wp-content\\\/uploads\\\/2020\\\/11\\\/FORMAXX-Logo.png\",\"contentUrl\":\"https:\\\/\\\/formaxx.de\\\/wp-content\\\/uploads\\\/2020\\\/11\\\/FORMAXX-Logo.png\",\"width\":1920,\"height\":242,\"caption\":\"FORMAXX AG\"},\"image\":{\"@id\":\"https:\\\/\\\/formaxx.de\\\/#\\\/schema\\\/logo\\\/image\\\/\"}}]}<\/script>\n<!-- \/ Yoast SEO plugin. -->","yoast_head_json":{"title":"Angestellte - FORMAXX AG","description":"FORMAXX bietet Angestellten individuelle Finanzberatung zur Altersvorsorge, Absicherung und Optimierung von Leistungen.","robots":{"index":"index","follow":"follow","max-snippet":"max-snippet:-1","max-image-preview":"max-image-preview:large","max-video-preview":"max-video-preview:-1"},"og_locale":"en_US","og_type":"article","og_title":"Angestellte - FORMAXX AG","og_description":"FORMAXX bietet Angestellten individuelle Finanzberatung zur Altersvorsorge, Absicherung und Optimierung von Leistungen.","og_url":"https:\/\/formaxx.de\/nds-de\/kunden\/angestellte\/","og_site_name":"FORMAXX AG","og_image":[{"width":1920,"height":823,"url":"https:\/\/formaxx.de\/wp-content\/uploads\/2021\/07\/kunden-angestellte-header.jpg","type":"image\/jpeg"}],"twitter_card":"summary_large_image","twitter_misc":{"Gesch\u00e4tzte Lesezeit":"2\u00a0Minuten"},"schema":{"@context":"https:\/\/schema.org","@graph":[{"@type":"WebPage","@id":"https:\/\/formaxx.de\/nds-de\/kunden\/angestellte\/","url":"https:\/\/formaxx.de\/nds-de\/kunden\/angestellte\/","name":"Angestellte - FORMAXX AG","isPartOf":{"@id":"https:\/\/formaxx.de\/#website"},"primaryImageOfPage":{"@id":"https:\/\/formaxx.de\/nds-de\/kunden\/angestellte\/#primaryimage"},"image":{"@id":"https:\/\/formaxx.de\/nds-de\/kunden\/angestellte\/#primaryimage"},"thumbnailUrl":"https:\/\/formaxx.de\/wp-content\/uploads\/2021\/07\/kunden-angestellte-header.jpg","datePublished":"2020-11-24T15:25:44+00:00","description":"FORMAXX bietet Angestellten individuelle Finanzberatung zur Altersvorsorge, Absicherung und Optimierung von Leistungen.","breadcrumb":{"@id":"https:\/\/formaxx.de\/nds-de\/kunden\/angestellte\/#breadcrumb"},"inLanguage":"de","potentialAction":[{"@type":"ReadAction","target":["https:\/\/formaxx.de\/nds-de\/kunden\/angestellte\/"]}]},{"@type":"ImageObject","inLanguage":"de","@id":"https:\/\/formaxx.de\/nds-de\/kunden\/angestellte\/#primaryimage","url":"https:\/\/formaxx.de\/wp-content\/uploads\/2021\/07\/kunden-angestellte-header.jpg","contentUrl":"https:\/\/formaxx.de\/wp-content\/uploads\/2021\/07\/kunden-angestellte-header.jpg","width":1920,"height":823,"caption":"FORMAXX \u2013\u00a0Wir beraten Angestellte"},{"@type":"BreadcrumbList","@id":"https:\/\/formaxx.de\/nds-de\/kunden\/angestellte\/#breadcrumb","itemListElement":[{"@type":"ListItem","position":1,"name":"Startseite","item":"https:\/\/formaxx.de\/nds-de\/formaxx-ag\/"},{"@type":"ListItem","position":2,"name":"Kunden","item":"https:\/\/formaxx.de\/nds-de\/kunden\/"},{"@type":"ListItem","position":3,"name":"Angestellte"}]},{"@type":"WebSite","@id":"https:\/\/formaxx.de\/#website","url":"https:\/\/formaxx.de\/","name":"FORMAXX AG","description":"Ma\u00dfstab in Sachen Finanzberatung","publisher":{"@id":"https:\/\/formaxx.de\/#organization"},"potentialAction":[{"@type":"SearchAction","target":{"@type":"EntryPoint","urlTemplate":"https:\/\/formaxx.de\/?s={search_term_string}"},"query-input":{"@type":"PropertyValueSpecification","valueRequired":true,"valueName":"search_term_string"}}],"inLanguage":"de"},{"@type":"Organization","@id":"https:\/\/formaxx.de\/#organization","name":"FORMAXX AG","url":"https:\/\/formaxx.de\/","logo":{"@type":"ImageObject","inLanguage":"de","@id":"https:\/\/formaxx.de\/#\/schema\/logo\/image\/","url":"https:\/\/formaxx.de\/wp-content\/uploads\/2020\/11\/FORMAXX-Logo.png","contentUrl":"https:\/\/formaxx.de\/wp-content\/uploads\/2020\/11\/FORMAXX-Logo.png","width":1920,"height":242,"caption":"FORMAXX AG"},"image":{"@id":"https:\/\/formaxx.de\/#\/schema\/logo\/image\/"}}]}},"_links":{"self":[{"href":"https:\/\/formaxx.de\/nds-de\/wp-json\/wp\/v2\/pages\/25127","targetHints":{"allow":["GET"]}}],"collection":[{"href":"https:\/\/formaxx.de\/nds-de\/wp-json\/wp\/v2\/pages"}],"about":[{"href":"https:\/\/formaxx.de\/nds-de\/wp-json\/wp\/v2\/types\/page"}],"author":[{"embeddable":true,"href":"https:\/\/formaxx.de\/nds-de\/wp-json\/wp\/v2\/users\/1"}],"replies":[{"embeddable":true,"href":"https:\/\/formaxx.de\/nds-de\/wp-json\/wp\/v2\/comments?post=25127"}],"version-history":[{"count":0,"href":"https:\/\/formaxx.de\/nds-de\/wp-json\/wp\/v2\/pages\/25127\/revisions"}],"up":[{"embeddable":true,"href":"https:\/\/formaxx.de\/nds-de\/wp-json\/wp\/v2\/pages\/25125"}],"wp:featuredmedia":[{"embeddable":true,"href":"https:\/\/formaxx.de\/nds-de\/wp-json\/wp\/v2\/media\/24362"}],"wp:attachment":[{"href":"https:\/\/formaxx.de\/nds-de\/wp-json\/wp\/v2\/media?parent=25127"}],"wp:term":[{"taxonomy":"folder","embeddable":true,"href":"https:\/\/formaxx.de\/nds-de\/wp-json\/wp\/v2\/folder?post=25127"}],"curies":[{"name":"wp","href":"https:\/\/api.w.org\/{rel}","templated":true}]}}