{"id":25117,"date":"2020-11-24T15:31:07","date_gmt":"2020-11-24T14:31:07","guid":{"rendered":"https:\/\/formaxx.de\/ueber-formaxx\/wir-leben-verbraucherschutz\/"},"modified":"2020-11-24T15:31:07","modified_gmt":"2020-11-24T14:31:07","slug":"wir-leben-verbraucherschutz","status":"publish","type":"page","link":"https:\/\/formaxx.de\/nds-de\/ueber-formaxx\/wir-leben-verbraucherschutz\/","title":{"rendered":"Wir leben Verbraucherschutz"},"content":{"rendered":"\t\t<div data-elementor-type=\"wp-page\" data-elementor-id=\"25117\" class=\"elementor elementor-25117\" data-elementor-post-type=\"page\">\n\t\t\t\t\t\t<section class=\"elementor-section elementor-top-section elementor-element elementor-element-554d2a6 elementor-section-boxed elementor-section-height-default elementor-section-height-default\" data-id=\"554d2a6\" data-element_type=\"section\" data-e-type=\"section\">\n\t\t\t\t\t\t<div class=\"elementor-container elementor-column-gap-default\">\n\t\t\t\t\t<div class=\"elementor-column elementor-col-100 elementor-top-column elementor-element elementor-element-cd7dc12\" data-id=\"cd7dc12\" data-element_type=\"column\" data-e-type=\"column\">\n\t\t\t<div class=\"elementor-widget-wrap elementor-element-populated\">\n\t\t\t\t\t\t<div class=\"elementor-element elementor-element-7d9b3d1 elementor-widget elementor-widget-heading\" data-id=\"7d9b3d1\" data-element_type=\"widget\" data-e-type=\"widget\" data-widget_type=\"heading.default\">\n\t\t\t\t<div class=\"elementor-widget-container\">\n\t\t\t\t\t<h2 class=\"elementor-heading-title elementor-size-default\">Standardisierte Analyse. &Uuml;berpr&uuml;fbare Ergebnisse. Messbare Qualit&auml;t.<\/h2>\t\t\t\t<\/div>\n\t\t\t\t<\/div>\n\t\t\t\t<div class=\"elementor-element elementor-element-61a5f4d elementor-widget elementor-widget-text-editor\" data-id=\"61a5f4d\" data-element_type=\"widget\" data-e-type=\"widget\" data-widget_type=\"text-editor.default\">\n\t\t\t\t<div class=\"elementor-widget-container\">\n\t\t\t\t\t\t\t\t\t<p>Wir haben uns von der traditionellen Vorgehensweise in der Finanzberatung verabschiedet und gehen mit unserem innovativen Beratungskonzept einen anderen, offenen Weg. Unser Beratungsprinzip &bdquo;<strong>SICHER SEIN<\/strong>&ldquo; sorgt f&uuml;r Transparenz und die Gewissheit, die richtigen Schritte umgesetzt zu haben &ndash; ohne einen Cent zu viel f&uuml;r Dinge auszugeben, die nicht ben&ouml;tigt werden. Damit haben unsere Kunden h&auml;ufig bereits in den ersten Monaten der Zusammenarbeit erhebliche wirtschaftliche Vorteile.<\/p><p>So sch&uuml;tzt unser Handeln aktiv die Interessen des Verbrauchers. Wir orientieren uns am Bedarf und den Zielen unseres Kunden. Damit erwirtschaftet er oft erhebliche, zus&auml;tzliche Betr&auml;ge f&uuml;r sein eigenes Verm&ouml;gen.<\/p>\t\t\t\t\t\t\t\t<\/div>\n\t\t\t\t<\/div>\n\t\t\t\t<div class=\"elementor-element elementor-element-bb08ef0 elementor-widget elementor-widget-heading\" data-id=\"bb08ef0\" data-element_type=\"widget\" data-e-type=\"widget\" data-widget_type=\"heading.default\">\n\t\t\t\t<div class=\"elementor-widget-container\">\n\t\t\t\t\t<h3 class=\"elementor-heading-title elementor-size-default\">Dieser Mehrwert entsteht aus unserer Ablehnung konventioneller Finanzberatung.<\/h3>\t\t\t\t<\/div>\n\t\t\t\t<\/div>\n\t\t\t\t<div class=\"elementor-element elementor-element-d31878a elementor-widget elementor-widget-text-editor\" data-id=\"d31878a\" data-element_type=\"widget\" data-e-type=\"widget\" data-widget_type=\"text-editor.default\">\n\t\t\t\t<div class=\"elementor-widget-container\">\n\t\t\t\t\t\t\t\t\t<p><strong>Warum?<\/strong><br>Weil sie in der Regel weder f&uuml;r den Kunden noch f&uuml;r den Berater f&uuml;r optimale Ergebnisse sorgt.<\/p><p><strong>Was fehlte?<\/strong><br>Es fehlte eine objektive Basis, auf der ein Berater gemeinsam mit dem Kunden bestm&ouml;gliche Entscheidungen treffen konnte.<\/p><p><strong>Was ist unser Anspruch?<\/strong><br>Berater- und standortunabh&auml;ngige Beratung, die das EINE richtige Ergebnis liefert.<\/p>\t\t\t\t\t\t\t\t<\/div>\n\t\t\t\t<\/div>\n\t\t\t\t<div class=\"elementor-element elementor-element-0c67dea elementor-widget elementor-widget-text-editor\" data-id=\"0c67dea\" data-element_type=\"widget\" data-e-type=\"widget\" data-widget_type=\"text-editor.default\">\n\t\t\t\t<div class=\"elementor-widget-container\">\n\t\t\t\t\t\t\t\t\t<p>In der Finanzdienstleistungsbranche galt bisher als Faustformel, dass die Ergebnisse der Beratung immer abh&auml;ngig seien vom Berater, von seiner Qualifikation und von dem Anbieter, den er vertritt. Messbare Standards f&uuml;r Finanzberatung fehlten.<\/p><p>Dieser Herausforderung haben wir uns als FORMAXX gestellt. Wir sind angetreten, diese Beratungsstandards rund um Transparenz und Messbarkeit zu schaffen und im Markt im Sinne des Verbrauchers zu etablieren.<\/p><p>Wir haben unser Ziel erreicht:&nbsp;<br><strong>Standardisierte Analyse. &Uuml;berpr&uuml;fbare Ergebnisse. Messbare Qualit&auml;t.<\/strong><\/p>\t\t\t\t\t\t\t\t<\/div>\n\t\t\t\t<\/div>\n\t\t\t\t\t<\/div>\n\t\t<\/div>\n\t\t\t\t\t<\/div>\n\t\t<\/section>\n\t\t\t\t<section class=\"elementor-section elementor-top-section elementor-element elementor-element-88ff7ab elementor-section-boxed elementor-section-height-default elementor-section-height-default\" data-id=\"88ff7ab\" data-element_type=\"section\" data-e-type=\"section\">\n\t\t\t\t\t\t<div class=\"elementor-container elementor-column-gap-default\">\n\t\t\t\t\t<div class=\"elementor-column elementor-col-100 elementor-top-column elementor-element elementor-element-a40114a\" data-id=\"a40114a\" data-element_type=\"column\" data-e-type=\"column\">\n\t\t\t<div class=\"elementor-widget-wrap elementor-element-populated\">\n\t\t\t\t\t\t<section class=\"elementor-section elementor-inner-section elementor-element elementor-element-fa6cdb8 elementor-section-boxed elementor-section-height-default elementor-section-height-default\" data-id=\"fa6cdb8\" data-element_type=\"section\" data-e-type=\"section\">\n\t\t\t\t\t\t<div class=\"elementor-container elementor-column-gap-default\">\n\t\t\t\t\t<div class=\"elementor-column elementor-col-50 elementor-inner-column elementor-element elementor-element-6ed7156\" data-id=\"6ed7156\" data-element_type=\"column\" data-e-type=\"column\">\n\t\t\t<div class=\"elementor-widget-wrap\">\n\t\t\t\t\t\t\t<\/div>\n\t\t<\/div>\n\t\t\t\t<div class=\"elementor-column elementor-col-50 elementor-inner-column elementor-element elementor-element-2c1d6be\" data-id=\"2c1d6be\" data-element_type=\"column\" data-e-type=\"column\">\n\t\t\t<div class=\"elementor-widget-wrap elementor-element-populated\">\n\t\t\t\t\t\t<div class=\"elementor-element elementor-element-f1721b6 elementor-flip-box--effect-fade flipbox elementor-widget elementor-widget-flip-box\" data-id=\"f1721b6\" data-element_type=\"widget\" data-e-type=\"widget\" data-widget_type=\"flip-box.default\">\n\t\t\t\t<div class=\"elementor-widget-container\">\n\t\t\t\t\t\t\t<div class=\"elementor-flip-box\" tabindex=\"0\">\n\t\t\t<div class=\"elementor-flip-box__layer elementor-flip-box__front\">\n\t\t\t\t<div class=\"elementor-flip-box__layer__overlay\">\n\t\t\t\t\t<div class=\"elementor-flip-box__layer__inner\">\n\t\t\t\t\t\t\t\t\t\t\t\t\t<div class=\"elementor-icon-wrapper elementor-view-default\">\n\t\t\t\t\t\t\t\t<div class=\"elementor-icon\">\n\t\t\t\t\t\t\t\t\t\t\t\t\t\t\t\t\t<\/div>\n\t\t\t\t\t\t\t<\/div>\n\t\t\t\t\t\t\n\t\t\t\t\t\t\t\t\t\t\t\t\t<h3 class=\"elementor-flip-box__layer__title\">\n\t\t\t\t\t\t\t\tweiter zur Qualit&auml;t\t\t\t\t\t\t\t<\/h3>\n\t\t\t\t\t\t\n\t\t\t\t\t\t\t\t\t\t\t<\/div>\n\t\t\t\t<\/div>\n\t\t\t<\/div>\n\t\t\t<div class=\"elementor-flip-box__layer elementor-flip-box__back\">\n\t\t\t<div class=\"elementor-flip-box__layer__overlay\">\n\t\t\t\t<div class=\"elementor-flip-box__layer__inner\">\n\t\t\t\t\t\t\t\t\t\t\t<h3 class=\"elementor-flip-box__layer__title\">\n\t\t\t\t\t\t\tQualit&auml;t in der Finanzberatung &ndash; unsere Tools\t\t\t\t\t\t<\/h3>\n\t\t\t\t\t\n\t\t\t\t\t\n\t\t\t\t\t\t\t\t\t\t\t<a class=\"elementor-flip-box__button elementor-button elementor-size-sm\" href=\"https:\/\/formaxx.de\/ueber-formaxx\/qualitaet\/\" target=\"_blank\">\n\t\t\t\t\t\t\tmehr erfahren\t\t\t\t\t\t<\/a>\n\t\t\t\t\t\t\t\t<\/div>\n\t\t<\/div>\n\t\t<\/div>\n\t\t<\/div>\n\t\t\t\t\t\t<\/div>\n\t\t\t\t<\/div>\n\t\t\t\t\t<\/div>\n\t\t<\/div>\n\t\t\t\t\t<\/div>\n\t\t<\/section>\n\t\t\t\t\t<\/div>\n\t\t<\/div>\n\t\t\t\t\t<\/div>\n\t\t<\/section>\n\t\t\t\t<\/div>\n\t\t","protected":false},"excerpt":{"rendered":"<p>Standardisierte Analyse. \u00dcberpr\u00fcfbare Ergebnisse. Messbare Qualit\u00e4t. Wir haben die traditionelle Finanzberatung hinter uns gelassen und folgen mit unserem innovativen Konzept einem neuen, offenen Weg. Unser Beratungsprinzip \u201eSICHER SEIN\u201c sorgt daf\u00fcr, dass alles transparent ist und Sie sicher sein k\u00f6nnen, die richtigen Entscheidungen getroffen zu haben \u2013 ohne unn\u00f6tig Geld f\u00fcr Dinge auszugeben, die Sie nicht [&hellip;]<\/p>\n","protected":false},"author":1,"featured_media":24411,"parent":25116,"menu_order":0,"comment_status":"closed","ping_status":"closed","template":"","meta":{"_acf_changed":false,"footnotes":""},"folder":[201],"class_list":["post-25117","page","type-page","status-publish","has-post-thumbnail","hentry"],"acf":[],"yoast_head":"<!-- This site is optimized with the Yoast SEO plugin v27.5 - https:\/\/yoast.com\/product\/yoast-seo-wordpress\/ -->\n<title>Wir leben Verbraucherschutz - FORMAXX AG<\/title>\n<meta name=\"description\" content=\"FORMAXX sch\u00fctzt Verbraucherinteressen durch transparente Finanzanalysen und individuelle Beratung f\u00fcr finanzielle Sicherheit.\" \/>\n<meta name=\"robots\" content=\"index, follow, max-snippet:-1, max-image-preview:large, max-video-preview:-1\" \/>\n<meta property=\"og:locale\" content=\"en_US\" \/>\n<meta property=\"og:type\" content=\"article\" \/>\n<meta property=\"og:title\" content=\"Wir leben Verbraucherschutz - FORMAXX AG\" \/>\n<meta property=\"og:description\" content=\"FORMAXX sch\u00fctzt Verbraucherinteressen durch transparente Finanzanalysen und individuelle Beratung f\u00fcr finanzielle Sicherheit.\" \/>\n<meta property=\"og:url\" content=\"https:\/\/formaxx.de\/nds-de\/ueber-formaxx\/wir-leben-verbraucherschutz\/\" \/>\n<meta property=\"og:site_name\" content=\"FORMAXX AG\" \/>\n<meta property=\"og:image\" content=\"https:\/\/formaxx.de\/wp-content\/uploads\/2021\/08\/ueber-formaxx-verbraucherschutz-header.jpg\" \/>\n\t<meta property=\"og:image:width\" content=\"1920\" \/>\n\t<meta property=\"og:image:height\" content=\"823\" \/>\n\t<meta property=\"og:image:type\" content=\"image\/jpeg\" \/>\n<meta name=\"twitter:card\" content=\"summary_large_image\" \/>\n<meta name=\"twitter:label1\" content=\"Gesch\u00e4tzte Lesezeit\" \/>\n\t<meta name=\"twitter:data1\" content=\"1\u00a0Minute\" \/>\n<script type=\"application\/ld+json\" class=\"yoast-schema-graph\">{\"@context\":\"https:\\\/\\\/schema.org\",\"@graph\":[{\"@type\":\"WebPage\",\"@id\":\"https:\\\/\\\/formaxx.de\\\/nds-de\\\/ueber-formaxx\\\/wir-leben-verbraucherschutz\\\/\",\"url\":\"https:\\\/\\\/formaxx.de\\\/nds-de\\\/ueber-formaxx\\\/wir-leben-verbraucherschutz\\\/\",\"name\":\"Wir leben Verbraucherschutz - FORMAXX AG\",\"isPartOf\":{\"@id\":\"https:\\\/\\\/formaxx.de\\\/#website\"},\"primaryImageOfPage\":{\"@id\":\"https:\\\/\\\/formaxx.de\\\/nds-de\\\/ueber-formaxx\\\/wir-leben-verbraucherschutz\\\/#primaryimage\"},\"image\":{\"@id\":\"https:\\\/\\\/formaxx.de\\\/nds-de\\\/ueber-formaxx\\\/wir-leben-verbraucherschutz\\\/#primaryimage\"},\"thumbnailUrl\":\"https:\\\/\\\/formaxx.de\\\/wp-content\\\/uploads\\\/2021\\\/08\\\/ueber-formaxx-verbraucherschutz-header.jpg\",\"datePublished\":\"2020-11-24T14:31:07+00:00\",\"description\":\"FORMAXX sch\u00fctzt Verbraucherinteressen durch transparente Finanzanalysen und individuelle Beratung f\u00fcr finanzielle Sicherheit.\",\"breadcrumb\":{\"@id\":\"https:\\\/\\\/formaxx.de\\\/nds-de\\\/ueber-formaxx\\\/wir-leben-verbraucherschutz\\\/#breadcrumb\"},\"inLanguage\":\"de\",\"potentialAction\":[{\"@type\":\"ReadAction\",\"target\":[\"https:\\\/\\\/formaxx.de\\\/nds-de\\\/ueber-formaxx\\\/wir-leben-verbraucherschutz\\\/\"]}]},{\"@type\":\"ImageObject\",\"inLanguage\":\"de\",\"@id\":\"https:\\\/\\\/formaxx.de\\\/nds-de\\\/ueber-formaxx\\\/wir-leben-verbraucherschutz\\\/#primaryimage\",\"url\":\"https:\\\/\\\/formaxx.de\\\/wp-content\\\/uploads\\\/2021\\\/08\\\/ueber-formaxx-verbraucherschutz-header.jpg\",\"contentUrl\":\"https:\\\/\\\/formaxx.de\\\/wp-content\\\/uploads\\\/2021\\\/08\\\/ueber-formaxx-verbraucherschutz-header.jpg\",\"width\":1920,\"height\":823,\"caption\":\"\u00dcber FORMAXX \u2013\u00a0Verbraucherschutz\"},{\"@type\":\"BreadcrumbList\",\"@id\":\"https:\\\/\\\/formaxx.de\\\/nds-de\\\/ueber-formaxx\\\/wir-leben-verbraucherschutz\\\/#breadcrumb\",\"itemListElement\":[{\"@type\":\"ListItem\",\"position\":1,\"name\":\"Startseite\",\"item\":\"https:\\\/\\\/formaxx.de\\\/nds-de\\\/formaxx-ag\\\/\"},{\"@type\":\"ListItem\",\"position\":2,\"name\":\"\u00dcber FORMAXX\",\"item\":\"https:\\\/\\\/formaxx.de\\\/nds-de\\\/ueber-formaxx\\\/\"},{\"@type\":\"ListItem\",\"position\":3,\"name\":\"Wir leben Verbraucherschutz\"}]},{\"@type\":\"WebSite\",\"@id\":\"https:\\\/\\\/formaxx.de\\\/#website\",\"url\":\"https:\\\/\\\/formaxx.de\\\/\",\"name\":\"FORMAXX AG\",\"description\":\"Ma\u00dfstab in Sachen Finanzberatung\",\"publisher\":{\"@id\":\"https:\\\/\\\/formaxx.de\\\/#organization\"},\"potentialAction\":[{\"@type\":\"SearchAction\",\"target\":{\"@type\":\"EntryPoint\",\"urlTemplate\":\"https:\\\/\\\/formaxx.de\\\/?s={search_term_string}\"},\"query-input\":{\"@type\":\"PropertyValueSpecification\",\"valueRequired\":true,\"valueName\":\"search_term_string\"}}],\"inLanguage\":\"de\"},{\"@type\":\"Organization\",\"@id\":\"https:\\\/\\\/formaxx.de\\\/#organization\",\"name\":\"FORMAXX AG\",\"url\":\"https:\\\/\\\/formaxx.de\\\/\",\"logo\":{\"@type\":\"ImageObject\",\"inLanguage\":\"de\",\"@id\":\"https:\\\/\\\/formaxx.de\\\/#\\\/schema\\\/logo\\\/image\\\/\",\"url\":\"https:\\\/\\\/formaxx.de\\\/wp-content\\\/uploads\\\/2020\\\/11\\\/FORMAXX-Logo.png\",\"contentUrl\":\"https:\\\/\\\/formaxx.de\\\/wp-content\\\/uploads\\\/2020\\\/11\\\/FORMAXX-Logo.png\",\"width\":1920,\"height\":242,\"caption\":\"FORMAXX AG\"},\"image\":{\"@id\":\"https:\\\/\\\/formaxx.de\\\/#\\\/schema\\\/logo\\\/image\\\/\"}}]}<\/script>\n<!-- \/ Yoast SEO plugin. -->","yoast_head_json":{"title":"Wir leben Verbraucherschutz - FORMAXX AG","description":"FORMAXX sch\u00fctzt Verbraucherinteressen durch transparente Finanzanalysen und individuelle Beratung f\u00fcr finanzielle Sicherheit.","robots":{"index":"index","follow":"follow","max-snippet":"max-snippet:-1","max-image-preview":"max-image-preview:large","max-video-preview":"max-video-preview:-1"},"og_locale":"en_US","og_type":"article","og_title":"Wir leben Verbraucherschutz - FORMAXX AG","og_description":"FORMAXX sch\u00fctzt Verbraucherinteressen durch transparente Finanzanalysen und individuelle Beratung f\u00fcr finanzielle Sicherheit.","og_url":"https:\/\/formaxx.de\/nds-de\/ueber-formaxx\/wir-leben-verbraucherschutz\/","og_site_name":"FORMAXX AG","og_image":[{"width":1920,"height":823,"url":"https:\/\/formaxx.de\/wp-content\/uploads\/2021\/08\/ueber-formaxx-verbraucherschutz-header.jpg","type":"image\/jpeg"}],"twitter_card":"summary_large_image","twitter_misc":{"Gesch\u00e4tzte Lesezeit":"1\u00a0Minute"},"schema":{"@context":"https:\/\/schema.org","@graph":[{"@type":"WebPage","@id":"https:\/\/formaxx.de\/nds-de\/ueber-formaxx\/wir-leben-verbraucherschutz\/","url":"https:\/\/formaxx.de\/nds-de\/ueber-formaxx\/wir-leben-verbraucherschutz\/","name":"Wir leben Verbraucherschutz - FORMAXX AG","isPartOf":{"@id":"https:\/\/formaxx.de\/#website"},"primaryImageOfPage":{"@id":"https:\/\/formaxx.de\/nds-de\/ueber-formaxx\/wir-leben-verbraucherschutz\/#primaryimage"},"image":{"@id":"https:\/\/formaxx.de\/nds-de\/ueber-formaxx\/wir-leben-verbraucherschutz\/#primaryimage"},"thumbnailUrl":"https:\/\/formaxx.de\/wp-content\/uploads\/2021\/08\/ueber-formaxx-verbraucherschutz-header.jpg","datePublished":"2020-11-24T14:31:07+00:00","description":"FORMAXX sch\u00fctzt Verbraucherinteressen durch transparente Finanzanalysen und individuelle Beratung f\u00fcr finanzielle Sicherheit.","breadcrumb":{"@id":"https:\/\/formaxx.de\/nds-de\/ueber-formaxx\/wir-leben-verbraucherschutz\/#breadcrumb"},"inLanguage":"de","potentialAction":[{"@type":"ReadAction","target":["https:\/\/formaxx.de\/nds-de\/ueber-formaxx\/wir-leben-verbraucherschutz\/"]}]},{"@type":"ImageObject","inLanguage":"de","@id":"https:\/\/formaxx.de\/nds-de\/ueber-formaxx\/wir-leben-verbraucherschutz\/#primaryimage","url":"https:\/\/formaxx.de\/wp-content\/uploads\/2021\/08\/ueber-formaxx-verbraucherschutz-header.jpg","contentUrl":"https:\/\/formaxx.de\/wp-content\/uploads\/2021\/08\/ueber-formaxx-verbraucherschutz-header.jpg","width":1920,"height":823,"caption":"\u00dcber FORMAXX \u2013\u00a0Verbraucherschutz"},{"@type":"BreadcrumbList","@id":"https:\/\/formaxx.de\/nds-de\/ueber-formaxx\/wir-leben-verbraucherschutz\/#breadcrumb","itemListElement":[{"@type":"ListItem","position":1,"name":"Startseite","item":"https:\/\/formaxx.de\/nds-de\/formaxx-ag\/"},{"@type":"ListItem","position":2,"name":"\u00dcber FORMAXX","item":"https:\/\/formaxx.de\/nds-de\/ueber-formaxx\/"},{"@type":"ListItem","position":3,"name":"Wir leben Verbraucherschutz"}]},{"@type":"WebSite","@id":"https:\/\/formaxx.de\/#website","url":"https:\/\/formaxx.de\/","name":"FORMAXX AG","description":"Ma\u00dfstab in Sachen Finanzberatung","publisher":{"@id":"https:\/\/formaxx.de\/#organization"},"potentialAction":[{"@type":"SearchAction","target":{"@type":"EntryPoint","urlTemplate":"https:\/\/formaxx.de\/?s={search_term_string}"},"query-input":{"@type":"PropertyValueSpecification","valueRequired":true,"valueName":"search_term_string"}}],"inLanguage":"de"},{"@type":"Organization","@id":"https:\/\/formaxx.de\/#organization","name":"FORMAXX AG","url":"https:\/\/formaxx.de\/","logo":{"@type":"ImageObject","inLanguage":"de","@id":"https:\/\/formaxx.de\/#\/schema\/logo\/image\/","url":"https:\/\/formaxx.de\/wp-content\/uploads\/2020\/11\/FORMAXX-Logo.png","contentUrl":"https:\/\/formaxx.de\/wp-content\/uploads\/2020\/11\/FORMAXX-Logo.png","width":1920,"height":242,"caption":"FORMAXX AG"},"image":{"@id":"https:\/\/formaxx.de\/#\/schema\/logo\/image\/"}}]}},"_links":{"self":[{"href":"https:\/\/formaxx.de\/nds-de\/wp-json\/wp\/v2\/pages\/25117","targetHints":{"allow":["GET"]}}],"collection":[{"href":"https:\/\/formaxx.de\/nds-de\/wp-json\/wp\/v2\/pages"}],"about":[{"href":"https:\/\/formaxx.de\/nds-de\/wp-json\/wp\/v2\/types\/page"}],"author":[{"embeddable":true,"href":"https:\/\/formaxx.de\/nds-de\/wp-json\/wp\/v2\/users\/1"}],"replies":[{"embeddable":true,"href":"https:\/\/formaxx.de\/nds-de\/wp-json\/wp\/v2\/comments?post=25117"}],"version-history":[{"count":0,"href":"https:\/\/formaxx.de\/nds-de\/wp-json\/wp\/v2\/pages\/25117\/revisions"}],"up":[{"embeddable":true,"href":"https:\/\/formaxx.de\/nds-de\/wp-json\/wp\/v2\/pages\/25116"}],"wp:featuredmedia":[{"embeddable":true,"href":"https:\/\/formaxx.de\/nds-de\/wp-json\/wp\/v2\/media\/24411"}],"wp:attachment":[{"href":"https:\/\/formaxx.de\/nds-de\/wp-json\/wp\/v2\/media?parent=25117"}],"wp:term":[{"taxonomy":"folder","embeddable":true,"href":"https:\/\/formaxx.de\/nds-de\/wp-json\/wp\/v2\/folder?post=25117"}],"curies":[{"name":"wp","href":"https:\/\/api.w.org\/{rel}","templated":true}]}}