{"id":104,"date":"2020-11-15T15:22:12","date_gmt":"2020-11-15T14:22:12","guid":{"rendered":"https:\/\/formaxx.yz-media.de\/?page_id=104"},"modified":"2026-03-30T13:33:53","modified_gmt":"2026-03-30T11:33:53","slug":"impressum","status":"publish","type":"page","link":"https:\/\/formaxx.de\/nds-de\/impressum\/","title":{"rendered":"Impressum"},"content":{"rendered":"\t\t<div data-elementor-type=\"wp-page\" data-elementor-id=\"104\" class=\"elementor elementor-104\" data-elementor-post-type=\"page\">\n\t\t\t\t\t\t<section class=\"elementor-section elementor-top-section elementor-element elementor-element-80d2b4b elementor-section-boxed elementor-section-height-default elementor-section-height-default\" data-id=\"80d2b4b\" data-element_type=\"section\" data-e-type=\"section\">\n\t\t\t\t\t\t<div class=\"elementor-container elementor-column-gap-default\">\n\t\t\t\t\t<div class=\"elementor-column elementor-col-100 elementor-top-column elementor-element elementor-element-9619871\" data-id=\"9619871\" data-element_type=\"column\" data-e-type=\"column\">\n\t\t\t<div class=\"elementor-widget-wrap elementor-element-populated\">\n\t\t\t\t\t\t<div class=\"elementor-element elementor-element-afe89b3 elementor-widget elementor-widget-text-editor\" data-id=\"afe89b3\" data-element_type=\"widget\" data-e-type=\"widget\" data-widget_type=\"text-editor.default\">\n\t\t\t\t<div class=\"elementor-widget-container\">\n\t\t\t\t\t\t\t\t\t<h2>Impressum und Vermittlerauskunft<\/h2><h3>(&sect; 15 VersVermV, &sect; 12 FinVermV) FORMAXX AG<\/h3><p>(Stand: 27. M&auml;rz 2024)<\/p><p>Das nachfolgende Impressum gilt f&uuml;r diese Website und unsere Social Media-Pr&auml;senzen, insbesondere&nbsp;<a href=\"https:\/\/www.facebook.com\/fxxag\/\" target=\"_blank\" rel=\"noopener\">Facebook<\/a>,&nbsp;<a href=\"https:\/\/www.instagram.com\/formaxxag\" target=\"_blank\" rel=\"noopener\">Instagram<\/a>,&nbsp;<a href=\"https:\/\/www.linkedin.com\/company\/formaxx-ag\" target=\"_blank\" rel=\"noopener\">LinkedIn<\/a>&nbsp;und&nbsp;<a href=\"https:\/\/www.xing.com\/pages\/formaxxag\" target=\"_blank\" rel=\"noopener\">Xing<\/a>.<\/p>\t\t\t\t\t\t\t\t<\/div>\n\t\t\t\t<\/div>\n\t\t\t\t<div class=\"elementor-element elementor-element-e590dfc elementor-widget elementor-widget-text-editor\" data-id=\"e590dfc\" data-element_type=\"widget\" data-e-type=\"widget\" data-widget_type=\"text-editor.default\">\n\t\t\t\t<div class=\"elementor-widget-container\">\n\t\t\t\t\t\t\t\t\t<h4>ANGABEN\/VERANTWORTLICHER NACH &sect;&sect; 5 DDG, 18 MSTV<\/h4><p style=\"font-size: 16px; font-weight: normal; text-transform: none;\">FORMAXX Aktiengesellschaft<br>Helfmann-Park 8<br>D-65760 Eschborn<\/p><p style=\"font-size: 16px; font-weight: normal; text-transform: none;\">Fon:&nbsp;<a href=\"tel:+4961965868470\">+49 (0) 6196 5868470<\/a><br>Fax: +49 (0) 6196 5868471<br>E-Mail: <a href=\"mailto:service@formaxx.ag\">service@formaxx.ag<\/a><\/p>\t\t\t\t\t\t\t\t<\/div>\n\t\t\t\t<\/div>\n\t\t\t\t<div class=\"elementor-element elementor-element-5a6ad58 elementor-widget elementor-widget-text-editor\" data-id=\"5a6ad58\" data-element_type=\"widget\" data-e-type=\"widget\" data-widget_type=\"text-editor.default\">\n\t\t\t\t<div class=\"elementor-widget-container\">\n\t\t\t\t\t\t\t\t\t<h4 class=\"impressum\">VORSTAND<\/h4><p style=\"font-size: 16px; letter-spacing: normal; text-transform: none;\">Lars Breustedt (Vorsitzender)<br>Jens Kolmsee<\/p>\t\t\t\t\t\t\t\t<\/div>\n\t\t\t\t<\/div>\n\t\t\t\t<div class=\"elementor-element elementor-element-8ffbece elementor-widget elementor-widget-text-editor\" data-id=\"8ffbece\" data-element_type=\"widget\" data-e-type=\"widget\" data-widget_type=\"text-editor.default\">\n\t\t\t\t<div class=\"elementor-widget-container\">\n\t\t\t\t\t\t\t\t\t<h4 class=\"impressum\">VORSITZENDER DES AUFSICHTSRATES<\/h4><p><span data-olk-copy-source=\"MessageBody\">Bernhard Johannes Term&uuml;hlen (Vors.)<br><\/span>Bernd Neumann (stellv. Vors.)<br>Eckhard Dehning<\/p>\t\t\t\t\t\t\t\t<\/div>\n\t\t\t\t<\/div>\n\t\t\t\t<div class=\"elementor-element elementor-element-a35e83b elementor-widget elementor-widget-text-editor\" data-id=\"a35e83b\" data-element_type=\"widget\" data-e-type=\"widget\" data-widget_type=\"text-editor.default\">\n\t\t\t\t<div class=\"elementor-widget-container\">\n\t\t\t\t\t\t\t\t\t<h4><span style=\"font-size: 1.5rem; font-weight: 600;\">Handelregister<\/span><\/h4><p>Amtsgericht Frankfurt am Main<br>HRB 108410<\/p>\t\t\t\t\t\t\t\t<\/div>\n\t\t\t\t<\/div>\n\t\t\t\t<div class=\"elementor-element elementor-element-9a4f6ef elementor-widget elementor-widget-text-editor\" data-id=\"9a4f6ef\" data-element_type=\"widget\" data-e-type=\"widget\" data-widget_type=\"text-editor.default\">\n\t\t\t\t<div class=\"elementor-widget-container\">\n\t\t\t\t\t\t\t\t\t<h4 class=\"impressum\">UMSATZSTEUER-IDENTIFIKATIONSNUMMER<\/h4><p>Ust.-Id. DE256133850<\/p>\t\t\t\t\t\t\t\t<\/div>\n\t\t\t\t<\/div>\n\t\t\t\t<div class=\"elementor-element elementor-element-3570f27 elementor-widget elementor-widget-text-editor\" data-id=\"3570f27\" data-element_type=\"widget\" data-e-type=\"widget\" data-widget_type=\"text-editor.default\">\n\t\t\t\t<div class=\"elementor-widget-container\">\n\t\t\t\t\t\t\t\t\t<h4>VERANTWORTLICHE GEM&Auml;SS &sect; 18 ABS. 2 MST<\/h4><p style=\"font-size: 16px; letter-spacing: normal; text-transform: none;\">Lars Breustedt, Jens Kolmsee<br>Helfmann-Park 8<br>65760 Eschborn<\/p>\t\t\t\t\t\t\t\t<\/div>\n\t\t\t\t<\/div>\n\t\t\t\t<div class=\"elementor-element elementor-element-f0f8a62 elementor-widget elementor-widget-text-editor\" data-id=\"f0f8a62\" data-element_type=\"widget\" data-e-type=\"widget\" data-widget_type=\"text-editor.default\">\n\t\t\t\t<div class=\"elementor-widget-container\">\n\t\t\t\t\t\t\t\t\t<h4 class=\"impressum\">AUFSICHTSBEH&Ouml;RDE F&Uuml;R DIE ERLAUBNIS NACH &sect; 34 C, &sect; 34 I GEWERBEORDNUNG<\/h4><p style=\"font-size: 16px; letter-spacing: normal; text-transform: none;\">Main-Taunus-Kreis<br>Der Kreisausschuss<br>Am Kreishaus 1-5<br>65719 Hofheim<\/p>\t\t\t\t\t\t\t\t<\/div>\n\t\t\t\t<\/div>\n\t\t\t\t<div class=\"elementor-element elementor-element-621505c elementor-widget elementor-widget-text-editor\" data-id=\"621505c\" data-element_type=\"widget\" data-e-type=\"widget\" data-widget_type=\"text-editor.default\">\n\t\t\t\t<div class=\"elementor-widget-container\">\n\t\t\t\t\t\t\t\t\t<h4 class=\"impressum\">AUFSICHTSBEH&Ouml;RDE F&Uuml;R DIE ERLAUBNIS NACH &sect; 34 D, &sect; 34 F GEWERBEORDNUNG<\/h4><p style=\"font-size: 16px; letter-spacing: normal; text-transform: none;\">Industrie- und Handelskammer Frankfurt am Main<br>B&ouml;rsenstra&szlig;e 4<br>60313 Frankfurt am Main<\/p><div class=\"spacer4\" style=\"font-size: 16px; letter-spacing: normal; text-transform: none;\">&nbsp;<\/div><p style=\"font-size: 16px; letter-spacing: normal; text-transform: none;\">Die FORMAXX&nbsp;<small style=\"font-size: 12.800000190734863px;\">AG<\/small>&nbsp;ist Mitglied dieser Industrie- und Handelskammer.<\/p>\t\t\t\t\t\t\t\t<\/div>\n\t\t\t\t<\/div>\n\t\t\t\t<div class=\"elementor-element elementor-element-b4a3f9e elementor-widget elementor-widget-text-editor\" data-id=\"b4a3f9e\" data-element_type=\"widget\" data-e-type=\"widget\" data-widget_type=\"text-editor.default\">\n\t\t\t\t<div class=\"elementor-widget-container\">\n\t\t\t\t\t\t\t\t\t<h4 class=\"impressum\">VERSICHERUNGSVERMITTLERREGISTER<\/h4><p style=\"font-size: 16px; letter-spacing: normal; text-transform: none;\">Registerstelle<br>Deutsche Industrie- und Handelskammer (DIHK)<br>Breite Stra&szlig;e 29<br>10178 Berlin<br>Telefon +49 (0) 30 &ndash; 20308-0<br><a href=\"http:\/\/www.vermittlerregister.info\/\" target=\"_blank\">www.vermittlerregister.info<\/a><\/p><p style=\"font-size: 16px; letter-spacing: normal; text-transform: none;\">Registernummer als Versicherungsmakler:&nbsp;D-TV8X-92SEK-73<br>Registernummer als Finanzanlagenvermittler:&nbsp;D-F-133-9IM6-35<br>Registernummer als Immobiliardarlehensvermittler:&nbsp;D-W-133-WCNB-22<\/p>\t\t\t\t\t\t\t\t<\/div>\n\t\t\t\t<\/div>\n\t\t\t\t<div class=\"elementor-element elementor-element-50feae5 elementor-widget elementor-widget-text-editor\" data-id=\"50feae5\" data-element_type=\"widget\" data-e-type=\"widget\" data-widget_type=\"text-editor.default\">\n\t\t\t\t<div class=\"elementor-widget-container\">\n\t\t\t\t\t\t\t\t\t<h4 class=\"impressum\">T&Auml;TIGKEITSBEREICH<\/h4><p>Versicherungsmakler im Sinne des &sect; 59 Abs. 3 Versicherungsvertragsgesetz mit Erlaubnispflicht nach &sect; 34 d Abs. 1 Gewerbeordnung,&nbsp;Finanzanlagenvermittler mit Erlaubnispflicht nach &sect;&sect; 34 f Abs. 1, 5 Gewerbeordnung, Immobiliardarlehensvermittler mit Erlaubnispflicht nach &sect; 34 i Abs. 1 S.1 Gewerbeordnung jeweils in Verbindung mit &sect; 11 a Abs. 1 Gewerbeordnung.<\/p><p><span style=\"text-decoration: underline;\"><strong>Kurzvorstellung des Unternehmens, Beratung, Verg&uuml;tung, Zahlungsmittel<\/strong><\/span><\/p><p>Die FORMAXX AG ist ein Unternehmen der Finanzdienstleistungsbranche, welches am Markt unter anderem als Versicherungsmaklerin und Finanzanlagenvermittlerin auftritt.<\/p><p>Die FORMAXX AG vermittelt ihren Kunden in ganz Deutschland bedarfsgerechte Versicherungs- und Finanzanlageprodukte, ber&auml;t und betreut ihre Kunden in diesen Gesch&auml;ftsfeldern. Zur Erf&uuml;llung der gegen&uuml;ber den Kunden &uuml;bernommenen Verpflichtungen bedient sich die FORMAXX AG selbst&auml;ndiger Vertriebspartner, die im rechtlichen Sinne selbst&auml;ndige Handelsvertreter nach &sect; 84 HGB sind und im Hause der FORMAXX AG FORMAXX-Berater genannt werden.<\/p><p>Die FORMAXX AG und ihre FORMAXX-Berater erhalten f&uuml;r die Beratung und Vermittlung von Versicherungen gem&auml;&szlig; &sect; 34d Abs. 1 GewO von Dritten, z. B. von Versicherungsunternehmen,<br>einmalige und laufende Zuwendungen in Form von Provisionen.<\/p><p>F&uuml;r die Beratung und Vermittlung von Finanzanlagen gem&auml;&szlig; &sect; 34f Abs. 1 Satz 1 Nr. 1 bis Nr. 3 GewO erhalten die FORMAXX AG und ihre FORMAXX-Berater von Dritten, z. B. von Anbietern von Finanzanlagen oder Banken, einmalige und laufende Zuwendungen in Form von Provisionen. Eine Verg&uuml;tung durch den Kunden erfolgt nur aufgrund besonderer schriftlicher Vereinbarung.<\/p><p>In ihrer Eigenschaft als Finanzanlagenvermittlerin und im Rahmen dieser T&auml;tigkeit bieten die FORMAXX AG und der FORMAXX-Berater ihren Kunden s&auml;mtliche &uuml;ber die Produktpartner eFonds24 GmbH (Unternehmensbereich Pacta, www.pacta-va.de), European Bank for Financial Services GmbH (ebase&reg;) (www.ebase.com) und FIL Fondsbank GmbH (www.ffb.de) handelbaren Produkte an.<\/p><p>Die FORMAXX AG und der FORMAXX-Berater sind nicht zur Annahme von Zahlungsmitteln f&uuml;r Dritte (z. B. Bargeld, &Uuml;berweisungen, Schecks, Wertpapiere, usw.) bevollm&auml;chtigt.<\/p><p><strong><u>Schlichtungsstellen:<\/u><\/strong><\/p><p>Zur au&szlig;ergerichtlichen Beilegung von Streitigkeiten zwischen Versicherungsnehmer und Vermittler im Zusammenhang mit der Vermittlung von Versicherungsvertr&auml;gen k&ouml;nnen die folgenden unabh&auml;ngigen Schlichtungsstellen gem&auml;&szlig; &sect; 214 VVG angerufen werden.<\/p><p>Sofern im Falle einer Kundenbeschwerde im Zusammenhang mit der Vermittlung einer Versicherung ausnahmsweise keine einvernehmliche L&ouml;sung mit der FORMAXX AG gefunden werden kann, ist diese bereit, an einem Streitbeilegungsverfahren vor den nachstehenden Schlichtungsstellen teilzunehmen.<\/p><p><strong>Versicherungsombudsmann e.V.<\/strong><br>Postfach 080632<br>10006 Berlin<br>Telefon 0800 3696000 (kostenfrei aus dem dt. Festnetz)<br>Fax 0800 3699000 (kostenfrei aus dem dt. Festnetz)<br><a href=\"http:\/\/www.versicherungsombudsmann.de\/\" target=\"_blank\">www.versicherungsombudsmann.de<\/a><\/p><p><strong>Ombudsmann Private Kranken- und Pflegeversicherung<\/strong><br>Postfach 060222<br>10052 Berlin<br>Telefon 01802 550444 (6 ct pro Anruf aus dem dt. Festnetz; max. 42 ct\/min aus dem Mobilfunknetz)<br>Fax 030 20458931<br><a href=\"http:\/\/www.pkv-ombudsmann.de\/\" target=\"_blank\">www.pkv-ombudsmann.de<\/a><\/p><p>Betrifft die Beschwerde eine Darlehensvermittlung, die Vermittlung einer Immobilie, die Vermittlung eines Bausparvertrages oder die Vermittlung einer Finanzanlage im Sinne des &sect; 34 f Abs. 1 Nr. 1 oder Nr. 2 GewO (Investmentfonds oder einen Alternativen Investmentfonds), nimmt die FORMAXX AG nicht an einem externen Schlichtungsverfahren teil. Es besteht jedoch immer die M&ouml;glichkeit, sich wegen einer Beschwerde auch zu solchen Vertr&auml;gen oder Produkten an die FORMAXX AG zu wenden.<\/p>\t\t\t\t\t\t\t\t<\/div>\n\t\t\t\t<\/div>\n\t\t\t\t<div class=\"elementor-element elementor-element-8d836d1 elementor-widget elementor-widget-text-editor\" data-id=\"8d836d1\" data-element_type=\"widget\" data-e-type=\"widget\" data-widget_type=\"text-editor.default\">\n\t\t\t\t<div class=\"elementor-widget-container\">\n\t\t\t\t\t\t\t\t\t<h4><span style=\"font-size: 1.5rem; font-weight: 600;\">Beteiligungen<\/span><\/h4><p>Die FORMAXX AG und der FORMAXX-Berater besitzen keine direkten oder indirekten Beteiligungen von &uuml;ber 10 Prozent an den Stimmrechten oder am Kapital eines Versicherungsunternehmens. Dar&uuml;ber hinaus besitzt kein Versicherungsunternehmen oder Mutterunternehmen eines Versicherungsunternehmens eine direkte oder indirekte Beteiligung an den Stimmrechten oder am Kapital der FORMAXX AG oder an der Firma des FORMAXX-Beraters.<\/p>\t\t\t\t\t\t\t\t<\/div>\n\t\t\t\t<\/div>\n\t\t\t\t<div class=\"elementor-element elementor-element-e477408 elementor-widget elementor-widget-text-editor\" data-id=\"e477408\" data-element_type=\"widget\" data-e-type=\"widget\" data-widget_type=\"text-editor.default\">\n\t\t\t\t<div class=\"elementor-widget-container\">\n\t\t\t\t\t\t\t\t\t<h4><span style=\"font-size: 1.5rem; font-weight: 600;\">Berufsrechtliche Regelungen<\/span><\/h4><ul><li>&sect; 34 c Gewerbeordnung<\/li><li>&sect; 34 d Gewerbeordnung<\/li><li>&sect; 34 f Gewerbeordnung<\/li><li>&sect; 34 i&nbsp;Gewerbeordnung<\/li><li>&sect;&sect; 59-68 Versicherungsvertragsgesetz (VVG)<\/li><li>Versicherungsvermittlerverordnung (VersVermV)<\/li><\/ul><p>Die berufsrechtlichen Regelungen k&ouml;nnen &uuml;ber die vom Bundesministerium der Justiz und von der juris GmbH betriebene Homepage <a href=\"http:\/\/www.gesetze-im-internet.de\/\" target=\"_blank\">www.gesetze-im-internet.de<\/a> eingesehen und abgerufen werden.<\/p>\t\t\t\t\t\t\t\t<\/div>\n\t\t\t\t<\/div>\n\t\t\t\t<div class=\"elementor-element elementor-element-f7ff180 elementor-widget elementor-widget-text-editor\" data-id=\"f7ff180\" data-element_type=\"widget\" data-e-type=\"widget\" data-widget_type=\"text-editor.default\">\n\t\t\t\t<div class=\"elementor-widget-container\">\n\t\t\t\t\t\t\t\t\t<h4><span style=\"font-size: 1.5rem; font-weight: 600;\">Rechtliche Hinweise<\/span><\/h4><p>Wir bem&uuml;hen uns st&auml;ndig darum, Sie auf unseren Internetseiten vollst&auml;ndig und aktuell zu informieren. Leider k&ouml;nnen auch hier Fehler auftreten. Die FORMAXX <small>AG<\/small> &uuml;bernimmt daher keine Gew&auml;hr f&uuml;r die Aktualit&auml;t, Vollst&auml;ndigkeit oder Richtigkeit der auf ihren Internetseiten bereitgestellten Informationen. Die FORMAXX <small>AG<\/small> schlie&szlig;t jegliche Haftung f&uuml;r Sch&auml;den, die direkt oder indirekt aus der Benutzung dieser Webseite entstehen, aus. Die Haftung f&uuml;r Vorsatz oder grobe Fahrl&auml;ssigkeit bleibt hiervon unber&uuml;hrt.<\/p><p>Bei direkten oder indirekten Verweisen (so genannten Hyperlinks) auf Internetseiten Dritter haben wir keinen Einfluss auf deren Inhalte und deren Gestaltung. Deshalb k&ouml;nnen wir f&uuml;r diese fremden Inhalte und die Gestaltung auch keine Gew&auml;hr &uuml;bernehmen. F&uuml;r die Inhalte und die Gestaltung der verlinkten Seiten ist stets der jeweilige Anbieter oder Betreiber der Seiten verantwortlich. Vor diesem Hintergrund distanzieren wir uns ausdr&uuml;cklich von dem Inhalt und der Gestaltung dieser Internetseiten. Die verlinkten Seiten wurden zum Zeitpunkt der Verlinkung auf m&ouml;gliche Rechtsverst&ouml;&szlig;e &uuml;berpr&uuml;ft. Rechtswidrige Inhalte waren zum Zeitpunkt der Verlinkung nicht erkennbar. Eine permanente inhaltliche Kontrolle der verlinkten Seiten ist uns jedoch nicht zumutbar. Sollten uns Rechtsverletzungen bekannt werden, so werden wir derartige Hyperlinks umgehend entfernen.<\/p>\t\t\t\t\t\t\t\t<\/div>\n\t\t\t\t<\/div>\n\t\t\t\t<div class=\"elementor-element elementor-element-22278e9 elementor-widget elementor-widget-text-editor\" data-id=\"22278e9\" data-element_type=\"widget\" data-e-type=\"widget\" data-widget_type=\"text-editor.default\">\n\t\t\t\t<div class=\"elementor-widget-container\">\n\t\t\t\t\t\t\t\t\t<h4>Genderhinweis<\/h4><p>Transparenz und Klarheit sind gro&szlig;e Anliegen der FORMAXX AG. Deshalb verzichten wir auf genderneutrale, un&uuml;bersichtliche Schreibweisen wie zum Beispiel FORMAXX-Berater*in, Kunde*in, Interessent*in, Bewerber*in.<\/p><p>Aus Gr&uuml;nden der besseren Lesbarkeit verwenden wir bei Personenbezeichnungen und personenbezogenen Hauptw&ouml;rtern die m&auml;nnliche Form. Die Begriffe gelten im Sinne der Gleichbehandlung grunds&auml;tzlich f&uuml;r alle Geschlechter. Die verk&uuml;rzte Sprachform hat ausschlie&szlig;lich redaktionelle Gr&uuml;nde und beinhaltet keine Wertung.&nbsp;<\/p><p><strong>Wir bedanken uns f&uuml;r das Verst&auml;ndnis und freuen uns &uuml;ber jeden Interessenten, Kunden und Bewerber (m\/w\/d).<\/strong><\/p>\t\t\t\t\t\t\t\t<\/div>\n\t\t\t\t<\/div>\n\t\t\t\t<div class=\"elementor-element elementor-element-92e05a7 elementor-widget elementor-widget-text-editor\" data-id=\"92e05a7\" data-element_type=\"widget\" data-e-type=\"widget\" data-widget_type=\"text-editor.default\">\n\t\t\t\t<div class=\"elementor-widget-container\">\n\t\t\t\t\t\t\t\t\t<h3>Konzeption, Gestaltung und Webdesign<\/h3><p><strong>Mediengewerk<\/strong><br>Fon:&nbsp;<a href=\"tel:+4961116870279\" data-type=\"tel\" data-id=\"tel:+4961116870279\">+ 49 611 168 70 279<\/a><br>Internet:&nbsp;<a class=\"impressum\" href=\"https:\/\/www.mediengewerk.de\/\" target=\"_blank\" rel=\"noopener noreferrer\">www.mediengewerk.de<\/a><br>Mail:&nbsp;<a href=\"mailto:info@mediengewerk.de\">info@mediengewerk.de<\/a><\/p>\t\t\t\t\t\t\t\t<\/div>\n\t\t\t\t<\/div>\n\t\t\t\t\t<\/div>\n\t\t<\/div>\n\t\t\t\t\t<\/div>\n\t\t<\/section>\n\t\t\t\t<\/div>\n\t\t","protected":false},"excerpt":{"rendered":"<p>Impressum und Vermittlerauskunft (\u00a7 15 VersVermV, \u00a7 12 FinVermV) FORMAXX AG (Stand: 27. M\u00e4rz 2024) Das nachfolgende Impressum gilt f\u00fcr diese Website und unsere Social Media-Pr\u00e4senzen, insbesondere\u00a0Facebook,\u00a0Instagram,\u00a0LinkedIn\u00a0und\u00a0Xing. ANGABEN\/VERANTWORTLICHER NACH \u00a7\u00a7 5 DDG, 18 MSTV FORMAXX AktiengesellschaftHelfmann-Park 8D-65760 Eschborn Fon:\u00a0+49 (0) 6196 5868470Fax: +49 (0) 6196 5868471E-Mail: service@formaxx.ag VORSTAND Lars Breustedt (Vorsitzender)Jens Kolmsee VORSITZENDER DES AUFSICHTSRATES [&hellip;]<\/p>\n","protected":false},"author":1,"featured_media":0,"parent":0,"menu_order":0,"comment_status":"closed","ping_status":"closed","template":"","meta":{"_acf_changed":false,"footnotes":""},"folder":[261],"class_list":["post-104","page","type-page","status-publish","hentry"],"acf":[],"yoast_head":"<!-- This site is optimized with the Yoast SEO plugin v27.5 - https:\/\/yoast.com\/product\/yoast-seo-wordpress\/ -->\n<title>Impressum - FORMAXX AG<\/title>\n<meta name=\"description\" content=\"FORMAXX AG bietet bundesweit Finanzberatung nach DIN-Norm 77230, unterst\u00fctzt durch selbst\u00e4ndige Vertriebspartner.\" \/>\n<meta name=\"robots\" content=\"index, follow, max-snippet:-1, max-image-preview:large, max-video-preview:-1\" \/>\n<meta property=\"og:locale\" content=\"en_US\" \/>\n<meta property=\"og:type\" content=\"article\" \/>\n<meta property=\"og:title\" content=\"Impressum - FORMAXX AG\" \/>\n<meta property=\"og:description\" content=\"FORMAXX AG bietet bundesweit Finanzberatung nach DIN-Norm 77230, unterst\u00fctzt durch selbst\u00e4ndige Vertriebspartner.\" \/>\n<meta property=\"og:url\" content=\"https:\/\/formaxx.de\/impressum\/\" \/>\n<meta property=\"og:site_name\" content=\"FORMAXX AG\" \/>\n<meta property=\"article:modified_time\" content=\"2026-03-30T11:33:53+00:00\" \/>\n<meta name=\"twitter:card\" content=\"summary_large_image\" \/>\n<meta name=\"twitter:label1\" content=\"Gesch\u00e4tzte Lesezeit\" \/>\n\t<meta name=\"twitter:data1\" content=\"6\u00a0Minuten\" \/>\n<script type=\"application\/ld+json\" class=\"yoast-schema-graph\">{\"@context\":\"https:\\\/\\\/schema.org\",\"@graph\":[{\"@type\":\"WebPage\",\"@id\":\"https:\\\/\\\/formaxx.de\\\/impressum\\\/\",\"url\":\"https:\\\/\\\/formaxx.de\\\/impressum\\\/\",\"name\":\"Impressum - FORMAXX AG\",\"isPartOf\":{\"@id\":\"https:\\\/\\\/formaxx.de\\\/#website\"},\"datePublished\":\"2020-11-15T14:22:12+00:00\",\"dateModified\":\"2026-03-30T11:33:53+00:00\",\"description\":\"FORMAXX AG bietet bundesweit Finanzberatung nach DIN-Norm 77230, unterst\u00fctzt durch selbst\u00e4ndige Vertriebspartner.\",\"breadcrumb\":{\"@id\":\"https:\\\/\\\/formaxx.de\\\/impressum\\\/#breadcrumb\"},\"inLanguage\":\"de\",\"potentialAction\":[{\"@type\":\"ReadAction\",\"target\":[\"https:\\\/\\\/formaxx.de\\\/impressum\\\/\"]}]},{\"@type\":\"BreadcrumbList\",\"@id\":\"https:\\\/\\\/formaxx.de\\\/impressum\\\/#breadcrumb\",\"itemListElement\":[{\"@type\":\"ListItem\",\"position\":1,\"name\":\"Startseite\",\"item\":\"https:\\\/\\\/formaxx.de\\\/nds-de\\\/formaxx-ag\\\/\"},{\"@type\":\"ListItem\",\"position\":2,\"name\":\"Impressum\"}]},{\"@type\":\"WebSite\",\"@id\":\"https:\\\/\\\/formaxx.de\\\/#website\",\"url\":\"https:\\\/\\\/formaxx.de\\\/\",\"name\":\"FORMAXX AG\",\"description\":\"Ma\u00dfstab in Sachen Finanzberatung\",\"publisher\":{\"@id\":\"https:\\\/\\\/formaxx.de\\\/#organization\"},\"potentialAction\":[{\"@type\":\"SearchAction\",\"target\":{\"@type\":\"EntryPoint\",\"urlTemplate\":\"https:\\\/\\\/formaxx.de\\\/?s={search_term_string}\"},\"query-input\":{\"@type\":\"PropertyValueSpecification\",\"valueRequired\":true,\"valueName\":\"search_term_string\"}}],\"inLanguage\":\"de\"},{\"@type\":\"Organization\",\"@id\":\"https:\\\/\\\/formaxx.de\\\/#organization\",\"name\":\"FORMAXX AG\",\"url\":\"https:\\\/\\\/formaxx.de\\\/\",\"logo\":{\"@type\":\"ImageObject\",\"inLanguage\":\"de\",\"@id\":\"https:\\\/\\\/formaxx.de\\\/#\\\/schema\\\/logo\\\/image\\\/\",\"url\":\"https:\\\/\\\/formaxx.de\\\/wp-content\\\/uploads\\\/2020\\\/11\\\/FORMAXX-Logo.png\",\"contentUrl\":\"https:\\\/\\\/formaxx.de\\\/wp-content\\\/uploads\\\/2020\\\/11\\\/FORMAXX-Logo.png\",\"width\":1920,\"height\":242,\"caption\":\"FORMAXX AG\"},\"image\":{\"@id\":\"https:\\\/\\\/formaxx.de\\\/#\\\/schema\\\/logo\\\/image\\\/\"}}]}<\/script>\n<!-- \/ Yoast SEO plugin. -->","yoast_head_json":{"title":"Impressum - FORMAXX AG","description":"FORMAXX AG bietet bundesweit Finanzberatung nach DIN-Norm 77230, unterst\u00fctzt durch selbst\u00e4ndige Vertriebspartner.","robots":{"index":"index","follow":"follow","max-snippet":"max-snippet:-1","max-image-preview":"max-image-preview:large","max-video-preview":"max-video-preview:-1"},"og_locale":"en_US","og_type":"article","og_title":"Impressum - FORMAXX AG","og_description":"FORMAXX AG bietet bundesweit Finanzberatung nach DIN-Norm 77230, unterst\u00fctzt durch selbst\u00e4ndige Vertriebspartner.","og_url":"https:\/\/formaxx.de\/impressum\/","og_site_name":"FORMAXX AG","article_modified_time":"2026-03-30T11:33:53+00:00","twitter_card":"summary_large_image","twitter_misc":{"Gesch\u00e4tzte Lesezeit":"6\u00a0Minuten"},"schema":{"@context":"https:\/\/schema.org","@graph":[{"@type":"WebPage","@id":"https:\/\/formaxx.de\/impressum\/","url":"https:\/\/formaxx.de\/impressum\/","name":"Impressum - FORMAXX AG","isPartOf":{"@id":"https:\/\/formaxx.de\/#website"},"datePublished":"2020-11-15T14:22:12+00:00","dateModified":"2026-03-30T11:33:53+00:00","description":"FORMAXX AG bietet bundesweit Finanzberatung nach DIN-Norm 77230, unterst\u00fctzt durch selbst\u00e4ndige Vertriebspartner.","breadcrumb":{"@id":"https:\/\/formaxx.de\/impressum\/#breadcrumb"},"inLanguage":"de","potentialAction":[{"@type":"ReadAction","target":["https:\/\/formaxx.de\/impressum\/"]}]},{"@type":"BreadcrumbList","@id":"https:\/\/formaxx.de\/impressum\/#breadcrumb","itemListElement":[{"@type":"ListItem","position":1,"name":"Startseite","item":"https:\/\/formaxx.de\/nds-de\/formaxx-ag\/"},{"@type":"ListItem","position":2,"name":"Impressum"}]},{"@type":"WebSite","@id":"https:\/\/formaxx.de\/#website","url":"https:\/\/formaxx.de\/","name":"FORMAXX AG","description":"Ma\u00dfstab in Sachen Finanzberatung","publisher":{"@id":"https:\/\/formaxx.de\/#organization"},"potentialAction":[{"@type":"SearchAction","target":{"@type":"EntryPoint","urlTemplate":"https:\/\/formaxx.de\/?s={search_term_string}"},"query-input":{"@type":"PropertyValueSpecification","valueRequired":true,"valueName":"search_term_string"}}],"inLanguage":"de"},{"@type":"Organization","@id":"https:\/\/formaxx.de\/#organization","name":"FORMAXX AG","url":"https:\/\/formaxx.de\/","logo":{"@type":"ImageObject","inLanguage":"de","@id":"https:\/\/formaxx.de\/#\/schema\/logo\/image\/","url":"https:\/\/formaxx.de\/wp-content\/uploads\/2020\/11\/FORMAXX-Logo.png","contentUrl":"https:\/\/formaxx.de\/wp-content\/uploads\/2020\/11\/FORMAXX-Logo.png","width":1920,"height":242,"caption":"FORMAXX AG"},"image":{"@id":"https:\/\/formaxx.de\/#\/schema\/logo\/image\/"}}]}},"_links":{"self":[{"href":"https:\/\/formaxx.de\/nds-de\/wp-json\/wp\/v2\/pages\/104","targetHints":{"allow":["GET"]}}],"collection":[{"href":"https:\/\/formaxx.de\/nds-de\/wp-json\/wp\/v2\/pages"}],"about":[{"href":"https:\/\/formaxx.de\/nds-de\/wp-json\/wp\/v2\/types\/page"}],"author":[{"embeddable":true,"href":"https:\/\/formaxx.de\/nds-de\/wp-json\/wp\/v2\/users\/1"}],"replies":[{"embeddable":true,"href":"https:\/\/formaxx.de\/nds-de\/wp-json\/wp\/v2\/comments?post=104"}],"version-history":[{"count":22,"href":"https:\/\/formaxx.de\/nds-de\/wp-json\/wp\/v2\/pages\/104\/revisions"}],"predecessor-version":[{"id":30428,"href":"https:\/\/formaxx.de\/nds-de\/wp-json\/wp\/v2\/pages\/104\/revisions\/30428"}],"wp:attachment":[{"href":"https:\/\/formaxx.de\/nds-de\/wp-json\/wp\/v2\/media?parent=104"}],"wp:term":[{"taxonomy":"folder","embeddable":true,"href":"https:\/\/formaxx.de\/nds-de\/wp-json\/wp\/v2\/folder?post=104"}],"curies":[{"name":"wp","href":"https:\/\/api.w.org\/{rel}","templated":true}]}}